{"id":105,"date":"2023-10-04T09:54:54","date_gmt":"2023-10-04T07:54:54","guid":{"rendered":"https:\/\/webs.uab.cat\/compushcat\/?page_id=105"},"modified":"2026-04-09T10:01:13","modified_gmt":"2026-04-09T08:01:13","slug":"teaching","status":"publish","type":"page","link":"https:\/\/webs.uab.cat\/compushcat\/teaching\/","title":{"rendered":"Educaci\u00f3"},"content":{"rendered":"\n<p class=\"has-normal-font-size\">Teaching by Prof. Gregori Ujaque<\/p>\n\n\n\n<ul class=\"wp-block-list\">\n<li class=\"has-normal-font-size\">Grau de Qu\u00edmica<\/li>\n<\/ul>\n\n\n\n<p class=\"has-text-align-center\"><strong>Fonaments de Qu\u00edmica I<\/strong><\/p>\n\n\n\n<p>L&#8217;assignatura t\u00e9 un objectiu doble, d&#8217;una banda proporcionar a l&#8217;alumne seguretat en els c\u00e0lculs estequiom\u00e8trics complexos i la formulaci\u00f3 i nomenclatura dels compostos qu\u00edmics m\u00e9s importants; i de l&#8217;altra, proveir dels coneixements necessaris sobre l&#8217;<em>estructura de l&#8217;\u00e0tom<\/em> (aix\u00ed com de les propietats peri\u00f2diques dels elements) i els<em> tipus d&#8217;enlla\u00e7<\/em> presents en mol\u00e8cules, l\u00edquids i s\u00f2lids, <\/p>\n\n\n\n<ul class=\"wp-block-list\">\n<li class=\"has-normal-font-size\">Grau de Nanoci\u00e8ncia i Nanotecnologia<\/li>\n<\/ul>\n\n\n\n<p class=\"has-text-align-center\"><strong>Qu\u00edmica Supramolecular i Reconeixement Molecular<\/strong><\/p>\n\n\n\n<p>En aquesta assignatura es pret\u00e9n que l&#8217;estudiant adquireixi els coneixements b\u00e0sics en Qu\u00edmica Supramolecular, la qual cosa el permeti interpretar fen\u00f2mens de reconeixement molecular des d&#8217;un punt de vista qu\u00edmic i comprendre els processos que intervenen en la formaci\u00f3 d&#8217;estructures supramoleculars<br>autoassemblades.<\/p>\n\n\n\n<hr class=\"wp-block-separator has-alpha-channel-opacity\" \/>\n\n\n\n<ul class=\"wp-block-list\">\n<li>MASTER IN CHEMISTRY: ADVANCE CHEMISTRY<\/li>\n<\/ul>\n\n\n\n<p class=\"has-text-align-center\"><strong>Computational Chemistry Lab<\/strong><\/p>\n\n\n\n<p>An introduction to discover how the application of Molecular Modelling techniques are able to give answers to relevant problems in Chemistry. <\/p>\n","protected":false},"excerpt":{"rendered":"<p>Teaching by Prof. Gregori Ujaque Fonaments de Qu\u00edmica I L&#8217;assignatura t\u00e9 un objectiu doble, d&#8217;una banda proporcionar a l&#8217;alumne seguretat en els c\u00e0lculs estequiom\u00e8trics complexos i la formulaci\u00f3 i nomenclatura dels compostos qu\u00edmics m\u00e9s importants; i de l&#8217;altra, proveir dels coneixements necessaris sobre l&#8217;estructura de l&#8217;\u00e0tom (aix\u00ed com de les propietats peri\u00f2diques dels elements) i [&hellip;]<\/p>\n","protected":false},"author":1200,"featured_media":0,"parent":0,"menu_order":0,"comment_status":"closed","ping_status":"closed","template":"","meta":{"footnotes":""},"class_list":["post-105","page","type-page","status-publish","hentry"],"_links":{"self":[{"href":"https:\/\/webs.uab.cat\/compushcat\/wp-json\/wp\/v2\/pages\/105","targetHints":{"allow":["GET"]}}],"collection":[{"href":"https:\/\/webs.uab.cat\/compushcat\/wp-json\/wp\/v2\/pages"}],"about":[{"href":"https:\/\/webs.uab.cat\/compushcat\/wp-json\/wp\/v2\/types\/page"}],"author":[{"embeddable":true,"href":"https:\/\/webs.uab.cat\/compushcat\/wp-json\/wp\/v2\/users\/1200"}],"replies":[{"embeddable":true,"href":"https:\/\/webs.uab.cat\/compushcat\/wp-json\/wp\/v2\/comments?post=105"}],"version-history":[{"count":7,"href":"https:\/\/webs.uab.cat\/compushcat\/wp-json\/wp\/v2\/pages\/105\/revisions"}],"predecessor-version":[{"id":322,"href":"https:\/\/webs.uab.cat\/compushcat\/wp-json\/wp\/v2\/pages\/105\/revisions\/322"}],"wp:attachment":[{"href":"https:\/\/webs.uab.cat\/compushcat\/wp-json\/wp\/v2\/media?parent=105"}],"curies":[{"name":"wp","href":"https:\/\/api.w.org\/{rel}","templated":true}]}}