{"id":19,"date":"2023-07-23T12:13:14","date_gmt":"2023-07-23T10:13:14","guid":{"rendered":"https:\/\/webs.uab.cat\/compushcat\/?page_id=19"},"modified":"2026-04-13T09:42:09","modified_gmt":"2026-04-13T07:42:09","slug":"linies-de-recerca","status":"publish","type":"page","link":"https:\/\/webs.uab.cat\/compushcat\/linies-de-recerca\/","title":{"rendered":"L\u00ednies de Recerca"},"content":{"rendered":"\n<p class=\"has-pale-ocean-gradient-background has-background\">Our research group is focused on the application of computational chemistry methods to understand molecular catalysis and supramolecular reactivity. We combine theoretical methods to explore homogeneous catalysis and supramolecular reactivity, working in close contact to experimentalists.<\/p>\n\n\n\n<ul class=\"wp-block-list\">\n<li class=\"has-large-font-size\"><strong><a href=\"https:\/\/webs.uab.cat\/compushcat\/research\/#ch\">Homogeneous (Molecular) Catalysis<\/a><\/strong><\/li>\n\n\n\n<li class=\"has-large-font-size\"><strong><a href=\"https:\/\/webs.uab.cat\/compushcat\/research\/#sr\">Supramolecular Reactivity<\/a><\/strong><\/li>\n<\/ul>\n\n\n<div class=\"wp-block-image is-style-default\">\n<figure class=\"aligncenter size-medium is-resized\"><img loading=\"lazy\" decoding=\"async\" width=\"300\" height=\"300\" src=\"https:\/\/webs.uab.cat\/compushcat\/wp-content\/uploads\/sites\/448\/2023\/07\/person_looking_at_screen-300x300.png\" alt=\"\" class=\"wp-image-38\" style=\"width:225px;height:225px\" srcset=\"https:\/\/webs.uab.cat\/compushcat\/wp-content\/uploads\/sites\/448\/2023\/07\/person_looking_at_screen-300x300.png 300w, https:\/\/webs.uab.cat\/compushcat\/wp-content\/uploads\/sites\/448\/2023\/07\/person_looking_at_screen-150x150.png 150w, https:\/\/webs.uab.cat\/compushcat\/wp-content\/uploads\/sites\/448\/2023\/07\/person_looking_at_screen-768x768.png 768w, https:\/\/webs.uab.cat\/compushcat\/wp-content\/uploads\/sites\/448\/2023\/07\/person_looking_at_screen.png 1024w\" sizes=\"auto, (max-width: 300px) 100vw, 300px\" \/><\/figure>\n<\/div>\n\n\n<h2 class=\"wp-block-heading\" id=\"ch\">Homogeneous (Molecular) Catalysis<\/h2>\n\n\n\n<p>We are interested in elucidating reaction mechanisms and the origins of regio- and stereo-selectivities of catalytic reactions, mainly (but not only) based on metal complexes. Elucidating their mechanisms helps to explain how they work and to predict their behavior. Modern computational techniques based on quantum chemical methods, scaling up to sampling methods have proven to be sufficiently accurate to achieve these purposes.<\/p>\n\n\n<div class=\"wp-block-image\">\n<figure class=\"aligncenter size-full is-resized\"><img loading=\"lazy\" decoding=\"async\" width=\"914\" height=\"523\" src=\"https:\/\/webs.uab.cat\/compushcat\/wp-content\/uploads\/sites\/448\/2023\/08\/imatge-3.png\" alt=\"\" class=\"wp-image-82\" style=\"width:457px;height:262px\" srcset=\"https:\/\/webs.uab.cat\/compushcat\/wp-content\/uploads\/sites\/448\/2023\/08\/imatge-3.png 914w, https:\/\/webs.uab.cat\/compushcat\/wp-content\/uploads\/sites\/448\/2023\/08\/imatge-3-300x172.png 300w, https:\/\/webs.uab.cat\/compushcat\/wp-content\/uploads\/sites\/448\/2023\/08\/imatge-3-768x439.png 768w\" sizes=\"auto, (max-width: 914px) 100vw, 914px\" \/><\/figure>\n<\/div>\n\n\n<p>Selected publications:<\/p>\n\n\n\n<ul class=\"wp-block-list\">\n<li>Iker Zapirain-Gysling, Gantulga Norjmaa, Jean Didier Mar\u00e9chal, Gregori Ujaque &#8220;Origin of Catalysis by the [Ga<sub>4<\/sub>L<sub>6<\/sub>]<sup>12\u2013<\/sup>&nbsp;Metallocage on the Prins Reaction&#8221;<br><a href=\"https:\/\/doi.org\/10.1021\/acscatal.4c04696\" target=\"_blank\" rel=\"noreferrer noopener\">ACS Catalysis, 14, 18722\u201318733 (2024)<\/a><\/li>\n<\/ul>\n\n\n\n<ul class=\"wp-block-list\">\n<li style=\"font-style:italic;font-weight:400\">Jorge Escorihuela, Agust\u00ed Lled\u00f3s, Gregori Ujaque <br>\u201cAnti-Markovnikov Intermolecular Hydroamination of Alkenes and Alkynes: A Mechanistic View\u201d<br><em>Chemical Reviews<\/em> , 123, 9139-9203 (2023)<br><a href=\"https:\/\/doi.org\/10.1021\/acs.chemrev.2c00482\" target=\"_blank\" rel=\"noreferrer noopener\">https:\/\/doi.org\/10.1021\/acs.chemrev.2c00482<\/a><\/li>\n<\/ul>\n\n\n\n<ul class=\"wp-block-list\">\n<li>Gantulga Norjmaa, Gregori Ujaque and Agust\u00ed Lled\u00f3s<br>\u201cBeyond Continuum Solvent Models in Computational Homogeneous Catalysis\u201d<br><em>Topics in Catalysis, <\/em>65, 118\u2013140 (2022) <br><a href=\"https:\/\/doi.org\/10.1007\/s11244-021-01520-2\" target=\"_blank\" rel=\"noreferrer noopener\">https:\/\/doi.org\/10.1007\/s11244-021-01520-2<\/a><\/li>\n<\/ul>\n\n\n\n<ul class=\"wp-block-list\">\n<li>Giuseppe Sciortino, Sara Mu\u00f1oz-L\u00f3pez, Agust\u00ed Lled\u00f3s, Gregori Ujaque \u201cComparative Mechanistic Study on [Au(NHC)]<sup>+<\/sup> Catalyzed Hydration of Alkynes, Alkenes and Allenes\u201d<br>O<em>rganometallics, <\/em>39, 3469\u22123479(2020). <br><a href=\"https:\/\/doi.org\/10.1021\/acs.organomet.0c00292\" target=\"_blank\" rel=\"noreferrer noopener\">https:\/\/doi.org\/10.1021\/acs.organomet.0c00292<\/a><\/li>\n<\/ul>\n\n\n\n<ul class=\"wp-block-list\">\n<li>Albert Cabr\u00e9, Sergi Rafael, Giuseppe Sciortino, Gregori Ujaque, Xavier Verdaguer, Agust\u00ed Lled\u00f3s and Antoni Riera \u201cCatalytic Regioselective Isomerization of 2,2-Disubstituted Oxetanes to Homoallylic Alcohols\u201d<br><em>Angewandte Chemie, Int. Ed.<\/em> 49, 3181-3186 (2020).<br><a href=\"https:\/\/doi.org\/10.1002\/anie.201915772\" data-type=\"URL\" data-id=\"https:\/\/doi.org\/10.1002\/anie.201915772\" target=\"_blank\" rel=\"noreferrer noopener\">https:\/\/doi.org\/10.1002\/anie.201915772<\/a><\/li>\n<\/ul>\n\n\n\n<ul class=\"wp-block-list\">\n<li>Almudena Couce-Rios, Agust\u00ed Lled\u00f3s, Israel Fern\u00e1ndez, Gregori Ujaque \u201cOrigin of the anti-Markovnikov hydroamination of alkenes catalyzed by L-Au(I) complexes: coordination mode determines regioselectivity\u201d<br><em>ACS Catalysis, <\/em>9, 848-858 (2019). <br><a href=\"https:\/\/doi.org\/10.1021\/ja4031616\" target=\"_blank\" rel=\"noreferrer noopener\">https:\/\/doi.org\/10.1021\/ja4031616<\/a><\/li>\n<\/ul>\n\n\n\n<p><\/p>\n\n\n\n<h2 class=\"wp-block-heading\" id=\"sr\">Supramolecular Reactivity<\/h2>\n\n\n\n<p>Supramolecular chemistry has evolved into an interdisciplinary field across different areas. Host\u2013guest interactions are at the heart of this fascinating field since they are responsible for the binding of substrates (guests) to molecular receptors (hosts). &nbsp;The use of computational techniques is essential to acquire a meaningful understanding at a molecular level of the encapsulation process as well as the catalytic reactions.<\/p>\n\n\n<div class=\"wp-block-image\">\n<figure class=\"aligncenter size-full is-resized\"><img loading=\"lazy\" decoding=\"async\" width=\"775\" height=\"348\" src=\"https:\/\/webs.uab.cat\/compushcat\/wp-content\/uploads\/sites\/448\/2023\/08\/imatge-1.png\" alt=\"\" class=\"wp-image-77\" style=\"width:581px;height:261px\" srcset=\"https:\/\/webs.uab.cat\/compushcat\/wp-content\/uploads\/sites\/448\/2023\/08\/imatge-1.png 775w, https:\/\/webs.uab.cat\/compushcat\/wp-content\/uploads\/sites\/448\/2023\/08\/imatge-1-300x135.png 300w, https:\/\/webs.uab.cat\/compushcat\/wp-content\/uploads\/sites\/448\/2023\/08\/imatge-1-768x345.png 768w\" sizes=\"auto, (max-width: 775px) 100vw, 775px\" \/><\/figure>\n<\/div>\n\n\n<ul class=\"wp-block-list\">\n<li>Susana Ib\u00e1\u00f1ez, Merc\u00e8 Alemany-Chavarria, Louise N. Dawe, Gregori Ujaque, Eduardo Peris<br>\u201cRocking (and shuttling) in a nanosized metallobox\u201d<br><a href=\"https:\/\/doi.org\/10.1002\/anie.202514744\" target=\"_blank\" rel=\"noreferrer noopener\"><em>Angewandte Chemie, International Edition<\/em>, e202514744 (2025)<\/a><\/li>\n<\/ul>\n\n\n\n<ul class=\"wp-block-list\">\n<li>Iker Zapirain-Gysling, Gantulga Norjmaa, Jean Didier Mar\u00e9chal, Gregori Ujaque \u201cOrigin of Catalysis by the [Ga<sub>4<\/sub>L<sub>6<\/sub>]<sup>12\u2013<\/sup>\u00a0Metallocage on the Prins Reaction\u201d<br><a href=\"https:\/\/doi.org\/10.1021\/acscatal.4c04696\" target=\"_blank\" rel=\"noreferrer noopener\">ACS Catalysis, 14, 18722\u201318733 (2024)<\/a><\/li>\n<\/ul>\n\n\n\n<ul class=\"wp-block-list\">\n<li>Gantulga Norjmaa, Fahmi Himo, Jean\u2010Didier Mar\u00e9chal and Gregori Ujaque \u201cCatalysis by [Ga<sub>4<\/sub>L<sub>6<\/sub>]<sup>12-<\/sup> Metallocage on the Nazarov Cyclization: The Basicity of Complexed Alcohol is Key\u201d<br><em>Chemistry A European Journal, <\/em>27, e202201792 (1 of 9) (2022)<br><a href=\"https:\/\/doi.org\/10.1002\/chem.202201792\" target=\"_blank\" rel=\"noreferrer noopener\">https:\/\/doi.org\/10.1002\/chem.202201792<\/a><\/li>\n<\/ul>\n\n\n\n<ul class=\"wp-block-list\">\n<li>Gantulga Norjmaa, Pietro Vidossich, Jean\u2010Didier Mar\u00e9chal and Gregori Ujaque \u201cModeling Kinetics and Thermodynamics of Guest Encapsulation into the [M4L6]12\u2013 Supramolecular Organometallic Cage\u201d<br><em>Journal of Chemical Information and Modelling<\/em>, 61, 4370-4381 (2021).<br><a rel=\"noreferrer noopener\" href=\"https:\/\/doi.org\/10.1021\/acs.jcim.1c00348\" data-type=\"URL\" data-id=\"https:\/\/doi.org\/10.1021\/acs.jcim.1c00348\" target=\"_blank\">https:\/\/doi.org\/10.1021\/acs.jcim.1c00348<\/a><\/li>\n<\/ul>\n\n\n\n<ul class=\"wp-block-list\">\n<li>Gantulga Norjmaa, Jean Didier Mar\u00e9chal, Gregori Ujaque \u201cReaction Rate Inside the Cavity of [Ga<sub>4<\/sub>L<sub>6<\/sub>]<sup>12-<\/sup> Supramolecular Metallocage is Regulated by the Encapsulated Solvent\u201d<br><em>Chemistry A European Journal<\/em>, 26, 69-88-6992(2020).<br><a href=\"https:\/\/doi.org\/10.1002\/chem.201905608\" data-type=\"URL\" data-id=\"https:\/\/doi.org\/10.1002\/chem.201905608\" target=\"_blank\" rel=\"noreferrer noopener\">https:\/\/doi.org\/10.1002\/chem.201905608<\/a><\/li>\n<\/ul>\n\n\n\n<ul class=\"wp-block-list\">\n<li>Gantulga Norjmaa, Jean-Didier Mar\u00e9chal and Gregori Ujaque \u201cMicrosolvation and Encapsulation Effects on Supramolecular Catalysis: C-C Reductive Elimination inside [Ga<sub>4<\/sub>L<sub>6<\/sub>]<sup>12\u2013<\/sup> Metallocage\u201d<br><em>Journal of the American Chemical Society<\/em>, 141, 13114-13123(2019).<br><a href=\"https:\/\/doi.org\/10.1021\/jacs.9b04909\" data-type=\"URL\" data-id=\"https:\/\/doi.org\/10.1021\/jacs.9b04909\" target=\"_blank\" rel=\"noreferrer noopener\">https:\/\/doi.org\/10.1021\/jacs.9b04909<\/a><\/li>\n<\/ul>\n","protected":false},"excerpt":{"rendered":"<p>Our research group is focused on the application of computational chemistry methods to understand molecular catalysis and supramolecular reactivity. We combine theoretical methods to explore homogeneous catalysis and supramolecular reactivity, working in close contact to experimentalists. Homogeneous (Molecular) Catalysis We are interested in elucidating reaction mechanisms and the origins of regio- and stereo-selectivities of catalytic [&hellip;]<\/p>\n","protected":false},"author":1200,"featured_media":0,"parent":0,"menu_order":0,"comment_status":"closed","ping_status":"closed","template":"","meta":{"footnotes":""},"class_list":["post-19","page","type-page","status-publish","hentry"],"_links":{"self":[{"href":"https:\/\/webs.uab.cat\/compushcat\/wp-json\/wp\/v2\/pages\/19","targetHints":{"allow":["GET"]}}],"collection":[{"href":"https:\/\/webs.uab.cat\/compushcat\/wp-json\/wp\/v2\/pages"}],"about":[{"href":"https:\/\/webs.uab.cat\/compushcat\/wp-json\/wp\/v2\/types\/page"}],"author":[{"embeddable":true,"href":"https:\/\/webs.uab.cat\/compushcat\/wp-json\/wp\/v2\/users\/1200"}],"replies":[{"embeddable":true,"href":"https:\/\/webs.uab.cat\/compushcat\/wp-json\/wp\/v2\/comments?post=19"}],"version-history":[{"count":30,"href":"https:\/\/webs.uab.cat\/compushcat\/wp-json\/wp\/v2\/pages\/19\/revisions"}],"predecessor-version":[{"id":564,"href":"https:\/\/webs.uab.cat\/compushcat\/wp-json\/wp\/v2\/pages\/19\/revisions\/564"}],"wp:attachment":[{"href":"https:\/\/webs.uab.cat\/compushcat\/wp-json\/wp\/v2\/media?parent=19"}],"curies":[{"name":"wp","href":"https:\/\/api.w.org\/{rel}","templated":true}]}}