{"id":23,"date":"2023-07-23T12:06:09","date_gmt":"2023-07-23T10:06:09","guid":{"rendered":"https:\/\/webs.uab.cat\/compushcat\/?page_id=23"},"modified":"2026-04-09T10:02:01","modified_gmt":"2026-04-09T08:02:01","slug":"publications","status":"publish","type":"page","link":"https:\/\/webs.uab.cat\/compushcat\/publications\/","title":{"rendered":"Publicacions"},"content":{"rendered":"\n<p class=\"has-gris-pubilla-background-color has-background has-normal-font-size\"><strong>2025<\/strong><\/p>\n\n\n\n<ul class=\"wp-block-list\">\n<li>Gantulga Norjmaa, Susana Ib\u00e1\u00f1ez, Eduardo Peris, Jean-Didier Mar\u00e9chal, Gregori Ujaque<br>&#8220;Guest Binding Mechanism of Polycyclic Aromatic Hydrocarbons by Au(I) Metallo-Tweezers Revealed by Computation&#8221;<br><a href=\"https:\/\/pubs.acs.org\/doi\/10.1021\/acs.inorgchem.5c03400\" target=\"_blank\" rel=\"noreferrer noopener\"><em>Inorganic Chemistry<\/em>, published asap (2025)<\/a><\/li>\n<\/ul>\n\n\n\n<figure class=\"wp-block-image size-large is-resized is-style-default\"><a href=\"https:\/\/pubs.acs.org\/doi\/10.1021\/acs.inorgchem.5c03400\" target=\"_blank\" rel=\" noreferrer noopener\"><img decoding=\"async\" src=\"https:\/\/pubs.acs.org\/cms\/10.1021\/acs.inorgchem.5c03400\/asset\/images\/medium\/ic5c03400_0010.gif\" alt=\"\" style=\"width:350px\" \/><\/a><\/figure>\n\n\n\n<ul class=\"wp-block-list\">\n<li>Ignacio Izquierdo, Laura Mart\u00ednez-Castro, Gregori Ujaque, Antonio J. Mart\u00ednez-Mart\u00ednez<br>\u201cReversible Triply Interlocked Main-Group Cages Al6L4 and Ga6L4\u201d<br><a href=\"https:\/\/pubs.rsc.org\/en\/content\/articlelanding\/2025\/sc\/d5sc05441a\" target=\"_blank\" rel=\"noreferrer noopener\"><em>Chemical Science<\/em>, 16, 20406-20413 (2025)<\/a><\/li>\n<\/ul>\n\n\n\n<figure class=\"wp-block-image size-large\"><a href=\"https:\/\/pubs.rsc.org\/en\/content\/articlelanding\/2025\/sc\/d5sc05441a\" target=\"_blank\" rel=\" noreferrer noopener\"><img decoding=\"async\" src=\"https:\/\/pubs.rsc.org\/en\/Image\/Get?imageInfo.ImageType=GA&amp;imageInfo.ImageIdentifier.ManuscriptID=D5SC05441A&amp;imageInfo.ImageIdentifier.Year=2025\" alt=\"\" \/><\/a><\/figure>\n\n\n\n<ul class=\"wp-block-list\">\n<li>Susana Ib\u00e1\u00f1ez, Merc\u00e8 Alemany-Chavarria, Louise N. Dawe, Gregori Ujaque, Eduardo Peris<br>\u201cRocking (and shuttling) in a nanosized metallobox\u201d<br><a href=\"https:\/\/doi.org\/10.1002\/anie.202514744\" target=\"_blank\" rel=\"noreferrer noopener\"><em>Angewandte Chemie, International Edition<\/em>, e202514744 (2025)<\/a><\/li>\n<\/ul>\n\n\n\n<figure class=\"wp-block-image size-large\"><a href=\"https:\/\/doi.org\/10.1002\/anie.202514744\" target=\"_blank\" rel=\" noreferrer noopener\"><img decoding=\"async\" src=\"https:\/\/onlinelibrary.wiley.com\/cms\/asset\/a5545165-69f6-4c4b-8d28-e8429bea6805\/anie202514744-gra-0001-m.jpg\" alt=\"\" \/><\/a><\/figure>\n\n\n\n<ul class=\"wp-block-list\">\n<li>Irina Bozhinovska, Gregori Ujaque, Matthias Westerhausen, Agust\u00ed Lled\u00f3s<br>&#8220;Understanding alkali-metal driven hydrophosphorylation: mechanism and challenges in the Pudovik reaction&#8221;<br><a href=\"https:\/\/doi.org\/10.1039\/D5CY00269A\" target=\"_blank\" rel=\"noreferrer noopener\"><em>Catalysis Science &amp; Technology<\/em>, 15, 3888-3905 (2025)<\/a><\/li>\n<\/ul>\n\n\n\n<figure class=\"wp-block-image size-large\"><a href=\"https:\/\/doi.org\/10.1039\/D5CY00269A\" target=\"_blank\" rel=\" noreferrer noopener\"><img decoding=\"async\" src=\"https:\/\/pubs.rsc.org\/en\/Image\/Get?imageInfo.ImageType=GA&amp;imageInfo.ImageIdentifier.ManuscriptID=D5CY00269A&amp;imageInfo.ImageIdentifier.Year=2025\" alt=\"\" \/><\/a><\/figure>\n\n\n\n<p class=\"has-gris-pubilla-background-color has-background has-normal-font-size\"><strong>2024<\/strong><\/p>\n\n\n\n<ul class=\"wp-block-list\">\n<li>Iker Zapirain-Gysling, Gantulga Norjmaa, Jean Didier Mar\u00e9chal, Gregori Ujaque &#8220;Origin of Catalysis by the [Ga<sub>4<\/sub>L<sub>6<\/sub>]<sup>12\u2013<\/sup>\u00a0Metallocage on the Prins Reaction&#8221;<br><a href=\"https:\/\/doi.org\/10.1021\/acscatal.4c04696\" target=\"_blank\" rel=\"noreferrer noopener\"><em>ACS Catalysis<\/em>, 14, 18722\u201318733 (2024)<\/a><\/li>\n<\/ul>\n\n\n\n<figure class=\"wp-block-image size-large is-resized\"><a href=\"https:\/\/doi.org\/10.1021\/acscatal.4c04696\" target=\"_blank\" rel=\" noreferrer noopener\"><img decoding=\"async\" src=\"https:\/\/pubs.acs.org\/cms\/10.1021\/acscatal.4c04696\/asset\/images\/medium\/cs4c04696_0008.gif\" alt=\"\" style=\"width:350px\" \/><\/a><\/figure>\n\n\n\n<ul class=\"wp-block-list\">\n<li>Merc\u00e8 Alemany-Chavarria, Gantulga Norjmaa, Giuseppe Sciortino, Gregori Ujaque &#8220;Molecular modelling of encapsulation and reactivity within metal-organic cages (MOCs)&#8221;<br><em>Advances in Catalysis<\/em> (2024); free acces till Nov 3rd, 2024<br><a href=\"https:\/\/kwnsfk27.r.eu-west-1.awstrack.me\/L0\/https:%2F%2Fauthors.elsevier.com%2Fa%2F1jmHG1HtWhG6fr\/1\/01020191eea7f08e-46191a01-6e57-4434-9def-27a564c62b88-000000\/4tVhp3bJbR0ZDdFackTLVl4Nfgw=391\" target=\"_blank\" rel=\"noreferrer noopener\">https:\/\/authors.elsevier.com\/a\/1jmHG1HtWhG6fr<\/a><\/li>\n<\/ul>\n\n\n\n<figure class=\"wp-block-image size-full is-resized\"><a href=\"https:\/\/kwnsfk27.r.eu-west-1.awstrack.me\/L0\/https:%2F%2Fauthors.elsevier.com%2Fa%2F1jmHG1HtWhG6fr\/1\/01020191eea7f08e-46191a01-6e57-4434-9def-27a564c62b88-000000\/4tVhp3bJbR0ZDdFackTLVl4Nfgw=391\" target=\"_blank\"><img loading=\"lazy\" decoding=\"async\" width=\"489\" height=\"249\" src=\"https:\/\/webs.uab.cat\/compushcat\/wp-content\/uploads\/sites\/448\/2024\/09\/1-s2.0-S0360056424000117-gr1.jpg\" alt=\"\" class=\"wp-image-198\" style=\"width:350px\" srcset=\"https:\/\/webs.uab.cat\/compushcat\/wp-content\/uploads\/sites\/448\/2024\/09\/1-s2.0-S0360056424000117-gr1.jpg 489w, https:\/\/webs.uab.cat\/compushcat\/wp-content\/uploads\/sites\/448\/2024\/09\/1-s2.0-S0360056424000117-gr1-300x153.jpg 300w\" sizes=\"auto, (max-width: 489px) 100vw, 489px\" \/><\/a><\/figure>\n\n\n\n<ul class=\"wp-block-list\">\n<li>Adri\u00e1n Carbonell, Ignacio Izquierdo, David B. Guzm\u00e1n R\u00edos, Gantulga Norjmaa, Gregori Ujaque, Antonio J. Mart\u00ednez-Mart\u00ednez, Uwe Pischel<br>&#8220;Synthesis, Characterization, and Photochemistry of a Ga2L3 Coordination Cage with Dithienylethene-Catecholate Ligands&#8221;<br><a href=\"https:\/\/doi.org\/10.1021\/acs.inorgchem.4c03279\" target=\"_blank\" rel=\"noreferrer noopener\"><em>Inorganic Chemistry<\/em>, 63, 19872\u201319884 (2024)<\/a><\/li>\n<\/ul>\n\n\n\n<figure class=\"wp-block-image size-large is-resized\"><a href=\"https:\/\/doi.org\/10.1021\/acs.inorgchem.4c03279\" target=\"_blank\" rel=\" noreferrer noopener\"><img decoding=\"async\" src=\"https:\/\/pubs.acs.org\/cms\/10.1021\/acs.inorgchem.4c03279\/asset\/images\/medium\/ic4c03279_0011.gif\" alt=\"\" style=\"width:350px\" \/><\/a><\/figure>\n\n\n\n<p class=\"has-gris-pubilla-background-color has-background has-normal-font-size\"><strong>2023<\/strong><\/p>\n\n\n\n<p><\/p>\n\n\n\n<ul class=\"wp-block-list\">\n<li>Jorge Escorihuela, Agust\u00ed Lled\u00f3s, Gregori Ujaque <br>\u201cAnti-Markovnikov Intermolecular Hydroamination of Alkenes and Alkynes: A Mechanistic View\u201d<em> <\/em><br><a href=\"https:\/\/doi.org\/10.1021\/acs.chemrev.2c00482\" target=\"_blank\" rel=\"noreferrer noopener\"><em>Chemical Reviews<\/em> , 123, 9139-9203 (2023<\/a><strong><a href=\"https:\/\/doi.org\/10.1021\/acs.chemrev.2c00482\" target=\"_blank\" rel=\"noreferrer noopener\">)<\/a><\/strong><\/li>\n<\/ul>\n\n\n\n<figure class=\"wp-block-image size-large is-resized\"><a href=\"https:\/\/doi.org\/10.1021\/acs.chemrev.2c00482\" target=\"_blank\" rel=\"noreferrer noopener\"><img decoding=\"async\" src=\"https:\/\/pubs.acs.org\/cms\/10.1021\/acs.chemrev.2c00482\/asset\/images\/medium\/cr2c00482_0110.gif\" alt=\"\" style=\"width:350px\" \/><\/a><\/figure>\n\n\n\n<ul class=\"wp-block-list\">\n<li>Andr\u00e9s M. \u00c1lvarez-Constantino, Andrea \u00c1lvarez-P\u00e9rez, Giuseppe Sciortino, Jes\u00fas A. Varela, Gregori Ujaque and Carlos Sa\u00e1 <br>\u201cMedium-Sized Ru-Catalyzed Oxidative Lactamization vs Hydroamination of Alkynylamines. An Intriguing DFT Mechanistic Analysis\u201d<br><a href=\"https:\/\/doi.org\/10.1021\/acs.joc.2c02770\" target=\"_blank\" rel=\"noreferrer noopener\"><em>Journal of Organic Chemistry<\/em>, 88, 1185-1193 (2023)<\/a><\/li>\n<\/ul>\n\n\n\n<figure class=\"wp-block-image size-large is-resized\"><a href=\"https:\/\/doi.org\/10.1021\/acs.joc.2c02770\" target=\"_blank\" rel=\"noreferrer noopener\"><img decoding=\"async\" src=\"https:\/\/pubs.acs.org\/cms\/10.1021\/acs.joc.2c02770\/asset\/images\/medium\/jo2c02770_0012.gif\" alt=\"\" style=\"width:300px\" \/><\/a><\/figure>\n\n\n\n<p class=\"has-gris-pubilla-background-color has-background has-normal-font-size\"><strong>2022<\/strong><\/p>\n\n\n\n<ul class=\"wp-block-list\">\n<li>Gantulga Norjmaa, Fahmi Himo, Jean\u2010Didier Mar\u00e9chal and Gregori Ujaque <br>\u201cCatalysis by [Ga<sub>4<\/sub>L<sub>6<\/sub>]<sup>12-<\/sup> Metallocage on the Nazarov Cyclization: The Basicity of Complexed Alcohol is Key\u201d<br><a href=\"https:\/\/doi.org\/10.1002\/chem.202201792\" target=\"_blank\" rel=\"noreferrer noopener\"><em>Chemistry A European Journal, <\/em>27, e202201792 (2022)<\/a><\/li>\n<\/ul>\n\n\n\n<figure class=\"wp-block-image size-large is-resized\"><a href=\"https:\/\/doi.org\/10.1002\/chem.202201792\" target=\"_blank\" rel=\"noreferrer noopener\"><img decoding=\"async\" src=\"https:\/\/chemistry-europe.onlinelibrary.wiley.com\/cms\/asset\/263464df-1120-4a83-b8d2-36c0babbe8f9\/chem202201792-toc-0001-m.png\" alt=\"\" style=\"width:300px\" \/><\/a><\/figure>\n\n\n\n<ul class=\"wp-block-list\">\n<li>Gantulga Norjmaa, Gregori Ujaque and Agust\u00ed Lled\u00f3s <br>\u201cBeyond Continuum Solvent Models in Computational Homogeneous Catalysis\u201d<br><a href=\"https:\/\/link.springer.com\/article\/10.1007\/s11244-021-01520-2\" target=\"_blank\" rel=\"noreferrer noopener\"><em>Topics in Catalysis, <\/em>65, 118\u2013140 (2022)<\/a><\/li>\n<\/ul>\n\n\n\n<figure class=\"wp-block-image size-large\"><a href=\"https:\/\/link.springer.com\/article\/10.1007\/s11244-021-01520-2\" target=\"_blank\" rel=\"noreferrer noopener\"><img decoding=\"async\" src=\"https:\/\/media.springernature.com\/w120\/springer-static\/cover-hires\/journal\/11244?as=webp\" alt=\"\" \/><\/a><\/figure>\n\n\n\n<p class=\"has-gris-pubilla-background-color has-background has-normal-font-size\"><strong>2021<\/strong><\/p>\n\n\n\n<ul class=\"wp-block-list\">\n<li>Gantulga Norjmaa, Jean\u2010Didier Mar\u00e9chal and Gregori Ujaque <br>\u201cOrigin of the Rate Acceleration in the C-C Reductive Elimination from Pt(IV)-complex in [M4L6]12\u2010 Supramolecular Metallocage\u201d <br><a href=\"https:\/\/doi.org\/10.1002\/chem.202102250\" target=\"_blank\" rel=\"noreferrer noopener\">C<em>hemistry A European Journal<\/em>, 27, 15973-15980 (2021)<\/a><\/li>\n<\/ul>\n\n\n\n<figure class=\"wp-block-image size-large is-resized\"><img decoding=\"async\" src=\"https:\/\/chemistry-europe.onlinelibrary.wiley.com\/cms\/asset\/28f3d55b-9df8-47e1-874c-d6a4a27d5a3d\/chem202102250-toc-0001-m.png\" alt=\"\" style=\"width:300px\" \/><\/figure>\n\n\n\n<ul class=\"wp-block-list\">\n<li>Gantulga Norjmaa, Pietro Vidossich, Jean\u2010Didier Mar\u00e9chal and Gregori Ujaque <br>\u201cModeling Kinetics and Thermodynamics of Guest Encapsulation into the [M4L6]12\u2013 Supramolecular Organometallic Cage\u201d<br><a href=\"https:\/\/doi.org\/10.1021\/acs.jcim.1c00348\" target=\"_blank\" rel=\"noreferrer noopener\"><em>Journal of Chemical Information and Modelling<\/em>, 61, 4370-4381 (2021).<\/a><\/li>\n<\/ul>\n\n\n\n<figure class=\"wp-block-image size-large is-resized\"><img decoding=\"async\" src=\"https:\/\/pubs.acs.org\/cms\/10.1021\/acs.jcim.1c00348\/asset\/images\/medium\/ci1c00348_0012.gif\" alt=\"\" style=\"width:300px\" \/><\/figure>\n\n\n\n<ul class=\"wp-block-list\">\n<li>Pablo G\u00f3mez-Orellana, Agust\u00ed Lled\u00f3s, Gregori Ujaque <br>\u201cComputational Analysis on the Pd-Catalyzed C-N Coupling of Ammonia with Aryl Bromides Using a Chelate Phosphine Ligand\u201d<br><a href=\"https:\/\/doi.org\/10.1021\/acs.joc.0c02865\" target=\"_blank\" rel=\"noreferrer noopener\"><em>Journal of Organic Chemistry,<\/em> 86, 4007\u20134017 (2021)<\/a>.<\/li>\n<\/ul>\n\n\n\n<figure class=\"wp-block-image size-large is-resized\"><img decoding=\"async\" src=\"https:\/\/pubs.acs.org\/cms\/10.1021\/acs.joc.0c02865\/asset\/images\/medium\/jo0c02865_0021.gif\" alt=\"\" style=\"width:300px\" \/><\/figure>\n\n\n\n<p class=\"has-gris-pubilla-background-color has-background has-normal-font-size\"><strong>2020<\/strong><\/p>\n\n\n\n<ul class=\"wp-block-list\">\n<li>Giuseppe Sciortino, Sara Mu\u00f1oz-L\u00f3pez, Agust\u00ed Lled\u00f3s, Gregori Ujaque <br>\u201cComparative Mechanistic Study on [Au(NHC)]<sup>+<\/sup> Catalyzed Hydration of Alkynes, Alkenes and Allenes\u201d<br><a href=\"https:\/\/doi.org\/10.1021\/acs.organomet.0c00292\" target=\"_blank\" rel=\"noreferrer noopener\"><em>Organometallics, <\/em>39, 3469\u22123479(2020).<\/a><\/li>\n<\/ul>\n\n\n\n<figure class=\"wp-block-image size-large is-resized\"><img decoding=\"async\" src=\"https:\/\/pubs.acs.org\/cms\/10.1021\/acs.organomet.0c00292\/asset\/images\/medium\/om0c00292_0012.gif\" alt=\"\" style=\"width:300px\" \/><\/figure>\n\n\n\n<ul class=\"wp-block-list\">\n<li>Agust\u00ed Lled\u00f3s, Gregori Ujaque, Odile Eisenstein \u201cWhat Makes a Good (Computed) Energy Profile?\u201d<br><a href=\"https:\/\/link.springer.com\/chapter\/10.1007\/3418_2020_57\" target=\"_blank\" rel=\"noreferrer noopener\"><em>Topics in Organometallic Chemistry<\/em>, 67, 1-38(2020).<\/a><\/li>\n<\/ul>\n\n\n\n<figure class=\"wp-block-image size-large\"><img decoding=\"async\" src=\"https:\/\/media.springernature.com\/w120\/springer-static\/cover-hires\/book\/978-3-030-56996-9?as=webp\" alt=\"\" style=\"object-fit:cover\" \/><\/figure>\n\n\n\n<ul class=\"wp-block-list\">\n<li>Ronald Nelson, Mart\u00edn Calvelo, Rebeca Garc\u00eda-Fandi\u00f1o, Agust\u00ed Lled\u00f3s, Gregori Ujaque, Jos\u00e9 L. Mascare\u00f1as, Fernando L\u00f3pez <br>\u201cSkeletal Diversity in Pt- and Au-Catalyzed Annulations of Allenedienes: Dissecting the Mechanistic Labyrinth\u201d<br><a href=\"https:\/\/doi.org\/10.1039\/D0SC00650E\" target=\"_blank\" rel=\"noreferrer noopener\"><em>Chemical Science, <\/em>11, 4209-4220 (2020).<\/a><\/li>\n<\/ul>\n\n\n\n<figure class=\"wp-block-image size-large is-resized\"><a href=\"https:\/\/pubs.rsc.org\/en\/content\/articlelanding\/2020\/sc\/d0sc00650e\" target=\"_blank\" rel=\" noreferrer noopener\"><img decoding=\"async\" src=\"https:\/\/pubs.rsc.org\/en\/Image\/Get?imageInfo.ImageType=GA&amp;imageInfo.ImageIdentifier.ManuscriptID=D0SC00650E&amp;imageInfo.ImageIdentifier.Year=2020\" alt=\"\" style=\"width:459px;height:auto\" \/><\/a><\/figure>\n\n\n\n<ul class=\"wp-block-list\">\n<li>Gantulga Norjmaa, Jean Didier Mar\u00e9chal, Gregori Ujaque <br>\u201cReaction Rate Inside the Cavity of [Ga<sub>4<\/sub>L<sub>6<\/sub>]<sup>12-<\/sup> Supramolecular Metallocage is Regulated by the Encapsulated Solvent\u201d<br><a href=\"https:\/\/doi.org\/10.1002\/chem.201905608\" target=\"_blank\" rel=\"noreferrer noopener\"><em>Chemistry A European Journal<\/em>, 26, 69-88-6992 (2020).<\/a><\/li>\n<\/ul>\n\n\n\n<figure class=\"wp-block-image size-large is-resized\"><img decoding=\"async\" src=\"https:\/\/chemistry-europe.onlinelibrary.wiley.com\/cms\/asset\/db8e5094-a29f-41ee-8266-622efff23b36\/chem201905608-toc-0001-m.png\" alt=\"\" style=\"width:300px\" \/><\/figure>\n\n\n\n<ul class=\"wp-block-list\">\n<li>Albert Cabr\u00e9, Sergi Rafael, Giuseppe Sciortino, Gregori Ujaque, Xavier Verdaguer, Agust\u00ed Lled\u00f3s and Antoni Riera <br>\u201cCatalytic Regioselective Isomerization of 2,2-Disubstituted Oxetanes to Homoallylic Alcohols\u201d<br><a href=\"https:\/\/doi.org\/10.1002\/anie.201915772\" target=\"_blank\" rel=\"noreferrer noopener\"><em>Angewandte Chemie, Int. Ed.<\/em> 49, 3181-3186 (2020)<\/a>.<\/li>\n<\/ul>\n\n\n\n<figure class=\"wp-block-image size-large\"><img decoding=\"async\" src=\"https:\/\/onlinelibrary.wiley.com\/cms\/asset\/31271b21-72f3-4eef-9c55-721af1802889\/anie201915772-toc-0001-m.jpg\" alt=\"\" \/><\/figure>\n\n\n\n<ul class=\"wp-block-list\">\n<li>Sheila Ruiz-Botella, Pietro Vidossich, Gregori Ujaque and Eduardo Peris <br>\u201cA resorcinarene-based tetrabenzoimidazolylidene complex of rhodium\u201d<br><a href=\"https:\/\/doi.org\/10.1039\/D0DT00060D\" target=\"_blank\" rel=\"noreferrer noopener\"><em>Dalton Transactions<\/em>, 49, 3181-3186(2020)<\/a>.<\/li>\n<\/ul>\n\n\n\n<figure class=\"wp-block-image size-large is-resized\"><img decoding=\"async\" src=\"https:\/\/pubs.rsc.org\/en\/Image\/Get?imageInfo.ImageType=GA&amp;imageInfo.ImageIdentifier.ManuscriptID=D0DT00060D&amp;imageInfo.ImageIdentifier.Year=2020\" alt=\"\" style=\"width:300px\" \/><\/figure>\n","protected":false},"excerpt":{"rendered":"<p>2025 2024 2023 2022 2021 2020<\/p>\n","protected":false},"author":1200,"featured_media":0,"parent":0,"menu_order":0,"comment_status":"closed","ping_status":"closed","template":"","meta":{"footnotes":""},"class_list":["post-23","page","type-page","status-publish","hentry"],"_links":{"self":[{"href":"https:\/\/webs.uab.cat\/compushcat\/wp-json\/wp\/v2\/pages\/23","targetHints":{"allow":["GET"]}}],"collection":[{"href":"https:\/\/webs.uab.cat\/compushcat\/wp-json\/wp\/v2\/pages"}],"about":[{"href":"https:\/\/webs.uab.cat\/compushcat\/wp-json\/wp\/v2\/types\/page"}],"author":[{"embeddable":true,"href":"https:\/\/webs.uab.cat\/compushcat\/wp-json\/wp\/v2\/users\/1200"}],"replies":[{"embeddable":true,"href":"https:\/\/webs.uab.cat\/compushcat\/wp-json\/wp\/v2\/comments?post=23"}],"version-history":[{"count":71,"href":"https:\/\/webs.uab.cat\/compushcat\/wp-json\/wp\/v2\/pages\/23\/revisions"}],"predecessor-version":[{"id":323,"href":"https:\/\/webs.uab.cat\/compushcat\/wp-json\/wp\/v2\/pages\/23\/revisions\/323"}],"wp:attachment":[{"href":"https:\/\/webs.uab.cat\/compushcat\/wp-json\/wp\/v2\/media?parent=23"}],"curies":[{"name":"wp","href":"https:\/\/api.w.org\/{rel}","templated":true}]}}