{"id":25,"date":"2023-07-23T12:12:19","date_gmt":"2023-07-23T10:12:19","guid":{"rendered":"https:\/\/webs.uab.cat\/compushcat\/?page_id=25"},"modified":"2026-04-10T15:42:15","modified_gmt":"2026-04-10T13:42:15","slug":"home-2","status":"publish","type":"page","link":"https:\/\/webs.uab.cat\/compushcat\/","title":{"rendered":"Benvinguts a la p\u00e0gina web del nostre grup de recerca!"},"content":{"rendered":"\n<div class=\"wp-block-columns alignwide is-layout-flex wp-container-core-columns-is-layout-9d6595d7 wp-block-columns-is-layout-flex\">\n<div class=\"wp-block-column is-layout-flow wp-block-column-is-layout-flow\">\n<div class=\"wp-block-columns is-layout-flex wp-container-core-columns-is-layout-9d6595d7 wp-block-columns-is-layout-flex\">\n<div class=\"wp-block-column is-layout-flow wp-block-column-is-layout-flow\"><\/div>\n\n\n\n<div class=\"wp-block-column is-layout-flow wp-block-column-is-layout-flow\"><div class=\"wp-block-image\">\n<figure class=\"aligncenter size-full is-resized\"><img loading=\"lazy\" decoding=\"async\" width=\"1028\" height=\"1024\" src=\"https:\/\/webs.uab.cat\/compushcat\/wp-content\/uploads\/sites\/448\/2026\/04\/Gemini_Generated_Image_9gs3kz9gs3kz9gs3.png\" alt=\"\" class=\"wp-image-523\" style=\"object-fit:cover;width:300px;height:300px\" srcset=\"https:\/\/webs.uab.cat\/compushcat\/wp-content\/uploads\/sites\/448\/2026\/04\/Gemini_Generated_Image_9gs3kz9gs3kz9gs3.png 1028w, https:\/\/webs.uab.cat\/compushcat\/wp-content\/uploads\/sites\/448\/2026\/04\/Gemini_Generated_Image_9gs3kz9gs3kz9gs3-300x300.png 300w, https:\/\/webs.uab.cat\/compushcat\/wp-content\/uploads\/sites\/448\/2026\/04\/Gemini_Generated_Image_9gs3kz9gs3kz9gs3-1024x1020.png 1024w, https:\/\/webs.uab.cat\/compushcat\/wp-content\/uploads\/sites\/448\/2026\/04\/Gemini_Generated_Image_9gs3kz9gs3kz9gs3-150x150.png 150w, https:\/\/webs.uab.cat\/compushcat\/wp-content\/uploads\/sites\/448\/2026\/04\/Gemini_Generated_Image_9gs3kz9gs3kz9gs3-768x765.png 768w\" sizes=\"auto, (max-width: 1028px) 100vw, 1028px\" \/><\/figure>\n<\/div><\/div>\n<\/div>\n<\/div>\n<\/div>\n\n\n\n<h2 class=\"wp-block-heading alignwide\">Qu\u00e8 es fa al nostre grup?<\/h2>\n\n\n\n<div class=\"wp-block-group alignwide\"><div class=\"wp-block-group__inner-container is-layout-constrained wp-block-group-is-layout-constrained\">\n<div class=\"wp-block-columns alignwide is-layout-flex wp-container-core-columns-is-layout-9d6595d7 wp-block-columns-is-layout-flex\">\n<div class=\"wp-block-column is-layout-flow wp-block-column-is-layout-flow\">\n<h2 class=\"wp-block-heading has-text-align-center has-gris-londres-background-color has-background\"><\/h2>\n<\/div>\n\n\n\n<div class=\"wp-block-column is-layout-flow wp-block-column-is-layout-flow\">\n<h2 class=\"wp-block-heading has-text-align-center has-groc-caputxina-transparent-background-color has-background\"><\/h2>\n<\/div>\n<\/div>\n<\/div><\/div>\n\n\n\n<div class=\"wp-block-group alignwide\"><div class=\"wp-block-group__inner-container is-layout-constrained wp-block-group-is-layout-constrained\">\n<div class=\"wp-block-columns alignwide is-layout-flex wp-container-core-columns-is-layout-9d6595d7 wp-block-columns-is-layout-flex\">\n<div class=\"wp-block-column is-layout-flow wp-block-column-is-layout-flow\">\n<h2 class=\"wp-block-heading has-text-align-center has-marro-stradivari-transparent-background-color has-background\"><\/h2>\n<\/div>\n\n\n\n<div class=\"wp-block-column is-layout-flow wp-block-column-is-layout-flow\">\n<h2 class=\"wp-block-heading has-text-align-center has-verd-tropic-transparent-background-color has-background\"><\/h2>\n<\/div>\n<\/div>\n<\/div><\/div>\n\n\n\n<div class=\"wp-block-buttons alignwide is-content-justification-center is-layout-flex wp-container-core-buttons-is-layout-16018d1d wp-block-buttons-is-layout-flex\">\n<div class=\"wp-block-button has-custom-width wp-block-button__width-50 is-style-outline is-style-outline--1\"><a class=\"wp-block-button__link wp-element-button\" href=\"https:\/\/webs.uab.cat\/compushcat\/projectes\/\">PROJECTES<\/a><\/div>\n\n\n\n<div class=\"wp-block-button has-custom-width wp-block-button__width-50 is-style-outline is-style-outline--2\"><a class=\"wp-block-button__link wp-element-button\" href=\"https:\/\/webs.uab.cat\/compushcat\/publications\/\">PUBLICACIONS<\/a><\/div>\n<\/div>\n\n\n\n<h2 class=\"wp-block-heading alignwide\">\u00daltimes publicacions<\/h2>\n\n\n\n<div class=\"wp-block-columns alignwide is-layout-flex wp-container-core-columns-is-layout-9d6595d7 wp-block-columns-is-layout-flex\">\n<div class=\"wp-block-column has-verd-tropic-transparent-background-color has-background is-layout-flow wp-block-column-is-layout-flow\"><\/div>\n\n\n\n<div class=\"wp-block-column has-verd-tropic-transparent-background-color has-background is-layout-flow wp-block-column-is-layout-flow\"><\/div>\n\n\n\n<div class=\"wp-block-column has-verd-tropic-transparent-background-color has-background is-layout-flow wp-block-column-is-layout-flow\"><\/div>\n<\/div>\n\n\n\n<h2 class=\"wp-block-heading alignwide\">\u00daltimes notic\u00edes<\/h2>\n\n\n\n<div class=\"wp-block-columns alignwide is-layout-flex wp-container-core-columns-is-layout-9d6595d7 wp-block-columns-is-layout-flex\">\n<div class=\"wp-block-column has-verd-tropic-transparent-background-color has-background is-layout-flow wp-block-column-is-layout-flow\"><\/div>\n\n\n\n<div class=\"wp-block-column has-verd-tropic-transparent-background-color has-background is-layout-flow wp-block-column-is-layout-flow\"><\/div>\n\n\n\n<div class=\"wp-block-column has-verd-tropic-transparent-background-color has-background is-layout-flow wp-block-column-is-layout-flow\"><\/div>\n<\/div>\n\n\n\n<p>El nostre grup de recerca se centra en l\u2019\u00fas de m\u00e8todes de qu\u00edmica computacional per explorar els fonaments de la cat\u00e0lisi molecular i de la reactivitat supramolecular. Mitjan\u00e7ant simulacions computacionals acurades, intentem dilucidar els mecanismes subjacents que governen els processos catal\u00edtics, posant llum sobre les vies de reacci\u00f3 clau, els estats de transici\u00f3 i els intermedis. A m\u00e9s, les nostres investigacions van m\u00e9s enll\u00e0 del camp de la cat\u00e0lisi per abastar el fascinant m\u00f3n de la reactivitat supramolecular, on les interaccions no covalents organitzen l\u2019assemblatge i la funci\u00f3 de les arquitectures moleculars.<\/p>\n\n\n\n<p>Ens agrada treballar en estret contacte amb grups experimentals. Combinant de manera sin\u00e8rgica les prediccions computacionals amb les observacions experimentals, aspirem a ampliar les fronteres del coneixement en cat\u00e0lisi i qu\u00edmica supramolecular, impulsant finalment la innovaci\u00f3 i el descobriment en aquests camps tan rellevants.<\/p>\n\n\n\n<p>Una fotografia d\u2019alguns de nosaltres en un congr\u00e9s recent:<\/p>\n\n\n\n<figure class=\"wp-block-image size-large\"><img loading=\"lazy\" decoding=\"async\" width=\"1024\" height=\"462\" src=\"https:\/\/webs.uab.cat\/compushcat\/wp-content\/uploads\/sites\/448\/2025\/02\/20250128_135302-1024x462.jpg\" alt=\"\" class=\"wp-image-211\" srcset=\"https:\/\/webs.uab.cat\/compushcat\/wp-content\/uploads\/sites\/448\/2025\/02\/20250128_135302-1024x462.jpg 1024w, https:\/\/webs.uab.cat\/compushcat\/wp-content\/uploads\/sites\/448\/2025\/02\/20250128_135302-300x135.jpg 300w, https:\/\/webs.uab.cat\/compushcat\/wp-content\/uploads\/sites\/448\/2025\/02\/20250128_135302-768x346.jpg 768w, https:\/\/webs.uab.cat\/compushcat\/wp-content\/uploads\/sites\/448\/2025\/02\/20250128_135302-1536x692.jpg 1536w, https:\/\/webs.uab.cat\/compushcat\/wp-content\/uploads\/sites\/448\/2025\/02\/20250128_135302-2048x923.jpg 2048w, https:\/\/webs.uab.cat\/compushcat\/wp-content\/uploads\/sites\/448\/2025\/02\/20250128_135302-1200x541.jpg 1200w, https:\/\/webs.uab.cat\/compushcat\/wp-content\/uploads\/sites\/448\/2025\/02\/20250128_135302-1980x892.jpg 1980w\" sizes=\"auto, (max-width: 1024px) 100vw, 1024px\" \/><\/figure>\n","protected":false},"excerpt":{"rendered":"<p>Qu\u00e8 es fa al nostre grup? \u00daltimes publicacions \u00daltimes notic\u00edes El nostre grup de recerca se centra en l\u2019\u00fas de m\u00e8todes de qu\u00edmica computacional per explorar els fonaments de la cat\u00e0lisi molecular i de la reactivitat supramolecular. Mitjan\u00e7ant simulacions computacionals acurades, intentem dilucidar els mecanismes subjacents que governen els processos catal\u00edtics, posant llum sobre les [&hellip;]<\/p>\n","protected":false},"author":1200,"featured_media":0,"parent":0,"menu_order":0,"comment_status":"closed","ping_status":"closed","template":"","meta":{"footnotes":""},"class_list":["post-25","page","type-page","status-publish","hentry"],"_links":{"self":[{"href":"https:\/\/webs.uab.cat\/compushcat\/wp-json\/wp\/v2\/pages\/25","targetHints":{"allow":["GET"]}}],"collection":[{"href":"https:\/\/webs.uab.cat\/compushcat\/wp-json\/wp\/v2\/pages"}],"about":[{"href":"https:\/\/webs.uab.cat\/compushcat\/wp-json\/wp\/v2\/types\/page"}],"author":[{"embeddable":true,"href":"https:\/\/webs.uab.cat\/compushcat\/wp-json\/wp\/v2\/users\/1200"}],"replies":[{"embeddable":true,"href":"https:\/\/webs.uab.cat\/compushcat\/wp-json\/wp\/v2\/comments?post=25"}],"version-history":[{"count":21,"href":"https:\/\/webs.uab.cat\/compushcat\/wp-json\/wp\/v2\/pages\/25\/revisions"}],"predecessor-version":[{"id":527,"href":"https:\/\/webs.uab.cat\/compushcat\/wp-json\/wp\/v2\/pages\/25\/revisions\/527"}],"wp:attachment":[{"href":"https:\/\/webs.uab.cat\/compushcat\/wp-json\/wp\/v2\/media?parent=25"}],"curies":[{"name":"wp","href":"https:\/\/api.w.org\/{rel}","templated":true}]}}