{"id":28,"date":"2023-07-23T19:00:09","date_gmt":"2023-07-23T17:00:09","guid":{"rendered":"https:\/\/webs.uab.cat\/compushcat\/?page_id=28"},"modified":"2026-04-13T15:05:41","modified_gmt":"2026-04-13T13:05:41","slug":"uneix-te-a-nosaltres","status":"publish","type":"page","link":"https:\/\/webs.uab.cat\/compushcat\/uneix-te-a-nosaltres\/","title":{"rendered":"Uneix-te a nosaltres"},"content":{"rendered":"\n<p><strong>Doctorat (PhD)<\/strong><br>Cada any tenim places obertes al nostre grup. Sovint hi ha finan\u00e7ament disponible per a estudiants de la UE (beques nacionals o europees). Si esteu interessats en el nostre grup, podeu contactar-nos (<a href=\"gregori.ujaque@uab.cat\">gregori.ujaque@uab.cat<\/a>).<\/p>\n\n\n\n<p><strong>Projectes de M\u00e0ster<\/strong><br>Sempre donem la benvinguda a estudiants de m\u00e0ster. Els projectes es defineixen de manera individual dins d\u2019una de les nostres l\u00ednies de recerca.<\/p>\n\n\n\n<p><strong>Postdoctorat (Postdoc)<\/strong><br>Les consultes de candidats amb un perfil s\u00f2lid sempre s\u00f3n benvingudes!<br>Busquem candidats amb talent i experi\u00e8ncia en simulacions multiescala (ab initio, QM\/MM, MD, etc.) i en t\u00e8cniques de mostreig avan\u00e7at (metadin\u00e0mica, etc.).<\/p>\n\n\n\n<p>Si podeu optar a finan\u00e7ament propi, poseu-vos en contacte amb nosaltres.<\/p>\n\n\n\n<p><\/p>\n","protected":false},"excerpt":{"rendered":"<p>Doctorat (PhD)Cada any tenim places obertes al nostre grup. Sovint hi ha finan\u00e7ament disponible per a estudiants de la UE (beques nacionals o europees). Si esteu interessats en el nostre grup, podeu contactar-nos (gregori.ujaque@uab.cat). Projectes de M\u00e0sterSempre donem la benvinguda a estudiants de m\u00e0ster. Els projectes es defineixen de manera individual dins d\u2019una de les [&hellip;]<\/p>\n","protected":false},"author":1200,"featured_media":0,"parent":0,"menu_order":0,"comment_status":"closed","ping_status":"closed","template":"","meta":{"footnotes":""},"class_list":["post-28","page","type-page","status-publish","hentry"],"_links":{"self":[{"href":"https:\/\/webs.uab.cat\/compushcat\/wp-json\/wp\/v2\/pages\/28","targetHints":{"allow":["GET"]}}],"collection":[{"href":"https:\/\/webs.uab.cat\/compushcat\/wp-json\/wp\/v2\/pages"}],"about":[{"href":"https:\/\/webs.uab.cat\/compushcat\/wp-json\/wp\/v2\/types\/page"}],"author":[{"embeddable":true,"href":"https:\/\/webs.uab.cat\/compushcat\/wp-json\/wp\/v2\/users\/1200"}],"replies":[{"embeddable":true,"href":"https:\/\/webs.uab.cat\/compushcat\/wp-json\/wp\/v2\/comments?post=28"}],"version-history":[{"count":11,"href":"https:\/\/webs.uab.cat\/compushcat\/wp-json\/wp\/v2\/pages\/28\/revisions"}],"predecessor-version":[{"id":602,"href":"https:\/\/webs.uab.cat\/compushcat\/wp-json\/wp\/v2\/pages\/28\/revisions\/602"}],"wp:attachment":[{"href":"https:\/\/webs.uab.cat\/compushcat\/wp-json\/wp\/v2\/media?parent=28"}],"curies":[{"name":"wp","href":"https:\/\/api.w.org\/{rel}","templated":true}]}}