{"id":336,"date":"2026-04-09T11:19:11","date_gmt":"2026-04-09T09:19:11","guid":{"rendered":"https:\/\/webs.uab.cat\/compushcat\/?page_id=336"},"modified":"2026-04-13T08:47:21","modified_gmt":"2026-04-13T06:47:21","slug":"membres","status":"publish","type":"page","link":"https:\/\/webs.uab.cat\/compushcat\/membres\/","title":{"rendered":"Membres"},"content":{"rendered":"\n<h2 class=\"wp-block-heading alignwide has-text-align-left\">Membre actuals<\/h2>\n\n\n\n<div class=\"wp-block-columns alignfull is-layout-flex wp-container-core-columns-is-layout-9d6595d7 wp-block-columns-is-layout-flex\">\n<div class=\"wp-block-column is-layout-flow wp-block-column-is-layout-flow\">\n<div class=\"wp-block-media-text has-media-on-the-right is-stacked-on-mobile\" style=\"grid-template-columns:auto 32%\"><div class=\"wp-block-media-text__content\">\n<p class=\"has-text-align-right has-large-font-size\"><a href=\"https:\/\/webs.uab.cat\/compushcat\/dr-gregori-ujaque-perez\/\" data-type=\"page\" data-id=\"331\"><strong>Dr. Gregori Ujaque P\u00e9rez<\/strong><\/a><\/p>\n\n\n\n<p class=\"has-text-align-right has-verd-tropic-color has-text-color has-link-color wp-elements-4ac8c13b2ac48d15c2f1249efda962e7\">Cat\u00e8dratic d&#8217;Universitat <\/p>\n\n\n\n<p class=\"has-text-align-right\"><a href=\"mailto:gregori.ujaque@uab.cat\">gregori.ujaque@uab.cat<\/a><\/p>\n\n\n<div style=\"text-align: right\">\n<a href=\"https:\/\/orcid.org\/0000-0001-5896-9998\" target=\"_blank\" rel=\"noopener\"><img decoding=\"async\" src=\"https:\/\/orcid.figshare.com\/ndownloader\/files\/8439047\/preview\/8439047\/preview.jpg\" title=\"ORCID\" alt=\"ORCID logo\" width=\"30px\"><\/a><span style=\"width:100px\">&nbsp; &nbsp;<a href=\"https:\/\/www.researchgate.net\/profile\/Gregori-Ujaque\" target=\"_blank\" rel=\"noopener\"><img decoding=\"async\" src=\"https:\/\/upload.wikimedia.org\/wikipedia\/commons\/thumb\/5\/5e\/ResearchGate_icon_SVG.svg\/1920px-ResearchGate_icon_SVG.svg.png?20201217223315\" title=\"ResearchGate\" alt=\"RG\" width=\"30px\"><\/a><\/span><\/div>\n<\/div><figure class=\"wp-block-media-text__media\"><img loading=\"lazy\" decoding=\"async\" width=\"423\" height=\"423\" src=\"https:\/\/webs.uab.cat\/compushcat\/wp-content\/uploads\/sites\/448\/2026\/04\/gregori_Nero_AI_Background_Remover_transparent.png\" alt=\"\" class=\"wp-image-464 size-full\" srcset=\"https:\/\/webs.uab.cat\/compushcat\/wp-content\/uploads\/sites\/448\/2026\/04\/gregori_Nero_AI_Background_Remover_transparent.png 423w, https:\/\/webs.uab.cat\/compushcat\/wp-content\/uploads\/sites\/448\/2026\/04\/gregori_Nero_AI_Background_Remover_transparent-300x300.png 300w, https:\/\/webs.uab.cat\/compushcat\/wp-content\/uploads\/sites\/448\/2026\/04\/gregori_Nero_AI_Background_Remover_transparent-150x150.png 150w\" sizes=\"auto, (max-width: 423px) 100vw, 423px\" \/><\/figure><\/div>\n<\/div>\n\n\n\n<div class=\"wp-block-column is-layout-flow wp-block-column-is-layout-flow\">\n<div class=\"wp-block-media-text is-stacked-on-mobile is-vertically-aligned-center\" style=\"grid-template-columns:25% auto\"><figure class=\"wp-block-media-text__media\"><img loading=\"lazy\" decoding=\"async\" width=\"176\" height=\"220\" src=\"https:\/\/webs.uab.cat\/compushcat\/wp-content\/uploads\/sites\/448\/2026\/04\/giuseppe_Nero_AI_Background_Remover_transparent1.png\" alt=\"\" class=\"wp-image-471 size-full\" \/><\/figure><div class=\"wp-block-media-text__content\">\n<p class=\"has-text-align-left has-large-font-size\"><strong><a href=\"https:\/\/webs.uab.cat\/compushcat\/giuseppe-sciortino\/\" data-type=\"page\" data-id=\"334\">Dr. Giuseppe Sciortino<\/a><\/strong><\/p>\n\n\n\n<p class=\"has-verd-tropic-color has-text-color has-link-color wp-elements-fa72d6d792b98a2ba3fd6bd0b2d07293\">Professor<\/p>\n\n\n\n<p><a href=\"mailto:giuseppe.sciortino@uab.cat\">giuseppe.sciortino@uab.cat<\/a><\/p>\n\n\n<p><a href=\"https:\/\/orcid.org\/0000-0002-5836-6211\" target=\"_blank\" rel=\"noopener\"><img decoding=\"async\" src=\"https:\/\/orcid.figshare.com\/ndownloader\/files\/8439047\/preview\/8439047\/preview.jpg\" title=\"ORCID\" alt=\"ORCID logo\" width=\"30px\"><\/a><span style=\"width:100px\">&nbsp; &nbsp;<a href=\"https:\/\/www.researchgate.net\/profile\/Giuseppe-Sciortino\" target=\"_blank\" rel=\"noopener\"><img decoding=\"async\" src=\"https:\/\/upload.wikimedia.org\/wikipedia\/commons\/thumb\/5\/5e\/ResearchGate_icon_SVG.svg\/1920px-ResearchGate_icon_SVG.svg.png?20201217223315\" title=\"ResearchGate\" alt=\"RG\" width=\"30px\"><\/a><\/span>&nbsp; &nbsp;<a href=\"www.scopus.com\/authid\/detail.uri?authorId=57190438845\" target=\"_blank\" rel=\"noopener\"><img decoding=\"async\" src=\"https:\/\/upload.wikimedia.org\/wikipedia\/commons\/thumb\/2\/26\/Scopus_logo.svg\/1280px-Scopus_logo.svg.png\" title=\"Scopus\" alt=\"RG\" width=\"70px\"><\/a><\/span><\/p>\n<\/div><\/div>\n<\/div>\n<\/div>\n\n\n\n<div style=\"height:100px\" aria-hidden=\"true\" class=\"wp-block-spacer\"><\/div>\n\n\n\n<div class=\"wp-block-columns alignfull is-layout-flex wp-container-core-columns-is-layout-9d6595d7 wp-block-columns-is-layout-flex\">\n<div class=\"wp-block-column is-layout-flow wp-block-column-is-layout-flow\">\n<div class=\"wp-block-media-text has-media-on-the-right is-stacked-on-mobile\" style=\"grid-template-columns:auto 30%\"><div class=\"wp-block-media-text__content\">\n<p class=\"has-text-align-right has-large-font-size\"><strong><a href=\"https:\/\/webs.uab.cat\/compushcat\/dr-agusti-lledos-falco\/\" data-type=\"page\" data-id=\"344\">Dr. Agust\u00ed Lled\u00f3s Falc\u00f3<\/a><\/strong><\/p>\n\n\n\n<p class=\"has-text-align-right has-verd-tropic-color has-text-color has-link-color wp-elements-68ce9cf0c8f4a0a20f3d894c9eaee33e\">Cat\u00e8dratic d\u2019Universitat Em\u00e8rit<\/p>\n\n\n\n<p class=\"has-text-align-right\"><a href=\"mailto:agusti.lledos@uab.cat\">agusti.lledos@uab.cat<\/a><\/p>\n\n\n<div style=\"text-align: right\">\n<a href=\"www.scopus.com\/authid\/detail.uri?authorId=7005831038\" target=\"_blank\" rel=\"noopener\"><img decoding=\"async\" src=\"https:\/\/upload.wikimedia.org\/wikipedia\/commons\/thumb\/2\/26\/Scopus_logo.svg\/1280px-Scopus_logo.svg.png\" title=\"Scopus\" alt=\"RG\" width=\"70px\"><\/a><\/span>&nbsp; &nbsp;<a href=\"https:\/\/orcid.org\/0000-0001-7909-422X\" target=\"_blank\" rel=\"noopener\"><img decoding=\"async\" src=\"https:\/\/orcid.figshare.com\/ndownloader\/files\/8439047\/preview\/8439047\/preview.jpg\" title=\"ORCID\" alt=\"ORCID logo\" width=\"30px\"><\/a><span style=\"width:100px\">&nbsp; &nbsp;<a href=\"https:\/\/www.researchgate.net\/profile\/Agusti-Lledos\" target=\"_blank\" rel=\"noopener\"><img decoding=\"async\" src=\"https:\/\/upload.wikimedia.org\/wikipedia\/commons\/thumb\/5\/5e\/ResearchGate_icon_SVG.svg\/1920px-ResearchGate_icon_SVG.svg.png?20201217223315\" title=\"ResearchGate\" alt=\"RG\" width=\"30px\"><\/a><\/span><span style=\"width:100px\"><\/span><\/div>\n<\/div><figure class=\"wp-block-media-text__media\"><img loading=\"lazy\" decoding=\"async\" width=\"200\" height=\"200\" src=\"https:\/\/webs.uab.cat\/compushcat\/wp-content\/uploads\/sites\/448\/2026\/04\/agusti_Nero_AI_Background_Remover_transparent.png\" alt=\"\" class=\"wp-image-479 size-full\" srcset=\"https:\/\/webs.uab.cat\/compushcat\/wp-content\/uploads\/sites\/448\/2026\/04\/agusti_Nero_AI_Background_Remover_transparent.png 200w, https:\/\/webs.uab.cat\/compushcat\/wp-content\/uploads\/sites\/448\/2026\/04\/agusti_Nero_AI_Background_Remover_transparent-150x150.png 150w\" sizes=\"auto, (max-width: 200px) 100vw, 200px\" \/><\/figure><\/div>\n<\/div>\n\n\n\n<div class=\"wp-block-column is-layout-flow wp-block-column-is-layout-flow\">\n<div class=\"wp-block-media-text is-stacked-on-mobile\" style=\"grid-template-columns:23% auto\"><figure class=\"wp-block-media-text__media\"><img loading=\"lazy\" decoding=\"async\" width=\"186\" height=\"244\" src=\"https:\/\/webs.uab.cat\/compushcat\/wp-content\/uploads\/sites\/448\/2026\/04\/gantulga_Nero_AI_Background_Remover_transparent.png\" alt=\"\" class=\"wp-image-495 size-full\" \/><\/figure><div class=\"wp-block-media-text__content\">\n<p class=\"has-large-font-size\"><strong><a href=\"https:\/\/webs.uab.cat\/compushcat\/gantulga-norjmaa\/\" data-type=\"page\" data-id=\"372\">Dr. Gantulga Norjmaa<\/a><\/strong><\/p>\n\n\n\n<p class=\"has-verd-tropic-color has-text-color has-link-color wp-elements-90c546eeeda4450e65606614ae570c6e\">Investigador Postdoctoral<\/p>\n\n\n\n<p><a href=\"Gantulga.Norjmaa@uab.cat\">gantulga.norjmaa@uab.cat<\/a><\/p>\n\n\n<p><a href=\"https:\/\/orcid.org\/0000-0001-5209-895X\" target=\"_blank\" rel=\"noopener\"><img decoding=\"async\" src=\"https:\/\/orcid.figshare.com\/ndownloader\/files\/8439047\/preview\/8439047\/preview.jpg\" title=\"ORCID\" alt=\"ORCID logo\" width=\"30px\"><\/a><span style=\"width:100px\">&nbsp; &nbsp;<a href=\"https:\/\/www.researchgate.net\/scientific-contributions\/Gantulga-Norjmaa-2161019647\" target=\"_blank\" rel=\"noopener\"><img decoding=\"async\" src=\"https:\/\/upload.wikimedia.org\/wikipedia\/commons\/thumb\/5\/5e\/ResearchGate_icon_SVG.svg\/1920px-ResearchGate_icon_SVG.svg.png?20201217223315\" title=\"ResearchGate\" alt=\"RG\" width=\"30px\"><\/a><\/span><\/p>\n<\/div><\/div>\n<\/div>\n<\/div>\n\n\n\n<div style=\"height:100px\" aria-hidden=\"true\" class=\"wp-block-spacer\"><\/div>\n\n\n\n<div class=\"wp-block-columns alignfull is-layout-flex wp-container-core-columns-is-layout-9d6595d7 wp-block-columns-is-layout-flex\">\n<div class=\"wp-block-column is-layout-flow wp-block-column-is-layout-flow\">\n<div class=\"wp-block-media-text has-media-on-the-right is-stacked-on-mobile\" style=\"grid-template-columns:auto 31%\"><div class=\"wp-block-media-text__content\">\n<p class=\"has-text-align-right has-large-font-size\"><strong><a href=\"https:\/\/webs.uab.cat\/compushcat\/merce-alemany-chavarria\/\" data-type=\"page\" data-id=\"434\">Merc\u00e8 Alemany Chavarria<\/a><\/strong><\/p>\n\n\n\n<p class=\"has-text-align-right has-verd-tropic-color has-text-color has-link-color wp-elements-e25751a34aa68cdf67f388bd3b92fc47\">Investigadora Predoctoral<\/p>\n\n\n\n<p class=\"has-text-align-right\"><a href=\"mailto:merce.alemany@uab.cat\">merce.alemany@uab.cat<\/a><\/p>\n\n\n<div style=\"text-align: right\">\n<a href=\"https:\/\/orcid.org\/0000-0002-3990-1215\" target=\"_blank\" rel=\"noopener\"><img decoding=\"async\" src=\"https:\/\/orcid.figshare.com\/ndownloader\/files\/8439047\/preview\/8439047\/preview.jpg\" title=\"ORCID\" alt=\"ORCID logo\" width=\"30px\"><\/a><span style=\"width:100px\">&nbsp; &nbsp;<a href=\"https:\/\/www.researchgate.net\/profile\/Merce-Alemany-Chavarria\" target=\"_blank\" rel=\"noopener\"><img decoding=\"async\" src=\"https:\/\/upload.wikimedia.org\/wikipedia\/commons\/thumb\/5\/5e\/ResearchGate_icon_SVG.svg\/1920px-ResearchGate_icon_SVG.svg.png?20201217223315\" title=\"ResearchGate\" alt=\"RG\" width=\"30px\"><\/a><\/span><span style=\"width:100px\"><\/span><\/div>\n<\/div><figure class=\"wp-block-media-text__media\"><img loading=\"lazy\" decoding=\"async\" width=\"200\" height=\"200\" src=\"https:\/\/webs.uab.cat\/compushcat\/wp-content\/uploads\/sites\/448\/2026\/04\/merce_Nero_AI_Background_Remover_transparent.png\" alt=\"\" class=\"wp-image-505 size-full\" srcset=\"https:\/\/webs.uab.cat\/compushcat\/wp-content\/uploads\/sites\/448\/2026\/04\/merce_Nero_AI_Background_Remover_transparent.png 200w, https:\/\/webs.uab.cat\/compushcat\/wp-content\/uploads\/sites\/448\/2026\/04\/merce_Nero_AI_Background_Remover_transparent-150x150.png 150w\" sizes=\"auto, (max-width: 200px) 100vw, 200px\" \/><\/figure><\/div>\n<\/div>\n\n\n\n<div class=\"wp-block-column is-layout-flow wp-block-column-is-layout-flow\">\n<div class=\"wp-block-media-text is-stacked-on-mobile\" style=\"grid-template-columns:25% auto\"><figure class=\"wp-block-media-text__media\"><img loading=\"lazy\" decoding=\"async\" width=\"176\" height=\"220\" src=\"https:\/\/webs.uab.cat\/compushcat\/wp-content\/uploads\/sites\/448\/2026\/04\/min.jpeg\" alt=\"\" class=\"wp-image-511 size-full\" \/><\/figure><div class=\"wp-block-media-text__content\">\n<p class=\"has-text-align-left has-large-font-size\"><strong><a href=\"https:\/\/webs.uab.cat\/compushcat\/min-zou\/\" data-type=\"page\" data-id=\"436\">Min Zou<\/a><\/strong><\/p>\n\n\n\n<p class=\"has-verd-tropic-color has-text-color has-link-color wp-elements-464ede49248b4f399de74d28386b8e62\">Investigadora Predoctoral<\/p>\n\n\n\n<p><a href=\"mailto:min.zou@uab.cat\">min.zou@uab.cat<\/a><\/p>\n\n\n<p><a href=\"https:\/\/orcid.org\/0009-0004-2768-3339\" target=\"_blank\" rel=\"noopener\"><img decoding=\"async\" src=\"https:\/\/orcid.figshare.com\/ndownloader\/files\/8439047\/preview\/8439047\/preview.jpg\" title=\"ORCID\" alt=\"ORCID logo\" width=\"30px\"><\/a><span style=\"width:100px\"><\/a><\/span><\/p>\n<\/div><\/div>\n<\/div>\n<\/div>\n\n\n\n<div style=\"height:100px\" aria-hidden=\"true\" class=\"wp-block-spacer\"><\/div>\n\n\n\n<div class=\"wp-block-columns alignfull is-layout-flex wp-container-core-columns-is-layout-9d6595d7 wp-block-columns-is-layout-flex\">\n<div class=\"wp-block-column is-layout-flow wp-block-column-is-layout-flow\">\n<div class=\"wp-block-media-text is-stacked-on-mobile\"><figure class=\"wp-block-media-text__media\"><\/figure><div class=\"wp-block-media-text__content\">\n<p><\/p>\n<\/div><\/div>\n<\/div>\n\n\n\n<div class=\"wp-block-column is-layout-flow wp-block-column-is-layout-flow\">\n<div class=\"wp-block-media-text is-stacked-on-mobile\"><figure class=\"wp-block-media-text__media\"><\/figure><div class=\"wp-block-media-text__content\">\n<p><\/p>\n<\/div><\/div>\n<\/div>\n<\/div>\n","protected":false},"excerpt":{"rendered":"<p>Membre actuals Dr. Gregori Ujaque P\u00e9rez Cat\u00e8dratic d&#8217;Universitat gregori.ujaque@uab.cat Dr. Giuseppe Sciortino Professor giuseppe.sciortino@uab.cat Dr. Agust\u00ed Lled\u00f3s Falc\u00f3 Cat\u00e8dratic d\u2019Universitat Em\u00e8rit agusti.lledos@uab.cat Dr. Gantulga Norjmaa Investigador Postdoctoral gantulga.norjmaa@uab.cat Merc\u00e8 Alemany Chavarria Investigadora Predoctoral merce.alemany@uab.cat Min Zou Investigadora Predoctoral min.zou@uab.cat<\/p>\n","protected":false},"author":2705,"featured_media":0,"parent":0,"menu_order":0,"comment_status":"closed","ping_status":"closed","template":"","meta":{"footnotes":""},"class_list":["post-336","page","type-page","status-publish","hentry"],"_links":{"self":[{"href":"https:\/\/webs.uab.cat\/compushcat\/wp-json\/wp\/v2\/pages\/336","targetHints":{"allow":["GET"]}}],"collection":[{"href":"https:\/\/webs.uab.cat\/compushcat\/wp-json\/wp\/v2\/pages"}],"about":[{"href":"https:\/\/webs.uab.cat\/compushcat\/wp-json\/wp\/v2\/types\/page"}],"author":[{"embeddable":true,"href":"https:\/\/webs.uab.cat\/compushcat\/wp-json\/wp\/v2\/users\/2705"}],"replies":[{"embeddable":true,"href":"https:\/\/webs.uab.cat\/compushcat\/wp-json\/wp\/v2\/comments?post=336"}],"version-history":[{"count":49,"href":"https:\/\/webs.uab.cat\/compushcat\/wp-json\/wp\/v2\/pages\/336\/revisions"}],"predecessor-version":[{"id":533,"href":"https:\/\/webs.uab.cat\/compushcat\/wp-json\/wp\/v2\/pages\/336\/revisions\/533"}],"wp:attachment":[{"href":"https:\/\/webs.uab.cat\/compushcat\/wp-json\/wp\/v2\/media?parent=336"}],"curies":[{"name":"wp","href":"https:\/\/api.w.org\/{rel}","templated":true}]}}