{"id":344,"date":"2026-04-09T11:27:30","date_gmt":"2026-04-09T09:27:30","guid":{"rendered":"https:\/\/webs.uab.cat\/compushcat\/?page_id=344"},"modified":"2026-04-09T12:28:32","modified_gmt":"2026-04-09T10:28:32","slug":"dr-agusti-lledos-falco","status":"publish","type":"page","link":"https:\/\/webs.uab.cat\/compushcat\/dr-agusti-lledos-falco\/","title":{"rendered":"Agust\u00ed Lled\u00f3s Falc\u00f3"},"content":{"rendered":"<p><a href=\"https:\/\/orcid.org\/0000-0001-7909-422X\" target=\"_blank\" rel=\"noopener\"><img decoding=\"async\" src=\"https:\/\/orcid.figshare.com\/ndownloader\/files\/8439047\/preview\/8439047\/preview.jpg\" title=\"ORCID\" alt=\"ORCID logo\" width=\"30px\" border=\"20\" align=\"right\"><\/a><span style=\"width:100px\">&nbsp; &nbsp;<a href=\"https:\/\/www.researchgate.net\/profile\/Agusti-Lledos\" target=\"_blank\" rel=\"noopener\"><img decoding=\"async\" src=\"https:\/\/upload.wikimedia.org\/wikipedia\/commons\/thumb\/5\/5e\/ResearchGate_icon_SVG.svg\/1920px-ResearchGate_icon_SVG.svg.png?20201217223315\" title=\"ResearchGate\" alt=\"RG\" width=\"30px\" border=\"20\" align=\"right\"><\/a><\/span>&nbsp; &nbsp;<a href=\"https:\/\/www.linkedin.com\/in\/agust%C3%AD-lled%C3%B3s-2b49678\/\" target=\"_blank\" rel=\"noopener\"><img decoding=\"async\" src=\"https:\/\/content.linkedin.com\/content\/dam\/me\/business\/en-us\/amp\/brand-site\/v2\/bg\/LI-Bug.svg.original.svg\" title=\"LINKEDIN\" alt=\"LINKEDIN logo\" width=\"35px\" border=\"20\" align=\"right\"><\/a><span style=\"width:100px\"><\/span><\/p>\n\n\n\n<p class=\"has-text-align-right\"><strong>Agust\u00ed Lled\u00f3s<\/strong> va n\u00e9ixer a Barcelona (Espanya) el 1955. Es va doctorar en Qu\u00edmica per la Universitat Aut\u00f2noma de Barcelona (UAB) el 1984. Despr\u00e9s d&#8217;una estada postdoctoral a la Universit\u00e9 de Paris-Sud, va tornar a la UAB on va crear un grup de recerca dedicat a l&#8217;estudi computacional de la reactivitat organomet\u00e1lica. Des de 1994 \u00e9s Catedr\u00e0tic de Qu\u00edmica F\u00edsica de la UAB i Cap del Grup de &#8221;Modelitzaci\u00f3 Molecular de Sistemes de Metalls de Transici\u00f3&#8221;. La seva recerca se centra en el modelatge computacional de la reactivitat organomet\u00e1lica i els processos de cat\u00e0lisi homog\u00e8nia, amb \u00e8mfasi en els mecanismes de reacci\u00f3. Va rebre el &#8221;Premi RSEQ-*Bruker de Qu\u00edmica F\u00edsica&#8221; el 2008. Des de 2012 \u00e9s vicepresident de la Societat Espanyola de Qu\u00edmica (RSEQ).<\/p>\n","protected":false},"excerpt":{"rendered":"<p>Agust\u00ed Lled\u00f3s va n\u00e9ixer a Barcelona (Espanya) el 1955. Es va doctorar en Qu\u00edmica per la Universitat Aut\u00f2noma de Barcelona (UAB) el 1984. Despr\u00e9s d&#8217;una estada postdoctoral a la Universit\u00e9 de Paris-Sud, va tornar a la UAB on va crear un grup de recerca dedicat a l&#8217;estudi computacional de la reactivitat organomet\u00e1lica. Des de 1994 [&hellip;]<\/p>\n","protected":false},"author":2705,"featured_media":0,"parent":0,"menu_order":0,"comment_status":"closed","ping_status":"closed","template":"","meta":{"footnotes":""},"class_list":["post-344","page","type-page","status-publish","hentry"],"_links":{"self":[{"href":"https:\/\/webs.uab.cat\/compushcat\/wp-json\/wp\/v2\/pages\/344","targetHints":{"allow":["GET"]}}],"collection":[{"href":"https:\/\/webs.uab.cat\/compushcat\/wp-json\/wp\/v2\/pages"}],"about":[{"href":"https:\/\/webs.uab.cat\/compushcat\/wp-json\/wp\/v2\/types\/page"}],"author":[{"embeddable":true,"href":"https:\/\/webs.uab.cat\/compushcat\/wp-json\/wp\/v2\/users\/2705"}],"replies":[{"embeddable":true,"href":"https:\/\/webs.uab.cat\/compushcat\/wp-json\/wp\/v2\/comments?post=344"}],"version-history":[{"count":6,"href":"https:\/\/webs.uab.cat\/compushcat\/wp-json\/wp\/v2\/pages\/344\/revisions"}],"predecessor-version":[{"id":386,"href":"https:\/\/webs.uab.cat\/compushcat\/wp-json\/wp\/v2\/pages\/344\/revisions\/386"}],"wp:attachment":[{"href":"https:\/\/webs.uab.cat\/compushcat\/wp-json\/wp\/v2\/media?parent=344"}],"curies":[{"name":"wp","href":"https:\/\/api.w.org\/{rel}","templated":true}]}}