{"id":122,"date":"2024-11-29T21:45:40","date_gmt":"2024-11-29T19:45:40","guid":{"rendered":"https:\/\/webs.uab.cat\/comset\/nosaltres\/"},"modified":"2025-03-09T19:09:23","modified_gmt":"2025-03-09T17:09:23","slug":"nosaltres","status":"publish","type":"page","link":"https:\/\/webs.uab.cat\/comset\/ca\/nosaltres\/","title":{"rendered":"Nosaltres"},"content":{"rendered":"\n<p>El ComSET (Comunicaci\u00f3 Sonora, Estrat\u00e8gica i Transpar\u00e8ncia) \u00e9s un grup de recerca consolidat i reconegut per la Generalitat de Catalunya: <\/p>\n\n<p><strong>SGR2021-00070<\/strong><\/p>\n\n<p><strong>Director<\/strong>:<\/p>\n\n<p>Dr. Armand Balsebre Torroja<\/p>\n\n<p><strong>Coordinador\/IP del grupo SGR<\/strong>:<\/p>\n\n<p>Dr. Juan Jos\u00e9 Perona P\u00e1ez<\/p>\n\n<p><strong>Objectius:<\/strong><\/p>\n\n<p class=\"has-text-align-left\"><br\/>El ComSET neix el 2019 a partir de les sinergies de treball entre el Grup de Recerca en Publicitat i Comunicaci\u00f3 Radiof\u00f2nica (Publiradio), el Grup de Recerca en Direcci\u00f3 de Comunicaci\u00f3 Empresarial i Institucional (DCEI) i el Laboratori de Periodisme i Comunicaci\u00f3 per a la Ciutadania, tots de la UAB. El ComSET, fruit de la uni\u00f3 entre els tres grups esmentats, estudia la comunicaci\u00f3 de les organitzacions, especialment les estrat\u00e8gies i eines sonores que utilitzen per arribar a uns p\u00fablics comunicativament m\u00e9s actius i amb uns h\u00e0bits de consum tecnol\u00f2gicament canviants, prestant tamb\u00e9 especial atenci\u00f3 al valor de la creativitat com a element estrat\u00e8gic. Les organitzacions busquen ampliar els punts de contacte amb continguts basats en valors i intangibles i amb noves narratives i formats digitals.  <br\/><br\/>Entre els principals actius, el ComSET compta amb l&#8217;Observatori de l&#8217;<strong>Audiobranding<\/strong>, que analitza les estrat\u00e8gies sonores en la comunicaci\u00f3 de marca, i el Segell <strong>Infoparticipa<\/strong>, el qual premia la transpar\u00e8ncia i la qualitat de la informaci\u00f3 de les administracions p\u00fabliques.<br\/><\/p>\n\n<p><strong>Principals l\u00ednies de recerca:<\/strong><\/p>\n\n<p>Les l\u00ednies b\u00e0siques de recerca sobre les quals treballa el grup s\u00f3n les seg\u00fcents:<br\/><br\/>-Configuraci\u00f3 i din\u00e0mica de la sono-esfera digital.<br\/><br\/>-Comunicaci\u00f3 sonora de les organitzacions.<br\/><br\/>-Formats publicitaris sonors i nous recursos creatius i comunicatius.<br\/><br\/>-Estrat\u00e8gies en l&#8217;\u00e0mbit de la comunicaci\u00f3 corporativa.<br\/><br\/>-Efic\u00e0cia comunicativa i transpar\u00e8ncia de les institucions p\u00fabliques (ajuntaments, consells comarcals i diputacions). Paraules clau: Comunicaci\u00f3 Sonora, Publicitat, Comunicaci\u00f3 Corporativa, Responsabilitat Social Corporativa, Transpar\u00e8ncia, Efic\u00e0cia Comunicativa Institucional.<br\/><br\/><br\/><\/p>\n\n<p><strong>Paraules clau<\/strong>:<\/p>\n\n<p>Comunicaci\u00f3 Sonora, Publicitat, Comunicaci\u00f3 Corporativa, Responsabilitat Social Corporativa, Transpar\u00e8ncia, Efic\u00e0cia Comunicativa Institucional.<\/p>\n\n<p><strong>Membres del grup:<\/strong><\/p>\n\n<ul class=\"wp-block-list\">\n<li>Dr. Armand Balsebre Torroja<\/li>\n\n\n\n<li>Dra. M\u00aa Luz Barbeito Veloso <\/li>\n\n\n\n<li>Dra. Estrella Barrio Fraile <\/li>\n\n\n\n<li>Dra. Marta Corcoy Rius <\/li>\n\n\n\n<li>Dra. Anna Fajula Payet <\/li>\n\n\n\n<li>Dra. Ana M\u00aa Enrique Jim\u00e9nez <\/li>\n\n\n\n<li>Dr. Juan Jos\u00e9 Perona P\u00e1ez<\/li>\n<\/ul>\n\n<blockquote class=\"wp-block-quote is-layout-flow wp-block-quote-is-layout-flow\">\n<p><a href=\"https:\/\/portalrecerca.uab.cat\/es\/organisations\/grup-de-recerca-en-comunicaci%C3%B3-sonora-estrat%C3%A8gica-i-transpar%C3%A8ncia\" data-type=\"link\" data-id=\"https:\/\/portalrecerca.uab.cat\/es\/organisations\/grup-de-recerca-en-comunicaci%C3%B3-sonora-estrat%C3%A8gica-i-transpar%C3%A8ncia\" target=\"_blank\" rel=\"noreferrer noopener\"><strong>Grupo ComSET en el Portal de Recerca de la UAB<\/strong><\/a><\/p>\n\n\n\n<p><\/p>\n<\/blockquote>\n\n<blockquote class=\"wp-block-quote is-layout-flow wp-block-quote-is-layout-flow\">\n<p><a href=\"https:\/\/ddd.uab.cat\/collection\/comset\" target=\"_blank\" rel=\"noreferrer noopener\"><strong>Grupo ComSET en el Diposit Digital de Documents de la UAB<\/strong><\/a><\/p>\n\n\n\n<p><\/p>\n\n\n\n<p><\/p>\n<\/blockquote>\n\n<p><\/p>\n","protected":false},"excerpt":{"rendered":"<p>El ComSET (Comunicaci\u00f3 Sonora, Estrat\u00e8gica i Transpar\u00e8ncia) \u00e9s un grup de recerca consolidat i reconegut per la Generalitat de Catalunya: SGR2021-00070 Director: Dr. Armand Balsebre Torroja Coordinador\/IP del grupo SGR: Dr. Juan Jos\u00e9 Perona P\u00e1ez Objectius: El ComSET neix el 2019 a partir de les sinergies de treball entre el Grup de Recerca en Publicitat [&hellip;]<\/p>\n","protected":false},"author":2913,"featured_media":0,"parent":0,"menu_order":1,"comment_status":"closed","ping_status":"closed","template":"","meta":{"footnotes":""},"class_list":["post-122","page","type-page","status-publish","hentry"],"_links":{"self":[{"href":"https:\/\/webs.uab.cat\/comset\/ca\/wp-json\/wp\/v2\/pages\/122","targetHints":{"allow":["GET"]}}],"collection":[{"href":"https:\/\/webs.uab.cat\/comset\/ca\/wp-json\/wp\/v2\/pages"}],"about":[{"href":"https:\/\/webs.uab.cat\/comset\/ca\/wp-json\/wp\/v2\/types\/page"}],"author":[{"embeddable":true,"href":"https:\/\/webs.uab.cat\/comset\/ca\/wp-json\/wp\/v2\/users\/2913"}],"replies":[{"embeddable":true,"href":"https:\/\/webs.uab.cat\/comset\/ca\/wp-json\/wp\/v2\/comments?post=122"}],"version-history":[{"count":2,"href":"https:\/\/webs.uab.cat\/comset\/ca\/wp-json\/wp\/v2\/pages\/122\/revisions"}],"predecessor-version":[{"id":147,"href":"https:\/\/webs.uab.cat\/comset\/ca\/wp-json\/wp\/v2\/pages\/122\/revisions\/147"}],"wp:attachment":[{"href":"https:\/\/webs.uab.cat\/comset\/ca\/wp-json\/wp\/v2\/media?parent=122"}],"curies":[{"name":"wp","href":"https:\/\/api.w.org\/{rel}","templated":true}]}}