{"id":124,"date":"2024-11-30T08:25:36","date_gmt":"2024-11-30T06:25:36","guid":{"rendered":"https:\/\/webs.uab.cat\/comset\/publicacions\/"},"modified":"2025-03-09T19:12:40","modified_gmt":"2025-03-09T17:12:40","slug":"publicacions","status":"publish","type":"page","link":"https:\/\/webs.uab.cat\/comset\/ca\/publicacions\/","title":{"rendered":"Publicacions"},"content":{"rendered":"\n<p><strong>PUBLICACIONS<\/strong><\/p>\n\n<p class=\"has-small-font-size\">Barrio, E.; Barbeito, M.L; Enrique, A.M.; Fajula, A.; Perona, J. J. (2024). &#8220;Communicating corporate sustainability through podcast. En Oliveira, A.; M\u00edguez, M.I.; Lalueza, F. (eds.). <em>Priorities for public relations leaders<\/em>. Edt. Peter Lang. P\u00e1gs. 103-122. P\u00e1gs. 103-122. ISBN: 978-3-631-91679-7    <\/p>\n\n<p class=\"has-small-font-size\">Barrio-Fraile, E.; Barbeito-Veloso, M.-L.; Fajula-Payet, A.; Perona-P\u00e1ez, J.-J. &amp; Enrique-Jim\u00e9nez, A-M. (2023). Uso del podcast corporativo como herramienta de comunicaci\u00f3n de los ODS en las principales entidades financieras espa\u00f1olas. <em>Revista Latina de Comunicaci\u00f3n Social<\/em>, 81, 97-122.<\/p>\n\n<p class=\"has-small-font-size\">Fajula-Payet, A.; Barbeito-Veloso, M.-L.; Perona-P\u00e1ez, J.-J. (2023). Los hombres ante el espejo: estereotipos masculinos en las inserciones publicitarias de la radio espa\u00f1ola. <em>Prisma Social<\/em>, 40, 84-102.<\/p>\n\n<p class=\"has-small-font-size\">Barrio-Fraile, E., Enrique-Jim\u00e9nez, A.-M., Fajula-Payet, A., Barbeito-Veloso, M.-L., &amp; Perona-P\u00e1ez, J.-J. (2022).The sound of responsibility: evolution of the use of radio advertising as a corporate social responsibility (CSR) communication channel before and after Covid-19. A significant increase. <em>Profesional de la informaci\u00f3n<\/em>, 31(5), 1-14.<\/p>\n\n<p class=\"has-small-font-size\">Anna Fajula, Mariluz Barbeito, Estrella Barrio, Ana Mar\u00eda Enrique y Juan Jos\u00e9 Perona (2021). Feminist Stereotypes and Women\u2019s Roles in Spanish Radio Ads. <em>Media and Communication, <\/em>vol. 9 (2), 39-51. <\/p>\n\n<p><\/p>\n\n<blockquote class=\"wp-block-quote is-layout-flow wp-block-quote-is-layout-flow\">\n<p class=\"has-small-font-size\"><a href=\"https:\/\/portalrecerca.uab.cat\/es\/searchAll\/advanced\/?searchByRadioGroup=PartOfNameOrTitle&amp;searchBy=PartOfNameOrTitle&amp;allThese=comset&amp;exactPhrase=&amp;or=&amp;minus=&amp;family=publications&amp;doSearch=B%C3%BAsqueda&amp;slowScroll=true&amp;resultFamilyTabToSelect=\" target=\"_blank\" rel=\"noreferrer noopener\"><strong>Producci\u00f3 cient\u00edfica ComSET en Portal de la Recerca UAB <\/strong><\/a><\/p>\n\n\n\n<p><\/p>\n<\/blockquote>\n\n<p><\/p>\n","protected":false},"excerpt":{"rendered":"<p>PUBLICACIONS Barrio, E.; Barbeito, M.L; Enrique, A.M.; Fajula, A.; Perona, J. J. (2024). &#8220;Communicating corporate sustainability through podcast. En Oliveira, A.; M\u00edguez, M.I.; Lalueza, F. (eds.). Priorities for public relations leaders. Edt. Peter Lang. P\u00e1gs. 103-122. P\u00e1gs. 103-122. ISBN: 978-3-631-91679-7 Barrio-Fraile, E.; Barbeito-Veloso, M.-L.; Fajula-Payet, A.; Perona-P\u00e1ez, J.-J. &amp; Enrique-Jim\u00e9nez, A-M. (2023). Uso del podcast [&hellip;]<\/p>\n","protected":false},"author":2907,"featured_media":0,"parent":0,"menu_order":1,"comment_status":"closed","ping_status":"closed","template":"","meta":{"footnotes":""},"class_list":["post-124","page","type-page","status-publish","hentry"],"_links":{"self":[{"href":"https:\/\/webs.uab.cat\/comset\/ca\/wp-json\/wp\/v2\/pages\/124","targetHints":{"allow":["GET"]}}],"collection":[{"href":"https:\/\/webs.uab.cat\/comset\/ca\/wp-json\/wp\/v2\/pages"}],"about":[{"href":"https:\/\/webs.uab.cat\/comset\/ca\/wp-json\/wp\/v2\/types\/page"}],"author":[{"embeddable":true,"href":"https:\/\/webs.uab.cat\/comset\/ca\/wp-json\/wp\/v2\/users\/2907"}],"replies":[{"embeddable":true,"href":"https:\/\/webs.uab.cat\/comset\/ca\/wp-json\/wp\/v2\/comments?post=124"}],"version-history":[{"count":2,"href":"https:\/\/webs.uab.cat\/comset\/ca\/wp-json\/wp\/v2\/pages\/124\/revisions"}],"predecessor-version":[{"id":151,"href":"https:\/\/webs.uab.cat\/comset\/ca\/wp-json\/wp\/v2\/pages\/124\/revisions\/151"}],"wp:attachment":[{"href":"https:\/\/webs.uab.cat\/comset\/ca\/wp-json\/wp\/v2\/media?parent=124"}],"curies":[{"name":"wp","href":"https:\/\/api.w.org\/{rel}","templated":true}]}}