{"id":13,"date":"2024-11-29T21:45:40","date_gmt":"2024-11-29T19:45:40","guid":{"rendered":"https:\/\/webs.uab.cat\/comset\/?page_id=13"},"modified":"2025-09-02T12:19:23","modified_gmt":"2025-09-02T10:19:23","slug":"grupo-comset","status":"publish","type":"page","link":"https:\/\/webs.uab.cat\/comset\/grupo-comset\/","title":{"rendered":"Nosotros"},"content":{"rendered":"\n<p>El ComSET (Comunicaci\u00f3n Sonora, Estrat\u00e9gica y Transparencia) es un grupo de investigaci\u00f3n consolidado y reconocido por la Generalitat de Catalunya: <\/p>\n\n\n\n<p><strong>SGR2021-00070<\/strong><\/p>\n\n\n\n<p><strong>Director<\/strong>:<\/p>\n\n\n\n<p>Dr. Armand Balsebre\u00a0Torroja. Departament de Publicitat, Relacions P\u00fabliques i Comunicaci\u00f3 Audiovisual de la UAB.<\/p>\n\n\n\n<p><strong>Coordinador\/IP del grupo SGR<\/strong>:<\/p>\n\n\n\n<p>Dr. Juan Jos\u00e9 Perona P\u00e1ez. Departament de Publicitat, Relacions P\u00fabliques i Comunicaci\u00f3 Audiovisual de la UAB.<\/p>\n\n\n\n<p><strong>Objetivos:<\/strong><\/p>\n\n\n\n<p class=\"has-text-align-left\"><br>El ComSET nace en 2019 a partir de las sinergias de trabajo entre el Grupo de Investigaci\u00f3n en Publicidad y Comunicaci\u00f3n Radiof\u00f3nica (Publiradio), el Grupo de Investigaci\u00f3n en Direcci\u00f3n de Comunicaci\u00f3n Empresarial y Institucional (DCEI) y el Laboratorio de Periodismo y Comunicaci\u00f3n por la Ciudadan\u00eda, todos de la UAB. El ComSET, fruto de la uni\u00f3n entre los tres grupos citados, estudia la comunicaci\u00f3n de las organizaciones, especialmente las estrategias y herramientas sonoras que utilizan para llegar a unos p\u00fablicos comunicativamente m\u00e1s activos y con unos h\u00e1bitos de consumo tecnol\u00f3gicamente cambiantes, prestando tambi\u00e9n especial atenci\u00f3n al valor de la creatividad como elemento estrat\u00e9gico. Las organizaciones buscan ampliar los puntos de contacto con contenidos basados \u200b\u200ben valores e intangibles y con nuevas narrativas y formatos digitales.<br><br>Entre sus principales activos, el ComSET cuenta con el Observatorio del <strong>Audiobranding<\/strong>, que analiza las estrategias sonoras en la comunicaci\u00f3n de marca, y el <strong>Sello Infoparticipa<\/strong>, el cual premia la transparencia y la calidad de la informaci\u00f3n de las administraciones p\u00fablicas.<br><\/p>\n\n\n\n<p><strong>Principales l\u00edneas de investigaci\u00f3n:<\/strong><\/p>\n\n\n\n<p>Las l\u00edneas b\u00e1sicas de investigaci\u00f3n sobre las que trabaja el grupo son las siguientes:<br><br>-Configuraci\u00f3n y din\u00e1mica de la sono-esfera digital.<br><br>-Comunicaci\u00f3n sonora de las organizaciones.<br><br>-Formatos publicitarios sonoros y nuevos recursos creativos y comunicativos.<br><br>-Estrategias en el \u00e1mbito de la comunicaci\u00f3n corporativa.<br><br>-Eficacia comunicativa y transparencia de las instituciones p\u00fablicas (ayuntamientos, consejos comarcales y diputaciones).<br><\/p>\n\n\n\n<p><strong>Palabras clave<\/strong>:<\/p>\n\n\n\n<p>Comunicaci\u00f3 Sonora, Publicitat, Comunicaci\u00f3 Corporativa, Responsabilitat Social Corporativa, Transpar\u00e8ncia, Efic\u00e0cia Comunicativa Institucional.<\/p>\n\n\n\n<p><strong>Miembros del grupo:<\/strong><\/p>\n\n\n\n<ul class=\"wp-block-list\">\n<li>Dr. Armand Balsebre Torroja<\/li>\n\n\n\n<li>Dra. M\u00aa Luz Barbeito Veloso<\/li>\n\n\n\n<li>Dra. Estrella Barrio Fraile<\/li>\n\n\n\n<li>Dra. Marta Corcoy Rius<\/li>\n\n\n\n<li>Dra. Anna Fajula Payet<\/li>\n\n\n\n<li>Dra. Ana M\u00aa Enrique Jim\u00e9nez<\/li>\n\n\n\n<li>Dr. Juan Jos\u00e9 Perona P\u00e1ez<\/li>\n<\/ul>\n\n\n\n<blockquote class=\"wp-block-quote is-layout-flow wp-block-quote-is-layout-flow\">\n<p><a href=\"https:\/\/portalrecerca.uab.cat\/es\/organisations\/grup-de-recerca-en-comunicaci%C3%B3-sonora-estrat%C3%A8gica-i-transpar%C3%A8ncia\" data-type=\"link\" data-id=\"https:\/\/portalrecerca.uab.cat\/es\/organisations\/grup-de-recerca-en-comunicaci%C3%B3-sonora-estrat%C3%A8gica-i-transpar%C3%A8ncia\" target=\"_blank\" rel=\"noreferrer noopener\"><strong>Grupo ComSET en el Portal de Recerca de la UAB<\/strong><\/a><\/p>\n\n\n\n<p><\/p>\n<\/blockquote>\n\n\n\n<blockquote class=\"wp-block-quote is-layout-flow wp-block-quote-is-layout-flow\">\n<p><a href=\"https:\/\/ddd.uab.cat\/collection\/comset\" target=\"_blank\" rel=\"noreferrer noopener\"><strong>Grupo ComSET en el Dep\u00f3sito Digital de Documentos de la UAB<\/strong><\/a><\/p>\n\n\n\n<p><\/p>\n\n\n\n<p><\/p>\n<\/blockquote>\n\n\n\n<p><\/p>\n","protected":false},"excerpt":{"rendered":"<p>El ComSET (Comunicaci\u00f3n Sonora, Estrat\u00e9gica y Transparencia) es un grupo de investigaci\u00f3n consolidado y reconocido por la Generalitat de Catalunya: SGR2021-00070 Director: Dr. Armand Balsebre\u00a0Torroja. Departament de Publicitat, Relacions P\u00fabliques i Comunicaci\u00f3 Audiovisual de la UAB. Coordinador\/IP del grupo SGR: Dr. Juan Jos\u00e9 Perona P\u00e1ez. Departament de Publicitat, Relacions P\u00fabliques i Comunicaci\u00f3 Audiovisual de la [&hellip;]<\/p>\n","protected":false},"author":2913,"featured_media":0,"parent":0,"menu_order":1,"comment_status":"closed","ping_status":"closed","template":"","meta":{"footnotes":""},"class_list":["post-13","page","type-page","status-publish","hentry"],"_links":{"self":[{"href":"https:\/\/webs.uab.cat\/comset\/wp-json\/wp\/v2\/pages\/13","targetHints":{"allow":["GET"]}}],"collection":[{"href":"https:\/\/webs.uab.cat\/comset\/wp-json\/wp\/v2\/pages"}],"about":[{"href":"https:\/\/webs.uab.cat\/comset\/wp-json\/wp\/v2\/types\/page"}],"author":[{"embeddable":true,"href":"https:\/\/webs.uab.cat\/comset\/wp-json\/wp\/v2\/users\/2913"}],"replies":[{"embeddable":true,"href":"https:\/\/webs.uab.cat\/comset\/wp-json\/wp\/v2\/comments?post=13"}],"version-history":[{"count":22,"href":"https:\/\/webs.uab.cat\/comset\/wp-json\/wp\/v2\/pages\/13\/revisions"}],"predecessor-version":[{"id":234,"href":"https:\/\/webs.uab.cat\/comset\/wp-json\/wp\/v2\/pages\/13\/revisions\/234"}],"wp:attachment":[{"href":"https:\/\/webs.uab.cat\/comset\/wp-json\/wp\/v2\/media?parent=13"}],"curies":[{"name":"wp","href":"https:\/\/api.w.org\/{rel}","templated":true}]}}