{"id":101,"date":"2025-02-06T11:15:23","date_gmt":"2025-02-06T09:15:23","guid":{"rendered":"https:\/\/webs.uab.cat\/congres-alledos\/?page_id=101"},"modified":"2025-07-08T09:47:10","modified_gmt":"2025-07-08T07:47:10","slug":"sponsors","status":"publish","type":"page","link":"https:\/\/webs.uab.cat\/congres-alledos\/sponsors\/","title":{"rendered":"Sponsors"},"content":{"rendered":"\n<div class=\"wp-block-media-text is-stacked-on-mobile\" style=\"grid-template-columns:32% auto\"><figure class=\"wp-block-media-text__media\"><img loading=\"lazy\" decoding=\"async\" width=\"1024\" height=\"447\" src=\"https:\/\/webs.uab.cat\/congres-alledos\/wp-content\/uploads\/sites\/608\/2025\/02\/scq-defi-hr-1024x447.png\" alt=\"\" class=\"wp-image-107 size-full\" srcset=\"https:\/\/webs.uab.cat\/congres-alledos\/wp-content\/uploads\/sites\/608\/2025\/02\/scq-defi-hr-1024x447.png 1024w, https:\/\/webs.uab.cat\/congres-alledos\/wp-content\/uploads\/sites\/608\/2025\/02\/scq-defi-hr-300x131.png 300w, https:\/\/webs.uab.cat\/congres-alledos\/wp-content\/uploads\/sites\/608\/2025\/02\/scq-defi-hr-768x335.png 768w, https:\/\/webs.uab.cat\/congres-alledos\/wp-content\/uploads\/sites\/608\/2025\/02\/scq-defi-hr-1536x670.png 1536w, https:\/\/webs.uab.cat\/congres-alledos\/wp-content\/uploads\/sites\/608\/2025\/02\/scq-defi-hr-1200x524.png 1200w, https:\/\/webs.uab.cat\/congres-alledos\/wp-content\/uploads\/sites\/608\/2025\/02\/scq-defi-hr.png 1836w\" sizes=\"auto, (max-width: 1024px) 100vw, 1024px\" \/><\/figure><div class=\"wp-block-media-text__content\">\n<p>Societat Catalana de Qu\u00edmica<\/p>\n<\/div><\/div>\n\n\n\n<div class=\"wp-block-media-text is-stacked-on-mobile\" style=\"grid-template-columns:32% auto\"><figure class=\"wp-block-media-text__media\"><img loading=\"lazy\" decoding=\"async\" width=\"362\" height=\"118\" src=\"https:\/\/webs.uab.cat\/congres-alledos\/wp-content\/uploads\/sites\/608\/2025\/02\/geco-1.png\" alt=\"\" class=\"wp-image-115 size-full\" srcset=\"https:\/\/webs.uab.cat\/congres-alledos\/wp-content\/uploads\/sites\/608\/2025\/02\/geco-1.png 362w, https:\/\/webs.uab.cat\/congres-alledos\/wp-content\/uploads\/sites\/608\/2025\/02\/geco-1-300x98.png 300w\" sizes=\"auto, (max-width: 362px) 100vw, 362px\" \/><\/figure><div class=\"wp-block-media-text__content\">\n<p>Grupo Especializado de Qu\u00edmica Organomet\u00e1lica<\/p>\n<\/div><\/div>\n\n\n\n<div class=\"wp-block-media-text is-stacked-on-mobile\" style=\"grid-template-columns:32% auto\"><figure class=\"wp-block-media-text__media\"><img loading=\"lazy\" decoding=\"async\" width=\"1024\" height=\"221\" src=\"https:\/\/webs.uab.cat\/congres-alledos\/wp-content\/uploads\/sites\/608\/2025\/02\/dept-quimica-1024x221.png\" alt=\"\" class=\"wp-image-119 size-full\" srcset=\"https:\/\/webs.uab.cat\/congres-alledos\/wp-content\/uploads\/sites\/608\/2025\/02\/dept-quimica-1024x221.png 1024w, https:\/\/webs.uab.cat\/congres-alledos\/wp-content\/uploads\/sites\/608\/2025\/02\/dept-quimica-300x65.png 300w, https:\/\/webs.uab.cat\/congres-alledos\/wp-content\/uploads\/sites\/608\/2025\/02\/dept-quimica-768x165.png 768w, https:\/\/webs.uab.cat\/congres-alledos\/wp-content\/uploads\/sites\/608\/2025\/02\/dept-quimica.png 1114w\" sizes=\"auto, (max-width: 1024px) 100vw, 1024px\" \/><\/figure><div class=\"wp-block-media-text__content\">\n<p>Departament de Qu\u00edmica de la UAB<\/p>\n<\/div><\/div>\n\n\n\n<div class=\"wp-block-media-text is-stacked-on-mobile\" style=\"grid-template-columns:32% auto\"><figure class=\"wp-block-media-text__media\"><img loading=\"lazy\" decoding=\"async\" width=\"1024\" height=\"369\" src=\"https:\/\/webs.uab.cat\/congres-alledos\/wp-content\/uploads\/sites\/608\/2025\/05\/ICIQ-1024x369.png\" alt=\"\" class=\"wp-image-153 size-full\" srcset=\"https:\/\/webs.uab.cat\/congres-alledos\/wp-content\/uploads\/sites\/608\/2025\/05\/ICIQ-1024x369.png 1024w, https:\/\/webs.uab.cat\/congres-alledos\/wp-content\/uploads\/sites\/608\/2025\/05\/ICIQ-300x108.png 300w, https:\/\/webs.uab.cat\/congres-alledos\/wp-content\/uploads\/sites\/608\/2025\/05\/ICIQ-768x277.png 768w, https:\/\/webs.uab.cat\/congres-alledos\/wp-content\/uploads\/sites\/608\/2025\/05\/ICIQ-1536x554.png 1536w, https:\/\/webs.uab.cat\/congres-alledos\/wp-content\/uploads\/sites\/608\/2025\/05\/ICIQ-2048x739.png 2048w, https:\/\/webs.uab.cat\/congres-alledos\/wp-content\/uploads\/sites\/608\/2025\/05\/ICIQ-1200x433.png 1200w, https:\/\/webs.uab.cat\/congres-alledos\/wp-content\/uploads\/sites\/608\/2025\/05\/ICIQ-1980x714.png 1980w\" sizes=\"auto, (max-width: 1024px) 100vw, 1024px\" \/><\/figure><div class=\"wp-block-media-text__content\">\n<p>Institut Catal\u00e0 d&#8217;Investigaci\u00f3 Qu\u00edmica<\/p>\n<\/div><\/div>\n\n\n\n<div class=\"wp-block-media-text is-stacked-on-mobile\" style=\"grid-template-columns:32% auto\"><figure class=\"wp-block-media-text__media\"><img loading=\"lazy\" decoding=\"async\" width=\"1024\" height=\"411\" src=\"https:\/\/webs.uab.cat\/congres-alledos\/wp-content\/uploads\/sites\/608\/2025\/07\/iec-logo.png\" alt=\"\" class=\"wp-image-182 size-full\" srcset=\"https:\/\/webs.uab.cat\/congres-alledos\/wp-content\/uploads\/sites\/608\/2025\/07\/iec-logo.png 1024w, https:\/\/webs.uab.cat\/congres-alledos\/wp-content\/uploads\/sites\/608\/2025\/07\/iec-logo-300x120.png 300w, https:\/\/webs.uab.cat\/congres-alledos\/wp-content\/uploads\/sites\/608\/2025\/07\/iec-logo-768x308.png 768w\" sizes=\"auto, (max-width: 1024px) 100vw, 1024px\" \/><\/figure><div class=\"wp-block-media-text__content\">\n<p>Institut d&#8217;Estudis Catalans<\/p>\n<\/div><\/div>\n","protected":false},"excerpt":{"rendered":"<p>Societat Catalana de Qu\u00edmica Grupo Especializado de Qu\u00edmica Organomet\u00e1lica Departament de Qu\u00edmica de la UAB Institut Catal\u00e0 d&#8217;Investigaci\u00f3 Qu\u00edmica Institut d&#8217;Estudis Catalans<\/p>\n","protected":false},"author":20,"featured_media":0,"parent":0,"menu_order":0,"comment_status":"closed","ping_status":"closed","template":"","meta":{"footnotes":""},"class_list":["post-101","page","type-page","status-publish","hentry"],"_links":{"self":[{"href":"https:\/\/webs.uab.cat\/congres-alledos\/wp-json\/wp\/v2\/pages\/101","targetHints":{"allow":["GET"]}}],"collection":[{"href":"https:\/\/webs.uab.cat\/congres-alledos\/wp-json\/wp\/v2\/pages"}],"about":[{"href":"https:\/\/webs.uab.cat\/congres-alledos\/wp-json\/wp\/v2\/types\/page"}],"author":[{"embeddable":true,"href":"https:\/\/webs.uab.cat\/congres-alledos\/wp-json\/wp\/v2\/users\/20"}],"replies":[{"embeddable":true,"href":"https:\/\/webs.uab.cat\/congres-alledos\/wp-json\/wp\/v2\/comments?post=101"}],"version-history":[{"count":10,"href":"https:\/\/webs.uab.cat\/congres-alledos\/wp-json\/wp\/v2\/pages\/101\/revisions"}],"predecessor-version":[{"id":183,"href":"https:\/\/webs.uab.cat\/congres-alledos\/wp-json\/wp\/v2\/pages\/101\/revisions\/183"}],"wp:attachment":[{"href":"https:\/\/webs.uab.cat\/congres-alledos\/wp-json\/wp\/v2\/media?parent=101"}],"curies":[{"name":"wp","href":"https:\/\/api.w.org\/{rel}","templated":true}]}}