{"id":5,"date":"2025-01-21T11:35:09","date_gmt":"2025-01-21T09:35:09","guid":{"rendered":"https:\/\/webs.uab.cat\/congres-alledos\/?page_id=5"},"modified":"2025-01-28T10:57:54","modified_gmt":"2025-01-28T08:57:54","slug":"speakers","status":"publish","type":"page","link":"https:\/\/webs.uab.cat\/congres-alledos\/speakers\/","title":{"rendered":"Speakers"},"content":{"rendered":"\n<div id='gallery-1' class='gallery galleryid-5 gallery-columns-3 gallery-size-thumbnail'><figure class='gallery-item'>\n\t\t\t<div class='gallery-icon portrait'>\n\t\t\t\t<a href='https:\/\/webs.uab.cat\/congres-alledos\/speakers\/esteban\/'><img loading=\"lazy\" decoding=\"async\" width=\"150\" height=\"150\" src=\"https:\/\/webs.uab.cat\/congres-alledos\/wp-content\/uploads\/sites\/608\/2025\/01\/esteban-150x150.png\" class=\"attachment-thumbnail size-thumbnail\" alt=\"\" aria-describedby=\"gallery-1-63\" \/><\/a>\n\t\t\t<\/div>\n\t\t\t\t<figcaption class='wp-caption-text gallery-caption' id='gallery-1-63'>\n\t\t\t\tEsteban Urriolabeitia &#8211; Instituto de S\u00edntesis Qu\u00edmica y Cat\u00e1lisis Homog\u00e9nea (centro mixto CSIC-Universidad de Zaragoza)\n\t\t\t\t<\/figcaption><\/figure><figure class='gallery-item'>\n\t\t\t<div class='gallery-icon portrait'>\n\t\t\t\t<a href='https:\/\/webs.uab.cat\/congres-alledos\/speakers\/max-garcia-melchor-bn\/'><img loading=\"lazy\" decoding=\"async\" width=\"150\" height=\"150\" src=\"https:\/\/webs.uab.cat\/congres-alledos\/wp-content\/uploads\/sites\/608\/2025\/01\/max-garcia-melchor-bn-150x150.png\" class=\"attachment-thumbnail size-thumbnail\" alt=\"\" aria-describedby=\"gallery-1-59\" \/><\/a>\n\t\t\t<\/div>\n\t\t\t\t<figcaption class='wp-caption-text gallery-caption' id='gallery-1-59'>\n\t\t\t\tMax Garc\u00eda Melchor &#8211; CIC EnergiGUNE\n\t\t\t\t<\/figcaption><\/figure><figure class='gallery-item'>\n\t\t\t<div class='gallery-icon portrait'>\n\t\t\t\t<a href='https:\/\/webs.uab.cat\/congres-alledos\/speakers\/eduardo-peris-bn\/'><img loading=\"lazy\" decoding=\"async\" width=\"150\" height=\"150\" src=\"https:\/\/webs.uab.cat\/congres-alledos\/wp-content\/uploads\/sites\/608\/2025\/01\/eduardo-peris-bn-150x150.png\" class=\"attachment-thumbnail size-thumbnail\" alt=\"\" aria-describedby=\"gallery-1-58\" \/><\/a>\n\t\t\t<\/div>\n\t\t\t\t<figcaption class='wp-caption-text gallery-caption' id='gallery-1-58'>\n\t\t\t\tEduardo Peris &#8211; Universitat Jaume I (UJI)\n\t\t\t\t<\/figcaption><\/figure><figure class='gallery-item'>\n\t\t\t<div class='gallery-icon portrait'>\n\t\t\t\t<a href='https:\/\/webs.uab.cat\/congres-alledos\/speakers\/salvador-conejero-bn\/'><img loading=\"lazy\" decoding=\"async\" width=\"150\" height=\"150\" src=\"https:\/\/webs.uab.cat\/congres-alledos\/wp-content\/uploads\/sites\/608\/2025\/01\/salvador-conejero-bn-150x150.png\" class=\"attachment-thumbnail size-thumbnail\" alt=\"\" aria-describedby=\"gallery-1-57\" \/><\/a>\n\t\t\t<\/div>\n\t\t\t\t<figcaption class='wp-caption-text gallery-caption' id='gallery-1-57'>\n\t\t\t\tSalvador Conejero &#8211; Instituto de Investigaciones Qu\u00edmicas (CSIC)\n\t\t\t\t<\/figcaption><\/figure><figure class='gallery-item'>\n\t\t\t<div class='gallery-icon portrait'>\n\t\t\t\t<a href='https:\/\/webs.uab.cat\/congres-alledos\/speakers\/jose-luis-mascarenas-bn\/'><img loading=\"lazy\" decoding=\"async\" width=\"150\" height=\"150\" src=\"https:\/\/webs.uab.cat\/congres-alledos\/wp-content\/uploads\/sites\/608\/2025\/01\/jose-luis-mascarenas-bn-150x150.png\" class=\"attachment-thumbnail size-thumbnail\" alt=\"\" aria-describedby=\"gallery-1-56\" \/><\/a>\n\t\t\t<\/div>\n\t\t\t\t<figcaption class='wp-caption-text gallery-caption' id='gallery-1-56'>\n\t\t\t\tJos\u00e9 Lu\u00eds Mascare\u00f1as &#8211; Universidad de Santiago de Compostela &#8211; CiQUS\n\t\t\t\t<\/figcaption><\/figure><figure class='gallery-item'>\n\t\t\t<div class='gallery-icon portrait'>\n\t\t\t\t<a href='https:\/\/webs.uab.cat\/congres-alledos\/speakers\/ana-albeniz-bn\/'><img loading=\"lazy\" decoding=\"async\" width=\"150\" height=\"150\" src=\"https:\/\/webs.uab.cat\/congres-alledos\/wp-content\/uploads\/sites\/608\/2025\/01\/ana-albeniz-bn-150x150.png\" class=\"attachment-thumbnail size-thumbnail\" alt=\"\" aria-describedby=\"gallery-1-54\" \/><\/a>\n\t\t\t<\/div>\n\t\t\t\t<figcaption class='wp-caption-text gallery-caption' id='gallery-1-54'>\n\t\t\t\tAna Alb\u00e9niz &#8211; Universidad de Valladolid\n\t\t\t\t<\/figcaption><\/figure><figure class='gallery-item'>\n\t\t\t<div class='gallery-icon portrait'>\n\t\t\t\t<a href='https:\/\/webs.uab.cat\/congres-alledos\/speakers\/pedro-j-perez-bn\/'><img loading=\"lazy\" decoding=\"async\" width=\"150\" height=\"150\" src=\"https:\/\/webs.uab.cat\/congres-alledos\/wp-content\/uploads\/sites\/608\/2025\/01\/pedro-j-perez-bn-150x150.png\" class=\"attachment-thumbnail size-thumbnail\" alt=\"\" aria-describedby=\"gallery-1-51\" \/><\/a>\n\t\t\t<\/div>\n\t\t\t\t<figcaption class='wp-caption-text gallery-caption' id='gallery-1-51'>\n\t\t\t\tPedro J. P\u00e9rez &#8211; Universidad de Huelva\n\t\t\t\t<\/figcaption><\/figure><figure class='gallery-item'>\n\t\t\t<div class='gallery-icon portrait'>\n\t\t\t\t<a href='https:\/\/webs.uab.cat\/congres-alledos\/speakers\/ainara-nova-bn\/'><img loading=\"lazy\" decoding=\"async\" width=\"150\" height=\"150\" src=\"https:\/\/webs.uab.cat\/congres-alledos\/wp-content\/uploads\/sites\/608\/2025\/01\/ainara-nova-bn-150x150.png\" class=\"attachment-thumbnail size-thumbnail\" alt=\"\" aria-describedby=\"gallery-1-49\" \/><\/a>\n\t\t\t<\/div>\n\t\t\t\t<figcaption class='wp-caption-text gallery-caption' id='gallery-1-49'>\n\t\t\t\tAinara Nova &#8211; University of Oslo\n\t\t\t\t<\/figcaption><\/figure><figure class='gallery-item'>\n\t\t\t<div class='gallery-icon portrait'>\n\t\t\t\t<a href='https:\/\/webs.uab.cat\/congres-alledos\/speakers\/fami-himo-bn\/'><img loading=\"lazy\" decoding=\"async\" width=\"150\" height=\"150\" src=\"https:\/\/webs.uab.cat\/congres-alledos\/wp-content\/uploads\/sites\/608\/2025\/01\/fami-himo-bn-150x150.png\" class=\"attachment-thumbnail size-thumbnail\" alt=\"\" aria-describedby=\"gallery-1-46\" \/><\/a>\n\t\t\t<\/div>\n\t\t\t\t<figcaption class='wp-caption-text gallery-caption' id='gallery-1-46'>\n\t\t\t\tFahmi Himo &#8211; Stockholm University\n\t\t\t\t<\/figcaption><\/figure><figure class='gallery-item'>\n\t\t\t<div class='gallery-icon portrait'>\n\t\t\t\t<a href='https:\/\/webs.uab.cat\/congres-alledos\/speakers\/odile-bn\/'><img loading=\"lazy\" decoding=\"async\" width=\"150\" height=\"150\" src=\"https:\/\/webs.uab.cat\/congres-alledos\/wp-content\/uploads\/sites\/608\/2025\/01\/odile-bn-150x150.png\" class=\"attachment-thumbnail size-thumbnail\" alt=\"\" aria-describedby=\"gallery-1-44\" \/><\/a>\n\t\t\t<\/div>\n\t\t\t\t<figcaption class='wp-caption-text gallery-caption' id='gallery-1-44'>\n\t\t\t\tOdile Eisenstein &#8211; CNRS Universit\u00e9 Montpellier\n\t\t\t\t<\/figcaption><\/figure><figure class='gallery-item'>\n\t\t\t<div class='gallery-icon portrait'>\n\t\t\t\t<a href='https:\/\/webs.uab.cat\/congres-alledos\/speakers\/miquel-sola-bn\/'><img loading=\"lazy\" decoding=\"async\" width=\"150\" height=\"150\" src=\"https:\/\/webs.uab.cat\/congres-alledos\/wp-content\/uploads\/sites\/608\/2025\/01\/miquel-sola-bn-150x150.png\" class=\"attachment-thumbnail size-thumbnail\" alt=\"\" aria-describedby=\"gallery-1-42\" \/><\/a>\n\t\t\t<\/div>\n\t\t\t\t<figcaption class='wp-caption-text gallery-caption' id='gallery-1-42'>\n\t\t\t\tMiquel Sol\u00e0 &#8211; Universitat de Girona (UdG)\n\t\t\t\t<\/figcaption><\/figure><figure class='gallery-item'>\n\t\t\t<div class='gallery-icon portrait'>\n\t\t\t\t<a href='https:\/\/webs.uab.cat\/congres-alledos\/speakers\/maria-besora-bn\/'><img loading=\"lazy\" decoding=\"async\" width=\"150\" height=\"150\" src=\"https:\/\/webs.uab.cat\/congres-alledos\/wp-content\/uploads\/sites\/608\/2025\/01\/maria-besora-bn-150x150.png\" class=\"attachment-thumbnail size-thumbnail\" alt=\"\" aria-describedby=\"gallery-1-39\" \/><\/a>\n\t\t\t<\/div>\n\t\t\t\t<figcaption class='wp-caption-text gallery-caption' id='gallery-1-39'>\n\t\t\t\tMaria Besora &#8211; Universitat Rovira i Virgili (URV)\n\t\t\t\t<\/figcaption><\/figure><figure class='gallery-item'>\n\t\t\t<div class='gallery-icon portrait'>\n\t\t\t\t<a href='https:\/\/webs.uab.cat\/congres-alledos\/speakers\/rinaldo-pli-bn\/'><img loading=\"lazy\" decoding=\"async\" width=\"150\" height=\"150\" src=\"https:\/\/webs.uab.cat\/congres-alledos\/wp-content\/uploads\/sites\/608\/2025\/01\/rinaldo-pli-bn-150x150.png\" class=\"attachment-thumbnail size-thumbnail\" alt=\"\" aria-describedby=\"gallery-1-37\" \/><\/a>\n\t\t\t<\/div>\n\t\t\t\t<figcaption class='wp-caption-text gallery-caption' id='gallery-1-37'>\n\t\t\t\tRinaldo Poli &#8211; Laboratoire de Chimie de Coordination &#8211; CNRS\n\t\t\t\t<\/figcaption><\/figure>\n\t\t<\/div>\n\n","protected":false},"excerpt":{"rendered":"","protected":false},"author":20,"featured_media":0,"parent":0,"menu_order":0,"comment_status":"closed","ping_status":"closed","template":"","meta":{"footnotes":""},"class_list":["post-5","page","type-page","status-publish","hentry"],"_links":{"self":[{"href":"https:\/\/webs.uab.cat\/congres-alledos\/wp-json\/wp\/v2\/pages\/5","targetHints":{"allow":["GET"]}}],"collection":[{"href":"https:\/\/webs.uab.cat\/congres-alledos\/wp-json\/wp\/v2\/pages"}],"about":[{"href":"https:\/\/webs.uab.cat\/congres-alledos\/wp-json\/wp\/v2\/types\/page"}],"author":[{"embeddable":true,"href":"https:\/\/webs.uab.cat\/congres-alledos\/wp-json\/wp\/v2\/users\/20"}],"replies":[{"embeddable":true,"href":"https:\/\/webs.uab.cat\/congres-alledos\/wp-json\/wp\/v2\/comments?post=5"}],"version-history":[{"count":28,"href":"https:\/\/webs.uab.cat\/congres-alledos\/wp-json\/wp\/v2\/pages\/5\/revisions"}],"predecessor-version":[{"id":123,"href":"https:\/\/webs.uab.cat\/congres-alledos\/wp-json\/wp\/v2\/pages\/5\/revisions\/123"}],"wp:attachment":[{"href":"https:\/\/webs.uab.cat\/congres-alledos\/wp-json\/wp\/v2\/media?parent=5"}],"curies":[{"name":"wp","href":"https:\/\/api.w.org\/{rel}","templated":true}]}}