{"id":12,"date":"2026-02-25T09:02:15","date_gmt":"2026-02-25T07:02:15","guid":{"rendered":"https:\/\/webs.uab.cat\/congreso-aeeao\/presentacio\/"},"modified":"2026-04-14T16:25:21","modified_gmt":"2026-04-14T14:25:21","slug":"presentacio","status":"publish","type":"page","link":"https:\/\/webs.uab.cat\/congreso-aeeao\/es\/","title":{"rendered":"Presentaci\u00f3n"},"content":{"rendered":"\n<h2 class=\"wp-block-heading\"><strong>Una&nbsp;d\u00e9cada&nbsp;mirando&nbsp;a&nbsp;Asia&nbsp;Oriental:&nbsp;continuidades,&nbsp; transformaciones&nbsp;y&nbsp;nuevos&nbsp;enfoques<\/strong>&nbsp;<\/h2>\n\n\n\n<div class=\"wp-block-media-text is-stacked-on-mobile\"><figure class=\"wp-block-media-text__media\"><img loading=\"lazy\" decoding=\"async\" width=\"839\" height=\"1024\" src=\"https:\/\/webs.uab.cat\/congreso-aeeao\/wp-content\/uploads\/sites\/717\/2026\/02\/Imagen-V-Congreso-1-2-839x1024.jpeg\" alt=\"\" class=\"wp-image-322 size-full\" srcset=\"https:\/\/webs.uab.cat\/congreso-aeeao\/wp-content\/uploads\/sites\/717\/2026\/02\/Imagen-V-Congreso-1-2-839x1024.jpeg 839w, https:\/\/webs.uab.cat\/congreso-aeeao\/wp-content\/uploads\/sites\/717\/2026\/02\/Imagen-V-Congreso-1-2-246x300.jpeg 246w, https:\/\/webs.uab.cat\/congreso-aeeao\/wp-content\/uploads\/sites\/717\/2026\/02\/Imagen-V-Congreso-1-2-768x937.jpeg 768w, https:\/\/webs.uab.cat\/congreso-aeeao\/wp-content\/uploads\/sites\/717\/2026\/02\/Imagen-V-Congreso-1-2-1258x1536.jpeg 1258w, https:\/\/webs.uab.cat\/congreso-aeeao\/wp-content\/uploads\/sites\/717\/2026\/02\/Imagen-V-Congreso-1-2-1678x2048.jpeg 1678w, https:\/\/webs.uab.cat\/congreso-aeeao\/wp-content\/uploads\/sites\/717\/2026\/02\/Imagen-V-Congreso-1-2-1200x1465.jpeg 1200w, https:\/\/webs.uab.cat\/congreso-aeeao\/wp-content\/uploads\/sites\/717\/2026\/02\/Imagen-V-Congreso-1-2-1980x2417.jpeg 1980w\" sizes=\"auto, (max-width: 839px) 100vw, 839px\" \/><\/figure><div class=\"wp-block-media-text__content\">\n<p><strong>Universitat Aut\u00f2noma de Barcelona,<\/strong> <strong>25, 26 y 27 de enero de 2027<\/strong><\/p>\n\n\n\n<p>En 2026 se cumplen diez a\u00f1os de la Asociaci\u00f3n Espa\u00f1ola de Estudios de Asia Oriental (AEEAO), una d\u00e9cada en la que los estudios sobre Asia Oriental han adquirido una relevancia creciente en un contexto global marcado por profundas transformaciones pol\u00edticas, econ\u00f3micas, sociales, culturales y tecnol\u00f3gicas. <\/p>\n<\/div><\/div>\n\n\n\n<p>Con motivo de este aniversario, el V Congreso de la AEEAO se concibe como un espacio de encuentro y reflexi\u00f3n colectiva para repensar c\u00f3mo estudiamos Asia Oriental, desde qu\u00e9 posicionamientos te\u00f3ricos y metodol\u00f3gicos lo hacemos y con qu\u00e9 herramientas abordamos los desaf\u00edos investigadores del presente y del futuro.&nbsp;<\/p>\n\n\n\n<p>Desde su creaci\u00f3n, la AEEAO ha promovido los enfoques interdisciplinares que integran humanidades, ciencias sociales, estudios ling\u00fc\u00edsticos y culturales, econom\u00eda, relaciones internacionales, traducci\u00f3n y mediaci\u00f3n intercultural. El congreso invita a revisar cr\u00edticamente las trayectorias de cada uno de estos \u00e1mbitos, identificar nuevas l\u00edneas de investigaci\u00f3n y debatir cu\u00e1l es el papel de Asia Oriental en el mundo contempor\u00e1neo, atendiendo a la diversidad y complejidad de sus sociedades.&nbsp;<\/p>\n\n\n\n<p>Asimismo, se busca fortalecer las redes acad\u00e9micas existentes, crear nuevas sinergias, promover el di\u00e1logo interinstitucional y mejorar la transferencia del conocimiento, fomentando la conexi\u00f3n del mundo acad\u00e9mico con la sociedad. El encuentro aspira a consolidarse como un espacio abierto, plural y cr\u00edtico para pensar colectivamente el presente y el futuro de los estudios sobre Asia Oriental.&nbsp;<\/p>\n\n\n\n<p>Bajo este paraguas, los \u00e1mbitos tem\u00e1ticos que en este congreso se proponen son los siguientes:&nbsp;<\/p>\n\n\n\n<ul class=\"wp-block-list\">\n<li>Ciencias e ingenier\u00edas&nbsp;<\/li>\n\n\n\n<li>Derecho y relaciones internacionales&nbsp;<\/li>\n\n\n\n<li>Filosof\u00eda y pensamiento&nbsp;<\/li>\n\n\n\n<li>Historia del arte y cultura visual&nbsp;<\/li>\n\n\n\n<li>Historia y arqueolog\u00eda&nbsp;<\/li>\n\n\n\n<li>Lengua y cultura&nbsp;<\/li>\n\n\n\n<li>Literatura&nbsp;<\/li>\n\n\n\n<li>Pol\u00edtica y econom\u00eda&nbsp;<\/li>\n\n\n\n<li>Sociolog\u00eda y antropolog\u00eda&nbsp;<\/li>\n\n\n\n<li>Traducci\u00f3n, interpretaci\u00f3n y mediaci\u00f3n&nbsp;<\/li>\n\n\n\n<li>Urbanismo y medio ambiente&nbsp;<\/li>\n<\/ul>\n\n\n\n<h2 class=\"wp-block-heading\">Fechas de inter\u00e9s<\/h2>\n\n\n\n<ul class=\"wp-block-list\">\n<li>Plazo para el&nbsp;<a href=\"https:\/\/forms.office.com\/e\/UjWVQiufEC\" target=\"_blank\" rel=\"noreferrer noopener\">env\u00edo de propuestas de paneles<\/a>:&nbsp;1 a&nbsp;21 de marzo de 2026&nbsp;<\/li>\n\n\n\n<li>Notificaci\u00f3n de la aceptaci\u00f3n de paneles: 15 de abril de 2026&nbsp;<\/li>\n\n\n\n<li><a href=\"https:\/\/webs.uab.cat\/congreso-aeeao\/es\/proposal-submission\/\">Plazo para el env\u00edo de res\u00famenes<\/a>: 15 de abril a 15 de mayo de 2026\u00a0<\/li>\n\n\n\n<li>Notificaci\u00f3n de la aceptaci\u00f3n de res\u00famenes: 7 de septiembre de 2026&nbsp;<\/li>\n\n\n\n<li>Plazo de inscripci\u00f3n: 15 de septiembre a 15 de noviembre de 2026&nbsp;<\/li>\n\n\n\n<li>Per\u00edodo de solicitud de becas (ver&nbsp;<a href=\"https:\/\/webs.uab.cat\/congreso-aeeao\/es\/sollicitud-de-beques\/\">informaci\u00f3n sobre becas<\/a>): del 7 al 17 de septiembre de 2026&nbsp;<\/li>\n\n\n\n<li>Notificaci\u00f3n de la resoluci\u00f3n de becas: 1 de octubre de 2026&nbsp;<\/li>\n<\/ul>\n\n\n\n<h2 class=\"wp-block-heading\">Tipo de propuestas<\/h2>\n\n\n\n<p>En esta edici\u00f3n del congreso se ha decidido optar por un formato de&nbsp;<strong>paneles&nbsp;<\/strong>abiertos, como una forma de favorecer la creaci\u00f3n de redes y sinergias entre investigadores. En este sentido, se valorar\u00e1n especialmente las propuestas&nbsp;que tengan un enfoque interdisciplinario y\/o multirregional. En primer lugar, se abrir\u00e1 un plazo para el env\u00edo de propuestas de paneles, que consistir\u00e1n en un t\u00edtulo y una breve descripci\u00f3n de su contenido, sin incluir comunicaciones asociadas.&nbsp;La(s) persona(s) que lo proponen moderar\u00e1n dicho panel.&nbsp;<\/p>\n\n\n\n<p>Posteriormente, se abrir\u00e1 el <a href=\"https:\/\/webs.uab.cat\/congreso-aeeao\/es\/proposal-submission\/\">plazo de env\u00edo de res\u00famenes<\/a> para participar en el congreso, contemplando dos opciones:\u00a0<\/p>\n\n\n\n<ul class=\"wp-block-list\">\n<li>Las&nbsp;<strong>comunicaciones<\/strong>&nbsp;tendr\u00e1n una duraci\u00f3n m\u00e1xima de 15 minutos y, opcionalmente, podr\u00e1n adscribirse a alguno de los paneles previamente aprobados por el comit\u00e9 organizador.&nbsp;&nbsp;<\/li>\n\n\n\n<li>Los&nbsp;<strong>p\u00f3steres<\/strong>&nbsp;se expondr\u00e1n en un espacio habilitado para ello y se reservar\u00e1 una sesi\u00f3n para que los autores puedan presentarlos e intercambiar ideas con los asistentes interesados.&nbsp;&nbsp;<\/li>\n<\/ul>\n","protected":false},"excerpt":{"rendered":"<p>Una&nbsp;d\u00e9cada&nbsp;mirando&nbsp;a&nbsp;Asia&nbsp;Oriental:&nbsp;continuidades,&nbsp; transformaciones&nbsp;y&nbsp;nuevos&nbsp;enfoques&nbsp; Universitat Aut\u00f2noma de Barcelona, 25, 26 y 27 de enero de 2027 En 2026 se cumplen diez a\u00f1os de la Asociaci\u00f3n Espa\u00f1ola de Estudios de Asia Oriental (AEEAO), una d\u00e9cada en la que los estudios sobre Asia Oriental han adquirido una relevancia creciente en un contexto global marcado por profundas transformaciones pol\u00edticas, econ\u00f3micas, [&hellip;]<\/p>\n","protected":false},"author":103,"featured_media":0,"parent":0,"menu_order":0,"comment_status":"closed","ping_status":"closed","template":"","meta":{"footnotes":""},"class_list":["post-12","page","type-page","status-publish","hentry"],"_links":{"self":[{"href":"https:\/\/webs.uab.cat\/congreso-aeeao\/es\/wp-json\/wp\/v2\/pages\/12","targetHints":{"allow":["GET"]}}],"collection":[{"href":"https:\/\/webs.uab.cat\/congreso-aeeao\/es\/wp-json\/wp\/v2\/pages"}],"about":[{"href":"https:\/\/webs.uab.cat\/congreso-aeeao\/es\/wp-json\/wp\/v2\/types\/page"}],"author":[{"embeddable":true,"href":"https:\/\/webs.uab.cat\/congreso-aeeao\/es\/wp-json\/wp\/v2\/users\/103"}],"replies":[{"embeddable":true,"href":"https:\/\/webs.uab.cat\/congreso-aeeao\/es\/wp-json\/wp\/v2\/comments?post=12"}],"version-history":[{"count":14,"href":"https:\/\/webs.uab.cat\/congreso-aeeao\/es\/wp-json\/wp\/v2\/pages\/12\/revisions"}],"predecessor-version":[{"id":487,"href":"https:\/\/webs.uab.cat\/congreso-aeeao\/es\/wp-json\/wp\/v2\/pages\/12\/revisions\/487"}],"wp:attachment":[{"href":"https:\/\/webs.uab.cat\/congreso-aeeao\/es\/wp-json\/wp\/v2\/media?parent=12"}],"curies":[{"name":"wp","href":"https:\/\/api.w.org\/{rel}","templated":true}]}}