{"id":71,"date":"2026-02-25T09:31:31","date_gmt":"2026-02-25T07:31:31","guid":{"rendered":"https:\/\/webs.uab.cat\/congreso-aeeao\/?page_id=71"},"modified":"2026-02-26T20:02:05","modified_gmt":"2026-02-26T18:02:05","slug":"enviament-de-panells","status":"publish","type":"page","link":"https:\/\/webs.uab.cat\/congreso-aeeao\/enviament-de-panells\/","title":{"rendered":"Enviament de panells"},"content":{"rendered":"\n<p>Totes les propostes (panells, comunicacions i p\u00f2sters) tindran una extensi\u00f3 aproximada de 250\u2013300 paraules i s\u2019enviaran a trav\u00e9s del formulari habilitat a aquest efecte. No cal incloure bibliografia.&nbsp;<\/p>\n\n\n\n<p>Els resums es poden redactar en castell\u00e0 o en angl\u00e8s. La llengua utilitzada en el resum haur\u00e0 de ser tamb\u00e9 la llengua emprada durant la pon\u00e8ncia.&nbsp;<\/p>\n\n\n\n<ul class=\"wp-block-list\">\n<li>Termini per a l\u2019<a href=\"https:\/\/forms.office.com\/pages\/responsepage.aspx?id=KUxRa5EjMUi3dITzXEW_AWw87BZOi4RJk7aC9m2zmE9UMUI5VVFHWk00UkNTN0NXWkFROTNLN0s0TSQlQCN0PWcu&amp;route=shorturl\" data-type=\"link\" data-id=\"https:\/\/forms.office.com\/pages\/responsepage.aspx?id=KUxRa5EjMUi3dITzXEW_AWw87BZOi4RJk7aC9m2zmE9UMUI5VVFHWk00UkNTN0NXWkFROTNLN0s0TSQlQCN0PWcu&amp;route=shorturl\">enviament de propostes de panells: <\/a>de l\u20191 al 21 de mar\u00e7 de 2026<\/li>\n\n\n\n<li>Notificaci\u00f3 de l&#8217;acceptaci\u00f3 de panells: 15 d&#8217;abril del 2026&nbsp;<\/li>\n<\/ul>\n\n\n\n<p><\/p>\n\n\n\n<p><\/p>\n","protected":false},"excerpt":{"rendered":"<p>Totes les propostes (panells, comunicacions i p\u00f2sters) tindran una extensi\u00f3 aproximada de 250\u2013300 paraules i s\u2019enviaran a trav\u00e9s del formulari habilitat a aquest efecte. No cal incloure bibliografia.&nbsp; Els resums es poden redactar en castell\u00e0 o en angl\u00e8s. La llengua utilitzada en el resum haur\u00e0 de ser tamb\u00e9 la llengua emprada durant la pon\u00e8ncia.&nbsp;<\/p>\n","protected":false},"author":103,"featured_media":0,"parent":0,"menu_order":0,"comment_status":"closed","ping_status":"closed","template":"","meta":{"footnotes":""},"class_list":["post-71","page","type-page","status-publish","hentry"],"_links":{"self":[{"href":"https:\/\/webs.uab.cat\/congreso-aeeao\/wp-json\/wp\/v2\/pages\/71","targetHints":{"allow":["GET"]}}],"collection":[{"href":"https:\/\/webs.uab.cat\/congreso-aeeao\/wp-json\/wp\/v2\/pages"}],"about":[{"href":"https:\/\/webs.uab.cat\/congreso-aeeao\/wp-json\/wp\/v2\/types\/page"}],"author":[{"embeddable":true,"href":"https:\/\/webs.uab.cat\/congreso-aeeao\/wp-json\/wp\/v2\/users\/103"}],"replies":[{"embeddable":true,"href":"https:\/\/webs.uab.cat\/congreso-aeeao\/wp-json\/wp\/v2\/comments?post=71"}],"version-history":[{"count":6,"href":"https:\/\/webs.uab.cat\/congreso-aeeao\/wp-json\/wp\/v2\/pages\/71\/revisions"}],"predecessor-version":[{"id":341,"href":"https:\/\/webs.uab.cat\/congreso-aeeao\/wp-json\/wp\/v2\/pages\/71\/revisions\/341"}],"wp:attachment":[{"href":"https:\/\/webs.uab.cat\/congreso-aeeao\/wp-json\/wp\/v2\/media?parent=71"}],"curies":[{"name":"wp","href":"https:\/\/api.w.org\/{rel}","templated":true}]}}