{"id":99,"date":"2026-02-25T09:38:45","date_gmt":"2026-02-25T07:38:45","guid":{"rendered":"https:\/\/webs.uab.cat\/congreso-aeeao\/?page_id=99"},"modified":"2026-02-27T14:19:56","modified_gmt":"2026-02-27T12:19:56","slug":"sollicitud-de-beques","status":"publish","type":"page","link":"https:\/\/webs.uab.cat\/congreso-aeeao\/sollicitud-de-beques\/","title":{"rendered":"Sol\u00b7licitud de beques"},"content":{"rendered":"\n<p>L\u2019AEEAO concedir\u00e0 un m\u00e0xim de cinc beques per cobrir la inscripci\u00f3 al congr\u00e9s per a estudiants amb pon\u00e8ncia i cinc beques per cobrir la inscripci\u00f3 al congr\u00e9s per a estudiants sense pon\u00e8ncia (nom\u00e9s assist\u00e8ncia) que compleixin els requisits seg\u00fcents:\u00a0<\/p>\n\n\n\n<p>\u2022 Ser soci o s\u00f2cia de l\u2019AEEAO&nbsp;<\/p>\n\n\n\n<p>\u2022 Ser estudiant en el curs acad\u00e8mic actual (de grau, postgrau o doctorat)&nbsp;<\/p>\n\n\n\n<p>\u2022 \u00danicament en el cas d\u2019estudiants amb pon\u00e8ncia, haver presentat un resum que hagi estat acceptat despr\u00e9s del proc\u00e9s d\u2019avaluaci\u00f3&nbsp;<\/p>\n\n\n\n<p>L\u2019adjudicaci\u00f3 es far\u00e0 mitjan\u00e7ant sorteig; s\u2019informar\u00e0 les persones becades per correu electr\u00f2nic i, a m\u00e9s, es far\u00e0 p\u00fablic al web i a les xarxes socials. Es recorda als sol\u00b7licitants que la beca cobreix \u00fanicament la inscripci\u00f3 en una de les dues modalitats esmentades (amb\/sense pon\u00e8ncia), per\u00f2 no el sopar.&nbsp;<\/p>\n","protected":false},"excerpt":{"rendered":"<p>L\u2019AEEAO concedir\u00e0 un m\u00e0xim de cinc beques per cobrir la inscripci\u00f3 al congr\u00e9s per a estudiants amb pon\u00e8ncia i cinc beques per cobrir la inscripci\u00f3 al congr\u00e9s per a estudiants sense pon\u00e8ncia (nom\u00e9s assist\u00e8ncia) que compleixin els requisits seg\u00fcents:\u00a0 \u2022 Ser soci o s\u00f2cia de l\u2019AEEAO&nbsp; \u2022 Ser estudiant en el curs acad\u00e8mic actual (de [&hellip;]<\/p>\n","protected":false},"author":103,"featured_media":0,"parent":0,"menu_order":0,"comment_status":"closed","ping_status":"closed","template":"","meta":{"footnotes":""},"class_list":["post-99","page","type-page","status-publish","hentry"],"_links":{"self":[{"href":"https:\/\/webs.uab.cat\/congreso-aeeao\/wp-json\/wp\/v2\/pages\/99","targetHints":{"allow":["GET"]}}],"collection":[{"href":"https:\/\/webs.uab.cat\/congreso-aeeao\/wp-json\/wp\/v2\/pages"}],"about":[{"href":"https:\/\/webs.uab.cat\/congreso-aeeao\/wp-json\/wp\/v2\/types\/page"}],"author":[{"embeddable":true,"href":"https:\/\/webs.uab.cat\/congreso-aeeao\/wp-json\/wp\/v2\/users\/103"}],"replies":[{"embeddable":true,"href":"https:\/\/webs.uab.cat\/congreso-aeeao\/wp-json\/wp\/v2\/comments?post=99"}],"version-history":[{"count":2,"href":"https:\/\/webs.uab.cat\/congreso-aeeao\/wp-json\/wp\/v2\/pages\/99\/revisions"}],"predecessor-version":[{"id":394,"href":"https:\/\/webs.uab.cat\/congreso-aeeao\/wp-json\/wp\/v2\/pages\/99\/revisions\/394"}],"wp:attachment":[{"href":"https:\/\/webs.uab.cat\/congreso-aeeao\/wp-json\/wp\/v2\/media?parent=99"}],"curies":[{"name":"wp","href":"https:\/\/api.w.org\/{rel}","templated":true}]}}