{"id":21,"date":"2013-11-04T09:54:35","date_gmt":"2013-11-04T09:54:35","guid":{"rendered":"https:\/\/webs.uab.cat\/consultoriaestadistica\/jornades2011\/"},"modified":"2022-08-05T08:20:23","modified_gmt":"2022-08-05T08:20:23","slug":"jornades2011","status":"publish","type":"page","link":"https:\/\/webs.uab.cat\/consultoriaestadistica\/jornades2011\/","title":{"rendered":"Jornades2011"},"content":{"rendered":"\n<ul class=\"wp-block-list\"><li><a href=\"#Benvinguda2011\">Benvinguda<\/a><\/li><li><a href=\"#Dates2011\">Dates, Lloc i Preu<\/a><\/li><li><a href=\"#Programa2011\">Programa<\/a><\/li><li><a href=\"https:\/\/webs.uab.cat\/consultoriaestadistica\/presentacions-2011\/\" data-type=\"page\" data-id=\"25\">Presentacions<\/a><\/li><li><a href=\"https:\/\/webs.uab.cat\/consultoriaestadistica\/fotos-2011\/\" data-type=\"page\" data-id=\"131\">Fotos 2011<\/a><\/li><\/ul>\n\n\n\n<p><a id=\"Benvinguda2011\"><\/a>&nbsp;<\/p>\n\n\n\n<h2 class=\"wp-block-heading\">Benvinguda<\/h2>\n\n\n<div class=\"wp-block-image\">\n<figure class=\"aligncenter is-resized\"><a href=\"http:\/\/jornades.uab.cat\/consultoriaestadistica\/sites\/jornades.uab.cat.consultoriaestadistica\/files\/jornades_cat.jpg\" target=\"_blank\" rel=\"noopener\"><img loading=\"lazy\" decoding=\"async\" src=\"http:\/\/jornades.uab.cat\/consultoriaestadistica\/sites\/jornades.uab.cat.consultoriaestadistica\/files\/fondo_jornades_cat.jpg\" alt=\"\" width=\"453\" height=\"582\"\/><\/a><\/figure>\n<\/div>\n\n\n<p>Benvinguts a les jornades de consultoria i software.<\/p>\n\n\n\n<p><strong>En el marc de la commemoraci\u00f3 del X aniversari del Servei d\u2019Estad\u00edstica Aplicada, els dies 26, 27 i 28 de setembre, CosmoCaixa Barcelona acollir\u00e0 les I Jornades de Consultoria Estad\u00edstica i Software.<\/strong><\/p>\n\n\n\n<p>La import\u00e0ncia creixent de l\u2019estad\u00edstica aplicada i la consultoria juntament amb l\u2019experi\u00e8ncia que hem pogut anar acumulant durant aquests 10 anys, ens ha motivat a organitzar aquestes Jornades dedicades a dues vessants de l\u2019estad\u00edstica que comporta la seva interdisciplinarietat: l\u2019assessorament i consultoria per una banda, i el software especialitzat, per l\u2019altra.<\/p>\n\n\n\n<p>L\u2019objectiu de les Jornades \u00e9s convertir-se en un punt de trobada on compartir experi\u00e8ncies i inquietuds envers la consultoria estad\u00edstica i esdevenir una plataforma on exposar noves aplicacions d\u2019utilitat per a tota la comunitat estad\u00edstica, tant cient\u00edfica com professional.<\/p>\n\n\n\n<p>Des d\u2019aqu\u00ed volem convidar a tots els professionals de l\u2019\u00e0mbit de l\u2019estad\u00edstica tant del sector p\u00fablic com del sector privat, interessats en difondre i promoure el desenvolupament i l\u2019aplicaci\u00f3 dels m\u00e8todes estad\u00edstics en la resoluci\u00f3 de problemes de camps molt diversos.<\/p>\n\n\n\n<p>Les Jornades duraran tres dies on, al mat\u00ed hi haur\u00e0 sessions amb conferenciants convidats i tindran una durada de 40 minuts (30 min la xerrada i 10 min d&#8217;intervencions, q\u00fcestions). Les sessions de la tarda seran pon\u00e8ncies seleccionades a partir de les propostes de participaci\u00f3 rebudes (vegeu l\u2019apartat de sol\u00b7licitud de comunicaci\u00f3 oral per trobar els detalls) que tindran una durada de 20 minuts (15 min de la presentaci\u00f3 i 5 min d&#8217;intervencions, q\u00fcestions).<\/p>\n\n\n\n<p><strong>Data l\u00edmit de presentaci\u00f3 de abstracts per a Comunicacions orals: <s>20 de juliol<\/s> 31 de juliol<\/strong><\/p>\n\n\n\n<p><span style=\"font-size: 14pt;\"><strong>Jornada de Consultoria Estad\u00edstica<\/strong><\/span><\/p>\n\n\n\n<p>En aquesta sessi\u00f3 l\u2019objectiu \u00e9s posar en com\u00fa les experi\u00e8ncies que es viuen, individualment, o en grups cient\u00edfics o professionals, a l\u2019hora d\u2019aportar l\u2019expertesa en l\u2019an\u00e0lisi de les dades, la modelitzaci\u00f3 estad\u00edstica, el disseny de l\u2019experiment o la definici\u00f3 d\u2019un pla de treball per abordar problemes que provenen d\u2019\u00e0mbits molt diversos.<\/p>\n\n\n\n<p>Saber entendre un problema aix\u00ed com comunicar la resoluci\u00f3 que es considera oportuna no \u00e9s una tasca f\u00e0cil i requereix un aprenentatge. Per aix\u00f2 us animem a participar en aquestes jornades aportant la vostra experi\u00e8ncia del dia a dia.<\/p>\n\n\n\n<p>Les confer\u00e8ncies convidades en aquesta sessi\u00f3 estan formades per professionals amb una \u00e0mplia experi\u00e8ncia en l\u2019aplicaci\u00f3 de l\u2019estad\u00edstica a nivells ben diferents.<\/p>\n\n\n\n<p>Finalment, us animem a presentar experi\u00e8ncies sobre el desenvolupament d&#8217;activitats de consultoria Estad\u00edstica en els \u00e0mbits de treball particulars:<\/p>\n\n\n\n<ul class=\"wp-block-list\"><li>Universitats i Centres d&#8217;Investigaci\u00f3<\/li><li>Laboratoris Farmac\u00e8utics<\/li><li>Entitats banc\u00e0ries<\/li><li>Altres sectors empresarials<\/li><\/ul>\n\n\n\n<h4 class=\"wp-block-heading\"><span style=\"color: #004d4d;\"><span style=\"font-size: 14pt;\"><strong>Jornades de Software: SAS, R i altres<\/strong><\/span><\/span><\/h4>\n\n\n\n<p>Exposici\u00f3 de programes d\u2019implementaci\u00f3 pr\u00f2pia<br>Casos pr\u00e0ctics d\u2019investigaci\u00f3 aplicada o doc\u00e8ncia<br>Revisi\u00f3\/comparaci\u00f3 de tasques:<\/p>\n\n\n\n<ul class=\"wp-block-list\"><li>T\u00e8cniques anal\u00edtiques.<\/li><li>Gesti\u00f3 de dades.<\/li><li>Funcionalitats diverses.<\/li><li>Gr\u00e0fics.<\/li><\/ul>\n\n\n\n<p>Us animem a participar-hi !!!!<\/p>\n\n\n\n<p><a id=\"Dates2011\"><\/a>&nbsp;<\/p>\n\n\n\n<h2 class=\"wp-block-heading\">Dates, Lloc i Preu<\/h2>\n\n\n\n<p>Les jornades de consultoria i software seran els dies 26, 27 i 28 de Setembre de 2011 de 9 a 17 i es celebraran al <a href=\"http:\/\/obrasocial.lacaixa.es\/nuestroscentros\/cosmocaixabarcelona\/cosmocaixabarcelona_ca.html\" target=\"_blank\" rel=\"noopener\">Cosmocaixa Barcelona<\/a>.<\/p>\n\n\n\n<ul class=\"wp-block-list\"><li>Dia 26: Jornada de Consultoria.<\/li><li>Dia 27: Jornada del software SAS.<\/li><li>Dia 28: Jornada del software R.<\/li><\/ul>\n\n\n\n<p>Preu de la inscripci\u00f3:<\/p>\n\n\n\n<figure class=\"wp-block-table\"><table><tbody><tr><td>&nbsp;<\/td><td><strong>Abans del 18 de Setembre<\/strong><\/td><td><strong>Despr\u00e9s del 18 de Setembre<\/strong><\/td><\/tr><tr><td>Normal<\/td><td>100 \u20ac<\/td><td>150 \u20ac<\/td><\/tr><tr><td>Estudiant<\/td><td>0 \u20ac<\/td><td>90 \u20ac<\/td><\/tr><\/tbody><\/table><\/figure>\n\n\n\n<p>Sopar de Gala:<\/p>\n\n\n\n<p>Lloc: Restaurante 1881 de MHCAT<br>Data: 28 de setembre<br>Hora: 21.00h<br>Preu: 40 \u20ac<\/p>\n\n\n\n<p><a id=\"Programa2011\"><\/a>&nbsp;<\/p>\n\n\n\n<h2 class=\"wp-block-heading\">Programa<\/h2>\n\n\n\n<div data-wp-interactive=\"core\/file\" class=\"wp-block-file\"><object data-wp-bind--hidden=\"!state.hasPdfPreview\" hidden class=\"wp-block-file__embed\" data=\"https:\/\/webs.uab.cat\/consultoriaestadistica\/wp-content\/uploads\/sites\/122\/2016\/10\/Programa-JCEiS.pdf\" type=\"application\/pdf\" style=\"width:100%;height:600px\" aria-label=\"Incrustaci\u00f3 del fitxer Incrustaci\u00f3 del fitxer Programa JCEiS..\"><\/object><a id=\"wp-block-file--media-6add61f3-cad8-474e-8ec4-4fb4aa7f52e2\" href=\"https:\/\/webs.uab.cat\/consultoriaestadistica\/wp-content\/uploads\/sites\/122\/2016\/10\/Programa-JCEiS.pdf\">Programa JCEiS<\/a><a href=\"https:\/\/webs.uab.cat\/consultoriaestadistica\/wp-content\/uploads\/sites\/122\/2016\/10\/Programa-JCEiS.pdf\" class=\"wp-block-file__button\" download aria-describedby=\"wp-block-file--media-6add61f3-cad8-474e-8ec4-4fb4aa7f52e2\">Baixa<\/a><\/div>\n\n\n\n<p><\/p>\n\n\n\n<h2 class=\"wp-block-heading\">Fotos<\/h2>\n\n\n\n<p><a href=\"https:\/\/webs.uab.cat\/consultoriaestadistica\/fotos-2011\/\" data-type=\"page\" data-id=\"131\">enlla\u00e7 fotos 2011<\/a><\/p>\n","protected":false},"excerpt":{"rendered":"<p>Benvinguda Dates, Lloc i Preu Programa Presentacions Fotos 2011 &nbsp; Benvinguda Benvinguts a les jornades de consultoria i software. En el marc de la commemoraci\u00f3 del X aniversari del Servei d\u2019Estad\u00edstica Aplicada, els dies 26, 27 i 28 de setembre, CosmoCaixa Barcelona acollir\u00e0 les I Jornades de Consultoria Estad\u00edstica i Software. La import\u00e0ncia creixent de [&hellip;]<\/p>\n","protected":false},"author":20,"featured_media":0,"parent":0,"menu_order":0,"comment_status":"closed","ping_status":"closed","template":"","meta":{"footnotes":""},"class_list":["post-21","page","type-page","status-publish","hentry"],"_links":{"self":[{"href":"https:\/\/webs.uab.cat\/consultoriaestadistica\/wp-json\/wp\/v2\/pages\/21","targetHints":{"allow":["GET"]}}],"collection":[{"href":"https:\/\/webs.uab.cat\/consultoriaestadistica\/wp-json\/wp\/v2\/pages"}],"about":[{"href":"https:\/\/webs.uab.cat\/consultoriaestadistica\/wp-json\/wp\/v2\/types\/page"}],"author":[{"embeddable":true,"href":"https:\/\/webs.uab.cat\/consultoriaestadistica\/wp-json\/wp\/v2\/users\/20"}],"replies":[{"embeddable":true,"href":"https:\/\/webs.uab.cat\/consultoriaestadistica\/wp-json\/wp\/v2\/comments?post=21"}],"version-history":[{"count":2,"href":"https:\/\/webs.uab.cat\/consultoriaestadistica\/wp-json\/wp\/v2\/pages\/21\/revisions"}],"predecessor-version":[{"id":230,"href":"https:\/\/webs.uab.cat\/consultoriaestadistica\/wp-json\/wp\/v2\/pages\/21\/revisions\/230"}],"wp:attachment":[{"href":"https:\/\/webs.uab.cat\/consultoriaestadistica\/wp-json\/wp\/v2\/media?parent=21"}],"curies":[{"name":"wp","href":"https:\/\/api.w.org\/{rel}","templated":true}]}}