{"id":6,"date":"2019-07-29T10:25:38","date_gmt":"2019-07-29T08:25:38","guid":{"rendered":"http:\/\/blogs.uab.cat\/coproduccioprocomu\/?page_id=6"},"modified":"2022-07-15T09:35:09","modified_gmt":"2022-07-15T07:35:09","slug":"resultats","status":"publish","type":"page","link":"https:\/\/webs.uab.cat\/coproduccioprocomu\/resultats\/","title":{"rendered":"Resultats"},"content":{"rendered":"\n<p>El projecte analitza la concentraci\u00f3 i articulaci\u00f3 territorial d\u2019iniciatives de coproducci\u00f3 procom\u00fa (Iniciatives a trav\u00e9s de les quals la ciutadania s&#8217;auto-proveeix de serveis amb el suport de governs locals) a l\u2019\u00c0rea Metropolitana de Barcelona i els seus efectes en termes de desenvolupament territorial i just\u00edcia socioambiental. Per fer-ho, es va dur a terme un an\u00e0lisi estad\u00edstica a partir de les cartografies existents, i dos estudis de cas territorialitzats.\u00a0<\/p>\n\n\n\n<p>Segons l&#8217;an\u00e0lisi estad\u00edstica, les iniciatives procom\u00fa representen el 40% de les 1.160 iniciatives ciutadanes cartografiades dins de l&#8217;AMB. L&#8217;activitat procom\u00fa es concentra en un 40% a la ciutat de Barcelona. Si es parla per sectors les iniciatives procom\u00fa s\u2019engloben en un 50% en els sectors de &#8220;agroecologia, energia i medi-ambient&#8221; i &#8220;cultura i oci&#8221;. Aproximadament un ter\u00e7 d&#8217;aquesta activitat es desenvolupa en col\u00b7laboraci\u00f3 amb el govern, fonamentalment local. \u00a0Els estudis de cas mostren que les iniciatives procom\u00fa tenen un impacte positiu en la promoci\u00f3 de teixit associatiu i de les cadenes de valor respectuoses amb el medi ambient, aix\u00ed com en la cohesi\u00f3 social i la integraci\u00f3 de grups vulnerables. <\/p>\n\n\n\n<p>Els estudis tamb\u00e9 il\u00b7lustren la import\u00e0ncia relativa de diferents iniciatives en funci\u00f3 de la seva posici\u00f3 en les xarxes d&#8217;informaci\u00f3 i cooperaci\u00f3 que hi ha entre elles. Tamb\u00e9 es destaca l\u2019exist\u00e8ncia d&#8217;experi\u00e8ncies d&#8217;\u00e8xit en quant a la col\u00b7laboraci\u00f3 amb l\u2019administraci\u00f3 p\u00fablica per\u00f2 tamb\u00e9 certa sensaci\u00f3 de frustraci\u00f3 i escepticisme.\u00a0<\/p>\n\n\n\n<p><strong>Paraules clau<\/strong>: procom\u00fans urbans, coproducci\u00f3, Area Metropolitana de Barcelona, pol\u00edtica econ\u00f2mica local, an\u00e0lisi espacial, estudi de cas.<\/p>\n\n\n\n<p><strong>Fitxa resum del projecte:<\/strong> <a href=\"https:\/\/webs.uab.cat\/coproduccioprocomu\/wp-content\/uploads\/sites\/47\/2020\/05\/Fitxa-Projecte-PROCOMU-2020_IGOP-ICTA.pdf\" target=\"_blank\" rel=\"noopener noreferrer\">Coproducci\u00f3 procom\u00fa i desenvolupament territorial a l&#8217;AMB<\/a>.<\/p>\n\n\n\n<figure class=\"wp-block-embed is-type-video is-provider-youtube wp-block-embed-youtube wp-embed-aspect-4-3 wp-has-aspect-ratio\"><div class=\"wp-block-embed__wrapper\">\n<iframe loading=\"lazy\" title=\"Coproducci\u00f3 procom\u00fa i desenvolupament territorial a l&#039;\u00c0rea Metropolitana de Barcelona\" width=\"580\" height=\"435\" src=\"https:\/\/www.youtube.com\/embed\/vzKnsxJHdTk?feature=oembed\" frameborder=\"0\" allow=\"accelerometer; autoplay; clipboard-write; encrypted-media; gyroscope; picture-in-picture; web-share\" referrerpolicy=\"strict-origin-when-cross-origin\" allowfullscreen><\/iframe>\n<\/div><\/figure>\n\n\n\n<p>EN<\/p>\n\n\n\n<p><a href=\"https:\/\/igop.uab.cat\/wp-content\/uploads\/2020\/04\/2020-14-04_Final-report_Commons-coproduction-web.pdf\" target=\"_blank\" rel=\"noopener noreferrer\">Final report_Commons coproduction (04\/14\/20)<\/a><br><a href=\"https:\/\/webs.uab.cat\/coproduccioprocomu\/wp-content\/uploads\/sites\/47\/2020\/04\/ProComu_Executive-Summary_2020.pdf\" target=\"_blank\" rel=\"noopener noreferrer\">ProComu_Executive Summary_2020<\/a><\/p>\n\n\n\n<p>ES<\/p>\n\n\n\n<p><a href=\"https:\/\/webs.uab.cat\/coproduccioprocomu\/wp-content\/uploads\/sites\/47\/2020\/04\/ProComu_Informe-Ejecutivo_2020.pdf\" target=\"_blank\" rel=\"noopener noreferrer\">ProComu_Informe Ejecutivo_2020<\/a><br><a href=\"https:\/\/webs.uab.cat\/coproduccioprocomu\/wp-content\/uploads\/sites\/47\/2020\/04\/Recomendaciones_2020.pdf\" target=\"_blank\" rel=\"noopener noreferrer\">Recomendaciones_2020<\/a><\/p>\n\n\n\n<p>CAT<\/p>\n\n\n\n<p><a href=\"https:\/\/webs.uab.cat\/coproduccioprocomu\/wp-content\/uploads\/sites\/47\/2020\/04\/ProComu_Informe-Executiu_2020.pdf\" target=\"_blank\" rel=\"noopener noreferrer\">ProComu Informe Executiu 2020<\/a><br><a href=\"https:\/\/webs.uab.cat\/coproduccioprocomu\/wp-content\/uploads\/sites\/47\/2020\/04\/Recomanacions-2020.pdf\" target=\"_blank\" rel=\"noopener noreferrer\">Recomanacions_2020<\/a><\/p>\n","protected":false},"excerpt":{"rendered":"<p>El projecte analitza la concentraci\u00f3 i articulaci\u00f3 territorial d\u2019iniciatives de coproducci\u00f3 procom\u00fa (Iniciatives a trav\u00e9s de les quals la ciutadania s&#8217;auto-proveeix de serveis amb el suport de governs locals) a l\u2019\u00c0rea Metropolitana de Barcelona i els seus efectes en termes de desenvolupament territorial i just\u00edcia socioambiental. Per fer-ho, es va dur a terme un an\u00e0lisi [&hellip;]<\/p>\n","protected":false},"author":34,"featured_media":0,"parent":0,"menu_order":0,"comment_status":"closed","ping_status":"closed","template":"","meta":{"footnotes":""},"class_list":["post-6","page","type-page","status-publish","hentry"],"_links":{"self":[{"href":"https:\/\/webs.uab.cat\/coproduccioprocomu\/wp-json\/wp\/v2\/pages\/6","targetHints":{"allow":["GET"]}}],"collection":[{"href":"https:\/\/webs.uab.cat\/coproduccioprocomu\/wp-json\/wp\/v2\/pages"}],"about":[{"href":"https:\/\/webs.uab.cat\/coproduccioprocomu\/wp-json\/wp\/v2\/types\/page"}],"author":[{"embeddable":true,"href":"https:\/\/webs.uab.cat\/coproduccioprocomu\/wp-json\/wp\/v2\/users\/34"}],"replies":[{"embeddable":true,"href":"https:\/\/webs.uab.cat\/coproduccioprocomu\/wp-json\/wp\/v2\/comments?post=6"}],"version-history":[{"count":1,"href":"https:\/\/webs.uab.cat\/coproduccioprocomu\/wp-json\/wp\/v2\/pages\/6\/revisions"}],"predecessor-version":[{"id":77,"href":"https:\/\/webs.uab.cat\/coproduccioprocomu\/wp-json\/wp\/v2\/pages\/6\/revisions\/77"}],"wp:attachment":[{"href":"https:\/\/webs.uab.cat\/coproduccioprocomu\/wp-json\/wp\/v2\/media?parent=6"}],"curies":[{"name":"wp","href":"https:\/\/api.w.org\/{rel}","templated":true}]}}