{"id":64,"date":"2019-07-29T10:24:44","date_gmt":"2019-07-29T08:24:44","guid":{"rendered":"http:\/\/blogs.uab.cat\/coproduccioprocomu\/?page_id=4"},"modified":"2019-07-29T10:24:44","modified_gmt":"2019-07-29T08:24:44","slug":"projecte","status":"publish","type":"page","link":"https:\/\/webs.uab.cat\/coproduccioprocomu\/","title":{"rendered":"Projecte"},"content":{"rendered":"<h4><strong>Coproducci\u00f3 pro-com\u00fa i desenvolupament territorial a l&#8217;\u00c0rea Metropolitana de Barcelona. La territorialitzaci\u00f3 de les pol\u00edtiques econ\u00f2miques i la coproducci\u00f3 amb la ciutadania<\/strong><\/h4>\n<p>En els \u00faltims deu anys han estat moltes les iniciatives econ\u00f2miques desenvolupades per la poblaci\u00f3 per donar resposta a les creixents necessitats socials. Moltes d&#8217;elles han nascut com alternatives a solucions proposades des del mercat i de l&#8217;estat, i en el seu desenvolupament territorial han estat capaces de generar nous arranjaments institucionals i de coproducci\u00f3 entre les institucions p\u00fabliques i la ciutadania. A l&#8217;\u00c0rea Metropolitana de Barcelona (AMB), aquestes noves solucions han estat estudiades recentment mitjan\u00e7ant diversos projectes d&#8217;investigaci\u00f3 i iniciatives p\u00fablic-comunit\u00e0ries que han utilitzat diferents enfocaments (innovaci\u00f3 social, economia social i solid\u00e0ria, habitatge col\u00b7laboratiu, etc.). No obstant aix\u00f2, no s&#8217;ha estudiat amb profunditat la dimensi\u00f3 territorial d&#8217;aquestes iniciatives, la seva interrelaci\u00f3 i el seu impacte en termes de noves formes de desenvolupament local.<\/p>\n<p>El projecte pret\u00e9n, en primer lloc, realitzar un estudi en profunditat dels contextos geogr\u00e0fics en qu\u00e8 es concentren conjunts significatius d&#8217;iniciatives multisectorials de coproducci\u00f3 que constitueixen cercles virtuosos d&#8217;interrelaci\u00f3 i arrelament (feedback loops), no nom\u00e9s entre elles sin\u00f3 tamb\u00e9 en relaci\u00f3 amb les pol\u00edtiques institucionals de desenvolupament econ\u00f2mic local. En segon lloc, pretenem analitzar l&#8217;impacte sobre el desenvolupament territorial de la concentraci\u00f3 geogr\u00e0fica d&#8217;aquest tipus d&#8217;iniciatives.<\/p>\n<p>L&#8217;an\u00e0lisi es centra en iniciatives de coproducci\u00f3 que tenen un car\u00e0cter pro-com\u00fa, \u00e9s a dir, iniciatives caracteritzades per un model de governan\u00e7a en el qual els usuaris directes del b\u00e9 o servei produ\u00eft s\u00f3n tamb\u00e9 els encarregats de produir-lo i\/o gestionar-lo de manera col\u00b7lectiva. Les iniciatives de coproducci\u00f3 pro-com\u00fa articulades i arrelades en un determinat espai geogr\u00e0fic poden donar lloc a models alternatius de desenvolupament territorial, ent\u00e8s com un desenvolupament hum\u00e0 social i ambientalment just.<\/p>\n<p>La investigaci\u00f3 ha contemplat dos nivells d&#8217;an\u00e0lisi:<\/p>\n<ul>\n<li>Un primer nivell m\u00e9s general, on s\u2019ha mapejat i caracteritzat les iniciatives de coproducci\u00f3 pro-com\u00fa a l\u2019AMB a partir de cartografies ja existents.<\/li>\n<li>Un segon nivell que ha consistit en un an\u00e0lisis en profunditat de dos casos d\u2019estudi, un dins de la ciutat de Barcelona i l\u2019altre fora. En aquests dos barris s\u2019han entrevistat totes les iniciatives de coproducci\u00f3 pro-com\u00fa existents per tal d\u2019aportar informaci\u00f3 contextual al primer nivell d\u2019an\u00e0lisi.<\/li>\n<\/ul>\n","protected":false},"excerpt":{"rendered":"<p>Coproducci\u00f3 pro-com\u00fa i desenvolupament territorial a l&#8217;\u00c0rea Metropolitana de Barcelona. La territorialitzaci\u00f3 de les pol\u00edtiques econ\u00f2miques i la coproducci\u00f3 amb la ciutadania En els \u00faltims deu anys han estat moltes les iniciatives econ\u00f2miques desenvolupades per la poblaci\u00f3 per donar resposta a les creixents necessitats socials. Moltes d&#8217;elles han nascut com alternatives a solucions proposades des [&hellip;]<\/p>\n","protected":false},"author":34,"featured_media":0,"parent":0,"menu_order":0,"comment_status":"closed","ping_status":"closed","template":"","meta":{"footnotes":""},"class_list":["post-64","page","type-page","status-publish","hentry"],"_links":{"self":[{"href":"https:\/\/webs.uab.cat\/coproduccioprocomu\/wp-json\/wp\/v2\/pages\/64","targetHints":{"allow":["GET"]}}],"collection":[{"href":"https:\/\/webs.uab.cat\/coproduccioprocomu\/wp-json\/wp\/v2\/pages"}],"about":[{"href":"https:\/\/webs.uab.cat\/coproduccioprocomu\/wp-json\/wp\/v2\/types\/page"}],"author":[{"embeddable":true,"href":"https:\/\/webs.uab.cat\/coproduccioprocomu\/wp-json\/wp\/v2\/users\/34"}],"replies":[{"embeddable":true,"href":"https:\/\/webs.uab.cat\/coproduccioprocomu\/wp-json\/wp\/v2\/comments?post=64"}],"version-history":[{"count":0,"href":"https:\/\/webs.uab.cat\/coproduccioprocomu\/wp-json\/wp\/v2\/pages\/64\/revisions"}],"wp:attachment":[{"href":"https:\/\/webs.uab.cat\/coproduccioprocomu\/wp-json\/wp\/v2\/media?parent=64"}],"curies":[{"name":"wp","href":"https:\/\/api.w.org\/{rel}","templated":true}]}}