{"id":8,"date":"2019-07-29T10:30:18","date_gmt":"2019-07-29T08:30:18","guid":{"rendered":"http:\/\/blogs.uab.cat\/coproduccioprocomu\/?page_id=8"},"modified":"2019-07-29T10:30:18","modified_gmt":"2019-07-29T08:30:18","slug":"conferencies","status":"publish","type":"page","link":"https:\/\/webs.uab.cat\/coproduccioprocomu\/conferencies\/","title":{"rendered":"Confer\u00e8ncies"},"content":{"rendered":"<h2>Participaci\u00f3 a confer\u00e8ncies<\/h2>\n<p>&nbsp;<\/p>\n<p><strong><span style=\"color: #008000\">AAG Annual Meeting, Washington D.C, 3-7 April 2019<\/span><\/strong><\/p>\n<p><em>Governance as Commons in the Metropolitan Area of Barcelona: analyzing urban co-production initiatives and their territorial impact<\/em>.<\/p>\n<p><strong>Marc Par\u00e9s<\/strong>, <strong>Mara Ferreri<\/strong>, <strong>Sergio Villamayor<\/strong><\/p>\n<p>IGOP-ICTA, Universitat Aut\u00f2noma de Barcelona<\/p>\n<hr \/>\n<p><strong><span style=\"color: #008000\">The City as a Commons, University of Pavia, Italy, 2-4 September 2019<\/span><\/strong><\/p>\n<p><em>The territorial dimension of urban commons: mapping and characterizing initiatives in the Metropolitan Area of Barcelona.<\/em><\/p>\n<p><strong>Iolanda Bianchi<\/strong>, <strong>Laura Calvet-Mir<\/strong>, <strong>Marc Castell\u00f3<\/strong>, <strong>Mara Ferreri<\/strong>, <strong>Marc Par\u00e9s<\/strong>, <strong>Marina Pera<\/strong>, <strong>N\u00faria Reguero<\/strong>, <strong>Sergio Villamayor<\/strong><\/p>\n<p>IGOP-ICTA, Universitat Aut\u00f2noma de Barcelona<\/p>\n<hr \/>\n<p><strong><span style=\"color: #008000\">SISP, University of Salento, Italy, 12-14 September 2019<\/span><\/strong><\/p>\n<p><em>Enhacing Commons production in the Metropolitan Area of Barcelona. The role of the local State.<\/em><\/p>\n<p><strong>Iolanda Bianchi<\/strong>, <strong>Laura Calvet-Mir<\/strong>, <strong>Marc Castell\u00f3<\/strong>, <strong>Mara Ferreri<\/strong>, <strong>Marc Par\u00e9s<\/strong>, <strong>Marina Pera<\/strong>, <strong>N\u00faria Reguero<\/strong>, <strong>Sergio Villamayor<\/strong><\/p>\n<p>IGOP-ICTA, Universitat Aut\u00f2noma de Barcelona<\/p>\n<hr \/>\n<p><strong><span style=\"color: #008000\">Social Solidarity Economy and the Commons, Instituto Universit\u00e1rio de Lisboa (ISCTE-IUL), 6-8 November 2019<\/span><\/strong><\/p>\n<p><em>Mapping urban commons: characterizing and analizing initiatives in the Metropolitan Area of Barcelona<\/em>.<\/p>\n<p><strong>N\u00faria Reguero<\/strong>, <strong>Sergio Villamayor<\/strong>, <strong>Iolanda Bianchi<\/strong>, <strong>Laura Calvet-Mir<\/strong>, <strong>Marc Castell\u00f3<\/strong>, <strong>Mara Ferreri<\/strong>, <strong>Marc Par\u00e9s<\/strong>, <strong>Marina Pera<\/strong><\/p>\n<p>IGOP-ICTA, Universitat Aut\u00f2noma de Barcelona<\/p>\n","protected":false},"excerpt":{"rendered":"<p>Participaci\u00f3 a confer\u00e8ncies &nbsp; AAG Annual Meeting, Washington D.C, 3-7 April 2019 Governance as Commons in the Metropolitan Area of Barcelona: analyzing urban co-production initiatives and their territorial impact. Marc Par\u00e9s, Mara Ferreri, Sergio Villamayor IGOP-ICTA, Universitat Aut\u00f2noma de Barcelona The City as a Commons, University of Pavia, Italy, 2-4 September 2019 The territorial dimension [&hellip;]<\/p>\n","protected":false},"author":34,"featured_media":0,"parent":0,"menu_order":0,"comment_status":"closed","ping_status":"closed","template":"","meta":{"footnotes":""},"class_list":["post-8","page","type-page","status-publish","hentry"],"_links":{"self":[{"href":"https:\/\/webs.uab.cat\/coproduccioprocomu\/wp-json\/wp\/v2\/pages\/8","targetHints":{"allow":["GET"]}}],"collection":[{"href":"https:\/\/webs.uab.cat\/coproduccioprocomu\/wp-json\/wp\/v2\/pages"}],"about":[{"href":"https:\/\/webs.uab.cat\/coproduccioprocomu\/wp-json\/wp\/v2\/types\/page"}],"author":[{"embeddable":true,"href":"https:\/\/webs.uab.cat\/coproduccioprocomu\/wp-json\/wp\/v2\/users\/34"}],"replies":[{"embeddable":true,"href":"https:\/\/webs.uab.cat\/coproduccioprocomu\/wp-json\/wp\/v2\/comments?post=8"}],"version-history":[{"count":0,"href":"https:\/\/webs.uab.cat\/coproduccioprocomu\/wp-json\/wp\/v2\/pages\/8\/revisions"}],"wp:attachment":[{"href":"https:\/\/webs.uab.cat\/coproduccioprocomu\/wp-json\/wp\/v2\/media?parent=8"}],"curies":[{"name":"wp","href":"https:\/\/api.w.org\/{rel}","templated":true}]}}