{"id":18,"date":"2024-11-26T12:38:00","date_gmt":"2024-11-26T10:38:00","guid":{"rendered":"https:\/\/webs.uab.cat\/core-ciutats\/?page_id=18"},"modified":"2024-11-26T12:49:22","modified_gmt":"2024-11-26T10:49:22","slug":"projectes","status":"publish","type":"page","link":"https:\/\/webs.uab.cat\/core-ciutats\/projectes\/","title":{"rendered":"Projectes"},"content":{"rendered":"\n<div class=\"wp-block-columns alignwide is-layout-flex wp-container-core-columns-is-layout-9d6595d7 wp-block-columns-is-layout-flex\">\n<div class=\"wp-block-column has-background is-layout-flow wp-block-column-is-layout-flow\" style=\"background:linear-gradient(135deg,rgba(247,210,0,0.14) 1%,rgba(247,210,0,0.14) 100%)\">\n<figure class=\"wp-block-image size-full\"><img decoding=\"async\" src=\"https:\/\/webs.uab.cat\/core-salut-mental\/wp-content\/uploads\/sites\/579\/2024\/11\/IMG.png\" alt=\"\" class=\"wp-image-23\" \/><\/figure>\n\n\n\n<h2 class=\"wp-block-heading has-text-align-center has-larger-font-size\">ULALABS<\/h2>\n\n\n\n<div class=\"wp-block-buttons is-content-justification-center is-layout-flex wp-container-core-buttons-is-layout-16018d1d wp-block-buttons-is-layout-flex\">\n<div class=\"wp-block-button is-style-fill\"><a class=\"wp-block-button__link has-blanc-coco-color has-text-color has-background has-link-color wp-element-button\" href=\"https:\/\/www.ulalabs.eu\/\" style=\"background:linear-gradient(135deg,rgb(247,210,0) 0%,rgb(247,210,0) 100%)\">SABER-NE M\u00c9S<\/a><\/div>\n<\/div>\n<\/div>\n\n\n\n<div class=\"wp-block-column has-background is-layout-flow wp-block-column-is-layout-flow\" style=\"background:linear-gradient(135deg,rgba(247,210,0,0.14) 1%,rgba(247,210,0,0.14) 100%)\">\n<figure class=\"wp-block-image size-full is-resized\"><img loading=\"lazy\" decoding=\"async\" width=\"600\" height=\"400\" src=\"https:\/\/webs.uab.cat\/core-ciutats\/wp-content\/uploads\/sites\/580\/2024\/11\/Campus.png\" alt=\"\" class=\"wp-image-25\" style=\"width:375px;height:auto\" srcset=\"https:\/\/webs.uab.cat\/core-ciutats\/wp-content\/uploads\/sites\/580\/2024\/11\/Campus.png 600w, https:\/\/webs.uab.cat\/core-ciutats\/wp-content\/uploads\/sites\/580\/2024\/11\/Campus-300x200.png 300w\" sizes=\"auto, (max-width: 600px) 100vw, 600px\" \/><\/figure>\n\n\n\n<h2 class=\"wp-block-heading has-text-align-center has-larger-font-size\">Campus Laboratori Obert<\/h2>\n\n\n\n<p><\/p>\n\n\n\n<div class=\"wp-block-buttons is-content-justification-center is-layout-flex wp-container-core-buttons-is-layout-16018d1d wp-block-buttons-is-layout-flex\">\n<div class=\"wp-block-button is-style-fill\"><a class=\"wp-block-button__link has-blanc-coco-color has-text-color has-background has-link-color wp-element-button\" style=\"background:linear-gradient(135deg,rgb(247,210,0) 0%,rgb(247,210,0) 100%)\">SABER-NE M\u00c9S<\/a><\/div>\n<\/div>\n<\/div>\n\n\n\n<div class=\"wp-block-column has-background is-layout-flow wp-block-column-is-layout-flow\" style=\"background:linear-gradient(135deg,rgba(247,210,0,0.14) 1%,rgba(247,210,0,0.14) 100%)\">\n<figure class=\"wp-block-image size-full\"><img loading=\"lazy\" decoding=\"async\" width=\"600\" height=\"400\" src=\"https:\/\/webs.uab.cat\/core-ciutats\/wp-content\/uploads\/sites\/580\/2024\/11\/Circular-1.png\" alt=\"\" class=\"wp-image-24\" srcset=\"https:\/\/webs.uab.cat\/core-ciutats\/wp-content\/uploads\/sites\/580\/2024\/11\/Circular-1.png 600w, https:\/\/webs.uab.cat\/core-ciutats\/wp-content\/uploads\/sites\/580\/2024\/11\/Circular-1-300x200.png 300w\" sizes=\"auto, (max-width: 600px) 100vw, 600px\" \/><\/figure>\n\n\n\n<h2 class=\"wp-block-heading has-text-align-center has-larger-font-size\">Circular B30<\/h2>\n\n\n\n<p><\/p>\n\n\n\n<div class=\"wp-block-buttons is-content-justification-center is-layout-flex wp-container-core-buttons-is-layout-16018d1d wp-block-buttons-is-layout-flex\">\n<div class=\"wp-block-button is-style-fill\"><a class=\"wp-block-button__link has-blanc-coco-color has-text-color has-background has-link-color wp-element-button\" href=\"https:\/\/www.circularb30.cat\/\" style=\"background:linear-gradient(135deg,rgb(247,210,0) 0%,rgb(247,210,0) 100%)\">SABER-NE M\u00c9S<\/a><\/div>\n<\/div>\n<\/div>\n<\/div>\n\n\n\n<div class=\"wp-block-columns alignwide is-layout-flex wp-container-core-columns-is-layout-9d6595d7 wp-block-columns-is-layout-flex\">\n<div class=\"wp-block-column has-background is-layout-flow wp-block-column-is-layout-flow\" style=\"background:linear-gradient(135deg,rgba(247,210,0,0.14) 1%,rgba(247,210,0,0.14) 100%)\">\n<h2 class=\"wp-block-heading has-text-align-center has-larger-font-size\">T\u00edtol del projecte<\/h2>\n\n\n\n<div class=\"wp-block-buttons is-content-justification-center is-layout-flex wp-container-core-buttons-is-layout-16018d1d wp-block-buttons-is-layout-flex\">\n<div class=\"wp-block-button is-style-fill\"><a class=\"wp-block-button__link has-blanc-coco-color has-text-color has-background has-link-color wp-element-button\" style=\"background:linear-gradient(135deg,rgb(247,210,0) 0%,rgb(247,210,0) 100%)\">SABER-NE M\u00c9S<\/a><\/div>\n<\/div>\n<\/div>\n\n\n\n<div class=\"wp-block-column has-background is-layout-flow wp-block-column-is-layout-flow\" style=\"background:linear-gradient(135deg,rgba(247,210,0,0.14) 1%,rgba(247,210,0,0.14) 100%)\">\n<h2 class=\"wp-block-heading has-text-align-center has-larger-font-size\">T\u00edtol del projecte<\/h2>\n\n\n\n<p><\/p>\n\n\n\n<div class=\"wp-block-buttons is-content-justification-center is-layout-flex wp-container-core-buttons-is-layout-16018d1d wp-block-buttons-is-layout-flex\">\n<div class=\"wp-block-button is-style-fill\"><a class=\"wp-block-button__link has-blanc-coco-color has-text-color has-background has-link-color wp-element-button\" style=\"background:linear-gradient(135deg,rgb(247,210,0) 0%,rgb(247,210,0) 100%)\">SABER-NE M\u00c9S<\/a><\/div>\n<\/div>\n<\/div>\n\n\n\n<div class=\"wp-block-column has-background is-layout-flow wp-block-column-is-layout-flow\" style=\"background:linear-gradient(135deg,rgba(247,210,0,0.14) 0%,rgba(247,210,0,0.14) 100%)\">\n<h2 class=\"wp-block-heading has-text-align-center has-larger-font-size\">T\u00edtol del projecte<\/h2>\n\n\n\n<p><\/p>\n\n\n\n<div class=\"wp-block-buttons is-content-justification-center is-layout-flex wp-container-core-buttons-is-layout-16018d1d wp-block-buttons-is-layout-flex\">\n<div class=\"wp-block-button is-style-fill\"><a class=\"wp-block-button__link has-blanc-coco-color has-text-color has-background has-link-color wp-element-button\" style=\"background:linear-gradient(135deg,rgb(247,210,0) 0%,rgb(247,210,0) 100%)\">SABER-NE M\u00c9S<\/a><\/div>\n<\/div>\n<\/div>\n<\/div>\n","protected":false},"excerpt":{"rendered":"<p>ULALABS Campus Laboratori Obert Circular B30 T\u00edtol del projecte T\u00edtol del projecte T\u00edtol del projecte<\/p>\n","protected":false},"author":73,"featured_media":0,"parent":0,"menu_order":0,"comment_status":"closed","ping_status":"closed","template":"","meta":{"footnotes":""},"class_list":["post-18","page","type-page","status-publish","hentry"],"_links":{"self":[{"href":"https:\/\/webs.uab.cat\/core-ciutats\/wp-json\/wp\/v2\/pages\/18","targetHints":{"allow":["GET"]}}],"collection":[{"href":"https:\/\/webs.uab.cat\/core-ciutats\/wp-json\/wp\/v2\/pages"}],"about":[{"href":"https:\/\/webs.uab.cat\/core-ciutats\/wp-json\/wp\/v2\/types\/page"}],"author":[{"embeddable":true,"href":"https:\/\/webs.uab.cat\/core-ciutats\/wp-json\/wp\/v2\/users\/73"}],"replies":[{"embeddable":true,"href":"https:\/\/webs.uab.cat\/core-ciutats\/wp-json\/wp\/v2\/comments?post=18"}],"version-history":[{"count":3,"href":"https:\/\/webs.uab.cat\/core-ciutats\/wp-json\/wp\/v2\/pages\/18\/revisions"}],"predecessor-version":[{"id":26,"href":"https:\/\/webs.uab.cat\/core-ciutats\/wp-json\/wp\/v2\/pages\/18\/revisions\/26"}],"wp:attachment":[{"href":"https:\/\/webs.uab.cat\/core-ciutats\/wp-json\/wp\/v2\/media?parent=18"}],"curies":[{"name":"wp","href":"https:\/\/api.w.org\/{rel}","templated":true}]}}