{"id":2,"date":"2024-06-26T12:50:04","date_gmt":"2024-06-26T10:50:04","guid":{"rendered":"https:\/\/webs.uab.cat\/core-ciutats\/?page_id=2"},"modified":"2024-11-26T12:34:59","modified_gmt":"2024-11-26T10:34:59","slug":"pagina-exemple","status":"publish","type":"page","link":"https:\/\/webs.uab.cat\/core-ciutats\/","title":{"rendered":"Transfer\u00e8ncia i innovaci\u00f3 en Ciutats Intel\u00b7ligents i Sostenibles"},"content":{"rendered":"\n<div class=\"wp-block-columns alignwide is-layout-flex wp-container-core-columns-is-layout-9d6595d7 wp-block-columns-is-layout-flex\">\n<div class=\"wp-block-column is-layout-flow wp-block-column-is-layout-flow\">\n<h2 class=\"wp-block-heading has-text-align-center has-large-font-size\"><strong>La Comunitat <\/strong>Orientada al Repte Estrat\u00e8gic de les Ciutats intel\u00b7ligents i sostenibles \u00e9s un projecte col\u00b7laboratiu en qu\u00e8 diferents grups de recerca, departaments, centres i infraestructures de l\u2019Esfera UAB desenvolupen les seves capacitats conjuntament per crear noves l\u00ednies de<br>recerca multidisciplin\u00e0ria.<\/h2>\n\n\n\n<p class=\"has-text-align-center\">Agrupa personal investigador de diferents d\u2019\u00e0mbits; des dels aspectes econ\u00f2mics i sociol\u00f2gics del disseny ecol\u00f2gic industrial o el desenvolupament de pol\u00edtiques p\u00fabliques de disseny urb\u00e0, fins a l&#8217;aplicaci\u00f3 de tecnologies espec\u00edfiques per trobar solucions innovadores a la gesti\u00f3 de l\u2019energia, els residus, l\u2019aigua i la mobilitat.<\/p>\n<\/div>\n<\/div>\n\n\n\n<div class=\"wp-block-columns is-layout-flex wp-container-core-columns-is-layout-9d6595d7 wp-block-columns-is-layout-flex\">\n<div class=\"wp-block-column is-layout-flow wp-block-column-is-layout-flow\">\n<h2 class=\"wp-block-heading has-text-align-center has-negre-eben-color has-text-color has-link-color wp-elements-bd3131cfae6482bde546349aa9921f01\">25<\/h2>\n\n\n\n<p class=\"has-text-align-center\">grups de recerca de la UAB<\/p>\n<\/div>\n\n\n\n<div class=\"wp-block-column is-layout-flow wp-block-column-is-layout-flow\">\n<h2 class=\"wp-block-heading has-text-align-center\">+30<\/h2>\n\n\n\n<p class=\"has-text-align-center\">projectes<\/p>\n<\/div>\n\n\n\n<div class=\"wp-block-column is-layout-flow wp-block-column-is-layout-flow\">\n<h2 class=\"wp-block-heading has-text-align-center\">10<\/h2>\n\n\n\n<p class=\"has-text-align-center\">entitats col\u00b7laboradores<\/p>\n<\/div>\n<\/div>\n\n\n\n<div class=\"wp-block-columns alignfull has-background is-layout-flex wp-container-core-columns-is-layout-9d6595d7 wp-block-columns-is-layout-flex\" style=\"background:linear-gradient(135deg,rgba(247,210,0,0.14) 0%,rgba(247,210,0,0.14) 100%)\">\n<div class=\"wp-block-column is-layout-flow wp-block-column-is-layout-flow\">\n<h2 class=\"wp-block-heading has-text-align-center has-larger-font-size\">Objectius<\/h2>\n\n\n\n<div class=\"wp-block-columns alignwide is-layout-flex wp-container-core-columns-is-layout-9d6595d7 wp-block-columns-is-layout-flex\">\n<div class=\"wp-block-column is-layout-flow wp-block-column-is-layout-flow\">\n<p class=\"has-text-align-center\">Dinamitzar la comunitat que es focalitza en la recerca del creixement i la gesti\u00f3 intel\u00b7ligent, sostenible i inclusiva del desenvolupament de les ciutats.<\/p>\n<\/div>\n\n\n\n<div class=\"wp-block-column is-layout-flow wp-block-column-is-layout-flow\">\n<p class=\"has-text-align-center\">Gestionar la xarxa d&#8217;activitats tem\u00e0tiques de recerca de la gesti\u00f3 intel\u00b7ligent i sostenible de les ciutats.<\/p>\n<\/div>\n\n\n\n<div class=\"wp-block-column is-layout-flow wp-block-column-is-layout-flow\">\n<p class=\"has-text-align-center\">Posicionar i fer visibles les capacitats de l&#8217;Esfera UAB en el repte de la gesti\u00f3 de les ciutats en aspectes espec\u00edfics com la gesti\u00f3 de l&#8217;energia i la mobilitat.<\/p>\n<\/div>\n\n\n\n<div class=\"wp-block-column is-layout-flow wp-block-column-is-layout-flow\">\n<p class=\"has-text-align-center\">Proporcionar recolzament a les pol\u00edtiques de participaci\u00f3 ciutadana en el context de ciutats intel\u00b7ligents.<\/p>\n<\/div>\n<\/div>\n<\/div>\n<\/div>\n","protected":false},"excerpt":{"rendered":"<p>La Comunitat Orientada al Repte Estrat\u00e8gic de les Ciutats intel\u00b7ligents i sostenibles \u00e9s un projecte col\u00b7laboratiu en qu\u00e8 diferents grups de recerca, departaments, centres i infraestructures de l\u2019Esfera UAB desenvolupen les seves capacitats conjuntament per crear noves l\u00ednies derecerca multidisciplin\u00e0ria. Agrupa personal investigador de diferents d\u2019\u00e0mbits; des dels aspectes econ\u00f2mics i sociol\u00f2gics del disseny ecol\u00f2gic [&hellip;]<\/p>\n","protected":false},"author":73,"featured_media":0,"parent":0,"menu_order":0,"comment_status":"closed","ping_status":"open","template":"","meta":{"footnotes":""},"class_list":["post-2","page","type-page","status-publish","hentry"],"_links":{"self":[{"href":"https:\/\/webs.uab.cat\/core-ciutats\/wp-json\/wp\/v2\/pages\/2","targetHints":{"allow":["GET"]}}],"collection":[{"href":"https:\/\/webs.uab.cat\/core-ciutats\/wp-json\/wp\/v2\/pages"}],"about":[{"href":"https:\/\/webs.uab.cat\/core-ciutats\/wp-json\/wp\/v2\/types\/page"}],"author":[{"embeddable":true,"href":"https:\/\/webs.uab.cat\/core-ciutats\/wp-json\/wp\/v2\/users\/73"}],"replies":[{"embeddable":true,"href":"https:\/\/webs.uab.cat\/core-ciutats\/wp-json\/wp\/v2\/comments?post=2"}],"version-history":[{"count":3,"href":"https:\/\/webs.uab.cat\/core-ciutats\/wp-json\/wp\/v2\/pages\/2\/revisions"}],"predecessor-version":[{"id":16,"href":"https:\/\/webs.uab.cat\/core-ciutats\/wp-json\/wp\/v2\/pages\/2\/revisions\/16"}],"wp:attachment":[{"href":"https:\/\/webs.uab.cat\/core-ciutats\/wp-json\/wp\/v2\/media?parent=2"}],"curies":[{"name":"wp","href":"https:\/\/api.w.org\/{rel}","templated":true}]}}