{"id":2,"date":"2024-06-19T12:59:48","date_gmt":"2024-06-19T10:59:48","guid":{"rendered":"https:\/\/webs.uab.cat\/core-educacio\/?page_id=2"},"modified":"2024-11-26T12:22:55","modified_gmt":"2024-11-26T10:22:55","slug":"core-educacio","status":"publish","type":"page","link":"https:\/\/webs.uab.cat\/core-educacio\/","title":{"rendered":"Transfer\u00e8ncia i innovaci\u00f3 en Educaci\u00f3 i ocupabilitat"},"content":{"rendered":"\n<div class=\"wp-block-columns alignwide is-layout-flex wp-container-core-columns-is-layout-9d6595d7 wp-block-columns-is-layout-flex\">\n<div class=\"wp-block-column is-layout-flow wp-block-column-is-layout-flow\">\n<h2 class=\"wp-block-heading has-text-align-center has-large-font-size\"> <strong>La Comunitat <\/strong>Orientada al Repte Estrat\u00e8gic de l&#8217;Educaci\u00f3 i Ocupabilitat dinamitza la comunitat que investiga els temes d\u2019educaci\u00f3 i ocupabilitat de la UAB i la connecta amb xarxa dels diferents agents que intervenen en l&#8217;educaci\u00f3 (empreses, administraci\u00f3 publica, societat civil i agents R+D+I).<\/h2>\n<\/div>\n<\/div>\n\n\n\n<div class=\"wp-block-columns is-layout-flex wp-container-core-columns-is-layout-9d6595d7 wp-block-columns-is-layout-flex\">\n<div class=\"wp-block-column is-layout-flow wp-block-column-is-layout-flow\">\n<h2 class=\"wp-block-heading has-text-align-center has-negre-eben-color has-text-color has-link-color wp-elements-264a26273c58c0025a03ca64af2965a9\">32<\/h2>\n\n\n\n<p class=\"has-text-align-center\">Grups, centres i instituts de recerca de la UAB<\/p>\n<\/div>\n\n\n\n<div class=\"wp-block-column is-layout-flow wp-block-column-is-layout-flow\">\n<h2 class=\"wp-block-heading has-text-align-center\">+40<\/h2>\n\n\n\n<p class=\"has-text-align-center\">Projectes<\/p>\n<\/div>\n\n\n\n<div class=\"wp-block-column is-layout-flow wp-block-column-is-layout-flow\">\n<h2 class=\"wp-block-heading has-text-align-center\">22<\/h2>\n\n\n\n<p class=\"has-text-align-center\">Entitats col\u00b7laboradores<\/p>\n<\/div>\n<\/div>\n\n\n\n<div class=\"wp-block-columns alignfull has-background is-layout-flex wp-container-core-columns-is-layout-9d6595d7 wp-block-columns-is-layout-flex\" style=\"background:linear-gradient(135deg,rgb(255,235,219) 0%,rgb(255,235,219) 100%)\">\n<div class=\"wp-block-column is-layout-flow wp-block-column-is-layout-flow\">\n<h2 class=\"wp-block-heading has-text-align-center has-larger-font-size\">Objectius<\/h2>\n\n\n\n<div class=\"wp-block-columns alignwide is-layout-flex wp-container-core-columns-is-layout-9d6595d7 wp-block-columns-is-layout-flex\">\n<div class=\"wp-block-column is-layout-flow wp-block-column-is-layout-flow\">\n<p class=\"has-text-align-center\">Impulsar les potencialitats de la comunitat investigadora, de la UAB, en l&#8217;\u00e0mbit de l&#8217;Educaci\u00f3 i l&#8217;Ocupabilitat <\/p>\n<\/div>\n\n\n\n<div class=\"wp-block-column is-layout-flow wp-block-column-is-layout-flow\">\n<p class=\"has-text-align-center\">Articular i visibilitzar la transfer\u00e8ncia i la innovaci\u00f3 de coneixement per donar resposta a reptes socials complexos. <\/p>\n<\/div>\n\n\n\n<div class=\"wp-block-column is-layout-flow wp-block-column-is-layout-flow\">\n<p class=\"has-text-align-center\">&nbsp;Generar noves sin\u00e8rgies entre els agents socials i investigadors, en clau de quadruple h\u00e8lix. <\/p>\n<\/div>\n\n\n\n<div class=\"wp-block-column is-layout-flow wp-block-column-is-layout-flow\">\n<p class=\"has-text-align-center\">Esdevenir un node de coneixement a nivell nacional i internacional en temes de recerca, innovaci\u00f3 i transfer\u00e8ncia.<\/p>\n<\/div>\n<\/div>\n<\/div>\n<\/div>\n","protected":false},"excerpt":{"rendered":"<p>La Comunitat Orientada al Repte Estrat\u00e8gic de l&#8217;Educaci\u00f3 i Ocupabilitat dinamitza la comunitat que investiga els temes d\u2019educaci\u00f3 i ocupabilitat de la UAB i la connecta amb xarxa dels diferents agents que intervenen en l&#8217;educaci\u00f3 (empreses, administraci\u00f3 publica, societat civil i agents R+D+I). 32 Grups, centres i instituts de recerca de la UAB +40 Projectes [&hellip;]<\/p>\n","protected":false},"author":1541,"featured_media":0,"parent":0,"menu_order":0,"comment_status":"closed","ping_status":"closed","template":"","meta":{"footnotes":""},"class_list":["post-2","page","type-page","status-publish","hentry"],"_links":{"self":[{"href":"https:\/\/webs.uab.cat\/core-educacio\/wp-json\/wp\/v2\/pages\/2","targetHints":{"allow":["GET"]}}],"collection":[{"href":"https:\/\/webs.uab.cat\/core-educacio\/wp-json\/wp\/v2\/pages"}],"about":[{"href":"https:\/\/webs.uab.cat\/core-educacio\/wp-json\/wp\/v2\/types\/page"}],"author":[{"embeddable":true,"href":"https:\/\/webs.uab.cat\/core-educacio\/wp-json\/wp\/v2\/users\/1541"}],"replies":[{"embeddable":true,"href":"https:\/\/webs.uab.cat\/core-educacio\/wp-json\/wp\/v2\/comments?post=2"}],"version-history":[{"count":14,"href":"https:\/\/webs.uab.cat\/core-educacio\/wp-json\/wp\/v2\/pages\/2\/revisions"}],"predecessor-version":[{"id":93,"href":"https:\/\/webs.uab.cat\/core-educacio\/wp-json\/wp\/v2\/pages\/2\/revisions\/93"}],"wp:attachment":[{"href":"https:\/\/webs.uab.cat\/core-educacio\/wp-json\/wp\/v2\/media?parent=2"}],"curies":[{"name":"wp","href":"https:\/\/api.w.org\/{rel}","templated":true}]}}