{"id":25,"date":"2024-09-17T12:57:14","date_gmt":"2024-09-17T10:57:14","guid":{"rendered":"https:\/\/webs.uab.cat\/core-educacio\/?page_id=25"},"modified":"2025-06-12T12:11:05","modified_gmt":"2025-06-12T10:11:05","slug":"membres","status":"publish","type":"page","link":"https:\/\/webs.uab.cat\/core-educacio\/membres\/","title":{"rendered":"Membres"},"content":{"rendered":"\n<p>Les\u00a0<a href=\"https:\/\/www.uab.cat\/web\/investigar\/cores-uab-1345841943196.html\" target=\"_blank\" rel=\"noreferrer noopener\">CORE<\/a>s\u00a0s\u00f3n xarxes de recerca, generadores de coneixement, formades per grups i centres de recerca de l&#8217;entorn del Campus d\u2019Excel\u00b7l\u00e8ncia Internacional de la UAB, aix\u00ed com d&#8217;agents del territori implicats en la resoluci\u00f3 dels reptes estrat\u00e8gics (administracions, ciutadania, empreses, etc.) Aquestes xarxes pretenen ser un instrument impulsor de les potencialitats en recerca i transfer\u00e8ncia (a la ind\u00fastria i a la societat en general), dins d\u2019un \u00e0mbit cr\u00edtic i amb un node de refer\u00e8ncia a escala nacional i europea.<\/p>\n\n\n\n<p>Les noves pol\u00edtiques en mat\u00e8ria de recerca proposen el valor de la recerca interdisciplin\u00e0ria amb participaci\u00f3 de la qu\u00e0druple h\u00e8lix, on ciutadania, agents socials, administraci\u00f3 p\u00fablica i m\u00f3n acad\u00e8mic treballin conjuntament per donar resposta als reptes complexos que se&#8217;ns presenten.<\/p>\n","protected":false},"excerpt":{"rendered":"<p>Les\u00a0COREs\u00a0s\u00f3n xarxes de recerca, generadores de coneixement, formades per grups i centres de recerca de l&#8217;entorn del Campus d\u2019Excel\u00b7l\u00e8ncia Internacional de la UAB, aix\u00ed com d&#8217;agents del territori implicats en la resoluci\u00f3 dels reptes estrat\u00e8gics (administracions, ciutadania, empreses, etc.) Aquestes xarxes pretenen ser un instrument impulsor de les potencialitats en recerca i transfer\u00e8ncia (a la [&hellip;]<\/p>\n","protected":false},"author":1541,"featured_media":0,"parent":0,"menu_order":1,"comment_status":"closed","ping_status":"closed","template":"","meta":{"footnotes":""},"class_list":["post-25","page","type-page","status-publish","hentry"],"_links":{"self":[{"href":"https:\/\/webs.uab.cat\/core-educacio\/wp-json\/wp\/v2\/pages\/25","targetHints":{"allow":["GET"]}}],"collection":[{"href":"https:\/\/webs.uab.cat\/core-educacio\/wp-json\/wp\/v2\/pages"}],"about":[{"href":"https:\/\/webs.uab.cat\/core-educacio\/wp-json\/wp\/v2\/types\/page"}],"author":[{"embeddable":true,"href":"https:\/\/webs.uab.cat\/core-educacio\/wp-json\/wp\/v2\/users\/1541"}],"replies":[{"embeddable":true,"href":"https:\/\/webs.uab.cat\/core-educacio\/wp-json\/wp\/v2\/comments?post=25"}],"version-history":[{"count":2,"href":"https:\/\/webs.uab.cat\/core-educacio\/wp-json\/wp\/v2\/pages\/25\/revisions"}],"predecessor-version":[{"id":64,"href":"https:\/\/webs.uab.cat\/core-educacio\/wp-json\/wp\/v2\/pages\/25\/revisions\/64"}],"wp:attachment":[{"href":"https:\/\/webs.uab.cat\/core-educacio\/wp-json\/wp\/v2\/media?parent=25"}],"curies":[{"name":"wp","href":"https:\/\/api.w.org\/{rel}","templated":true}]}}