{"id":38,"date":"2024-09-17T13:06:59","date_gmt":"2024-09-17T11:06:59","guid":{"rendered":"https:\/\/webs.uab.cat\/core-educacio\/?page_id=38"},"modified":"2025-07-04T10:18:28","modified_gmt":"2025-07-04T08:18:28","slug":"centres-esfera-uab","status":"publish","type":"page","link":"https:\/\/webs.uab.cat\/core-educacio\/membres\/centres-esfera-uab\/","title":{"rendered":"Centres Esfera UAB"},"content":{"rendered":"\n<p><br><strong>INSTITUTS<\/strong><br><a href=\"http:\/\/iet.uab.cat\/\" target=\"_blank\" rel=\"noreferrer noopener\">IET-Institut d&#8217;Estudis del Treball<\/a><br>DRELATES-Drets dels Treballadors Espanyols i Estrangers<br><a href=\"http:\/\/quit.uab.cat\/\" target=\"_blank\" rel=\"noreferrer noopener\">QUIT-Centre d&#8217;Estudis Sociol\u00f2gics sobre la Vida Quotidiana i el Treball<\/a><br><a href=\"https:\/\/igop.uab.cat\/\" target=\"_blank\" rel=\"noreferrer noopener\">IGOP-Institut de Govern i pol\u00edtiques publiques<\/a><br><a href=\"https:\/\/www.urgocis.net\/\" target=\"_blank\" rel=\"noreferrer noopener\">URGOCIS-Research Group on Urban Governance, Commons, Internet and Social Innovation<\/a><br><a href=\"https:\/\/www.agapp.cat\/\" target=\"_blank\" rel=\"noreferrer noopener\">AGAPP-Grup recerca an\u00e0lisi, gesti\u00f3 i avaluaci\u00f3 de pol\u00edtiques publiques<\/a><\/p>\n\n\n\n<p><strong>CENTRES DE RECERCA<\/strong><br><a href=\"http:\/\/ced.uab.es\/\" target=\"_blank\" rel=\"noreferrer noopener\">CED-Centre d&#8217;Estudis Demogr\u00e0fics<\/a><br><a href=\"http:\/\/www.cermigracions.org\/\" target=\"_blank\" rel=\"noreferrer noopener\">CER Migracions<\/a><br>CERSIN &#8211; Centre d&#8217;Estudis i Recerca per a una Societat Inclusiva&nbsp;&nbsp;&nbsp;&nbsp;<br>CREIS-Centre d&#8217;Estudis de recerca en emprenedoria i innovaci\u00f3 social<br><a href=\"https:\/\/crecim.cat\/\" target=\"_blank\" rel=\"noreferrer noopener\">CRECIM-Centre de Recerca per a l&#8217;educaci\u00f3 cient\u00edfica i matem\u00e0tica<\/a><br><a href=\"https:\/\/edo.uab.cat\/\" target=\"_blank\" rel=\"noreferrer noopener\">CRiEDO-&nbsp;Centre de recerca i estudis pel desenvolupament organitzatiu<\/a><br><a href=\"http:\/\/grupsderecerca.uab.cat\/gedime\/\" target=\"_blank\" rel=\"noreferrer noopener\">GEDIME-Grup Estudis d&#8217;immigraci\u00f3 i minories \u00e8tniques<\/a><br><a href=\"http:\/\/grupsderecerca.uab.cat\/emigra\/\" target=\"_blank\" rel=\"noreferrer noopener\">EMIGRA-Educaci\u00f3, Migracions, Inf\u00e0ncia, Grup, Recerca, Antropologia<\/a><br>Institut de Dret P\u00fablic de Barcelona<\/p>\n\n\n\n<p><strong>SERVEIS CIENT\u00cdFICOT\u00c8CNICS<\/strong><br><a href=\"http:\/\/sct.uab.cat\/spl\/\" target=\"_blank\" rel=\"noreferrer noopener\">Servei de psicologia i logop\u00e8dia (SPL)<\/a><\/p>\n\n\n\n<p><strong>ALTRES<\/strong><\/p>\n\n\n\n<ul class=\"wp-block-list\">\n<li><a href=\"https:\/\/www.uab.cat\/alumni\/\" target=\"_blank\" rel=\"noreferrer noopener\">Alumni UAB<\/a><\/li>\n\n\n\n<li><a href=\"https:\/\/www.uab.cat\/ca\/emprenedoria\">Empren UAB<\/a><\/li>\n\n\n\n<li><a href=\"https:\/\/www.uab.cat\/web\/fundacio-autonoma-solidaria-1345780033395.html\">Fundaci\u00f3 Aut\u00f2noma Solid\u00e0ria<\/a><\/li>\n\n\n\n<li><a href=\"https:\/\/www.uab.cat\/ca\/ice\" target=\"_blank\" rel=\"noreferrer noopener\">Institut de Ci\u00e8ncies de l&#8217;Educaci\u00f3<\/a><\/li>\n\n\n\n<li><a href=\"https:\/\/www.uab.cat\/parc-recerca\/\" target=\"_blank\" rel=\"noreferrer noopener\">Parc de Recerca UAB<\/a><\/li>\n\n\n\n<li><a href=\"https:\/\/www.uab.cat\/ca\/ocupabilitat\">Servei Ocupabilitat UAB<\/a><\/li>\n\n\n\n<li><a href=\"https:\/\/accesscat.net\/ca\" data-type=\"link\" data-id=\"https:\/\/accesscat.net\/ca\">Xarxa AccesCAt<\/a><\/li>\n\n\n\n<li><a href=\"https:\/\/www.linkedin.com\/company\/hubb30\/?originalSubdomain=es\">Hub B30<\/a><\/li>\n<\/ul>\n","protected":false},"excerpt":{"rendered":"<p>INSTITUTSIET-Institut d&#8217;Estudis del TreballDRELATES-Drets dels Treballadors Espanyols i EstrangersQUIT-Centre d&#8217;Estudis Sociol\u00f2gics sobre la Vida Quotidiana i el TreballIGOP-Institut de Govern i pol\u00edtiques publiquesURGOCIS-Research Group on Urban Governance, Commons, Internet and Social InnovationAGAPP-Grup recerca an\u00e0lisi, gesti\u00f3 i avaluaci\u00f3 de pol\u00edtiques publiques CENTRES DE RECERCACED-Centre d&#8217;Estudis Demogr\u00e0ficsCER MigracionsCERSIN &#8211; Centre d&#8217;Estudis i Recerca per a una Societat [&hellip;]<\/p>\n","protected":false},"author":1541,"featured_media":0,"parent":25,"menu_order":2,"comment_status":"closed","ping_status":"closed","template":"","meta":{"footnotes":""},"class_list":["post-38","page","type-page","status-publish","hentry"],"_links":{"self":[{"href":"https:\/\/webs.uab.cat\/core-educacio\/wp-json\/wp\/v2\/pages\/38","targetHints":{"allow":["GET"]}}],"collection":[{"href":"https:\/\/webs.uab.cat\/core-educacio\/wp-json\/wp\/v2\/pages"}],"about":[{"href":"https:\/\/webs.uab.cat\/core-educacio\/wp-json\/wp\/v2\/types\/page"}],"author":[{"embeddable":true,"href":"https:\/\/webs.uab.cat\/core-educacio\/wp-json\/wp\/v2\/users\/1541"}],"replies":[{"embeddable":true,"href":"https:\/\/webs.uab.cat\/core-educacio\/wp-json\/wp\/v2\/comments?post=38"}],"version-history":[{"count":8,"href":"https:\/\/webs.uab.cat\/core-educacio\/wp-json\/wp\/v2\/pages\/38\/revisions"}],"predecessor-version":[{"id":204,"href":"https:\/\/webs.uab.cat\/core-educacio\/wp-json\/wp\/v2\/pages\/38\/revisions\/204"}],"up":[{"embeddable":true,"href":"https:\/\/webs.uab.cat\/core-educacio\/wp-json\/wp\/v2\/pages\/25"}],"wp:attachment":[{"href":"https:\/\/webs.uab.cat\/core-educacio\/wp-json\/wp\/v2\/media?parent=38"}],"curies":[{"name":"wp","href":"https:\/\/api.w.org\/{rel}","templated":true}]}}