{"id":52,"date":"2024-09-18T13:29:41","date_gmt":"2024-09-18T11:29:41","guid":{"rendered":"https:\/\/webs.uab.cat\/core-educacio\/?page_id=52"},"modified":"2025-04-23T12:26:34","modified_gmt":"2025-04-23T10:26:34","slug":"actualitat","status":"publish","type":"page","link":"https:\/\/webs.uab.cat\/core-educacio\/actualitat\/","title":{"rendered":"Actualitat"},"content":{"rendered":"\n<div class=\"wp-block-query alignfull is-layout-flow wp-block-query-is-layout-flow\"><ul class=\"columns-2 alignwide wp-block-post-template is-layout-grid wp-container-core-post-template-is-layout-17361a50 wp-block-post-template-is-layout-grid\"><li class=\"wp-block-post post-226 post type-post status-publish format-standard has-post-thumbnail hentry category-noticia\">\n\n<div class=\"wp-block-group is-nowrap is-layout-flex wp-container-core-group-is-layout-ad2f72ca wp-block-group-is-layout-flex\">\n<div class=\"wp-block-columns is-layout-flex wp-container-core-columns-is-layout-9d6595d7 wp-block-columns-is-layout-flex\">\n<div class=\"wp-block-column is-layout-flow wp-block-column-is-layout-flow\" style=\"flex-basis:100%\"><\/div>\n<\/div>\n\n\n\n<div class=\"wp-block-group is-vertical is-layout-flex wp-container-core-group-is-layout-8cf370e7 wp-block-group-is-layout-flex\"><div class=\"wp-block-post-date has-small-font-size\"><time datetime=\"2025-12-10T12:53:31+02:00\">10 des. 2025<\/time><\/div>\n\n\n<div class=\"wp-block-columns is-layout-flex wp-container-core-columns-is-layout-9d6595d7 wp-block-columns-is-layout-flex\">\n<div class=\"wp-block-column is-layout-flow wp-block-column-is-layout-flow\" style=\"flex-basis:100%\"><figure style=\"aspect-ratio:16\/9;\" class=\"wp-block-post-featured-image\"><a href=\"https:\/\/webs.uab.cat\/core-educacio\/2025\/12\/10\/la-uab-i-el-citilab-de-cornella-impulsen-una-experiencia-daprenentatge-basada-en-el-joc-i-el-descobriment\/\" target=\"_self\"  ><img loading=\"lazy\" decoding=\"async\" width=\"840\" height=\"630\" src=\"https:\/\/webs.uab.cat\/core-educacio\/wp-content\/uploads\/sites\/574\/2025\/12\/image_SemiorLab.jpg\" class=\"attachment-post-thumbnail size-post-thumbnail wp-post-image\" alt=\"La UAB i el Citilab de Cornell\u00e0 impulsen una experi\u00e8ncia d\u2019aprenentatge basada en el joc i el descobriment\" style=\"width:100%;height:100%;object-fit:cover;\" srcset=\"https:\/\/webs.uab.cat\/core-educacio\/wp-content\/uploads\/sites\/574\/2025\/12\/image_SemiorLab.jpg 840w, https:\/\/webs.uab.cat\/core-educacio\/wp-content\/uploads\/sites\/574\/2025\/12\/image_SemiorLab-300x225.jpg 300w, https:\/\/webs.uab.cat\/core-educacio\/wp-content\/uploads\/sites\/574\/2025\/12\/image_SemiorLab-768x576.jpg 768w\" sizes=\"auto, (max-width: 840px) 100vw, 840px\" \/><\/a><\/figure><\/div>\n<\/div>\n\n\n<h2 class=\"wp-block-post-title has-large-font-size\">La UAB i el Citilab de Cornell\u00e0 impulsen una experi\u00e8ncia d\u2019aprenentatge basada en el joc i el descobriment<\/h2>\n\n<div class=\"wp-block-post-excerpt\"><p class=\"wp-block-post-excerpt__excerpt\">El passat 18 i 20 de novembre de 2025, els UAB Open Labs van rebre la visita de 32 membre del SeniorLab del Citilab de Cornell\u00e0 en el marc d\u2019una experi\u00e8ncia d\u2019aprenentatge orientada a explorar&hellip;<\/p><p class=\"wp-block-post-excerpt__more-text\"><a class=\"wp-block-post-excerpt__more-link\" href=\"https:\/\/webs.uab.cat\/core-educacio\/2025\/12\/10\/la-uab-i-el-citilab-de-cornella-impulsen-una-experiencia-daprenentatge-basada-en-el-joc-i-el-descobriment\/\">Read more<\/a><\/p><\/div><\/div>\n<\/div>\n\n\n\n<div class=\"wp-block-columns is-layout-flex wp-container-core-columns-is-layout-9d6595d7 wp-block-columns-is-layout-flex\">\n<div class=\"wp-block-column is-layout-flow wp-block-column-is-layout-flow\"><\/div>\n\n\n\n<div class=\"wp-block-column is-layout-flow wp-block-column-is-layout-flow\"><\/div>\n<\/div>\n\n<\/li><li class=\"wp-block-post post-212 post type-post status-publish format-standard has-post-thumbnail hentry category-noticia\">\n\n<div class=\"wp-block-group is-nowrap is-layout-flex wp-container-core-group-is-layout-ad2f72ca wp-block-group-is-layout-flex\">\n<div class=\"wp-block-columns is-layout-flex wp-container-core-columns-is-layout-9d6595d7 wp-block-columns-is-layout-flex\">\n<div class=\"wp-block-column is-layout-flow wp-block-column-is-layout-flow\" style=\"flex-basis:100%\"><\/div>\n<\/div>\n\n\n\n<div class=\"wp-block-group is-vertical is-layout-flex wp-container-core-group-is-layout-8cf370e7 wp-block-group-is-layout-flex\"><div class=\"wp-block-post-date has-small-font-size\"><time datetime=\"2025-11-26T10:38:51+02:00\">26 nov. 2025<\/time><\/div>\n\n\n<div class=\"wp-block-columns is-layout-flex wp-container-core-columns-is-layout-9d6595d7 wp-block-columns-is-layout-flex\">\n<div class=\"wp-block-column is-layout-flow wp-block-column-is-layout-flow\" style=\"flex-basis:100%\"><figure style=\"aspect-ratio:16\/9;\" class=\"wp-block-post-featured-image\"><a href=\"https:\/\/webs.uab.cat\/core-educacio\/2025\/11\/26\/la-uab-presenta-noves-eines-educatives-per-formar-en-sostenibilitat-i-economia-circular\/\" target=\"_self\"  ><img loading=\"lazy\" decoding=\"async\" width=\"1200\" height=\"900\" src=\"https:\/\/webs.uab.cat\/core-educacio\/wp-content\/uploads\/sites\/574\/2025\/11\/IMG_8342-1200x900.jpg\" class=\"attachment-post-thumbnail size-post-thumbnail wp-post-image\" alt=\"La UAB presenta noves eines educatives per formar en sostenibilitat i economia circular\" style=\"width:100%;height:100%;object-fit:cover;\" srcset=\"https:\/\/webs.uab.cat\/core-educacio\/wp-content\/uploads\/sites\/574\/2025\/11\/IMG_8342-1200x900.jpg 1200w, https:\/\/webs.uab.cat\/core-educacio\/wp-content\/uploads\/sites\/574\/2025\/11\/IMG_8342-300x225.jpg 300w, https:\/\/webs.uab.cat\/core-educacio\/wp-content\/uploads\/sites\/574\/2025\/11\/IMG_8342-1024x768.jpg 1024w, https:\/\/webs.uab.cat\/core-educacio\/wp-content\/uploads\/sites\/574\/2025\/11\/IMG_8342-768x576.jpg 768w, https:\/\/webs.uab.cat\/core-educacio\/wp-content\/uploads\/sites\/574\/2025\/11\/IMG_8342-1536x1152.jpg 1536w, https:\/\/webs.uab.cat\/core-educacio\/wp-content\/uploads\/sites\/574\/2025\/11\/IMG_8342-2048x1536.jpg 2048w, https:\/\/webs.uab.cat\/core-educacio\/wp-content\/uploads\/sites\/574\/2025\/11\/IMG_8342-1980x1485.jpg 1980w\" sizes=\"auto, (max-width: 1200px) 100vw, 1200px\" \/><\/a><\/figure><\/div>\n<\/div>\n\n\n<h2 class=\"wp-block-post-title has-large-font-size\">La UAB presenta noves eines educatives per formar en sostenibilitat i economia circular<\/h2>\n\n<div class=\"wp-block-post-excerpt\"><p class=\"wp-block-post-excerpt__excerpt\">El projecte Erasmus+&nbsp;SustainEd&nbsp;culmina despr\u00e9s de dos anys de treball col\u00b7laboratiu entre universitats i empreses europees. La UAB, com a s\u00f2cia activa del projecte, ha participat en el desenvolupament de noves eines educatives que promouen l\u2019aprenentatge&hellip;<\/p><p class=\"wp-block-post-excerpt__more-text\"><a class=\"wp-block-post-excerpt__more-link\" href=\"https:\/\/webs.uab.cat\/core-educacio\/2025\/11\/26\/la-uab-presenta-noves-eines-educatives-per-formar-en-sostenibilitat-i-economia-circular\/\">Read more<\/a><\/p><\/div><\/div>\n<\/div>\n\n\n\n<div class=\"wp-block-columns is-layout-flex wp-container-core-columns-is-layout-9d6595d7 wp-block-columns-is-layout-flex\">\n<div class=\"wp-block-column is-layout-flow wp-block-column-is-layout-flow\"><\/div>\n\n\n\n<div class=\"wp-block-column is-layout-flow wp-block-column-is-layout-flow\"><\/div>\n<\/div>\n\n<\/li><li class=\"wp-block-post post-193 post type-post status-publish format-standard has-post-thumbnail hentry category-noticia\">\n\n<div class=\"wp-block-group is-nowrap is-layout-flex wp-container-core-group-is-layout-ad2f72ca wp-block-group-is-layout-flex\">\n<div class=\"wp-block-columns is-layout-flex wp-container-core-columns-is-layout-9d6595d7 wp-block-columns-is-layout-flex\">\n<div class=\"wp-block-column is-layout-flow wp-block-column-is-layout-flow\" style=\"flex-basis:100%\"><\/div>\n<\/div>\n\n\n\n<div class=\"wp-block-group is-vertical is-layout-flex wp-container-core-group-is-layout-8cf370e7 wp-block-group-is-layout-flex\"><div class=\"wp-block-post-date has-small-font-size\"><time datetime=\"2025-07-04T10:04:50+02:00\">4 jul. 2025<\/time><\/div>\n\n\n<div class=\"wp-block-columns is-layout-flex wp-container-core-columns-is-layout-9d6595d7 wp-block-columns-is-layout-flex\">\n<div class=\"wp-block-column is-layout-flow wp-block-column-is-layout-flow\" style=\"flex-basis:100%\"><figure style=\"aspect-ratio:16\/9;\" class=\"wp-block-post-featured-image\"><a href=\"https:\/\/webs.uab.cat\/core-educacio\/2025\/07\/04\/jornada-tancament-curs-2024-25-cise-de-palau-solita-i-plegamans\/\" target=\"_self\"  ><img loading=\"lazy\" decoding=\"async\" width=\"1200\" height=\"802\" src=\"https:\/\/webs.uab.cat\/core-educacio\/wp-content\/uploads\/sites\/574\/2025\/07\/grupal_2024_25-1200x802.jpg\" class=\"attachment-post-thumbnail size-post-thumbnail wp-post-image\" alt=\"Jornada tancament, curs 2024-25, CISE de Palau-solit\u00e0 i Plegamans\" style=\"width:100%;height:100%;object-fit:cover;\" srcset=\"https:\/\/webs.uab.cat\/core-educacio\/wp-content\/uploads\/sites\/574\/2025\/07\/grupal_2024_25-1200x802.jpg 1200w, https:\/\/webs.uab.cat\/core-educacio\/wp-content\/uploads\/sites\/574\/2025\/07\/grupal_2024_25-300x201.jpg 300w, https:\/\/webs.uab.cat\/core-educacio\/wp-content\/uploads\/sites\/574\/2025\/07\/grupal_2024_25-1024x684.jpg 1024w, https:\/\/webs.uab.cat\/core-educacio\/wp-content\/uploads\/sites\/574\/2025\/07\/grupal_2024_25-768x513.jpg 768w, https:\/\/webs.uab.cat\/core-educacio\/wp-content\/uploads\/sites\/574\/2025\/07\/grupal_2024_25-1536x1027.jpg 1536w, https:\/\/webs.uab.cat\/core-educacio\/wp-content\/uploads\/sites\/574\/2025\/07\/grupal_2024_25-2048x1369.jpg 2048w, https:\/\/webs.uab.cat\/core-educacio\/wp-content\/uploads\/sites\/574\/2025\/07\/grupal_2024_25-1980x1324.jpg 1980w\" sizes=\"auto, (max-width: 1200px) 100vw, 1200px\" \/><\/a><\/figure><\/div>\n<\/div>\n\n\n<h2 class=\"wp-block-post-title has-large-font-size\">Jornada tancament, curs 2024-25, CISE de Palau-solit\u00e0 i Plegamans<\/h2>\n\n<div class=\"wp-block-post-excerpt\"><p class=\"wp-block-post-excerpt__excerpt\">Estudiants de la UAB presenten propostes educatives i patrimonials arrelades al territori en una jornada de retorn a Palau-solit\u00e0 i Plegamans Palau-solit\u00e0 i Plegamans, juny de 2025La Biblioteca de la Alsina va acollir aquesta setmana&hellip;<\/p><p class=\"wp-block-post-excerpt__more-text\"><a class=\"wp-block-post-excerpt__more-link\" href=\"https:\/\/webs.uab.cat\/core-educacio\/2025\/07\/04\/jornada-tancament-curs-2024-25-cise-de-palau-solita-i-plegamans\/\">Read more<\/a><\/p><\/div><\/div>\n<\/div>\n\n\n\n<div class=\"wp-block-columns is-layout-flex wp-container-core-columns-is-layout-9d6595d7 wp-block-columns-is-layout-flex\">\n<div class=\"wp-block-column is-layout-flow wp-block-column-is-layout-flow\"><\/div>\n\n\n\n<div class=\"wp-block-column is-layout-flow wp-block-column-is-layout-flow\"><\/div>\n<\/div>\n\n<\/li><li class=\"wp-block-post post-162 post type-post status-publish format-standard has-post-thumbnail hentry category-noticia\">\n\n<div class=\"wp-block-group is-nowrap is-layout-flex wp-container-core-group-is-layout-ad2f72ca wp-block-group-is-layout-flex\">\n<div class=\"wp-block-columns is-layout-flex wp-container-core-columns-is-layout-9d6595d7 wp-block-columns-is-layout-flex\">\n<div class=\"wp-block-column is-layout-flow wp-block-column-is-layout-flow\" style=\"flex-basis:100%\"><\/div>\n<\/div>\n\n\n\n<div class=\"wp-block-group is-vertical is-layout-flex wp-container-core-group-is-layout-8cf370e7 wp-block-group-is-layout-flex\"><div class=\"wp-block-post-date has-small-font-size\"><time datetime=\"2025-06-12T09:24:31+02:00\">12 juny 2025<\/time><\/div>\n\n\n<div class=\"wp-block-columns is-layout-flex wp-container-core-columns-is-layout-9d6595d7 wp-block-columns-is-layout-flex\">\n<div class=\"wp-block-column is-layout-flow wp-block-column-is-layout-flow\" style=\"flex-basis:100%\"><figure style=\"aspect-ratio:16\/9;\" class=\"wp-block-post-featured-image\"><a href=\"https:\/\/webs.uab.cat\/core-educacio\/2025\/06\/12\/investigadors-europeus-visiten-la-uab-per-coneixer-metodologies-dinnovacio-oberta-per-impulsar-leconomia-circular\/\" target=\"_self\"  ><img loading=\"lazy\" decoding=\"async\" width=\"1200\" height=\"718\" src=\"https:\/\/webs.uab.cat\/core-educacio\/wp-content\/uploads\/sites\/574\/2025\/06\/pictgure4_2025_05_27-1-1200x718.jpeg\" class=\"attachment-post-thumbnail size-post-thumbnail wp-post-image\" alt=\"Investigadors europeus visiten la UAB per con\u00e8ixer metodologies d&#8217;innovaci\u00f3 oberta per impulsar l&#8217;economia circular\" style=\"width:100%;height:100%;object-fit:cover;\" srcset=\"https:\/\/webs.uab.cat\/core-educacio\/wp-content\/uploads\/sites\/574\/2025\/06\/pictgure4_2025_05_27-1-1200x718.jpeg 1200w, https:\/\/webs.uab.cat\/core-educacio\/wp-content\/uploads\/sites\/574\/2025\/06\/pictgure4_2025_05_27-1-300x180.jpeg 300w, https:\/\/webs.uab.cat\/core-educacio\/wp-content\/uploads\/sites\/574\/2025\/06\/pictgure4_2025_05_27-1-1024x613.jpeg 1024w, https:\/\/webs.uab.cat\/core-educacio\/wp-content\/uploads\/sites\/574\/2025\/06\/pictgure4_2025_05_27-1-768x460.jpeg 768w, https:\/\/webs.uab.cat\/core-educacio\/wp-content\/uploads\/sites\/574\/2025\/06\/pictgure4_2025_05_27-1.jpeg 1500w\" sizes=\"auto, (max-width: 1200px) 100vw, 1200px\" \/><\/a><\/figure><\/div>\n<\/div>\n\n\n<h2 class=\"wp-block-post-title has-large-font-size\">Investigadors europeus visiten la UAB per con\u00e8ixer metodologies d&#8217;innovaci\u00f3 oberta per impulsar l&#8217;economia circular<\/h2>\n\n<div class=\"wp-block-post-excerpt\"><p class=\"wp-block-post-excerpt__excerpt\">Del 26 al 29 de maig de 2025, la UAB ha estat l\u2019escenari d\u2019unes jornades d\u2019aprenentatge, ensenyament i formaci\u00f3 en el marc del projecte Erasmus+&nbsp;SustainEd, que t\u00e9 com a objectiu millorar les compet\u00e8ncies dels estudiants&hellip;<\/p><p class=\"wp-block-post-excerpt__more-text\"><a class=\"wp-block-post-excerpt__more-link\" href=\"https:\/\/webs.uab.cat\/core-educacio\/2025\/06\/12\/investigadors-europeus-visiten-la-uab-per-coneixer-metodologies-dinnovacio-oberta-per-impulsar-leconomia-circular\/\">Read more<\/a><\/p><\/div><\/div>\n<\/div>\n\n\n\n<div class=\"wp-block-columns is-layout-flex wp-container-core-columns-is-layout-9d6595d7 wp-block-columns-is-layout-flex\">\n<div class=\"wp-block-column is-layout-flow wp-block-column-is-layout-flow\"><\/div>\n\n\n\n<div class=\"wp-block-column is-layout-flow wp-block-column-is-layout-flow\"><\/div>\n<\/div>\n\n<\/li><\/ul>\n\n<nav class=\"wp-block-query-pagination is-content-justification-center is-layout-flex wp-container-core-query-pagination-is-layout-16018d1d wp-block-query-pagination-is-layout-flex\" aria-label=\"Paginaci\u00f3\">\n\n\n<div class=\"wp-block-query-pagination-numbers\"><span aria-current=\"page\" class=\"page-numbers current\">1<\/span>\n<a class=\"page-numbers\" href=\"?query-27-page=2\">2<\/a><\/div>\n\n<a href=\"\/core-educacio\/wp-json\/wp\/v2\/pages\/52?query-27-page=2\" class=\"wp-block-query-pagination-next\">P\u00e0gina seg\u00fcent<\/a>\n<\/nav>\n\n<\/div>\n","protected":false},"excerpt":{"rendered":"","protected":false},"author":1541,"featured_media":0,"parent":0,"menu_order":4,"comment_status":"closed","ping_status":"closed","template":"","meta":{"footnotes":""},"class_list":["post-52","page","type-page","status-publish","hentry"],"_links":{"self":[{"href":"https:\/\/webs.uab.cat\/core-educacio\/wp-json\/wp\/v2\/pages\/52","targetHints":{"allow":["GET"]}}],"collection":[{"href":"https:\/\/webs.uab.cat\/core-educacio\/wp-json\/wp\/v2\/pages"}],"about":[{"href":"https:\/\/webs.uab.cat\/core-educacio\/wp-json\/wp\/v2\/types\/page"}],"author":[{"embeddable":true,"href":"https:\/\/webs.uab.cat\/core-educacio\/wp-json\/wp\/v2\/users\/1541"}],"replies":[{"embeddable":true,"href":"https:\/\/webs.uab.cat\/core-educacio\/wp-json\/wp\/v2\/comments?post=52"}],"version-history":[{"count":11,"href":"https:\/\/webs.uab.cat\/core-educacio\/wp-json\/wp\/v2\/pages\/52\/revisions"}],"predecessor-version":[{"id":147,"href":"https:\/\/webs.uab.cat\/core-educacio\/wp-json\/wp\/v2\/pages\/52\/revisions\/147"}],"wp:attachment":[{"href":"https:\/\/webs.uab.cat\/core-educacio\/wp-json\/wp\/v2\/media?parent=52"}],"curies":[{"name":"wp","href":"https:\/\/api.w.org\/{rel}","templated":true}]}}