{"id":54,"date":"2024-09-18T13:47:10","date_gmt":"2024-09-18T11:47:10","guid":{"rendered":"https:\/\/webs.uab.cat\/core-educacio\/?page_id=54"},"modified":"2024-09-18T14:07:05","modified_gmt":"2024-09-18T12:07:05","slug":"objectius-i-linies-estrategiques","status":"publish","type":"page","link":"https:\/\/webs.uab.cat\/core-educacio\/core\/objectius-i-linies-estrategiques\/","title":{"rendered":"Objectius i linies estrat\u00e8giques"},"content":{"rendered":"\n<p>Els principals objectius de la comunitat s\u00f3n:<\/p>\n\n\n\n<ul class=\"wp-block-list\">\n<li>Fer visible la tasca investigadora dels membres de la CORE en la transfer\u00e8ncia de coneixement. Amb l\u2019objectiu de contribuir a l\u2019aven\u00e7 de la societat, donar resposta als reptes socials i fer difusi\u00f3 de les seves investigacions.<\/li>\n\n\n\n<li>Incrementar el nombre de projectes d\u2019investigaci\u00f3, tant a nivell nacional com internacional, gr\u00e0cies, entre altres factors, a la generaci\u00f3 de noves sinergies entre agents socials i investigadors.<\/li>\n\n\n\n<li>Posar a disposici\u00f3 dels grups de recerca integrants de la CORE els recursos materials, econ\u00f2mics i humans disponibles per aconseguir nous projectes, i la transfer\u00e8ncia de la tasca investigadora al territori.<\/li>\n\n\n\n<li>Dinamitzar la comunitat que investiga els temes d\u2019Educaci\u00f3 i Ocupabilitat, sempre tenint una visi\u00f3 \u00e0mplia per tal d\u2019incorporar a la xarxa tots els agents que hi intervenen (empreses, administraci\u00f3 publica, societat civil i agents R+D+I)<\/li>\n<\/ul>\n","protected":false},"excerpt":{"rendered":"<p>Els principals objectius de la comunitat s\u00f3n:<\/p>\n","protected":false},"author":1541,"featured_media":0,"parent":56,"menu_order":1,"comment_status":"closed","ping_status":"closed","template":"","meta":{"footnotes":""},"class_list":["post-54","page","type-page","status-publish","hentry"],"_links":{"self":[{"href":"https:\/\/webs.uab.cat\/core-educacio\/wp-json\/wp\/v2\/pages\/54","targetHints":{"allow":["GET"]}}],"collection":[{"href":"https:\/\/webs.uab.cat\/core-educacio\/wp-json\/wp\/v2\/pages"}],"about":[{"href":"https:\/\/webs.uab.cat\/core-educacio\/wp-json\/wp\/v2\/types\/page"}],"author":[{"embeddable":true,"href":"https:\/\/webs.uab.cat\/core-educacio\/wp-json\/wp\/v2\/users\/1541"}],"replies":[{"embeddable":true,"href":"https:\/\/webs.uab.cat\/core-educacio\/wp-json\/wp\/v2\/comments?post=54"}],"version-history":[{"count":2,"href":"https:\/\/webs.uab.cat\/core-educacio\/wp-json\/wp\/v2\/pages\/54\/revisions"}],"predecessor-version":[{"id":65,"href":"https:\/\/webs.uab.cat\/core-educacio\/wp-json\/wp\/v2\/pages\/54\/revisions\/65"}],"up":[{"embeddable":true,"href":"https:\/\/webs.uab.cat\/core-educacio\/wp-json\/wp\/v2\/pages\/56"}],"wp:attachment":[{"href":"https:\/\/webs.uab.cat\/core-educacio\/wp-json\/wp\/v2\/media?parent=54"}],"curies":[{"name":"wp","href":"https:\/\/api.w.org\/{rel}","templated":true}]}}