{"id":56,"date":"2024-09-18T13:48:21","date_gmt":"2024-09-18T11:48:21","guid":{"rendered":"https:\/\/webs.uab.cat\/core-educacio\/?page_id=56"},"modified":"2024-09-19T07:19:14","modified_gmt":"2024-09-19T05:19:14","slug":"core","status":"publish","type":"page","link":"https:\/\/webs.uab.cat\/core-educacio\/core\/","title":{"rendered":"Educaci\u00f3 i Ocupabilitat"},"content":{"rendered":"\n<p>L&#8217;Educaci\u00f3 \u00e9s i seguir\u00e0 sent un repte que s&#8217;ha d&#8217;abordar des de diferents i m\u00faltiples perspectives socials per tal que doni resposta a les necessitats de cada moment. En la societat actual l&#8217;educaci\u00f3 ha de cobrir, en una de les seves finalitats, una perspectiva econ\u00f2mica i laboral de l&#8217;individu; imprescindible per esdevenir ciutadans lliures, aut\u00f2noms i amb esperit cr\u00edtic. Per tant en aquesta primera interacci\u00f3 trobem la complexa, per\u00f2 innegable, relaci\u00f3 entre Educaci\u00f3 i Ocupabilitat.<\/p>\n\n\n\n<p>Per altra banda, el SEPE (Servicio P\u00fablico de Empleo Estatal) d\u00f3na, entre d&#8217;altres, la seg\u00fcent definici\u00f3 d&#8217;ocupabilitat:&nbsp;<em>&#8220;Grau d\u2019adaptabilitat que demostra un individu en la consecuci\u00f3 i manteniment d&#8217;una feina, aix\u00ed com en l&#8217;actualitzaci\u00f3 de les seves compet\u00e8ncies professionals&#8221;<\/em>. En aquest sentit, el sistema educatiu en particular i l&#8217;educaci\u00f3, en termes m\u00e9s generals, ha de proporcionar habilitats, coneixements i actituds als ciutadans per tal de cobrir la demanda laboral. De nou, trobem evid\u00e8ncies de la relaci\u00f3 imprescindible entre el m\u00f3n educatiu i el m\u00f3n laboral.<\/p>\n\n\n\n<p>M\u00e9s concretament, si ens centrem en els reptes espec\u00edfics actuals que relacionen l&#8217;empleabilitat amb l&#8217;educaci\u00f3 \u00e9s evident que les noves demandes laborals posen en q\u00fcesti\u00f3 l&#8217;actual sistema educatiu. La falta de correspond\u00e8ncia (<em>mismatching<\/em>) genera efectes socials i econ\u00f2mics no desitjats com s\u00f3n el malbaratament o la fuga de talent, la subocupaci\u00f3, l&#8217;atur i el fre al desenvolupament de determinats sectors econ\u00f2mics. L&#8217;empleabilitat de les persones que es formen i que han d&#8217;exercir una professi\u00f3 \u00e9s una exig\u00e8ncia per a totes les institucions educatives i socials, i en especial per a les institucions d&#8217;educaci\u00f3 superior.<\/p>\n\n\n\n<p>\u00c9s en aquest marc on la UAB del segle XXI ha de posicionar-se per continuar sent un referent de qualitat i contribuir al desenvolupament econ\u00f2mic i social del seu entorn. Per aix\u00f2, aquesta CORE assumeix no nom\u00e9s el rol habitual d&#8217;instituci\u00f3 generadora de coneixement adre\u00e7at al repte espec\u00edfic sin\u00f3 tamb\u00e9 el d&#8217;actora indiscutible, com a part del problema i part de la soluci\u00f3.<\/p>\n","protected":false},"excerpt":{"rendered":"<p>L&#8217;Educaci\u00f3 \u00e9s i seguir\u00e0 sent un repte que s&#8217;ha d&#8217;abordar des de diferents i m\u00faltiples perspectives socials per tal que doni resposta a les necessitats de cada moment. En la societat actual l&#8217;educaci\u00f3 ha de cobrir, en una de les seves finalitats, una perspectiva econ\u00f2mica i laboral de l&#8217;individu; imprescindible per esdevenir ciutadans lliures, aut\u00f2noms [&hellip;]<\/p>\n","protected":false},"author":1541,"featured_media":0,"parent":0,"menu_order":1,"comment_status":"closed","ping_status":"closed","template":"","meta":{"footnotes":""},"class_list":["post-56","page","type-page","status-publish","hentry"],"_links":{"self":[{"href":"https:\/\/webs.uab.cat\/core-educacio\/wp-json\/wp\/v2\/pages\/56","targetHints":{"allow":["GET"]}}],"collection":[{"href":"https:\/\/webs.uab.cat\/core-educacio\/wp-json\/wp\/v2\/pages"}],"about":[{"href":"https:\/\/webs.uab.cat\/core-educacio\/wp-json\/wp\/v2\/types\/page"}],"author":[{"embeddable":true,"href":"https:\/\/webs.uab.cat\/core-educacio\/wp-json\/wp\/v2\/users\/1541"}],"replies":[{"embeddable":true,"href":"https:\/\/webs.uab.cat\/core-educacio\/wp-json\/wp\/v2\/comments?post=56"}],"version-history":[{"count":3,"href":"https:\/\/webs.uab.cat\/core-educacio\/wp-json\/wp\/v2\/pages\/56\/revisions"}],"predecessor-version":[{"id":85,"href":"https:\/\/webs.uab.cat\/core-educacio\/wp-json\/wp\/v2\/pages\/56\/revisions\/85"}],"wp:attachment":[{"href":"https:\/\/webs.uab.cat\/core-educacio\/wp-json\/wp\/v2\/media?parent=56"}],"curies":[{"name":"wp","href":"https:\/\/api.w.org\/{rel}","templated":true}]}}