{"id":59,"date":"2024-09-02T10:58:22","date_gmt":"2024-09-02T08:58:22","guid":{"rendered":"https:\/\/webs.uab.cat\/core-patrimoni\/?page_id=59"},"modified":"2024-09-05T10:26:35","modified_gmt":"2024-09-05T08:26:35","slug":"centres-esfera-uab-cei","status":"publish","type":"page","link":"https:\/\/webs.uab.cat\/core-patrimoni\/membres\/centres-esfera-uab-cei\/","title":{"rendered":"Centres Esfera UAB"},"content":{"rendered":"\n<h2 class=\"wp-block-heading\">Instituts, centres de recerca i serveis cientificot\u00e8cnics<\/h2>\n\n\n\n<p><a href=\"http:\/\/www.cells.es\/\" target=\"_blank\" rel=\"noreferrer noopener\">CELLS- Synchrotron ALBA<\/a><br><a href=\"https:\/\/www.iiia.csic.es\/\" target=\"_blank\" rel=\"noreferrer noopener\">IIIA- Institut d&#8217;Investigaci\u00f3 en Intel\u00b7lig\u00e8ncia Artificial<\/a><br><a href=\"http:\/\/www.cvc.uab.es\/\" target=\"_blank\" rel=\"noreferrer noopener\">CVC- Centre de Visi\u00f3 per Computador<\/a><br><a href=\"http:\/\/www.icp.cat\/index.php\/en\" target=\"_blank\" rel=\"noreferrer noopener\">ICP &#8211; Institut Catal\u00e0 de Paleontologia<\/a><br><a href=\"http:\/\/ligit0.uab.es\/web\/\" target=\"_blank\" rel=\"noreferrer noopener\">LIGIT- Laboratori d&#8217;Informaci\u00f3 Geogr\u00e0fica i Teledetecci\u00f3<\/a><br><a href=\"http:\/\/sct.uab.cat\/saa\/\" target=\"_blank\" rel=\"noreferrer noopener\">SAA \u2013 Servei d&#8217;An\u00e0lisis Arqueol\u00f2giques<\/a><br><a href=\"http:\/\/centresderecerca.uab.cat\/iem\/\" target=\"_blank\" rel=\"noreferrer noopener\">IEM &#8211; Institut d\u2019Estudis Medievals<\/a><br><a href=\"http:\/\/www.ced.uab.es\/\" target=\"_blank\" rel=\"noreferrer noopener\">CED &#8211; Centre d\u2019Estudis Demogr\u00e0fics<\/a><br><a href=\"http:\/\/ceo.uab.es\/\" target=\"_blank\" rel=\"noreferrer noopener\">CEO &#8211; Centre d\u2019Estudis Ol\u00edmpics<\/a><br><a href=\"http:\/\/cepap.uab.cat\/\" target=\"_blank\" rel=\"noreferrer noopener\">CEPAP &#8211; Centre d\u2019Estudis del Patrimoni Arqueol\u00f2gic de la Prehist\u00f2ria<\/a><br><a href=\"http:\/\/centresderecerca.uab.cat\/cefid\/\" target=\"_blank\" rel=\"noreferrer noopener\">CEFID &#8211; Centre d\u2019Estudis sobre les \u00c8poques Franquista i Democr\u00e0tica<\/a><br><a href=\"http:\/\/www.uab.cat\/biblioteques\/humanitats\/\">Biblioteca d\u2019Humanitats&nbsp;UAB<\/a><br><a href=\"http:\/\/sct.uab.cat\/sibhilla\/\" target=\"_blank\" rel=\"noreferrer noopener\">SIBHIL\u00b7LA &#8211; Servei d\u2019Informaci\u00f3 Bibliogr\u00e0fica i de Documentaci\u00f3 d\u2019Hist\u00f2ria, Llengua, Literatura i Art de Catalunya<\/a><\/p>\n","protected":false},"excerpt":{"rendered":"<p>Instituts, centres de recerca i serveis cientificot\u00e8cnics CELLS- Synchrotron ALBAIIIA- Institut d&#8217;Investigaci\u00f3 en Intel\u00b7lig\u00e8ncia ArtificialCVC- Centre de Visi\u00f3 per ComputadorICP &#8211; Institut Catal\u00e0 de PaleontologiaLIGIT- Laboratori d&#8217;Informaci\u00f3 Geogr\u00e0fica i Teledetecci\u00f3SAA \u2013 Servei d&#8217;An\u00e0lisis Arqueol\u00f2giquesIEM &#8211; Institut d\u2019Estudis MedievalsCED &#8211; Centre d\u2019Estudis Demogr\u00e0ficsCEO &#8211; Centre d\u2019Estudis Ol\u00edmpicsCEPAP &#8211; Centre d\u2019Estudis del Patrimoni Arqueol\u00f2gic de la Prehist\u00f2riaCEFID [&hellip;]<\/p>\n","protected":false},"author":318,"featured_media":0,"parent":20,"menu_order":2,"comment_status":"closed","ping_status":"closed","template":"","meta":{"footnotes":""},"class_list":["post-59","page","type-page","status-publish","hentry"],"_links":{"self":[{"href":"https:\/\/webs.uab.cat\/core-patrimoni\/wp-json\/wp\/v2\/pages\/59","targetHints":{"allow":["GET"]}}],"collection":[{"href":"https:\/\/webs.uab.cat\/core-patrimoni\/wp-json\/wp\/v2\/pages"}],"about":[{"href":"https:\/\/webs.uab.cat\/core-patrimoni\/wp-json\/wp\/v2\/types\/page"}],"author":[{"embeddable":true,"href":"https:\/\/webs.uab.cat\/core-patrimoni\/wp-json\/wp\/v2\/users\/318"}],"replies":[{"embeddable":true,"href":"https:\/\/webs.uab.cat\/core-patrimoni\/wp-json\/wp\/v2\/comments?post=59"}],"version-history":[{"count":2,"href":"https:\/\/webs.uab.cat\/core-patrimoni\/wp-json\/wp\/v2\/pages\/59\/revisions"}],"predecessor-version":[{"id":68,"href":"https:\/\/webs.uab.cat\/core-patrimoni\/wp-json\/wp\/v2\/pages\/59\/revisions\/68"}],"up":[{"embeddable":true,"href":"https:\/\/webs.uab.cat\/core-patrimoni\/wp-json\/wp\/v2\/pages\/20"}],"wp:attachment":[{"href":"https:\/\/webs.uab.cat\/core-patrimoni\/wp-json\/wp\/v2\/media?parent=59"}],"curies":[{"name":"wp","href":"https:\/\/api.w.org\/{rel}","templated":true}]}}