{"id":72,"date":"2024-09-05T11:12:31","date_gmt":"2024-09-05T09:12:31","guid":{"rendered":"https:\/\/webs.uab.cat\/core-patrimoni\/?page_id=72"},"modified":"2024-09-05T11:12:31","modified_gmt":"2024-09-05T09:12:31","slug":"objectius-i-linies-de-recerca","status":"publish","type":"page","link":"https:\/\/webs.uab.cat\/core-patrimoni\/objectius-i-linies-de-recerca\/","title":{"rendered":"Objectius i l\u00ednies de recerca"},"content":{"rendered":"\n<p>La Comunitat de Recerca Estrat\u00e8gica en Patrimoni Cultural t\u00e9 com a objectius principals&nbsp;<strong>augmentar i consolidar la recerca entorn al Patrimoni Cultural<\/strong>&nbsp;dins la UABCei i&nbsp;<strong>impulsar la transfer\u00e8ncia<\/strong>&nbsp;cap a l&#8217;entorn social i productiu.<br><br>La idea de xarxa permet col\u00b7laborar amb els agents de la Qu\u00e0druple H\u00e8l\u00b7lix i promoure pol\u00edtiques conjuntes de gesti\u00f3 i desenvolupament de la recerca i la transfer\u00e8ncia.<\/p>\n\n\n\n<p>La xarxa neix amb la voluntat de:<\/p>\n\n\n\n<ul class=\"wp-block-list\">\n<li>Articular les capacitats de la UAB en l&#8217;\u00e0mbit del Patrimoni Cultural.<\/li>\n\n\n\n<li>Actuar com a cl\u00faster territorial de recerca en l\u2019\u00e0mbit del Patrimoni Cultural conjuntament amb les administracions, el sector de les ind\u00fastries culturals, creatives i basades en l&#8217;experi\u00e8ncia i la ciutadania.<\/li>\n\n\n\n<li>Impulsar les potencialitats en recerca i transfer\u00e8ncia de l\u2019Esfera UABCei.<\/li>\n\n\n\n<li>Esdevenir un node de refer\u00e8ncia a nivell europeu.<\/li>\n<\/ul>\n","protected":false},"excerpt":{"rendered":"<p>La Comunitat de Recerca Estrat\u00e8gica en Patrimoni Cultural t\u00e9 com a objectius principals&nbsp;augmentar i consolidar la recerca entorn al Patrimoni Cultural&nbsp;dins la UABCei i&nbsp;impulsar la transfer\u00e8ncia&nbsp;cap a l&#8217;entorn social i productiu. La idea de xarxa permet col\u00b7laborar amb els agents de la Qu\u00e0druple H\u00e8l\u00b7lix i promoure pol\u00edtiques conjuntes de gesti\u00f3 i desenvolupament de la recerca [&hellip;]<\/p>\n","protected":false},"author":318,"featured_media":0,"parent":0,"menu_order":0,"comment_status":"closed","ping_status":"closed","template":"","meta":{"footnotes":""},"class_list":["post-72","page","type-page","status-publish","hentry"],"_links":{"self":[{"href":"https:\/\/webs.uab.cat\/core-patrimoni\/wp-json\/wp\/v2\/pages\/72","targetHints":{"allow":["GET"]}}],"collection":[{"href":"https:\/\/webs.uab.cat\/core-patrimoni\/wp-json\/wp\/v2\/pages"}],"about":[{"href":"https:\/\/webs.uab.cat\/core-patrimoni\/wp-json\/wp\/v2\/types\/page"}],"author":[{"embeddable":true,"href":"https:\/\/webs.uab.cat\/core-patrimoni\/wp-json\/wp\/v2\/users\/318"}],"replies":[{"embeddable":true,"href":"https:\/\/webs.uab.cat\/core-patrimoni\/wp-json\/wp\/v2\/comments?post=72"}],"version-history":[{"count":1,"href":"https:\/\/webs.uab.cat\/core-patrimoni\/wp-json\/wp\/v2\/pages\/72\/revisions"}],"predecessor-version":[{"id":73,"href":"https:\/\/webs.uab.cat\/core-patrimoni\/wp-json\/wp\/v2\/pages\/72\/revisions\/73"}],"wp:attachment":[{"href":"https:\/\/webs.uab.cat\/core-patrimoni\/wp-json\/wp\/v2\/media?parent=72"}],"curies":[{"name":"wp","href":"https:\/\/api.w.org\/{rel}","templated":true}]}}