{"id":2,"date":"2024-06-26T12:50:01","date_gmt":"2024-06-26T10:50:01","guid":{"rendered":"https:\/\/webs.uab.cat\/core-salut-mental\/?page_id=2"},"modified":"2024-11-26T12:13:53","modified_gmt":"2024-11-26T10:13:53","slug":"pagina-exemple","status":"publish","type":"page","link":"https:\/\/webs.uab.cat\/core-salut-mental\/","title":{"rendered":"Transfer\u00e8ncia i innovaci\u00f3 en Salut Mental"},"content":{"rendered":"\n<div class=\"wp-block-columns alignwide is-layout-flex wp-container-core-columns-is-layout-9d6595d7 wp-block-columns-is-layout-flex\">\n<div class=\"wp-block-column is-layout-flow wp-block-column-is-layout-flow\">\n<h2 class=\"wp-block-heading has-text-align-center has-large-font-size\"><strong>La Comunitat <\/strong>Orientada al Repte Estrat\u00e8gic de la Salut  de la UAB \u00e9s l&#8217;instrument impulsor de les potencialitats<br>en recerca i transfer\u00e8ncia de la Universitat per donar resposta als reptes de la Salut Mental.<\/h2>\n\n\n\n<p class=\"has-text-align-center\">Agrupa els grups de recerca de la UAB que fan recerca en tota la cadena de valor de la Salut Mental, amb projectes d&#8217;R+D amb aplicacions en l&#8217;\u00e0mbit de la promoci\u00f3, prevenci\u00f3, diagnosis, tractament i cronicitat.<\/p>\n<\/div>\n<\/div>\n\n\n\n<div class=\"wp-block-columns is-layout-flex wp-container-core-columns-is-layout-9d6595d7 wp-block-columns-is-layout-flex\">\n<div class=\"wp-block-column is-layout-flow wp-block-column-is-layout-flow\">\n<h2 class=\"wp-block-heading has-text-align-center has-negre-eben-color has-text-color has-link-color wp-elements-8e4b5e920e1e35d180e78e9d396120fa\">43<\/h2>\n\n\n\n<p class=\"has-text-align-center\">grups de recerca de la UAB<\/p>\n<\/div>\n\n\n\n<div class=\"wp-block-column is-layout-flow wp-block-column-is-layout-flow\">\n<h2 class=\"wp-block-heading has-text-align-center\">+40<\/h2>\n\n\n\n<p class=\"has-text-align-center\">projectes<\/p>\n<\/div>\n\n\n\n<div class=\"wp-block-column is-layout-flow wp-block-column-is-layout-flow\">\n<h2 class=\"wp-block-heading has-text-align-center\">15<\/h2>\n\n\n\n<p class=\"has-text-align-center\">entitats col\u00b7laboradores<\/p>\n<\/div>\n<\/div>\n\n\n\n<div class=\"wp-block-columns alignfull has-background is-layout-flex wp-container-core-columns-is-layout-9d6595d7 wp-block-columns-is-layout-flex\" style=\"background:linear-gradient(135deg,rgba(0,148,212,0.11) 0%,rgba(0,148,212,0.11) 100%)\">\n<div class=\"wp-block-column is-layout-flow wp-block-column-is-layout-flow\">\n<h2 class=\"wp-block-heading has-text-align-center has-larger-font-size\">Objectius<\/h2>\n\n\n\n<div class=\"wp-block-columns alignwide is-layout-flex wp-container-core-columns-is-layout-9d6595d7 wp-block-columns-is-layout-flex\">\n<div class=\"wp-block-column is-layout-flow wp-block-column-is-layout-flow\">\n<p class=\"has-text-align-center\">Crear xarxa, donar visibilitat i posicionar als seus membres a nivell local i internacional.<\/p>\n<\/div>\n\n\n\n<div class=\"wp-block-column is-layout-flow wp-block-column-is-layout-flow\">\n<p class=\"has-text-align-center\">Contribuir a l\u2019avan\u00e7ament del coneixement, incorporant a tots els agents clau del sistema, per donar resposta als reptes de la Salut Mental.<\/p>\n<\/div>\n\n\n\n<div class=\"wp-block-column is-layout-flow wp-block-column-is-layout-flow\">\n<p class=\"has-text-align-center\">Incrementar la competitivitat dels grups de recerca, tan de forma individual com col\u00b7lectiva.<\/p>\n<\/div>\n\n\n\n<div class=\"wp-block-column is-layout-flow wp-block-column-is-layout-flow\">\n<p class=\"has-text-align-center\">Unir esfor\u00e7os en la coordinaci\u00f3 de<br>les actuacions, i compartir recursos i<br>informaci\u00f3 de forma transversal.<\/p>\n<\/div>\n<\/div>\n<\/div>\n<\/div>\n","protected":false},"excerpt":{"rendered":"<p>La Comunitat Orientada al Repte Estrat\u00e8gic de la Salut de la UAB \u00e9s l&#8217;instrument impulsor de les potencialitatsen recerca i transfer\u00e8ncia de la Universitat per donar resposta als reptes de la Salut Mental. Agrupa els grups de recerca de la UAB que fan recerca en tota la cadena de valor de la Salut Mental, amb [&hellip;]<\/p>\n","protected":false},"author":73,"featured_media":0,"parent":0,"menu_order":0,"comment_status":"closed","ping_status":"open","template":"","meta":{"footnotes":""},"class_list":["post-2","page","type-page","status-publish","hentry"],"_links":{"self":[{"href":"https:\/\/webs.uab.cat\/core-salut-mental\/wp-json\/wp\/v2\/pages\/2","targetHints":{"allow":["GET"]}}],"collection":[{"href":"https:\/\/webs.uab.cat\/core-salut-mental\/wp-json\/wp\/v2\/pages"}],"about":[{"href":"https:\/\/webs.uab.cat\/core-salut-mental\/wp-json\/wp\/v2\/types\/page"}],"author":[{"embeddable":true,"href":"https:\/\/webs.uab.cat\/core-salut-mental\/wp-json\/wp\/v2\/users\/73"}],"replies":[{"embeddable":true,"href":"https:\/\/webs.uab.cat\/core-salut-mental\/wp-json\/wp\/v2\/comments?post=2"}],"version-history":[{"count":6,"href":"https:\/\/webs.uab.cat\/core-salut-mental\/wp-json\/wp\/v2\/pages\/2\/revisions"}],"predecessor-version":[{"id":28,"href":"https:\/\/webs.uab.cat\/core-salut-mental\/wp-json\/wp\/v2\/pages\/2\/revisions\/28"}],"wp:attachment":[{"href":"https:\/\/webs.uab.cat\/core-salut-mental\/wp-json\/wp\/v2\/media?parent=2"}],"curies":[{"name":"wp","href":"https:\/\/api.w.org\/{rel}","templated":true}]}}