{"id":20,"date":"2022-12-20T11:51:47","date_gmt":"2022-12-20T09:51:47","guid":{"rendered":"https:\/\/webs.uab.cat\/coresidence\/?page_id=20"},"modified":"2023-02-08T22:39:02","modified_gmt":"2023-02-08T20:39:02","slug":"publications","status":"publish","type":"page","link":"https:\/\/webs.uab.cat\/coresidence\/publications\/","title":{"rendered":"Publications"},"content":{"rendered":"<ul class=\"wp-block-latest-posts__list has-dates wp-block-latest-posts\"><li><a class=\"wp-block-latest-posts__post-title\" href=\"https:\/\/webs.uab.cat\/coresidence\/2025\/09\/02\/the-global-living-arrangements-database-1960-2021\/\">The Global Living Arrangements Database, 1960\u20132021<\/a><time datetime=\"2025-09-02T09:03:30+02:00\" class=\"wp-block-latest-posts__post-date\">2 de setembre de 2025<\/time><div class=\"wp-block-latest-posts__post-excerpt\">Scientific Data (2025). https:\/\/doi.org\/10.1038\/s41597-025-05787-y Juan Galeano and Albert Esteve This paper introduces the Global Living Arrangements\u2026 <a class=\"wp-block-latest-posts__read-more\" href=\"https:\/\/webs.uab.cat\/coresidence\/2025\/09\/02\/the-global-living-arrangements-database-1960-2021\/\" rel=\"noopener noreferrer\">Llegiu-ne m\u00e9s<span class=\"screen-reader-text\">: The Global Living Arrangements Database, 1960\u20132021<\/span><\/a><\/div><\/li>\n<li><a class=\"wp-block-latest-posts__post-title\" href=\"https:\/\/webs.uab.cat\/coresidence\/2025\/09\/02\/determinants-of-regional-disparities-in-older-adult-child-coresidence-in-china\/\">Determinants of Regional Disparities in Older Adult \u2013 Child Coresidence in China<\/a><time datetime=\"2025-09-02T08:59:34+02:00\" class=\"wp-block-latest-posts__post-date\">2 de setembre de 2025<\/time><div class=\"wp-block-latest-posts__post-excerpt\">Population, Space and Place (2025). https:\/\/doi.org\/10.1002\/psp.70081 Simin Dai, Albert Esteve and Joan Garc\u00eda-Rom\u00e1n As population aging\u2026 <a class=\"wp-block-latest-posts__read-more\" href=\"https:\/\/webs.uab.cat\/coresidence\/2025\/09\/02\/determinants-of-regional-disparities-in-older-adult-child-coresidence-in-china\/\" rel=\"noopener noreferrer\">Llegiu-ne m\u00e9s<span class=\"screen-reader-text\">: Determinants of Regional Disparities in Older Adult \u2013 Child Coresidence in China<\/span><\/a><\/div><\/li>\n<li><a class=\"wp-block-latest-posts__post-title\" href=\"https:\/\/webs.uab.cat\/coresidence\/2025\/07\/07\/household-size-and-housework-time-in-latin-america\/\">Household Size and Housework Time in Latin America<\/a><time datetime=\"2025-07-07T14:14:56+02:00\" class=\"wp-block-latest-posts__post-date\">7 de juliol de 2025<\/time><div class=\"wp-block-latest-posts__post-excerpt\">Journal of Family Issues (2025). https:\/\/doi.org\/10.1177\/0192513X251356254 Joan Garc\u00eda Rom\u00e1n and Anna Mart\u00ednez Mendiola This study investigates\u2026 <a class=\"wp-block-latest-posts__read-more\" href=\"https:\/\/webs.uab.cat\/coresidence\/2025\/07\/07\/household-size-and-housework-time-in-latin-america\/\" rel=\"noopener noreferrer\">Llegiu-ne m\u00e9s<span class=\"screen-reader-text\">: Household Size and Housework Time in Latin America<\/span><\/a><\/div><\/li>\n<li><a class=\"wp-block-latest-posts__post-title\" href=\"https:\/\/webs.uab.cat\/coresidence\/2025\/03\/13\/gender-differences-in-routine-housework-among-one-person-households-a-cross-national-analysis\/\">Gender differences in routine housework among one-person households: A cross-national analysis<\/a><time datetime=\"2025-03-13T12:05:22+02:00\" class=\"wp-block-latest-posts__post-date\">13 de mar\u00e7 de 2025<\/time><div class=\"wp-block-latest-posts__post-excerpt\">Demographic Research (2025). 10.4054\/DemRes.2025.52.12 Joan Garcia-Roman Background: Housework has long been associated with gender roles, with\u2026 <a class=\"wp-block-latest-posts__read-more\" href=\"https:\/\/webs.uab.cat\/coresidence\/2025\/03\/13\/gender-differences-in-routine-housework-among-one-person-households-a-cross-national-analysis\/\" rel=\"noopener noreferrer\">Llegiu-ne m\u00e9s<span class=\"screen-reader-text\">: Gender differences in routine housework among one-person households: A cross-national analysis<\/span><\/a><\/div><\/li>\n<li><a class=\"wp-block-latest-posts__post-title\" href=\"https:\/\/webs.uab.cat\/coresidence\/2025\/03\/07\/the-stability-of-child-fostering-in-sub-saharan-africa-the-case-of-senegal\/\">The Stability of Child Fostering in Sub-Saharan Africa: The Case of Senegal<\/a><time datetime=\"2025-03-07T12:52:18+02:00\" class=\"wp-block-latest-posts__post-date\">7 de mar\u00e7 de 2025<\/time><div class=\"wp-block-latest-posts__post-excerpt\">Studies in Family Planning (2025). https:\/\/doi.org\/10.1111\/sifp.12284 Maria Pohl, Ewa Batyra and Albert Esteve In sub-Saharan Africa,\u2026 <a class=\"wp-block-latest-posts__read-more\" href=\"https:\/\/webs.uab.cat\/coresidence\/2025\/03\/07\/the-stability-of-child-fostering-in-sub-saharan-africa-the-case-of-senegal\/\" rel=\"noopener noreferrer\">Llegiu-ne m\u00e9s<span class=\"screen-reader-text\">: The Stability of Child Fostering in Sub-Saharan Africa: The Case of Senegal<\/span><\/a><\/div><\/li>\n<li><a class=\"wp-block-latest-posts__post-title\" href=\"https:\/\/webs.uab.cat\/coresidence\/2025\/03\/07\/changes-in-latin-american-and-caribbean-household-structure-amidst-fertility-decline-1960-2020\/\">Changes in Latin American and Caribbean Household Structure Amidst Fertility Decline, 1960-2020<\/a><time datetime=\"2025-03-07T12:49:30+02:00\" class=\"wp-block-latest-posts__post-date\">7 de mar\u00e7 de 2025<\/time><div class=\"wp-block-latest-posts__post-excerpt\">Studies in Family Planning (2025). https:\/\/doi.org\/10.1111\/sifp.12282 Federica Becca, Albert Esteve and Andr\u00e9s F. Castro Torres Over\u2026 <a class=\"wp-block-latest-posts__read-more\" href=\"https:\/\/webs.uab.cat\/coresidence\/2025\/03\/07\/changes-in-latin-american-and-caribbean-household-structure-amidst-fertility-decline-1960-2020\/\" rel=\"noopener noreferrer\">Llegiu-ne m\u00e9s<span class=\"screen-reader-text\">: Changes in Latin American and Caribbean Household Structure Amidst Fertility Decline, 1960-2020<\/span><\/a><\/div><\/li>\n<\/ul>","protected":false},"excerpt":{"rendered":"","protected":false},"author":2048,"featured_media":0,"parent":0,"menu_order":0,"comment_status":"closed","ping_status":"closed","template":"","meta":{"footnotes":""},"class_list":["post-20","page","type-page","status-publish","hentry"],"_links":{"self":[{"href":"https:\/\/webs.uab.cat\/coresidence\/wp-json\/wp\/v2\/pages\/20","targetHints":{"allow":["GET"]}}],"collection":[{"href":"https:\/\/webs.uab.cat\/coresidence\/wp-json\/wp\/v2\/pages"}],"about":[{"href":"https:\/\/webs.uab.cat\/coresidence\/wp-json\/wp\/v2\/types\/page"}],"author":[{"embeddable":true,"href":"https:\/\/webs.uab.cat\/coresidence\/wp-json\/wp\/v2\/users\/2048"}],"replies":[{"embeddable":true,"href":"https:\/\/webs.uab.cat\/coresidence\/wp-json\/wp\/v2\/comments?post=20"}],"version-history":[{"count":29,"href":"https:\/\/webs.uab.cat\/coresidence\/wp-json\/wp\/v2\/pages\/20\/revisions"}],"predecessor-version":[{"id":622,"href":"https:\/\/webs.uab.cat\/coresidence\/wp-json\/wp\/v2\/pages\/20\/revisions\/622"}],"wp:attachment":[{"href":"https:\/\/webs.uab.cat\/coresidence\/wp-json\/wp\/v2\/media?parent=20"}],"curies":[{"name":"wp","href":"https:\/\/api.w.org\/{rel}","templated":true}]}}