{"id":23,"date":"2022-12-20T11:52:18","date_gmt":"2022-12-20T09:52:18","guid":{"rendered":"https:\/\/webs.uab.cat\/coresidence\/?page_id=23"},"modified":"2023-02-08T22:37:58","modified_gmt":"2023-02-08T20:37:58","slug":"conferences","status":"publish","type":"page","link":"https:\/\/webs.uab.cat\/coresidence\/conferences\/","title":{"rendered":"Conferences"},"content":{"rendered":"<ul class=\"wp-block-latest-posts__list has-dates wp-block-latest-posts\"><li><a class=\"wp-block-latest-posts__post-title\" href=\"https:\/\/webs.uab.cat\/coresidence\/2025\/09\/02\/ipc-2025\/\">IPC 2025<\/a><time datetime=\"2025-09-02T09:16:14+02:00\" class=\"wp-block-latest-posts__post-date\">2 de setembre de 2025<\/time><div class=\"wp-block-latest-posts__post-excerpt\">LOCATIONBrisbane, Australia ASSISTANTSAlbert Esteve, Juan Galeano, Seungwan Kim, Maria Pohl, Rita Trias-Prats and Anna Turu &#8220;The\u2026 <a class=\"wp-block-latest-posts__read-more\" href=\"https:\/\/webs.uab.cat\/coresidence\/2025\/09\/02\/ipc-2025\/\" rel=\"noopener noreferrer\">Llegiu-ne m\u00e9s<span class=\"screen-reader-text\">: IPC 2025<\/span><\/a><\/div><\/li>\n<li><a class=\"wp-block-latest-posts__post-title\" href=\"https:\/\/webs.uab.cat\/coresidence\/2025\/04\/30\/paa-2025-annual-meeting\/\">PAA 2025 Annual Meeting<\/a><time datetime=\"2025-04-30T09:46:13+02:00\" class=\"wp-block-latest-posts__post-date\">30 d&#8217;abril de 2025<\/time><div class=\"wp-block-latest-posts__post-excerpt\">LOCATIONWashington DC, United States ASSISTANTSAlbert Esteve, Juan Galeano, Joan Garc\u00eda-Rom\u00e1n, Jes\u00fas Garc\u00eda-G\u00f3mez, Seungwan Kim, Anna Mart\u00ednez,\u2026 <a class=\"wp-block-latest-posts__read-more\" href=\"https:\/\/webs.uab.cat\/coresidence\/2025\/04\/30\/paa-2025-annual-meeting\/\" rel=\"noopener noreferrer\">Llegiu-ne m\u00e9s<span class=\"screen-reader-text\">: PAA 2025 Annual Meeting<\/span><\/a><\/div><\/li>\n<li><a class=\"wp-block-latest-posts__post-title\" href=\"https:\/\/webs.uab.cat\/coresidence\/2024\/12\/18\/datafest-tbilisi-2024\/\">Datafest Tbilisi 2024<\/a><time datetime=\"2024-12-18T10:58:34+02:00\" class=\"wp-block-latest-posts__post-date\">18 de desembre de 2024<\/time><div class=\"wp-block-latest-posts__post-excerpt\">LOCATIONTbilisi, Georgia ASSISTANTSJuan Galeano &#8220;Data Uncovers a Shift: Who we live with is changing. The CORESIDENCE\u2026 <a class=\"wp-block-latest-posts__read-more\" href=\"https:\/\/webs.uab.cat\/coresidence\/2024\/12\/18\/datafest-tbilisi-2024\/\" rel=\"noopener noreferrer\">Llegiu-ne m\u00e9s<span class=\"screen-reader-text\">: Datafest Tbilisi 2024<\/span><\/a><\/div><\/li>\n<li><a class=\"wp-block-latest-posts__post-title\" href=\"https:\/\/webs.uab.cat\/coresidence\/2024\/12\/17\/alap-2024\/\">ALAP 2024<\/a><time datetime=\"2024-12-17T16:50:55+02:00\" class=\"wp-block-latest-posts__post-date\">17 de desembre de 2024<\/time><div class=\"wp-block-latest-posts__post-excerpt\">LOCATIONBogot\u00e1, Colombia ASSISTANTSAlbert Esteve, Juan Galeano, Federica Becca and Anna Turu \u201cThe CORESIDENCE Database: National and\u2026 <a class=\"wp-block-latest-posts__read-more\" href=\"https:\/\/webs.uab.cat\/coresidence\/2024\/12\/17\/alap-2024\/\" rel=\"noopener noreferrer\">Llegiu-ne m\u00e9s<span class=\"screen-reader-text\">: ALAP 2024<\/span><\/a><\/div><\/li>\n<li><a class=\"wp-block-latest-posts__post-title\" href=\"https:\/\/webs.uab.cat\/coresidence\/2024\/10\/09\/cedar-seminar\/\">CEDAR seminar<\/a><time datetime=\"2024-10-09T10:20:46+02:00\" class=\"wp-block-latest-posts__post-date\">9 d&#8217;octubre de 2024<\/time><div class=\"wp-block-latest-posts__post-excerpt\">LOCATIONUme\u00e5, Sweden ASSISTANTSAlbert Esteve, Federica Becca, Anna Turu and Rita Trias-Prats \u201cGuess Who I&#8217;m Having Dinner\u2026 <a class=\"wp-block-latest-posts__read-more\" href=\"https:\/\/webs.uab.cat\/coresidence\/2024\/10\/09\/cedar-seminar\/\" rel=\"noopener noreferrer\">Llegiu-ne m\u00e9s<span class=\"screen-reader-text\">: CEDAR seminar<\/span><\/a><\/div><\/li>\n<li><a class=\"wp-block-latest-posts__post-title\" href=\"https:\/\/webs.uab.cat\/coresidence\/2024\/10\/09\/readi-2024\/\">READI 2024<\/a><time datetime=\"2024-10-09T10:18:30+02:00\" class=\"wp-block-latest-posts__post-date\">9 d&#8217;octubre de 2024<\/time><div class=\"wp-block-latest-posts__post-excerpt\">LOCATIONBeijing, China ASSISTANTSAlbert Esteve and Simin Dai \u201cGlobal variations in living arrangements: Persistent and emerging trends\u201d,\u00a0Research\u2026 <a class=\"wp-block-latest-posts__read-more\" href=\"https:\/\/webs.uab.cat\/coresidence\/2024\/10\/09\/readi-2024\/\" rel=\"noopener noreferrer\">Llegiu-ne m\u00e9s<span class=\"screen-reader-text\">: READI 2024<\/span><\/a><\/div><\/li>\n<\/ul>","protected":false},"excerpt":{"rendered":"","protected":false},"author":2048,"featured_media":0,"parent":0,"menu_order":0,"comment_status":"closed","ping_status":"closed","template":"","meta":{"footnotes":""},"class_list":["post-23","page","type-page","status-publish","hentry"],"_links":{"self":[{"href":"https:\/\/webs.uab.cat\/coresidence\/wp-json\/wp\/v2\/pages\/23","targetHints":{"allow":["GET"]}}],"collection":[{"href":"https:\/\/webs.uab.cat\/coresidence\/wp-json\/wp\/v2\/pages"}],"about":[{"href":"https:\/\/webs.uab.cat\/coresidence\/wp-json\/wp\/v2\/types\/page"}],"author":[{"embeddable":true,"href":"https:\/\/webs.uab.cat\/coresidence\/wp-json\/wp\/v2\/users\/2048"}],"replies":[{"embeddable":true,"href":"https:\/\/webs.uab.cat\/coresidence\/wp-json\/wp\/v2\/comments?post=23"}],"version-history":[{"count":16,"href":"https:\/\/webs.uab.cat\/coresidence\/wp-json\/wp\/v2\/pages\/23\/revisions"}],"predecessor-version":[{"id":620,"href":"https:\/\/webs.uab.cat\/coresidence\/wp-json\/wp\/v2\/pages\/23\/revisions\/620"}],"wp:attachment":[{"href":"https:\/\/webs.uab.cat\/coresidence\/wp-json\/wp\/v2\/media?parent=23"}],"curies":[{"name":"wp","href":"https:\/\/api.w.org\/{rel}","templated":true}]}}