{"id":12,"date":"2024-02-16T00:00:12","date_gmt":"2024-02-15T22:00:12","guid":{"rendered":"https:\/\/webs.uab.cat\/cositextualitats\/?page_id=12"},"modified":"2024-02-16T15:42:18","modified_gmt":"2024-02-16T13:42:18","slug":"inicio","status":"publish","type":"page","link":"https:\/\/webs.uab.cat\/cositextualitats\/","title":{"rendered":"Inici"},"content":{"rendered":"<div class=\"wp-block-image\">\n<figure class=\"alignleft size-full is-resized\"><img loading=\"lazy\" decoding=\"async\" width=\"459\" height=\"588\" src=\"https:\/\/webs.uab.cat\/cositextualitats\/wp-content\/uploads\/sites\/481\/2024\/02\/Logo_Cos-i-Textualitat_1.png\" alt=\"\" class=\"wp-image-57\" style=\"width:226px;height:auto\" srcset=\"https:\/\/webs.uab.cat\/cositextualitats\/wp-content\/uploads\/sites\/481\/2024\/02\/Logo_Cos-i-Textualitat_1.png 459w, https:\/\/webs.uab.cat\/cositextualitats\/wp-content\/uploads\/sites\/481\/2024\/02\/Logo_Cos-i-Textualitat_1-234x300.png 234w\" sizes=\"auto, (max-width: 459px) 100vw, 459px\" \/><\/figure>\n<\/div>\n\n\n<p>Des de la seva fundaci\u00f3 l&#8217;any 2005 sota el lideratge de Meri Torras, Cos i Textualitat s&#8217;ha convertit en un referent d&#8217;estudis interdisciplinaris a nivell internacional que analitza el cos com a espai d&#8217;identitat. Tamb\u00e9 aborda la manera com el g\u00e8nere, l&#8217;\u00e8tnia, la classe i la identitat sexual s&#8217;inscriuen al cos a trav\u00e9s dels discursos culturals. Actualment, el grup \u00e9s dirigit per Carme Font Paz, aplega 9 membres permanents i m\u00e9s d\u2019una vintena de membres vinculats al grup d\u2019arreu del m\u00f3n. Reuneix disciplines molt diverses, des de les filologies, la filosofia, la literatura comparada, els estudis culturals, la comunicaci\u00f3 o la psicobiologia. Organitzat com a unitat SGR finan\u00e7ada (2021 SGR 00736), el grup compta amb una ampl\u00edssima xarxa de col\u00b7laboracions i lidera 6 projectes de recerca finan\u00e7ats a nivell nacional i europeu.<\/p>\n\n\n\n<p>A partir de les nostres aportacions metodol\u00f2giques i cr\u00edtiques pr\u00e8vies a la investigaci\u00f3 sobre el cos i l&#8217;autoria com a corpus d&#8217;autor, pretenem redefinir el concepte d&#8217;arxiu\u2019 ent\u00e8s com un artefacte de la mem\u00f2ria cultural i com a dip\u00f2sit de la cultura patriarcal, de classe, i de prejudicis racials. Recuperar l&#8217;arxiu i reconfigurar-lo comporta una transformaci\u00f3 de la disciplina alhora que contribueix a una nova sensibilitat social que posa el subjecte en construcci\u00f3 en sintonia amb un mateix i amb l&#8217;entorn. Les nostres activitats, com seminaris, tallers, confer\u00e8ncies i di\u00e0legs, compten amb la participaci\u00f3 d&#8217;estudiosos i ciutadans per tal de fomentar el debat cr\u00edtic.<\/p>\n\n\n<div class=\"wp-block-image\">\n<figure class=\"alignright size-full is-resized\"><img loading=\"lazy\" decoding=\"async\" width=\"399\" height=\"564\" src=\"https:\/\/webs.uab.cat\/cositextualitats\/wp-content\/uploads\/sites\/481\/2024\/02\/corpograficc81asix-pantalla.jpg\" alt=\"\" class=\"wp-image-59\" style=\"width:224px;height:auto\" srcset=\"https:\/\/webs.uab.cat\/cositextualitats\/wp-content\/uploads\/sites\/481\/2024\/02\/corpograficc81asix-pantalla.jpg 399w, https:\/\/webs.uab.cat\/cositextualitats\/wp-content\/uploads\/sites\/481\/2024\/02\/corpograficc81asix-pantalla-212x300.jpg 212w\" sizes=\"auto, (max-width: 399px) 100vw, 399px\" \/><\/figure>\n<\/div>\n\n\n<p>L&#8217;an\u00e0lisi de les representacions, els estereotips i els discursos normatius que duem a terme en les diferents l\u00ednies d&#8217;investigaci\u00f3 de Cos i Textualitat posa de manifest els mecanismes i fonaments conceptuals que sostenen i reprodueixen la desigualtat, la discriminaci\u00f3 simb\u00f2lica i de fet, i fins i tot la viol\u00e8ncia f\u00edsica per raons de g\u00e8nere o sexualitat (sempre entesa des d&#8217;una perspectiva interseccional, \u00e9s a dir, en relaci\u00f3 a altres eixos identitaris inscrits en el cos com l&#8217;\u00e8tnia, la discapacitat o l&#8217;edat). Promovem aquesta an\u00e0lisi com a motor essencial per a una transformaci\u00f3 social profunda i duradora, i per tant, cal desenvolupar-la no nom\u00e9s en el marc de la nostra recerca i discussi\u00f3 cient\u00edfica (projectes de recerca, publicacions especialitzades, congressos i col\u00b7loquis) sin\u00f3 tamb\u00e9 en espais educatius de diversos nivells i en espais de reflexi\u00f3 cr\u00edtica oberts a tota la ciutadania.<\/p>\n\n\n\n<figure class=\"wp-block-embed is-type-rich is-provider-twitter wp-block-embed-twitter\"><div class=\"wp-block-embed__wrapper\">\n<a class=\"twitter-timeline\" data-width=\"580\" data-height=\"870\" data-dnt=\"true\" href=\"https:\/\/twitter.com\/CosiTextualitat?ref_src=twsrc%5Etfw\">Tweets by CosiTextualitat<\/a><script async src=\"https:\/\/platform.twitter.com\/widgets.js\" charset=\"utf-8\"><\/script>\n<\/div><\/figure>\n\n\n\n<ul class=\"wp-block-social-links is-layout-flex wp-block-social-links-is-layout-flex\"><li class=\"wp-social-link wp-social-link-twitter  wp-block-social-link\"><a href=\"https:\/\/twitter.com\/cositextualitat\" class=\"wp-block-social-link-anchor\"><svg width=\"24\" height=\"24\" viewBox=\"0 0 24 24\" version=\"1.1\" xmlns=\"http:\/\/www.w3.org\/2000\/svg\" aria-hidden=\"true\" focusable=\"false\"><path d=\"M22.23,5.924c-0.736,0.326-1.527,0.547-2.357,0.646c0.847-0.508,1.498-1.312,1.804-2.27 c-0.793,0.47-1.671,0.812-2.606,0.996C18.324,4.498,17.257,4,16.077,4c-2.266,0-4.103,1.837-4.103,4.103 c0,0.322,0.036,0.635,0.106,0.935C8.67,8.867,5.647,7.234,3.623,4.751C3.27,5.357,3.067,6.062,3.067,6.814 c0,1.424,0.724,2.679,1.825,3.415c-0.673-0.021-1.305-0.206-1.859-0.513c0,0.017,0,0.034,0,0.052c0,1.988,1.414,3.647,3.292,4.023 c-0.344,0.094-0.707,0.144-1.081,0.144c-0.264,0-0.521-0.026-0.772-0.074c0.522,1.63,2.038,2.816,3.833,2.85 c-1.404,1.1-3.174,1.756-5.096,1.756c-0.331,0-0.658-0.019-0.979-0.057c1.816,1.164,3.973,1.843,6.29,1.843 c7.547,0,11.675-6.252,11.675-11.675c0-0.178-0.004-0.355-0.012-0.531C20.985,7.47,21.68,6.747,22.23,5.924z\"><\/path><\/svg><span class=\"wp-block-social-link-label screen-reader-text\">Twitter<\/span><\/a><\/li><\/ul>\n","protected":false},"excerpt":{"rendered":"<p>Des de la seva fundaci\u00f3 l&#8217;any 2005 sota el lideratge de Meri Torras, Cos i Textualitat s&#8217;ha convertit en un referent d&#8217;estudis interdisciplinaris a nivell internacional que analitza el cos com a espai d&#8217;identitat. Tamb\u00e9 aborda la manera com el g\u00e8nere, l&#8217;\u00e8tnia, la classe i la identitat sexual s&#8217;inscriuen al cos a trav\u00e9s dels discursos [&hellip;]<\/p>\n","protected":false},"author":47,"featured_media":0,"parent":0,"menu_order":0,"comment_status":"closed","ping_status":"closed","template":"","meta":{"footnotes":""},"class_list":["post-12","page","type-page","status-publish","hentry"],"_links":{"self":[{"href":"https:\/\/webs.uab.cat\/cositextualitats\/wp-json\/wp\/v2\/pages\/12","targetHints":{"allow":["GET"]}}],"collection":[{"href":"https:\/\/webs.uab.cat\/cositextualitats\/wp-json\/wp\/v2\/pages"}],"about":[{"href":"https:\/\/webs.uab.cat\/cositextualitats\/wp-json\/wp\/v2\/types\/page"}],"author":[{"embeddable":true,"href":"https:\/\/webs.uab.cat\/cositextualitats\/wp-json\/wp\/v2\/users\/47"}],"replies":[{"embeddable":true,"href":"https:\/\/webs.uab.cat\/cositextualitats\/wp-json\/wp\/v2\/comments?post=12"}],"version-history":[{"count":8,"href":"https:\/\/webs.uab.cat\/cositextualitats\/wp-json\/wp\/v2\/pages\/12\/revisions"}],"predecessor-version":[{"id":69,"href":"https:\/\/webs.uab.cat\/cositextualitats\/wp-json\/wp\/v2\/pages\/12\/revisions\/69"}],"wp:attachment":[{"href":"https:\/\/webs.uab.cat\/cositextualitats\/wp-json\/wp\/v2\/media?parent=12"}],"curies":[{"name":"wp","href":"https:\/\/api.w.org\/{rel}","templated":true}]}}