{"id":16,"date":"2024-02-16T00:03:36","date_gmt":"2024-02-15T22:03:36","guid":{"rendered":"https:\/\/webs.uab.cat\/cositextualitats\/?page_id=16"},"modified":"2024-02-16T00:03:36","modified_gmt":"2024-02-15T22:03:36","slug":"linies-de-recerca","status":"publish","type":"page","link":"https:\/\/webs.uab.cat\/cositextualitats\/linies-de-recerca\/","title":{"rendered":"L\u00ednies de Recerca"},"content":{"rendered":"\n<p>La recerca es desenvolupa a trav\u00e9s de tres l\u00ednies b\u00e0siques:<\/p>\n\n\n\n<p>L\u00ednia 1. Cossos i subjectivitats contempor\u00e0nies. Definicions que transformen el concepte de g\u00e8nere, explorant subjectivitats no antropoc\u00e8ntriques, cossos tecnol\u00f2gics, algorismes de mem\u00f2ria i metodologies \u201cde g\u00e8nere\u201d. La l\u00ednia 1, que va m\u00e9s enll\u00e0 de les ontologies biol\u00f2giques i les epistemologies feministes, tamb\u00e9 estudia el subjecte no hum\u00e0, el feminicidi i la construcci\u00f3 del subjecte col\u00b7lectiu i social.<\/p>\n\n\n\n<p>L\u00ednia 2. Estudis literaris i culturals: Cossos i Corpus. Recupera la producci\u00f3 abandonada d&#8217;escriptura femenina per modificar el c\u00e0non de valor intel\u00b7lectual atribu\u00eft a la producci\u00f3 cultural femenina, concretament durant l&#8217;\u00e8poca de la primera modernitat. L&#8217;enfocament historiogr\u00e0fic ens permet crear genealogies de coneixement, modificar ontologies i comprendre les construccions socials de l&#8217;individu i de l&#8217;\u00e9sser col\u00b7lectiu. Aix\u00f2 est\u00e0 contribuint a una \u201crevoluci\u00f3 silenciosa\u201d en la producci\u00f3 europea creada per les dones, una presa del centre i dels marges, amb la recuperaci\u00f3 de textualitats d&#8217;autores mai estudiades per quedar circumscrites a g\u00e8neres literaris menyspreats.<\/p>\n\n\n\n<p>Un altre dels grans eixos dins d&#8217;aquesta l\u00ednia s\u00f3n els g\u00e8neres de ficci\u00f3 i la literatura fant\u00e0stica, que segueix demostrant la seva capacitat d&#8217;interrogaci\u00f3 cr\u00edtica i transformaci\u00f3 d&#8217;un g\u00e8nere que desafia la societat contempor\u00e0nia: la construcci\u00f3 d&#8217;imaginaris col\u00b7lectius, aix\u00ed com les digressions del cos i les seves monstruositats.<\/p>\n\n\n\n<p>L\u00ednia 3. Cos i subjectes sexuals. Inicialment emmarcats dins dels estudis queer per\u00f2 r\u00e0pidament superats per les aportacions originals del propi grup, amb publicacions com <em>La autor\u00eda en escena<\/em> o <em>Corpus Auctoris<\/em>, han perm\u00e8s plasmar aquesta perspectiva en una l\u00ednia de recerca actual sobre la construcci\u00f3 d&#8217;arxius i contraarxius de la mem\u00f2ria sexual, tant del testimoni individual com del seu pes social. La tem\u00e0tica de la mem\u00f2ria sexual, concretament la constru\u00efda a partir dels marges dels models predominants de masculinitat tamb\u00e9 participen en aquesta l\u00ednia de recerca.<\/p>\n","protected":false},"excerpt":{"rendered":"<p>La recerca es desenvolupa a trav\u00e9s de tres l\u00ednies b\u00e0siques: L\u00ednia 1. Cossos i subjectivitats contempor\u00e0nies. Definicions que transformen el concepte de g\u00e8nere, explorant subjectivitats no antropoc\u00e8ntriques, cossos tecnol\u00f2gics, algorismes de mem\u00f2ria i metodologies \u201cde g\u00e8nere\u201d. La l\u00ednia 1, que va m\u00e9s enll\u00e0 de les ontologies biol\u00f2giques i les epistemologies feministes, tamb\u00e9 estudia el subjecte [&hellip;]<\/p>\n","protected":false},"author":47,"featured_media":0,"parent":0,"menu_order":0,"comment_status":"closed","ping_status":"closed","template":"","meta":{"footnotes":""},"class_list":["post-16","page","type-page","status-publish","hentry"],"_links":{"self":[{"href":"https:\/\/webs.uab.cat\/cositextualitats\/wp-json\/wp\/v2\/pages\/16","targetHints":{"allow":["GET"]}}],"collection":[{"href":"https:\/\/webs.uab.cat\/cositextualitats\/wp-json\/wp\/v2\/pages"}],"about":[{"href":"https:\/\/webs.uab.cat\/cositextualitats\/wp-json\/wp\/v2\/types\/page"}],"author":[{"embeddable":true,"href":"https:\/\/webs.uab.cat\/cositextualitats\/wp-json\/wp\/v2\/users\/47"}],"replies":[{"embeddable":true,"href":"https:\/\/webs.uab.cat\/cositextualitats\/wp-json\/wp\/v2\/comments?post=16"}],"version-history":[{"count":1,"href":"https:\/\/webs.uab.cat\/cositextualitats\/wp-json\/wp\/v2\/pages\/16\/revisions"}],"predecessor-version":[{"id":17,"href":"https:\/\/webs.uab.cat\/cositextualitats\/wp-json\/wp\/v2\/pages\/16\/revisions\/17"}],"wp:attachment":[{"href":"https:\/\/webs.uab.cat\/cositextualitats\/wp-json\/wp\/v2\/media?parent=16"}],"curies":[{"name":"wp","href":"https:\/\/api.w.org\/{rel}","templated":true}]}}