{"id":163,"date":"2026-02-25T12:22:38","date_gmt":"2026-02-25T10:22:38","guid":{"rendered":"https:\/\/webs.uab.cat\/cositextualitats\/?page_id=163"},"modified":"2026-02-25T12:23:50","modified_gmt":"2026-02-25T10:23:50","slug":"barbara-hernandez-gonzalez","status":"publish","type":"page","link":"https:\/\/webs.uab.cat\/cositextualitats\/grup\/barbara-hernandez-gonzalez\/","title":{"rendered":"B\u00e0rbara Hern\u00e1ndez Gonz\u00e1lez"},"content":{"rendered":"\n<p><br>La B\u00e0rbara Hern\u00e1ndez Gonz\u00e1lez\u202f\u00e9s doctoranda FI Joan Or\u00f3 2024. La seva recerca se centra en la literatura s\u00e0fica irlandesa del segle XX, amb un enfocament interdisciplinari que integra teoria&nbsp;<em>queer<\/em>,&nbsp;postestructuralisme, subcultures, parentiu, religi\u00f3 i humanitats ambientals. Investiga autores com Kate O\u2019Brien,&nbsp;Edna&nbsp;O\u2019Brien,&nbsp;Molly&nbsp;Keane, Elizabeth&nbsp;Bowen, Mary&nbsp;Dorcey&nbsp;i Emma&nbsp;Donoghue, entre d\u2019altres.&nbsp;<\/p>\n\n\n\n<p>Va cursar el&nbsp;MPhil&nbsp;in&nbsp;Irish&nbsp;Writing\u202fa&nbsp;Trinity&nbsp;College&nbsp;Dublin&nbsp;(Irlanda) i \u00e9s graduada en Estudis Anglesos per la Universitat Aut\u00f2noma de Barcelona (UAB).&nbsp;<\/p>\n\n\n\n<p>La seva recerca t\u00e9 com a objectiu aportar noves perspectives a l\u2019estudi del g\u00e8nere, la sexualitat i la identitat en la literatura irlandesa, amb especial atenci\u00f3 als contextos socioculturals i ecol\u00f2gics. Actualment, t\u00e9 un article pendent de publicaci\u00f3 titulat\u202f\u201cBeyond&nbsp;Erotica:&nbsp;Sapphic&nbsp;Desire&nbsp;and&nbsp;the&nbsp;Politics&nbsp;of&nbsp;Irish&nbsp;Modernity&nbsp;in Maura&nbsp;Richards\u2019&nbsp;<em>Interlude&nbsp;<\/em>(1982)\u201d, acceptat per la revista\u202f<em>Estudios&nbsp;Irlandeses<\/em>.&nbsp;<\/p>\n\n\n\n<p>\u00c9s membre de l&#8217;AEDEI (Asociaci\u00f3n&nbsp;Espa\u00f1ola de&nbsp;Estudios&nbsp;Irlandeses) i de l&#8217;IASIL (International&nbsp;Association&nbsp;for&nbsp;the&nbsp;Study&nbsp;of&nbsp;Irish&nbsp;Literatures).&nbsp;<\/p>\n\n\n\n<p>Correu electr\u00f2nic: <a href=\"mailto:barbara.hernandez@uab.cat\" target=\"_blank\" rel=\"noreferrer noopener\">barbara.hernandez@uab.cat<\/a>\u00a0\u00a0<\/p>\n","protected":false},"excerpt":{"rendered":"<p>La B\u00e0rbara Hern\u00e1ndez Gonz\u00e1lez\u202f\u00e9s doctoranda FI Joan Or\u00f3 2024. La seva recerca se centra en la literatura s\u00e0fica irlandesa del segle XX, amb un enfocament interdisciplinari que integra teoria&nbsp;queer,&nbsp;postestructuralisme, subcultures, parentiu, religi\u00f3 i humanitats ambientals. Investiga autores com Kate O\u2019Brien,&nbsp;Edna&nbsp;O\u2019Brien,&nbsp;Molly&nbsp;Keane, Elizabeth&nbsp;Bowen, Mary&nbsp;Dorcey&nbsp;i Emma&nbsp;Donoghue, entre d\u2019altres.&nbsp; Va cursar el&nbsp;MPhil&nbsp;in&nbsp;Irish&nbsp;Writing\u202fa&nbsp;Trinity&nbsp;College&nbsp;Dublin&nbsp;(Irlanda) i \u00e9s graduada en Estudis Anglesos per [&hellip;]<\/p>\n","protected":false},"author":3019,"featured_media":0,"parent":18,"menu_order":0,"comment_status":"closed","ping_status":"closed","template":"","meta":{"footnotes":""},"class_list":["post-163","page","type-page","status-publish","hentry"],"_links":{"self":[{"href":"https:\/\/webs.uab.cat\/cositextualitats\/wp-json\/wp\/v2\/pages\/163","targetHints":{"allow":["GET"]}}],"collection":[{"href":"https:\/\/webs.uab.cat\/cositextualitats\/wp-json\/wp\/v2\/pages"}],"about":[{"href":"https:\/\/webs.uab.cat\/cositextualitats\/wp-json\/wp\/v2\/types\/page"}],"author":[{"embeddable":true,"href":"https:\/\/webs.uab.cat\/cositextualitats\/wp-json\/wp\/v2\/users\/3019"}],"replies":[{"embeddable":true,"href":"https:\/\/webs.uab.cat\/cositextualitats\/wp-json\/wp\/v2\/comments?post=163"}],"version-history":[{"count":1,"href":"https:\/\/webs.uab.cat\/cositextualitats\/wp-json\/wp\/v2\/pages\/163\/revisions"}],"predecessor-version":[{"id":164,"href":"https:\/\/webs.uab.cat\/cositextualitats\/wp-json\/wp\/v2\/pages\/163\/revisions\/164"}],"up":[{"embeddable":true,"href":"https:\/\/webs.uab.cat\/cositextualitats\/wp-json\/wp\/v2\/pages\/18"}],"wp:attachment":[{"href":"https:\/\/webs.uab.cat\/cositextualitats\/wp-json\/wp\/v2\/media?parent=163"}],"curies":[{"name":"wp","href":"https:\/\/api.w.org\/{rel}","templated":true}]}}