{"id":18,"date":"2024-02-16T00:55:12","date_gmt":"2024-02-15T22:55:12","guid":{"rendered":"https:\/\/webs.uab.cat\/cositextualitats\/?page_id=18"},"modified":"2026-02-27T19:22:50","modified_gmt":"2026-02-27T17:22:50","slug":"grup","status":"publish","type":"page","link":"https:\/\/webs.uab.cat\/cositextualitats\/grup\/","title":{"rendered":"Grup"},"content":{"rendered":"\n<p><strong>Membres del Grup<\/strong><\/p>\n\n\n\n<p><a href=\"https:\/\/webs.uab.cat\/cositextualitats\/carme-font-paz\/\">Carme Font Paz<\/a><\/p>\n\n\n\n<p><a href=\"https:\/\/webs.uab.cat\/cositextualitats\/grup\/meri-torras-frances\/\" data-type=\"page\" data-id=\"149\">Meri Torras Franc\u00e8s<\/a><\/p>\n\n\n\n<p><a href=\"https:\/\/www.instituthumanitats.org\/es\/ponentes\/begonya-saez-tajafuerce\">Begonya Saez Tajafuerce<\/a><\/p>\n\n\n\n<p><a href=\"https:\/\/es.wikipedia.org\/wiki\/Diego_Falcon%C3%AD\">Diego Falcon\u00ed Tr\u00e1vez<\/a><\/p>\n\n\n\n<p><a href=\"https:\/\/es.wikipedia.org\/wiki\/Jes%C3%BAs_Adri%C3%A1n_Escudero\">Jes\u00fas Adri\u00e1n Escudero<\/a><\/p>\n\n\n\n<p><a href=\"https:\/\/en.wikipedia.org\/wiki\/David_Roas\">David Roas Deus<\/a><\/p>\n\n\n\n<p><a href=\"https:\/\/webs.uab.cat\/cositextualitats\/grup\/rafael-m-merida-jimenez\/\" data-type=\"page\" data-id=\"153\">Rafael M\u00e9rida Jim\u00e9nez<\/a><\/p>\n\n\n\n<p><a href=\"https:\/\/www.cccb.org\/es\/participantes\/ficha\/catalina-gaya\/242613\">Catalina Gay\u00e0 Morl\u00e0<\/a><\/p>\n\n\n\n<p><a href=\"https:\/\/helenaaguilaruzola.es\/\">Helena Aguil\u00e0 Ruzola<\/a><\/p>\n\n\n\n<p><a href=\"https:\/\/webs.uab.cat\/cositextualitats\/francesca-blanch-serrat\/\" data-type=\"page\" data-id=\"160\">Francesca Blanch Serrat<\/a><\/p>\n\n\n\n<p><a href=\"https:\/\/becarios.fundacionlacaixa.org\/es\/juan-carrillo-del-saz-B005592\">Juan Carrillo del Saz<\/a><\/p>\n\n\n\n<p><a href=\"https:\/\/webs.uab.cat\/cositextualitats\/grup\/barbara-hernandez-gonzalez\/\" data-type=\"page\" data-id=\"163\">B\u00e0rbara Hern\u00e1ndez Gonz\u00e1lez<\/a><\/p>\n\n\n\n<p><a href=\"https:\/\/webs.uab.cat\/cositextualitats\/elisenda-diaz-garces\/\" data-type=\"page\" data-id=\"165\">Elisenda D\u00edaz Garc\u00e9s<\/a><\/p>\n\n\n\n<p><a href=\"https:\/\/webs.uab.cat\/cositextualitats\/monica-piferrer-gomez\/\" data-type=\"page\" data-id=\"168\">M\u00f2nica Piferrer G\u00f3mez<\/a><\/p>\n\n\n\n<p>Membres Col\u00b7laboradors<\/p>\n\n\n\n<p>Aina P\u00e9rez Fontdevila (Univ. de Alcal\u00e1), Chiara Bottici (associated professor, The New School, NY), Hourya Bentouhami (Univ. Toulouse Jean-Jaur\u00e8s), Jorge Luis Peralta (UNED); Maxim Rigaux (Univ. Ghent), Alba Torrents (UAB), Patricia \u00c1lvarez (UAB), Mich\u00e8le Soriano (U. Toulouse Jean-Jaur\u00e8s), Teresa L\u00f3pez Pellisa (U. de Alcal\u00e1), Sara Torres (Passau Universit\u00e4t), Alejandra Castillo (U. Metropolitana de Ciencias de la Educaci\u00f3n), Marie-Agn\u00e8s Palaisi-Robert (U. Toulouse Jean-Jaur\u00e8s), Monica Bolufer (U. Val\u00e8ncia), Th\u00e9r\u00e8se Courau (U. Toulouse Jean-Jaur\u00e8s), Gina Luria Walker (The New School, NY), Eleonora Cr\u00f3quer (U. Sim\u00f3n Bol\u00edvar), Michelle Gama (U. Iberoamericana), Adriana de Teresa Ochoa (UNAM), Irene Artigas (UNAM), Nattie Golubov (UNAM), Julia Constantino (UNAM), Gabriela Garc\u00eda Hubard (UNAM), Susana Gonz\u00e1lez Aktories (UNAM), Aurora Pi\u00f1eiro (UNAM), Ana Elena Gonz\u00e1lez Trevi\u00f1o (UNAM), Flavio Garc\u00eda (U. do Estado de Rio de Janeiro), Celina Moreira de Mello (U. de Rio de Janeiro), Barbara Zecchi (U. Massachusetts), Jos\u00e9-Luis Diaz (U. Paris VII), Juan Zapata (U. Lille), David Martens (KU Leuven), Jean-Philippe Imbert (Dublin City U.), Patricia Garc\u00eda (U. Nottingham), Alfons Gregori (Uniwersytet im. Adam Mickiewicz), Miguel Carrera Garrido (Univ. Marie Curie-Skodowska), Paul B. Preciado (without affiliation), Noem\u00ed Acedo (UOC), Andr\u00e9s Armengol (sense vinculaci\u00f3), Patricia Mayayo (U. Aut\u00f3noma de Madrid), Miriam Palma (U. Sevilla), Ana Quintanas (U. de Girona), Katarsyna Paszkiewicz (U. Illes Balears), David Vi\u00f1as (U Barcelona), Ana Casas (U. Alcal\u00e1), Natalia \u00c1lvarez M\u00e9ndez (U. Le\u00f3n).<\/p>\n","protected":false},"excerpt":{"rendered":"<p>Membres del Grup Carme Font Paz Meri Torras Franc\u00e8s Begonya Saez Tajafuerce Diego Falcon\u00ed Tr\u00e1vez Jes\u00fas Adri\u00e1n Escudero David Roas Deus Rafael M\u00e9rida Jim\u00e9nez Catalina Gay\u00e0 Morl\u00e0 Helena Aguil\u00e0 Ruzola Francesca Blanch Serrat Juan Carrillo del Saz B\u00e0rbara Hern\u00e1ndez Gonz\u00e1lez Elisenda D\u00edaz Garc\u00e9s M\u00f2nica Piferrer G\u00f3mez Membres Col\u00b7laboradors Aina P\u00e9rez Fontdevila (Univ. de Alcal\u00e1), Chiara [&hellip;]<\/p>\n","protected":false},"author":47,"featured_media":0,"parent":0,"menu_order":0,"comment_status":"closed","ping_status":"closed","template":"","meta":{"footnotes":""},"class_list":["post-18","page","type-page","status-publish","hentry"],"_links":{"self":[{"href":"https:\/\/webs.uab.cat\/cositextualitats\/wp-json\/wp\/v2\/pages\/18","targetHints":{"allow":["GET"]}}],"collection":[{"href":"https:\/\/webs.uab.cat\/cositextualitats\/wp-json\/wp\/v2\/pages"}],"about":[{"href":"https:\/\/webs.uab.cat\/cositextualitats\/wp-json\/wp\/v2\/types\/page"}],"author":[{"embeddable":true,"href":"https:\/\/webs.uab.cat\/cositextualitats\/wp-json\/wp\/v2\/users\/47"}],"replies":[{"embeddable":true,"href":"https:\/\/webs.uab.cat\/cositextualitats\/wp-json\/wp\/v2\/comments?post=18"}],"version-history":[{"count":16,"href":"https:\/\/webs.uab.cat\/cositextualitats\/wp-json\/wp\/v2\/pages\/18\/revisions"}],"predecessor-version":[{"id":228,"href":"https:\/\/webs.uab.cat\/cositextualitats\/wp-json\/wp\/v2\/pages\/18\/revisions\/228"}],"wp:attachment":[{"href":"https:\/\/webs.uab.cat\/cositextualitats\/wp-json\/wp\/v2\/media?parent=18"}],"curies":[{"name":"wp","href":"https:\/\/api.w.org\/{rel}","templated":true}]}}