{"id":16,"date":"2025-01-24T13:32:26","date_gmt":"2025-01-24T11:32:26","guid":{"rendered":"https:\/\/webs.uab.cat\/criminologia\/?page_id=16"},"modified":"2026-03-05T11:33:12","modified_gmt":"2026-03-05T09:33:12","slug":"projectes-en-curs","status":"publish","type":"page","link":"https:\/\/webs.uab.cat\/criminologia\/projectes-en-curs\/","title":{"rendered":"Projectes en curs"},"content":{"rendered":"\n<p><strong><em>Tercer grau, llibertat condicional i reinserci\u00f3 <\/em><\/strong>(PID2022-140171NB-I00). Finan\u00e7at per: Ministerio de Ciencia y Innovaci\u00f3n. Durada: 1\/10\/2023 a 1\/10\/2026. Investigadors: Josep Cid (PI), Leonor M. Cantera, Joel Mart\u00ed, Jenny Cubells, Constanza Busquets, Albert Pedrosa, Anna Mel\u00e9ndez.<\/p>\n\n\n\n<p>El projecte pret\u00e9n investigar els mecanismes que expliquen l&#8217;efic\u00e0cia del tercer grau i de la llibertat condicional per a aconseguir la reinserci\u00f3. Entenem que una persona amb traject\u00f2ria delictiva es reinsereix quan aconsegueix evitar la reincid\u00e8ncia -desistiment &nbsp;primari- assumeix una identitat convencional -desistiment secundari- i es reintegra en la societat (fam\u00edlia, treball, comunitat) -desistiment terciari-. La base de la proposta \u00e9s la recerca realitzada en el nostre anterior projecte <em>Empresonament i Reincid\u00e8ncia<\/em>, en el qual concloem que acabar la condemna en tercer grau o en llibertat condicional era el factor clau per a reduir el risc de reincid\u00e8ncia. Despr\u00e9s d&#8217;una revisi\u00f3 bibliogr\u00e0fica, hem seleccionat quatre possibles mecanismes que poden explicar l&#8217;impacte positiu del tercer grau i la llibertat condicional sobre la reincid\u00e8ncia: a) augment de l&#8217;aposta per la conformitat a causa del + assentament laboral, b) transformaci\u00f3 cognitiva deguda al modelatge i refor\u00e7 per part dels supervisors; c) deure moral de canviar pel suport rebut; d) autocontrol diacr\u00f2nic basat en la vigil\u00e0ncia. La recerca es dur\u00e0 a terme en dues comunitats aut\u00f2nomes espanyoles diferents (Catalunya i Madrid). Hem dissenyat una metodologia qualitativa, proposant una an\u00e0lisi tipol\u00f2gica d&#8217;una mostra de delinq\u00fcents que compleixen la pena de pres\u00f3 en tercer grau o en llibertat condicional. La tipologia s&#8217;ha constru\u00eft amb tres eixos que, a m\u00e9s de la manera de finalitzar la pena de pres\u00f3, s&#8217;associaven amb el resultat de reincid\u00e8ncia: edat al primer empresonament (jove o adult jove); ab\u00fas de drogues i alcohol (present o absent); fam\u00edlia o iguals delinq\u00fcents (present o absent). En cadascun dels dos entorns, se seleccionaran 40 casos que cobreixin els diferents perfils i es recopilar\u00e0 informaci\u00f3 biogr\u00e0fica mitjan\u00e7ant entrevistes amb els delinq\u00fcents i els supervisors. L&#8217;objectiu de l&#8217;an\u00e0lisi consistir\u00e0 a identificar els mecanismes de canvi que apareixen i comparar els diferents perfils. La recerca hauria de ser \u00fatil per a millorar la pr\u00e0ctica de la supervisi\u00f3, centrant la intervenci\u00f3 en aquells mecanismes que expliquen el canvi. A m\u00e9s, la proposta pot contribuir a l&#8217;extensi\u00f3 del control comunitari, en substituci\u00f3 de les penes privatives de llibertat.<\/p>\n","protected":false},"excerpt":{"rendered":"<p>Tercer grau, llibertat condicional i reinserci\u00f3 (PID2022-140171NB-I00). Finan\u00e7at per: Ministerio de Ciencia y Innovaci\u00f3n. Durada: 1\/10\/2023 a 1\/10\/2026. Investigadors: Josep Cid (PI), Leonor M. Cantera, Joel Mart\u00ed, Jenny Cubells, Constanza Busquets, Albert Pedrosa, Anna Mel\u00e9ndez. El projecte pret\u00e9n investigar els mecanismes que expliquen l&#8217;efic\u00e0cia del tercer grau i de la llibertat condicional per a aconseguir [&hellip;]<\/p>\n","protected":false},"author":1385,"featured_media":0,"parent":0,"menu_order":0,"comment_status":"closed","ping_status":"closed","template":"","meta":{"footnotes":""},"class_list":["post-16","page","type-page","status-publish","hentry"],"_links":{"self":[{"href":"https:\/\/webs.uab.cat\/criminologia\/wp-json\/wp\/v2\/pages\/16","targetHints":{"allow":["GET"]}}],"collection":[{"href":"https:\/\/webs.uab.cat\/criminologia\/wp-json\/wp\/v2\/pages"}],"about":[{"href":"https:\/\/webs.uab.cat\/criminologia\/wp-json\/wp\/v2\/types\/page"}],"author":[{"embeddable":true,"href":"https:\/\/webs.uab.cat\/criminologia\/wp-json\/wp\/v2\/users\/1385"}],"replies":[{"embeddable":true,"href":"https:\/\/webs.uab.cat\/criminologia\/wp-json\/wp\/v2\/comments?post=16"}],"version-history":[{"count":3,"href":"https:\/\/webs.uab.cat\/criminologia\/wp-json\/wp\/v2\/pages\/16\/revisions"}],"predecessor-version":[{"id":664,"href":"https:\/\/webs.uab.cat\/criminologia\/wp-json\/wp\/v2\/pages\/16\/revisions\/664"}],"wp:attachment":[{"href":"https:\/\/webs.uab.cat\/criminologia\/wp-json\/wp\/v2\/media?parent=16"}],"curies":[{"name":"wp","href":"https:\/\/api.w.org\/{rel}","templated":true}]}}