{"id":91,"date":"2025-02-06T10:54:44","date_gmt":"2025-02-06T08:54:44","guid":{"rendered":"https:\/\/webs.uab.cat\/criminologia\/?page_id=91"},"modified":"2025-02-06T10:56:40","modified_gmt":"2025-02-06T08:56:40","slug":"enllacos","status":"publish","type":"page","link":"https:\/\/webs.uab.cat\/criminologia\/enllacos\/","title":{"rendered":"Enlla\u00e7os"},"content":{"rendered":"\n<p><strong>GRUPS DE RECERCA D\u2019\u00c0MBIT ESPANYOL<\/strong><\/p>\n\n\n\n<ul class=\"wp-block-list\">\n<li><a href=\"https:\/\/www.upf.edu\/web\/criminologia\/\" target=\"_blank\" rel=\"noreferrer noopener\">Criminologia i Sistema Penal<\/a>&nbsp;(Universitat Pompeu Fabra)<\/li>\n\n\n\n<li><a href=\"http:\/\/www2.udg.edu\/tabid\/14662\/language\/ca-ES\/Default.aspx\" target=\"_blank\" rel=\"noreferrer noopener\">Seminari de Ci\u00e8ncies Penals i Criminol\u00f2giques<\/a>&nbsp;(Universitat de Girona)<\/li>\n\n\n\n<li><a href=\"http:\/\/www.ub.edu\/geav\/\" target=\"_blank\" rel=\"noreferrer noopener\">Grup d\u2019Estudis Avan\u00e7ats en Viol\u00e8ncia<\/a>&nbsp;(GEAV) (Universitat de Barcelona)<\/li>\n\n\n\n<li><a href=\"http:\/\/www.ub.edu\/ospdh\/\" target=\"_blank\" rel=\"noreferrer noopener\">Observatori del Sistema Penal i els Drets Humans<\/a>&nbsp;(OSPDH) (Universitat de Barcelona)<\/li>\n\n\n\n<li><a href=\"http:\/\/transfer.rdi.uoc.edu\/ca\/grup\/victimologia-i-criminalitat-en-la-societat-de-la-informacio\" target=\"_blank\" rel=\"noreferrer noopener\">Sistema de Just\u00edcia Penal<\/a>&nbsp;(VICRIM) (Universitat Oberta de Catalunya)<\/li>\n\n\n\n<li><a href=\"http:\/\/www.crimina.es\/\" target=\"_blank\" rel=\"noreferrer noopener\">Centro Cr\u00edmina para el Estudio y Prevenci\u00f3n de la Delincuencia<\/a>&nbsp;(Universidad Miguel Hern\u00e1ndez)<\/li>\n\n\n\n<li><a href=\"https:\/\/www.uji.es\/serveis\/ocit\/base\/grupsinvestigacio\/detall?codi=165\" target=\"_blank\" rel=\"noreferrer noopener\">Centro de Investigaci\u00f3n en Derecho Penal, Criminolog\u00eda e Inteligencia<\/a>&nbsp;(Universitat Jaume I)<\/li>\n\n\n\n<li><a href=\"https:\/\/www.uv.es\/uvweb\/universidad\/es\/investigacion-transferencia\/recerca-uv\/grupos-investigacion\/ciencias-sociales-juridicas\/grupo-1286006201811.html?p2=GIUV2015-261\" target=\"_blank\" rel=\"noreferrer noopener\">Derecho penal de la peligrosidad<\/a>&nbsp;(DERPEligro) (Universitat de Val\u00e8ncia)<\/li>\n\n\n\n<li><a href=\"https:\/\/curie.um.es\/curie\/catalogo-ficha.du?seof_codigo=1&amp;perf_codigo=10&amp;peva_cod=004&amp;titulo=Ciencias+Jur%EF%BF%BDdicas&amp;sec_codigo=&amp;cods=E0B2*01\" target=\"_blank\" rel=\"noreferrer noopener\">Ciencias Penales y Criminol\u00f3gicas<\/a>&nbsp;(Universidad de Murcia)<\/li>\n\n\n\n<li><a href=\"https:\/\/twitter.com\/GCrimijov\" target=\"_blank\" rel=\"noreferrer noopener\">Criminolog\u00eda y Delincuencia Juvenil<\/a>&nbsp;(Universidad de Castilla-La Mancha)<\/li>\n\n\n\n<li><a href=\"http:\/\/www.ecrim.es\/indexC.html\" target=\"_blank\" rel=\"noreferrer noopener\">Criminalidad, Psicolog\u00eda Jur\u00eddica y Justicia Penal en el siglo XXI<\/a>&nbsp;(ECRIM) (Universidad de A Coru\u00f1a)<\/li>\n\n\n\n<li><a href=\"http:\/\/www.iaic.us.es\/\" target=\"_blank\" rel=\"noreferrer noopener\">Instituto Andaluz Interuniversitario de Criminolog\u00eda<\/a><\/li>\n\n\n\n<li><a href=\"https:\/\/investigacion.us.es\/sisius\/grupo\/SEJ307\" target=\"_blank\" rel=\"noreferrer noopener\">Criminolog\u00eda y Derecho Penal<\/a>&nbsp;(Universidad de Sevilla)<\/li>\n\n\n\n<li><a href=\"https:\/\/www.upo.es\/investiga\/cipec\/\" target=\"_blank\" rel=\"noreferrer noopener\">Ciencias Penales y Criminol\u00f3gicas<\/a>&nbsp;(CIPEC) (Universidad Pablo de Olavide)<\/li>\n\n\n\n<li><a href=\"https:\/\/www.uja.es\/investigacion-y-transferencia\/grupos-de-investigacion\/derecho-penal-criminologia-democracia-y-derechos-fundamentales\" target=\"_blank\" rel=\"noreferrer noopener\">Derecho Penal, Criminolog\u00eda, Democracia y Derechos Fundamentales<\/a>&nbsp;(Universidad de Ja\u00e9n)<\/li>\n\n\n\n<li><a href=\"https:\/\/secti.gobex.es\/SECTI\/publico\/catalogo\/grupoInvestigacion.jsf\" target=\"_blank\" rel=\"noreferrer noopener\">Estudios de Derecho Penal y Procesal<\/a>&nbsp;(Universidad de Extremadura)<\/li>\n\n\n\n<li><a href=\"http:\/\/gicpc.grupos.uniovi.es\/\" target=\"_blank\" rel=\"noreferrer noopener\">Investigaci\u00f3n de Ciencias Penales y Criminol\u00f3gicas<\/a>&nbsp;(GICPC) (Universidad de Oviedo)<\/li>\n\n\n\n<li><a href=\"https:\/\/www.ehu.eus\/es\/web\/ivac\" target=\"_blank\" rel=\"noreferrer noopener\">Instituto Vasco de Criminolog\u00eda<\/a>&nbsp;(IVAC-KREI) (Universidad del Pa\u00eds Vasco \u2013 Euskal Herriko Unibertsitatea)<\/li>\n\n\n\n<li><a href=\"https:\/\/www.ehu.eus\/es\/web\/dms\" target=\"_blank\" rel=\"noreferrer noopener\">Centro Internacional de Investigaci\u00f3n DMS<\/a>&nbsp;\u2013 sobre la Delincuencia, la Marginalidad y las Relaciones Sociales (Universidad del Pa\u00eds Vasco \u2013 Euskal Herriko Unibertsitatea)<\/li>\n\n\n\n<li><a href=\"http:\/\/portal.uned.es\/portal\/page?_pageid=93,55883779&amp;_dad=portal&amp;_schema=PORTAL&amp;idContenido=1\" target=\"_blank\" rel=\"noreferrer noopener\">Ciencias Penales<\/a>&nbsp;(Universidad Nacional de Educaci\u00f3n a Distancia \u2013 UNED)<\/li>\n<\/ul>\n\n\n\n<p><strong>ASSOCIACIONS D\u2019\u00c0MBIT ESPANYOL<\/strong><\/p>\n\n\n\n<ul class=\"wp-block-list\">\n<li><a href=\"http:\/\/www.criminologia.net\/\" target=\"_blank\" rel=\"noreferrer noopener\">Sociedad Espa\u00f1ola de Investigaciones Criminol\u00f3gicas<\/a>&nbsp;(SEIC)<\/li>\n\n\n\n<li><a href=\"http:\/\/www.criminologos.net\/\" target=\"_blank\" rel=\"noreferrer noopener\">Federaci\u00f3n de Asociaciones de Crimin\u00f3logos de Espa\u00f1a<\/a>&nbsp;(FACE)<\/li>\n\n\n\n<li><a href=\"http:\/\/fiadys.org\/\" target=\"_blank\" rel=\"noreferrer noopener\">Fundaci\u00f3n para la investigaci\u00f3n aplicada en delincuencia y seguridad<\/a>&nbsp;(Fiadys)<\/li>\n<\/ul>\n\n\n\n<p><strong>ASSOCIACIONS D\u2019\u00c0MBIT INTERNACIONAL<\/strong><\/p>\n\n\n\n<ul class=\"wp-block-list\">\n<li><a href=\"http:\/\/www.esc-eurocrim.org\/\">European Society of Criminology<\/a><\/li>\n\n\n\n<li><a href=\"http:\/\/www.isc-sic.org\/web\/\" target=\"_blank\" rel=\"noreferrer noopener\">International Society of Criminology<\/a><\/li>\n\n\n\n<li><a href=\"http:\/\/www.asc41.com\/\" target=\"_blank\" rel=\"noreferrer noopener\">The American Society of Criminology<\/a><\/li>\n\n\n\n<li><a href=\"http:\/\/www.sccjr.ac.uk\/\" target=\"_blank\" rel=\"noreferrer noopener\">The Scottish Centre for Crime and Justice Research<\/a><\/li>\n\n\n\n<li><a href=\"http:\/\/www.unicri.it\/\" target=\"_blank\" rel=\"noreferrer noopener\">United Nations Interregional Crime and Justice Research Institute<\/a><\/li>\n\n\n\n<li><a href=\"http:\/\/www.uncjin.org\/\" target=\"_blank\" rel=\"noreferrer noopener\">United Nations Crime and Justice<\/a><\/li>\n<\/ul>\n\n\n\n<p><strong>ALTRES<\/strong><\/p>\n\n\n\n<ul class=\"wp-block-list\">\n<li><a href=\"http:\/\/dedelitosypenas.wordpress.com\/\">De delitos y penas<\/a>. Blog de Juanjo Medina (University of Manchester)<\/li>\n\n\n\n<li><a href=\"http:\/\/www.offendersupervision.eu\/\">Offender Supervision in Europe<\/a>. Blog del projecte \u201cOffender Supervision in Europe\u201d (COST Action IS1106) sobre la supervisi\u00f3 a la comunitat de condemnats a Europa.<\/li>\n<\/ul>\n","protected":false},"excerpt":{"rendered":"<p>GRUPS DE RECERCA D\u2019\u00c0MBIT ESPANYOL ASSOCIACIONS D\u2019\u00c0MBIT ESPANYOL ASSOCIACIONS D\u2019\u00c0MBIT INTERNACIONAL ALTRES<\/p>\n","protected":false},"author":1385,"featured_media":0,"parent":0,"menu_order":0,"comment_status":"closed","ping_status":"closed","template":"","meta":{"footnotes":""},"class_list":["post-91","page","type-page","status-publish","hentry"],"_links":{"self":[{"href":"https:\/\/webs.uab.cat\/criminologia\/wp-json\/wp\/v2\/pages\/91","targetHints":{"allow":["GET"]}}],"collection":[{"href":"https:\/\/webs.uab.cat\/criminologia\/wp-json\/wp\/v2\/pages"}],"about":[{"href":"https:\/\/webs.uab.cat\/criminologia\/wp-json\/wp\/v2\/types\/page"}],"author":[{"embeddable":true,"href":"https:\/\/webs.uab.cat\/criminologia\/wp-json\/wp\/v2\/users\/1385"}],"replies":[{"embeddable":true,"href":"https:\/\/webs.uab.cat\/criminologia\/wp-json\/wp\/v2\/comments?post=91"}],"version-history":[{"count":4,"href":"https:\/\/webs.uab.cat\/criminologia\/wp-json\/wp\/v2\/pages\/91\/revisions"}],"predecessor-version":[{"id":97,"href":"https:\/\/webs.uab.cat\/criminologia\/wp-json\/wp\/v2\/pages\/91\/revisions\/97"}],"wp:attachment":[{"href":"https:\/\/webs.uab.cat\/criminologia\/wp-json\/wp\/v2\/media?parent=91"}],"curies":[{"name":"wp","href":"https:\/\/api.w.org\/{rel}","templated":true}]}}