{"id":80,"date":"2009-09-06T21:05:06","date_gmt":"2009-09-06T19:05:06","guid":{"rendered":"https:\/\/webs.uab.cat\/cristinaescobar\/home\/"},"modified":"2009-09-06T21:05:06","modified_gmt":"2009-09-06T19:05:06","slug":"home","status":"publish","type":"page","link":"https:\/\/webs.uab.cat\/cristinaescobar\/home\/","title":{"rendered":"Home"},"content":{"rendered":"<p><img loading=\"lazy\" decoding=\"async\" class=\" size-full wp-image-79\" alt=\"\" height=\"250\" src=\"https:\/\/webs.uab.cat\/cristinaescobar\/wp-content\/uploads\/sites\/393\/2009\/09\/cris.jpg\" style=\"float:left\" width=\"250\" srcset=\"https:\/\/webs.uab.cat\/cristinaescobar\/wp-content\/uploads\/sites\/393\/2009\/09\/cris.jpg 250w, https:\/\/webs.uab.cat\/cristinaescobar\/wp-content\/uploads\/sites\/393\/2009\/09\/cris-150x150.jpg 150w\" sizes=\"auto, (max-width: 250px) 100vw, 250px\" \/><a href=\"http:\/\/www.uab.es\/departament\/didactica-llengua-literatura-ciencies-socials\/\">Departament de Did\u00e0ctica de la Llengua&nbsp; i la Literatura <\/a><br \/>\n<a href=\"Universitat%20Aut%C3%B2noma%20de%20Barcelona%20\">Universitat Aut\u00f2noma de Barcelona<\/a><\/p>\n<p><a href=\"http:\/\/www.uab.es\/ciencies-educacio\/\">Facultat de Ci\u00e8ncies de l&#8217;Educaci\u00f3 <\/a><br \/>\nDespatx&nbsp; G5-123.<br \/>\n08193 Bellaterra<br \/>\n(Barcelona)<\/p>\n<p>cristina.escobar@uab.cat<br \/>\nTel: +34 935812657<br \/>\n&nbsp;<\/p>\n<p>&nbsp;<\/p>\n<p>&nbsp;<\/p>\n<p><strong>RESEARCH<\/strong><\/p>\n<p><a href=\"http:\/\/grupsderecerca.uab.cat\/led\/\">Language and Education<\/a> (LED) Research Team<\/p>\n<p><a href=\"https:\/\/revistes.uab.cat\/clil\/index\"><em>CLIL Journal of Innovation and Research in Plurilingual and Pluricultural Education<\/em><\/a><\/p>\n<p><a href=\"http:\/\/grupsderecerca.uab.cat\/lletra\/ca\">LLETRA <\/a>Research Group<\/p>\n<ul>\n<li><a href=\"http:\/\/orcid.org\/0000-0003-4894-6260\">ORCID<\/a><\/li>\n<li><a href=\"https:\/\/scholar.google.es\/citations?user=LyK2A38AAAAJ\">Googlescholar<\/a><\/li>\n<li><a href=\"https:\/\/www.researchgate.net\/profile\/Cristina_Urmeneta\">Researchgate<\/a><\/li>\n<li><a href=\"https:\/\/uab.academia.edu\/CristinaEscobarUrmeneta\">Academia<\/a><\/li>\n<\/ul>\n<p><strong>TEACHER DEVELOPMENT<\/strong><\/p>\n<p><a href=\"http:\/\/grupsderecerca.uab.cat\/clilsi\/\">CLIL-SI<\/a> Collaborative Research Team&nbsp;<\/p>\n<p><a href=\"http:\/\/www.clil.cat\/\">MEd CLIL-FLE<\/a>&nbsp;Master&#8217;s Degree in Teacher Development for Foreign Language Education and Content and Language Integrated Learning (CLIL)<\/p>\n<p>&nbsp;<\/p>\n<p>&nbsp;<\/p>\n<p>\n&nbsp;<\/p>\n<p>&nbsp;<\/p>\n<p>&nbsp;<\/p>\n<p>&nbsp;<\/p>\n<p>&nbsp;<\/p>\n<p>&nbsp;<\/p>\n<p><a href=\"\/\/creativecommons.org\/licenses\/by-nc-sa\/3.0\/%22%3E%3Cimg%20alt=%22Creative%20Commons%20License%22%20style=%22border-width:0%22%20src=%22http:\/\/i.creativecommons.org\/l\/by-nc-sa\/3.0\/88x31.png%22%20\/%3E%3C\/a%3E%3Cbr%20\/%3EThis%20work%20is%20licensed%20under%20a%20%3Ca%20rel=%22license%22%20href=%22http:\/\/creativecommons.org\/licenses\/by-nc-sa\/3.0\/%22%3ECreative%20Commons%20Attribution-NonCommercial-ShareAlike%203.0%20Unported%20License%3C\/a%3E.\">Creative Commons Licence<\/a><\/p>\n","protected":false},"excerpt":{"rendered":"<p>Departament de Did\u00e0ctica de la Llengua&nbsp; i la Literatura Universitat Aut\u00f2noma de Barcelona Facultat de Ci\u00e8ncies de l&#8217;Educaci\u00f3 Despatx&nbsp; G5-123. 08193 Bellaterra (Barcelona) cristina.escobar@uab.cat Tel: +34 935812657 &nbsp; &nbsp; &nbsp; RESEARCH Language and Education (LED) Research Team CLIL Journal of Innovation and Research in Plurilingual and Pluricultural Education LLETRA Research Group ORCID Googlescholar Researchgate Academia [&hellip;]<\/p>\n","protected":false},"author":20,"featured_media":79,"parent":0,"menu_order":0,"comment_status":"closed","ping_status":"closed","template":"","meta":{"footnotes":""},"class_list":["post-80","page","type-page","status-publish","has-post-thumbnail","hentry"],"_links":{"self":[{"href":"https:\/\/webs.uab.cat\/cristinaescobar\/wp-json\/wp\/v2\/pages\/80","targetHints":{"allow":["GET"]}}],"collection":[{"href":"https:\/\/webs.uab.cat\/cristinaescobar\/wp-json\/wp\/v2\/pages"}],"about":[{"href":"https:\/\/webs.uab.cat\/cristinaescobar\/wp-json\/wp\/v2\/types\/page"}],"author":[{"embeddable":true,"href":"https:\/\/webs.uab.cat\/cristinaescobar\/wp-json\/wp\/v2\/users\/20"}],"replies":[{"embeddable":true,"href":"https:\/\/webs.uab.cat\/cristinaescobar\/wp-json\/wp\/v2\/comments?post=80"}],"version-history":[{"count":0,"href":"https:\/\/webs.uab.cat\/cristinaescobar\/wp-json\/wp\/v2\/pages\/80\/revisions"}],"wp:featuredmedia":[{"embeddable":true,"href":"https:\/\/webs.uab.cat\/cristinaescobar\/wp-json\/wp\/v2\/media\/79"}],"wp:attachment":[{"href":"https:\/\/webs.uab.cat\/cristinaescobar\/wp-json\/wp\/v2\/media?parent=80"}],"curies":[{"name":"wp","href":"https:\/\/api.w.org\/{rel}","templated":true}]}}