{"id":2,"date":"2023-02-07T14:12:52","date_gmt":"2023-02-07T12:12:52","guid":{"rendered":"https:\/\/webs.uab.cat\/csif\/?page_id=2"},"modified":"2026-03-23T15:06:09","modified_gmt":"2026-03-23T13:06:09","slug":"quant-a-csif-uab","status":"publish","type":"page","link":"https:\/\/webs.uab.cat\/csif\/quant-a-csif-uab\/","title":{"rendered":"Quant a CSIF-UAB"},"content":{"rendered":"\n<p>La Central Sindical Independent i de Funcionaris de la UAB (CSIF-UAB) \u00e9s la representaci\u00f3 <strong>a la UAB com delegaci\u00f3 de CSIF<\/strong>. <\/p>\n\n\n\n<div class=\"wp-block-group is-nowrap is-layout-flex wp-container-core-group-is-layout-ad2f72ca wp-block-group-is-layout-flex\">\n<p>Les premisses que guien l&#8217;acci\u00f3 sindical s\u00f3n:<\/p>\n\n\n\n<div class=\"wp-block-columns is-layout-flex wp-container-core-columns-is-layout-9d6595d7 wp-block-columns-is-layout-flex\">\n<div class=\"wp-block-column is-layout-flow wp-block-column-is-layout-flow\" style=\"flex-basis:100%\">\n<ul class=\"wp-block-list\">\n<li><strong>Independent<\/strong> (garantia de la nostra llibertat d&#8217;actuaci\u00f3, mantenint en les nostres actuacions com a \u00fanic inter\u00e8s la defensa dels drets laborals).<\/li>\n\n\n\n<li><strong>Professional.<\/strong><\/li>\n\n\n\n<li><strong>Solidari.<\/strong><\/li>\n\n\n\n<li><strong>Participatiu.<\/strong><\/li>\n\n\n\n<li><strong>Negociador.<\/strong><\/li>\n\n\n\n<li><strong>Reivindicatiu.<\/strong><\/li>\n\n\n\n<li><strong>Amb vocaci\u00f3 de Servei.<\/strong><\/li>\n<\/ul>\n<\/div>\n<\/div>\n<\/div>\n\n\n\n<p>En quant al <strong>PDI funcionari<\/strong>, els representants en nom de la CSIF a la JPDI s\u00f3n:<\/p>\n\n\n\n<figure class=\"wp-block-table\"><table><tbody><tr><td><a rel=\"noreferrer noopener\" href=\"https:\/\/directori.uab.cat\/pcde\/fitxa_persona.jsf?id=5efb70e6b4d6e8cf&amp;entitat=484&amp;colectiu=PDI\" data-type=\"URL\" data-id=\"https:\/\/directori.uab.cat\/pcde\/fitxa_persona.jsf?id=5efb70e6b4d6e8cf&amp;entitat=484&amp;colectiu=PDI\" target=\"_blank\">Juan Bautista Hern\u00e1ndez G\u00f3mez<\/a>   <strong>Secretari general<\/strong> de la JPDI<\/td><\/tr><tr><td><a rel=\"noreferrer noopener\" href=\"https:\/\/directori.uab.cat\/pcde\/fitxa_persona.jsf?id=e8b49a8e2be48df0&amp;entitat=938&amp;colectiu=PDI\" data-type=\"URL\" data-id=\"https:\/\/directori.uab.cat\/pcde\/fitxa_persona.jsf?id=e8b49a8e2be48df0&amp;entitat=938&amp;colectiu=PDI\" target=\"_blank\">Pilar Orero Clavero <\/a><\/td><\/tr><tr><td><a href=\"https:\/\/directori.uab.cat\/pcde\/fitxa_persona.jsf?id=726820374045a270&amp;entitat=775&amp;colectiu=PDI\" data-type=\"URL\" data-id=\"https:\/\/directori.uab.cat\/pcde\/fitxa_persona.jsf?id=da38ba6634f74401&amp;entitat=775&amp;colectiu=PDI\" target=\"_blank\" rel=\"noreferrer noopener\">Merc\u00e8 Llugany Oll\u00e9<\/a><\/td><\/tr><tr><td><a rel=\"noreferrer noopener\" href=\"https:\/\/directori.uab.cat\/pcde\/fitxa_persona.jsf?id=9ece909eeecff559&amp;entitat=888&amp;colectiu=PDI\" data-type=\"URL\" data-id=\"https:\/\/directori.uab.cat\/pcde\/fitxa_persona.jsf?id=9ece909eeecff559&amp;entitat=888&amp;colectiu=PDI\" target=\"_blank\">Dolores Isabel Rexachs del Rosario<\/a>  <\/td><\/tr><tr><td><a href=\"https:\/\/directori.uab.cat\/pcde\/fitxa_persona.jsf?id=e4a0b6213074b206&amp;entitat=888&amp;colectiu=PDI\" data-type=\"URL\" data-id=\"https:\/\/directori.uab.cat\/pcde\/fitxa_persona.jsf?id=e4a0b6213074b206&amp;entitat=888&amp;colectiu=PDI\" target=\"_blank\" rel=\"noreferrer noopener\">Remo Suppi Boldrito<\/a><\/td><\/tr><tr><td><a href=\"https:\/\/directori.uab.cat\/pcde\/fitxa_persona.jsf?id=8e090c5e3aaeef5f&amp;entitat=2282&amp;colectiu=PDI\" data-type=\"URL\" data-id=\"https:\/\/directori.uab.cat\/pcde\/fitxa_persona.jsf?id=8e090c5e3aaeef5f&amp;entitat=2282&amp;colectiu=PDI\" target=\"_blank\" rel=\"noreferrer noopener\">David Vidal Castell<\/a><\/td><\/tr><\/tbody><\/table><\/figure>\n\n\n\n<p>En relaci\u00f3 al <strong>PDI Laboral<\/strong>, els representants en nom de la CSIF al Comit\u00e8 d&#8217;Empresa s\u00f3n:<\/p>\n\n\n\n<figure class=\"wp-block-table\"><table><tbody><tr><td><a href=\"https:\/\/directori.uab.cat\/pcde\/fitxa_persona.jsf?id=e3a0668b56bd118c&amp;entitat=775&amp;colectiu=PDI\" data-type=\"link\" data-id=\"https:\/\/directori.uab.cat\/pcde\/entitat.jsf?id=407\" target=\"_blank\" rel=\"noreferrer noopener\">Isabel Corrales Pinart<\/a><\/td><\/tr><tr><td><a href=\"https:\/\/directori.uab.cat\/pcde\/fitxa_persona.jsf?id=adc8bba72d5b69c9&amp;entitat=2233&amp;colectiu=PDI_ASSOCIATS\" data-type=\"link\" data-id=\"https:\/\/directori.uab.cat\/pcde\/fitxa_persona.jsf?id=adc8bba72d5b69c9&amp;entitat=2233&amp;colectiu=PDI_ASSOCIATS\" target=\"_blank\" rel=\"noreferrer noopener\">Montse Santamarina Blanco<\/a> <\/td><\/tr><\/tbody><\/table><\/figure>\n\n\n\n<p><\/p>\n","protected":false},"excerpt":{"rendered":"<p>La Central Sindical Independent i de Funcionaris de la UAB (CSIF-UAB) \u00e9s la representaci\u00f3 a la UAB com delegaci\u00f3 de CSIF. Les premisses que guien l&#8217;acci\u00f3 sindical s\u00f3n: En quant al PDI funcionari, els representants en nom de la CSIF a la JPDI s\u00f3n: Juan Bautista Hern\u00e1ndez G\u00f3mez Secretari general de la JPDI Pilar Orero [&hellip;]<\/p>\n","protected":false},"author":1872,"featured_media":0,"parent":0,"menu_order":0,"comment_status":"closed","ping_status":"open","template":"","meta":{"footnotes":""},"class_list":["post-2","page","type-page","status-publish","hentry"],"_links":{"self":[{"href":"https:\/\/webs.uab.cat\/csif\/wp-json\/wp\/v2\/pages\/2","targetHints":{"allow":["GET"]}}],"collection":[{"href":"https:\/\/webs.uab.cat\/csif\/wp-json\/wp\/v2\/pages"}],"about":[{"href":"https:\/\/webs.uab.cat\/csif\/wp-json\/wp\/v2\/types\/page"}],"author":[{"embeddable":true,"href":"https:\/\/webs.uab.cat\/csif\/wp-json\/wp\/v2\/users\/1872"}],"replies":[{"embeddable":true,"href":"https:\/\/webs.uab.cat\/csif\/wp-json\/wp\/v2\/comments?post=2"}],"version-history":[{"count":18,"href":"https:\/\/webs.uab.cat\/csif\/wp-json\/wp\/v2\/pages\/2\/revisions"}],"predecessor-version":[{"id":798,"href":"https:\/\/webs.uab.cat\/csif\/wp-json\/wp\/v2\/pages\/2\/revisions\/798"}],"wp:attachment":[{"href":"https:\/\/webs.uab.cat\/csif\/wp-json\/wp\/v2\/media?parent=2"}],"curies":[{"name":"wp","href":"https:\/\/api.w.org\/{rel}","templated":true}]}}