{"id":66,"date":"2023-05-17T20:28:03","date_gmt":"2023-05-17T18:28:03","guid":{"rendered":"https:\/\/webs.uab.cat\/csif\/?page_id=66"},"modified":"2023-05-17T20:31:16","modified_gmt":"2023-05-17T18:31:16","slug":"collectius-pas","status":"publish","type":"page","link":"https:\/\/webs.uab.cat\/csif\/collectius-pas\/","title":{"rendered":"Col\u00b7lectius-PAS"},"content":{"rendered":"\n<p><strong>Col\u00b7lectius-PAS<\/strong> (P\u00e0gina en construcci\u00f3): <\/p>\n\n\n\n<p>Podeu trobar  m\u00e9s informaci\u00f3 de car\u00e0cter nacional a CSIF Universidades (es): <a href=\"https:\/\/www.csif.es\/nacional\/universidades\">https:\/\/www.csif.es\/nacional\/universidades<\/a><\/p>\n","protected":false},"excerpt":{"rendered":"<p>Col\u00b7lectius-PAS (P\u00e0gina en construcci\u00f3): Podeu trobar m\u00e9s informaci\u00f3 de car\u00e0cter nacional a CSIF Universidades (es): https:\/\/www.csif.es\/nacional\/universidades<\/p>\n","protected":false},"author":1872,"featured_media":0,"parent":0,"menu_order":6,"comment_status":"closed","ping_status":"closed","template":"","meta":{"footnotes":""},"class_list":["post-66","page","type-page","status-publish","hentry"],"_links":{"self":[{"href":"https:\/\/webs.uab.cat\/csif\/wp-json\/wp\/v2\/pages\/66","targetHints":{"allow":["GET"]}}],"collection":[{"href":"https:\/\/webs.uab.cat\/csif\/wp-json\/wp\/v2\/pages"}],"about":[{"href":"https:\/\/webs.uab.cat\/csif\/wp-json\/wp\/v2\/types\/page"}],"author":[{"embeddable":true,"href":"https:\/\/webs.uab.cat\/csif\/wp-json\/wp\/v2\/users\/1872"}],"replies":[{"embeddable":true,"href":"https:\/\/webs.uab.cat\/csif\/wp-json\/wp\/v2\/comments?post=66"}],"version-history":[{"count":1,"href":"https:\/\/webs.uab.cat\/csif\/wp-json\/wp\/v2\/pages\/66\/revisions"}],"predecessor-version":[{"id":67,"href":"https:\/\/webs.uab.cat\/csif\/wp-json\/wp\/v2\/pages\/66\/revisions\/67"}],"wp:attachment":[{"href":"https:\/\/webs.uab.cat\/csif\/wp-json\/wp\/v2\/media?parent=66"}],"curies":[{"name":"wp","href":"https:\/\/api.w.org\/{rel}","templated":true}]}}