{"id":16,"date":"2023-09-27T14:16:07","date_gmt":"2023-09-27T12:16:07","guid":{"rendered":"https:\/\/webs.uab.cat\/cursamarato\/?page_id=16"},"modified":"2025-10-20T15:44:26","modified_gmt":"2025-10-20T13:44:26","slug":"inscripcions","status":"publish","type":"page","link":"https:\/\/webs.uab.cat\/cursamarato\/inscripcions\/","title":{"rendered":"Modalitats"},"content":{"rendered":"\n<div class=\"wp-block-columns alignwide is-layout-flex wp-container-core-columns-is-layout-829b1d53 wp-block-columns-is-layout-flex\" style=\"margin-bottom:0\">\n<div class=\"wp-block-column has-verd-tropic-transparent-background-color has-text-color has-background has-link-color wp-elements-a9a60ad753ef769d97da2dc9793e530c is-layout-flow wp-block-column-is-layout-flow\" style=\"color:#000000;padding-top:2em;padding-right:2em;padding-bottom:2em;padding-left:2em\">\n<h2 class=\"wp-block-heading has-larger-font-size\" id=\"single\"><strong>Caminada de 6km<\/strong><\/h2>\n\n\n\n<p class=\"has-normal-font-size\" style=\"line-height:1.5\">Fes un pas rere l\u2019altre, no deixis de caminar.<\/p>\n<\/div>\n\n\n\n<div class=\"wp-block-column has-negre-eben-color has-marro-stradivari-transparent-background-color has-text-color has-background has-link-color wp-elements-06701718467beffaeca9c10044d23b44 is-layout-flow wp-block-column-is-layout-flow\" style=\"padding-top:2em;padding-right:2em;padding-bottom:2em;padding-left:2em\">\n<h2 class=\"wp-block-heading has-larger-font-size\" id=\"family\"><strong>Cursa de 6km<\/strong><\/h2>\n\n\n\n<p class=\"has-normal-font-size\" style=\"line-height:1.5\">Corre com Usain Bolt o al ritme que vulguis.<\/p>\n<\/div>\n\n\n\n<div class=\"wp-block-column has-gris-pubilla-background-color has-text-color has-background has-link-color wp-elements-e25944244f2a5b7b82b63ae93165c0e3 is-layout-flow wp-block-column-is-layout-flow\" style=\"color:#000000;padding-top:2em;padding-right:2em;padding-bottom:2em;padding-left:2em\">\n<h2 class=\"wp-block-heading has-larger-font-size\" id=\"family\"><strong>Cursa d&#8217;11,6km<\/strong><\/h2>\n\n\n\n<p class=\"has-normal-font-size\" style=\"line-height:1.5\">Corre per gaudir d\u2019una vida plena i saludable.<\/p>\n<\/div>\n\n\n\n<div class=\"wp-block-column has-groc-caputxina-transparent-background-color has-text-color has-background has-link-color wp-elements-c0099ee17d36b5e7a5ba68e6196fb9ef is-layout-flow wp-block-column-is-layout-flow\" style=\"color:#000000;padding-top:2em;padding-right:2em;padding-bottom:2em;padding-left:2em\">\n<h2 class=\"wp-block-heading has-larger-font-size\"><strong>Mobilitat redu\u00efda 480m<\/strong><\/h2>\n\n\n\n<p class=\"has-normal-font-size\">Participa d\u2019aquesta festa solid\u00e0ria i de divulgaci\u00f3 cient\u00edfica.<\/p>\n<\/div>\n<\/div>\n\n\n\n<div class=\"wp-block-group alignfull has-text-color has-background\" style=\"color:#000000;background-color:#ffffff\"><div class=\"wp-block-group__inner-container is-layout-flow wp-block-group-is-layout-flow\">\n<h2 class=\"wp-block-heading has-text-align-center\" id=\"schedule-a-visit\" style=\"font-size:59px;line-height:1.15\"><strong>Inscriu-t&#8217;hi i fes-te voluntari\/a!<\/strong><\/h2>\n\n\n\n<div class=\"wp-block-buttons is-horizontal is-content-justification-center is-layout-flex wp-container-core-buttons-is-layout-499968f5 wp-block-buttons-is-layout-flex\">\n<div class=\"wp-block-button has-custom-width wp-block-button__width-50\"><a class=\"wp-block-button__link has-text-color has-background wp-element-button\" href=\"https:\/\/micromecenatge.uab.cat\/lacursadelauab\" style=\"border-radius:50px;color:#ffffff;background-color:#000000\">P\u00e0gina web per a les inscripcions<\/a><\/div>\n<\/div>\n\n\n\n<div style=\"height:64px\" aria-hidden=\"true\" class=\"wp-block-spacer\"><\/div>\n\n\n\n<h2 class=\"wp-block-heading\">Informaci\u00f3<\/h2>\n\n\n\n<ul class=\"wp-block-list\">\n<li><strong>Inscriu-te a la cursa o a la caminada seleccionant l&#8217;opci\u00f3 que t&#8217;interessi<\/strong>. Abans d&#8217;inscriure&#8217;t consulta el reglament&nbsp;<a href=\"https:\/\/webs.uab.cat\/cursamarato\/reglament\/\">aqu\u00ed<\/a>.&nbsp;<\/li>\n<\/ul>\n\n\n\n<ul class=\"wp-block-list\">\n<li>El donatiu m\u00ednim per a totes les modalitats d&#8217;inscripci\u00f3 \u00e9s de<strong>&nbsp;15\u20ac.<\/strong>&nbsp;Al finalitzar el proc\u00e9s d&#8217;inscripci\u00f3, i abans de realitzar el pagament, podr\u00e0s triar fer un donatiu complementari.<strong>&nbsp;La cursa t\u00e9 un car\u00e0cter solidari i es donar\u00e0 a La Marat\u00f3 de TV3 la totalitat de les inscripcions.<\/strong><\/li>\n<\/ul>\n\n\n\n<ul class=\"wp-block-list\">\n<li>Si nom\u00e9s vols fer un donatiu i no et vols inscriure a la cursa pots fer-ho a la caixeta: &#8220;<strong>Fes un donatiu<\/strong>&#8220;.&nbsp;<\/li>\n<\/ul>\n\n\n\n<ul class=\"wp-block-list\">\n<li>Un cop hagis triat la modalitat a la qual&nbsp;t&#8217;inscriguis, podr\u00e0s escollir si vols una samarreta nova o reutilitzes la d&#8217;altres edicions (opci\u00f3 recomanada).<\/li>\n<\/ul>\n\n\n\n<ul class=\"wp-block-list\">\n<li>Si t&#8217;impliques una mica m\u00e9s i\u00a0fas un donatiu, en el moment de fer el pagament podr\u00e0s decidir si vols\u00a0<strong>desgravar fins al 80% de l&#8217;import donat<\/strong>. Si aquest import \u00e9s menor de 100\u20ac podr\u00e0s escollir si vols desgravar o no aquest donatiu, si aquest import \u00e9s major de 100\u20ac autom\u00e0ticament es generar\u00e0 el certificat per desgravar-lo a la declaraci\u00f3 de la renda del 2025.<\/li>\n\n\n\n<li>Recorda que les persones f\u00edsiques es poden deduir de la quota \u00edntegra de l&#8217;Impost sobre la Renda de les Persones F\u00edsiques el 80% fins a 250\u20ac del valor de la donaci\u00f3, i per donacions superiors a 250\u20ac la deducci\u00f3 ser\u00e0 del 40%. Si ets una empresa, la deducci\u00f3 a la quota \u00edntegra ser\u00e0 del 40%&nbsp;de l\u2019import de la teva donaci\u00f3 en l\u2019Impost de Societats. Un cop facis el teu donatiu via aquesta web, rebr\u00e0s el teu certificat de donaci\u00f3 al correu electr\u00f2nic que ens hagis indicat.<\/li>\n<\/ul>\n<\/div><\/div>\n","protected":false},"excerpt":{"rendered":"<p>Caminada de 6km Fes un pas rere l\u2019altre, no deixis de caminar. Cursa de 6km Corre com Usain Bolt o al ritme que vulguis. Cursa d&#8217;11,6km Corre per gaudir d\u2019una vida plena i saludable. Mobilitat redu\u00efda 480m Participa d\u2019aquesta festa solid\u00e0ria i de divulgaci\u00f3 cient\u00edfica. Inscriu-t&#8217;hi i fes-te voluntari\/a! Informaci\u00f3<\/p>\n","protected":false},"author":20,"featured_media":0,"parent":0,"menu_order":0,"comment_status":"closed","ping_status":"closed","template":"","meta":{"footnotes":""},"class_list":["post-16","page","type-page","status-publish","hentry"],"_links":{"self":[{"href":"https:\/\/webs.uab.cat\/cursamarato\/wp-json\/wp\/v2\/pages\/16","targetHints":{"allow":["GET"]}}],"collection":[{"href":"https:\/\/webs.uab.cat\/cursamarato\/wp-json\/wp\/v2\/pages"}],"about":[{"href":"https:\/\/webs.uab.cat\/cursamarato\/wp-json\/wp\/v2\/types\/page"}],"author":[{"embeddable":true,"href":"https:\/\/webs.uab.cat\/cursamarato\/wp-json\/wp\/v2\/users\/20"}],"replies":[{"embeddable":true,"href":"https:\/\/webs.uab.cat\/cursamarato\/wp-json\/wp\/v2\/comments?post=16"}],"version-history":[{"count":17,"href":"https:\/\/webs.uab.cat\/cursamarato\/wp-json\/wp\/v2\/pages\/16\/revisions"}],"predecessor-version":[{"id":269,"href":"https:\/\/webs.uab.cat\/cursamarato\/wp-json\/wp\/v2\/pages\/16\/revisions\/269"}],"wp:attachment":[{"href":"https:\/\/webs.uab.cat\/cursamarato\/wp-json\/wp\/v2\/media?parent=16"}],"curies":[{"name":"wp","href":"https:\/\/api.w.org\/{rel}","templated":true}]}}