{"id":32,"date":"2023-09-27T14:47:12","date_gmt":"2023-09-27T12:47:12","guid":{"rendered":"https:\/\/webs.uab.cat\/cursamarato\/?page_id=32"},"modified":"2026-02-04T17:43:28","modified_gmt":"2026-02-04T15:43:28","slug":"reglament","status":"publish","type":"page","link":"https:\/\/webs.uab.cat\/cursamarato\/reglament\/","title":{"rendered":"Reglament"},"content":{"rendered":"\n<p class=\"wp-block-uab-entradeta entradeta\"><\/p>\n\n\n\n<p class=\"has-blanc-coco-color has-verd-tropic-background-color has-text-color has-background\">Data: CURSA ANUL\u00b7LADA<br>Sortida i arribada: Vila Universit\u00e0ria de la Universitat Aut\u00f2noma de Barcelona.<br><br>Circuits: 95% asfaltat, senyalitzat, tancat al tr\u00e0nsit i controlat. L&#8217;organitzaci\u00f3 es reserva el dret de modificar el circuit \/ els circuits per motius de seguretat.<br><br>Dist\u00e0ncies: aproximadament 11.6km, 6km i 480 metres.<\/p>\n\n\n\n<h2 class=\"wp-block-heading\">Horaris<\/h2>\n\n\n\n<p><\/p>\n\n\n\n<ul class=\"wp-block-list\">\n<li>Esportistes amb mobilitat redu\u00efda 480m: sortida a les 10:30 hores.<\/li>\n\n\n\n<li>Cursa 11.6km: sortida a les 11:00 hores.<\/li>\n\n\n\n<li>Cursa 6km: sortida a les 11:20 hores.<\/li>\n\n\n\n<li>Caminada 6km (*): sortida a les 11:20 hores.<\/li>\n<\/ul>\n\n\n\n<p>(*) En cas que la caminada tingui un nombre significatiu de participants, l&#8217;horari de sortida podr\u00e0 alterar-se en uns minuts.<\/p>\n\n\n\n<h2 class=\"wp-block-heading\">Categories cursa 11.6km:<\/h2>\n\n\n\n<ul class=\"wp-block-list\">\n<li>General. Femen\u00ed i mascul\u00ed.<\/li>\n\n\n\n<li>Sub 23: 14 a 22 anys (*). Femen\u00ed i mascul\u00ed.<\/li>\n\n\n\n<li>S\u00e8nior: 23 a 34 anys. Femen\u00ed i mascul\u00ed.<\/li>\n\n\n\n<li>Veterans A: 35 a 44 anys. Femen\u00ed i mascul\u00ed.<\/li>\n\n\n\n<li>Veterans B: 45 a 54 anys. Femen\u00ed i mascul\u00ed.<\/li>\n\n\n\n<li>Veterans C: 55 o m\u00e9s de 55 anys. Femen\u00ed i mascul\u00ed.<\/li>\n<\/ul>\n\n\n\n<p>(*) Els menors de 18 anys hauran de presentar una autoritzaci\u00f3 d\u00b4un dels pares i\/o tutors.<\/p>\n\n\n\n<h2 class=\"wp-block-heading\">Categories cursa 6km:<\/h2>\n\n\n\n<ul class=\"wp-block-list\">\n<li>General. Femen\u00ed i mascul\u00ed.<\/li>\n\n\n\n<li>Sub 23: 8 a 22 anys (*). Femen\u00ed i mascul\u00ed.<\/li>\n\n\n\n<li>S\u00e8nior: 23 a 34 anys. Femen\u00ed i mascul\u00ed.<\/li>\n\n\n\n<li>Veterans A: 35 a 44 anys. Femen\u00ed i mascul\u00ed.<\/li>\n\n\n\n<li>Veterans B: 45 a 54 anys. Femen\u00ed i mascul\u00ed.<\/li>\n\n\n\n<li>Veterans C: 55 o m\u00e9s de 55 anys. Femen\u00ed i mascul\u00ed.<\/li>\n<\/ul>\n\n\n\n<p>(*) Els menors de 18 anys hauran de presentar una autoritzaci\u00f3 d\u00b4un dels pares i\/o tutors.<\/p>\n\n\n\n<p>No hi haur\u00e0 categories en la caminada de 6km.<\/p>\n\n\n\n<p>No hi haur\u00e0 categories en la cursa \/ caminada per a esportistes amb mobilitat redu\u00efda.<\/p>\n\n\n\n<p>No hi haur\u00e0 categories a la cursa \/ caminada per a esportistes menors.<\/p>\n\n\n\n<p>Informaci\u00f3 per a participants menors d\u2019edat:<\/p>\n\n\n\n<ul class=\"wp-block-list\">\n<li>La cursa de 11.6km nom\u00e9s \u00e9s apta per a majors de 14 anys.<\/li>\n\n\n\n<li>Els menors de 14 anys poden participar a la cursa \/ caminada de 6km i a la cursa \/ caminada de 480m.<\/li>\n\n\n\n<li>Es permeten inscripcions a la cursa de 6km a partir dels 8 anys.<\/li>\n\n\n\n<li>Es permeten inscripcions a la cursa\/caminada de mobilitat redu\u00efda a partir dels 8 anys.<\/li>\n\n\n\n<li>Es permeten inscripcions a la cursa \/ caminada de menors a partir dels 8 anys.<\/li>\n<\/ul>\n\n\n\n<p>Tots els menors d\u2019edat inscrits a la cursa de mobilitat redu\u00efda (&gt; 8 anys), a la cursa \/ caminada de 6km (&gt;8 anys) i a la cursa de 11.6km (entre 14 anys i menors de 18 anys) hauran de portar signada l\u2019autoritzaci\u00f3 dels pares, mares o tutors. <\/p>\n\n\n\n<p><a href=\"https:\/\/webs.uab.cat\/cursamarato\/wp-content\/uploads\/sites\/483\/2025\/10\/AutoritzacioMenor2025.pdf\">Baixeu-vos aqu\u00ed el document d&#8217;autoritzaci\u00f3 per a menors d&#8217;edat.<\/a><\/p>\n\n\n\n<h2 class=\"wp-block-heading\">Preus de les inscripcions:<\/h2>\n\n\n\n<p><br>Totes les inscripcions tenen una donaci\u00f3 m\u00ednima de 15 Euros.<\/p>\n\n\n\n<p>Els participants de la cursa \/ caminada hauran de formalitzar la seva inscripci\u00f3 a trav\u00e9s d&#8217;aquesta p\u00e0gina web.<\/p>\n\n\n\n<p><br>La cursa t\u00e9 un car\u00e0cter solidari. Es preveu donar a La Marat\u00f3 de TV3 la totalitat de la inscripci\u00f3.<\/p>\n\n\n\n<p><\/p>\n\n\n\n<h2 class=\"wp-block-heading\">Inscripci\u00f3:<\/h2>\n\n\n\n<p>Xips: Els xips s\u00f3n els oficials de Championchip. Qui tingui xip groc s\u2019ha de inscriure donant el seu codi i l\u2019ha de portar a la cursa si vol sortir a les classificacions. Qui no tingui xip groc ha de llogar-ne un de blanc que haur\u00e0 de retornar en finalitzar la carrera. Els xips blancs es lliuraran juntament amb el dorsal i la samarreta.<\/p>\n\n\n\n<h2 class=\"wp-block-heading\">Reconeixement de cr\u00e8dits:<\/h2>\n\n\n\n<p>La participaci\u00f3 a la Cursa de la UAB et pot servir per a l\u2019obtenci\u00f3 de reconeixement acad\u00e8mic. Per aconseguir 2 cr\u00e8dits amb l\u2019activitat \u201c<a href=\"https:\/\/www.uab.cat\/doc\/Credits_Curses_Universitaries25-26\">representaci\u00f3 esportiva UAB \u2013 Curses universit\u00e0ries<\/a>\u201d cal que participis a 3 de les curses de la <a href=\"https:\/\/esportuniversitari.cat\/curses-populars\">lliga Catalana de curses populars<\/a>, on est\u00e0 inclosa la Cursa de la Uab. Trobar\u00e0s tota la informaci\u00f3 actualitzada a la p\u00e0gina web del SAF, uab.cat\/saf<\/p>\n\n\n\n<p><\/p>\n\n\n\n<h2 class=\"wp-block-heading\">Recollida de dorsals i\/o xips (nom\u00e9s per les modalitats de cursa*):<\/h2>\n\n\n\n<ul class=\"wp-block-list\">\n<li>Dissabte 13 de 10:00 a 13:30h a l\u2019<a href=\"https:\/\/www.eurostarshotels.com\/exe-campus.html\">Hotel Exe Campus<\/a> CURSA ANUL\u00b7LADA.<\/li>\n\n\n\n<li>Diumenge 14 a partir de les 8:00 hores i fins a 30 minuts abans de comen\u00e7ar cada cursa, al porxo sota Vila Universit\u00e0ria 2 a metres de l\u00b4<a href=\"https:\/\/www.eurostarshotels.com\/exe-campus.html\">Hotel Exe Campus<\/a> i de la sortida CURSA ANUL\u00b7LADA.<\/li>\n\n\n\n<li>*Per una cursa m\u00e9s sostenible nom\u00e9s s&#8217;imprimiran els dorsals per les persones inscrites a les dues modalitats de cursa.<\/li>\n<\/ul>\n\n\n\n<p>Caldr\u00e0 portar el DNI\/NIE\/passaport per recollir el dorsal, el xip (si correspon) i la samarreta. Els menors de 18 anys hauran de presentar una autoritzaci\u00f3 d\u00b4un dels pares i\/o tutors.<\/p>\n\n\n\n<p>Comprovants: l&#8217;organitzaci\u00f3 pot demanar documents acreditatius de l&#8217;edat de les persones que hi participen.<\/p>\n\n\n\n<p>Tancament de la cursa: l&#8217;arribada dels corredors participants es tancar\u00e0 a les 13:30 hores.<\/p>\n\n\n\n<p>Classificacions cursa 11.6km i cursa 6km: Les classificacions es publicaran a la p\u00e0gina de la cursa una vegada rebuda la informaci\u00f3 del cronometratge. S\u2019hi inclouran els\/les corredors\/res que comencin i acabin el recorregut amb el dorsal i el xip corresponents. L\u2019organitzaci\u00f3 situar\u00e0, al llarg del circuit, el nombre suficient de controls per assegurar que la prova sigui del tot correcta i esportiva. No hi haur\u00e0 trofeus per als guanyadors de la general i\/o per categoria.<\/p>\n\n\n\n<p>No hi haur\u00e0 classificacions de la caminada de 6km.<\/p>\n\n\n\n<p>No hi haur\u00e0 classificacions de la cursa\/caminada de 480m per a esportistes amb mobilitat redu\u00efda.<\/p>\n\n\n\n<p>Devoluci\u00f3 del xip: Un cop el\/la corredor\/a hagi passat per la l\u00ednia d\u00b4arribada, en els punts de recollida establerts.<\/p>\n\n\n\n<p>Responsabilitats: l&#8217;organitzaci\u00f3 no es fa responsable dels danys materials i immaterials que es puguin originar per la participaci\u00f3 a la cursa \/ caminada. Hi ha prevista l&#8217;assist\u00e8ncia d&#8217;ambul\u00e0ncies de la Creu Roja amb servei de primers auxilis.<\/p>\n\n\n\n<p>Modificacions: l&#8217;organitzaci\u00f3 es reserva el dret de fer qualsevol variaci\u00f3. En aquest  cas, s&#8217;informar\u00e0 adequadament.<\/p>\n\n\n\n<p>Serveis addicionals oferts:<\/p>\n\n\n\n<ul class=\"wp-block-list\">\n<li>Samarreta t\u00e8cnica, en el cas de sol\u00b7licitar-la. Per una cursa m\u00e9s sostenible es recomana utilitzar la d&#8217;edicions anteriors.<\/li>\n\n\n\n<li>Guarda-roba &#8211; el servei de guarda-roba \u00e9s nom\u00e9s per jaquetes, motxilles i bosses.<\/li>\n\n\n\n<li>Avituallament l\u00edquid a l&#8217;arribada.<\/li>\n\n\n\n<li>Fisioter\u00e0pia a l&#8217;arribada.<\/li>\n<\/ul>\n\n\n\n<p>Baixa \/ anul\u00b7laci\u00f3: no es reintegrar\u00e0 l\u2019import de les inscripcions a les diferents modalitats.<\/p>\n","protected":false},"excerpt":{"rendered":"<p>Data: CURSA ANUL\u00b7LADASortida i arribada: Vila Universit\u00e0ria de la Universitat Aut\u00f2noma de Barcelona. Circuits: 95% asfaltat, senyalitzat, tancat al tr\u00e0nsit i controlat. L&#8217;organitzaci\u00f3 es reserva el dret de modificar el circuit \/ els circuits per motius de seguretat. Dist\u00e0ncies: aproximadament 11.6km, 6km i 480 metres. Horaris (*) En cas que la caminada tingui un nombre [&hellip;]<\/p>\n","protected":false},"author":20,"featured_media":0,"parent":0,"menu_order":0,"comment_status":"closed","ping_status":"closed","template":"","meta":{"footnotes":""},"class_list":["post-32","page","type-page","status-publish","hentry"],"_links":{"self":[{"href":"https:\/\/webs.uab.cat\/cursamarato\/wp-json\/wp\/v2\/pages\/32","targetHints":{"allow":["GET"]}}],"collection":[{"href":"https:\/\/webs.uab.cat\/cursamarato\/wp-json\/wp\/v2\/pages"}],"about":[{"href":"https:\/\/webs.uab.cat\/cursamarato\/wp-json\/wp\/v2\/types\/page"}],"author":[{"embeddable":true,"href":"https:\/\/webs.uab.cat\/cursamarato\/wp-json\/wp\/v2\/users\/20"}],"replies":[{"embeddable":true,"href":"https:\/\/webs.uab.cat\/cursamarato\/wp-json\/wp\/v2\/comments?post=32"}],"version-history":[{"count":35,"href":"https:\/\/webs.uab.cat\/cursamarato\/wp-json\/wp\/v2\/pages\/32\/revisions"}],"predecessor-version":[{"id":292,"href":"https:\/\/webs.uab.cat\/cursamarato\/wp-json\/wp\/v2\/pages\/32\/revisions\/292"}],"wp:attachment":[{"href":"https:\/\/webs.uab.cat\/cursamarato\/wp-json\/wp\/v2\/media?parent=32"}],"curies":[{"name":"wp","href":"https:\/\/api.w.org\/{rel}","templated":true}]}}