{"id":39,"date":"2023-09-27T14:53:54","date_gmt":"2023-09-27T12:53:54","guid":{"rendered":"https:\/\/webs.uab.cat\/cursamarato\/?page_id=39"},"modified":"2025-10-06T14:18:28","modified_gmt":"2025-10-06T12:18:28","slug":"serveis-i-accessos","status":"publish","type":"page","link":"https:\/\/webs.uab.cat\/cursamarato\/serveis-i-accessos\/","title":{"rendered":"Serveis i accessos"},"content":{"rendered":"\n<ul class=\"wp-block-list\">\n<li>Guarda-roba (per jaquetes, motxilles i bosses).<\/li>\n\n\n\n<li>Avituallament en acabar la Cursa. <\/li>\n\n\n\n<li>Fisioter\u00e0pia a l\u00b4arribada. <\/li>\n\n\n\n<li>Estacionament: Us recomanem que vingueu al Campus utilitzant transport p\u00fablic. A 250 mts. de la zona de sortida de la Cursa est\u00e0 ubicada l&#8217;estaci\u00f3 de FGC-Bellaterra. Consulteu horaris a FGC (Ferrocarrils de la Generalitat de Catalunya). <\/li>\n\n\n\n<li>Pl\u00e0nol de les zones d\u2019estacionament:<\/li>\n<\/ul>\n\n\n\n<h2 class=\"wp-block-heading\">Zones:<\/h2>\n\n\n\n<ul class=\"wp-block-list\">\n<li>ZONA 1. Avinguda de Can Dom\u00e8nech: inclou tota la zona d&#8217;estacionaments a banda i banda del vial entre la Facultat Medicina i la Vila Universit\u00e0ria.<\/li>\n\n\n\n<li>ZONA 2. Carrer de la Vinya (zona d&#8217;estacionament situada al costat de la Facultat de Ci\u00e8ncies de la Comunicaci\u00f3).<\/li>\n\n\n\n<li>ZONA 3. Carrer de la Vall Moronta (vial que connecta l&#8217;Avinguda de can Dom\u00e9nech amb la Pla\u00e7a C\u00edvica).<\/li>\n<\/ul>\n\n\n\n<p>Tingueu en compte que a partir de les 9:30 h. hi haur\u00e0 restriccions de tr\u00e0nsit en els itineraris per on passa la Cursa i no es podr\u00e0 garantir l\u2019acc\u00e9s a les zones d\u2019estacionament m\u00e9s properes a la zona de sortida de la Cursa. A partir de les 13:30 h. el tr\u00e0nsit pels vials del Campus quedar\u00e0 normalitzat.<\/p>\n\n\n\n<p>Estacionament per a persones amb mobilitat redu\u00efda: s\u2019han habilitat 15 places just darrere de l\u2019Hotel Campus.<\/p>\n\n\n\n<div class=\"wp-block-buttons alignwide is-layout-flex wp-block-buttons-is-layout-flex\">\n<div class=\"wp-block-button has-custom-width wp-block-button__width-50\"><a class=\"wp-block-button__link wp-element-button\" href=\"https:\/\/www.uab.cat\/accessibilitat-transports\/\" target=\"_blank\" rel=\"noreferrer noopener\">Com arribar a la UAB?<\/a><\/div>\n\n\n\n<div class=\"wp-block-button has-custom-width wp-block-button__width-50\"><a class=\"wp-block-button__link wp-element-button\" href=\"https:\/\/vilauniversitaria.uab.cat\/\" target=\"_blank\" rel=\"noreferrer noopener\">Com arribar a la vila universit\u00e0ria?<\/a><\/div>\n<\/div>\n","protected":false},"excerpt":{"rendered":"<p>Zones: Tingueu en compte que a partir de les 9:30 h. hi haur\u00e0 restriccions de tr\u00e0nsit en els itineraris per on passa la Cursa i no es podr\u00e0 garantir l\u2019acc\u00e9s a les zones d\u2019estacionament m\u00e9s properes a la zona de sortida de la Cursa. A partir de les 13:30 h. el tr\u00e0nsit pels vials del [&hellip;]<\/p>\n","protected":false},"author":20,"featured_media":0,"parent":0,"menu_order":0,"comment_status":"closed","ping_status":"closed","template":"","meta":{"footnotes":""},"class_list":["post-39","page","type-page","status-publish","hentry"],"_links":{"self":[{"href":"https:\/\/webs.uab.cat\/cursamarato\/wp-json\/wp\/v2\/pages\/39","targetHints":{"allow":["GET"]}}],"collection":[{"href":"https:\/\/webs.uab.cat\/cursamarato\/wp-json\/wp\/v2\/pages"}],"about":[{"href":"https:\/\/webs.uab.cat\/cursamarato\/wp-json\/wp\/v2\/types\/page"}],"author":[{"embeddable":true,"href":"https:\/\/webs.uab.cat\/cursamarato\/wp-json\/wp\/v2\/users\/20"}],"replies":[{"embeddable":true,"href":"https:\/\/webs.uab.cat\/cursamarato\/wp-json\/wp\/v2\/comments?post=39"}],"version-history":[{"count":3,"href":"https:\/\/webs.uab.cat\/cursamarato\/wp-json\/wp\/v2\/pages\/39\/revisions"}],"predecessor-version":[{"id":259,"href":"https:\/\/webs.uab.cat\/cursamarato\/wp-json\/wp\/v2\/pages\/39\/revisions\/259"}],"wp:attachment":[{"href":"https:\/\/webs.uab.cat\/cursamarato\/wp-json\/wp\/v2\/media?parent=39"}],"curies":[{"name":"wp","href":"https:\/\/api.w.org\/{rel}","templated":true}]}}