{"id":30,"date":"2022-08-02T12:22:30","date_gmt":"2022-08-02T12:22:30","guid":{"rendered":"https:\/\/webs.uab.cat\/dan\/?page_id=30"},"modified":"2026-04-23T16:40:14","modified_gmt":"2026-04-23T16:40:14","slug":"dan-rodriguez-garcia","status":"publish","type":"page","link":"https:\/\/webs.uab.cat\/dan\/","title":{"rendered":"Dan Rodr\u00edguez Garc\u00eda"},"content":{"rendered":"<div class=\"wp-block-image\">\n<figure class=\"aligncenter size-full is-resized\"><img loading=\"lazy\" decoding=\"async\" width=\"417\" height=\"559\" src=\"https:\/\/webs.uab.cat\/dan\/wp-content\/uploads\/sites\/104\/2026\/04\/Dan-Rodriguez-Garcia-7.png\" alt=\"\" class=\"wp-image-305\" style=\"aspect-ratio:0.8387096774193549;width:284px;height:auto\" srcset=\"https:\/\/webs.uab.cat\/dan\/wp-content\/uploads\/sites\/104\/2026\/04\/Dan-Rodriguez-Garcia-7.png 417w, https:\/\/webs.uab.cat\/dan\/wp-content\/uploads\/sites\/104\/2026\/04\/Dan-Rodriguez-Garcia-7-224x300.png 224w\" sizes=\"auto, (max-width: 417px) 100vw, 417px\" \/><\/figure>\n<\/div>\n\n\n<h2 class=\"wp-block-heading\"><a href=\"https:\/\/webs.uab.cat\/dan\/cat\/\" data-type=\"page\" data-id=\"10\">CAT<\/a><\/h2>\n\n\n\n<p><strong>Dan Rodr\u00edguez Garc\u00eda<\/strong><br>Catedr\u00e0tic Serra H\u00fanter<br>Departament d&#8217;Antropologia Social i Cultural<br>Universitat Aut\u00f2noma de Barcelona<br>Carrer de la Fortuna s\/n, 08193 Bellaterra (Barcelona)<br>Email: <a href=\"mailto:dan.rodriguez@uab.cat\">dan.rodriguez@uab.cat<\/a>&nbsp;&nbsp;<\/p>\n\n\n\n<h2 class=\"wp-block-heading\"><a href=\"https:\/\/webs.uab.cat\/dan\/cast\/\" data-type=\"page\" data-id=\"9\">CAST<\/a><\/h2>\n\n\n\n<p><strong>Dan Rodr\u00edguez Garc\u00eda<\/strong><br>Catedr\u00e1tico Serra H\u00fanter<br>Departamento de Antropolog\u00eda Social y Cultural<br>Universitat Aut\u00f2noma de Barcelona<br>Carrer de la Fortuna s\/n, 08193 Bellatera (Barcelona)<br>Email:&nbsp;<a href=\"mailto:dan.rodriguez@uab.cat\">dan.rodriguez@uab.cat<\/a>&nbsp;&nbsp;<\/p>\n\n\n\n<h2 class=\"wp-block-heading\"><a href=\"https:\/\/webs.uab.cat\/dan\/eng\/\" data-type=\"page\" data-id=\"7\">ENG<\/a><\/h2>\n\n\n\n<p><strong>Dan Rodr\u00edguez-Garc\u00eda<\/strong><br>Serra H\u00fanter Full Professor<br>Department of Social and Cultural Anthropology<br>Autonomous University of Barcelona<br>Carrer de la Fortuna s\/n, 08193 Barcelona, Spain<br>Email: <a href=\"mailto:dan.rodriguez@uab.cat\">dan.rodriguez@uab.cat<\/a>&nbsp;&nbsp;<\/p>\n\n\n\n<p><\/p>\n","protected":false},"excerpt":{"rendered":"<p>CAT Dan Rodr\u00edguez Garc\u00edaCatedr\u00e0tic Serra H\u00fanterDepartament d&#8217;Antropologia Social i CulturalUniversitat Aut\u00f2noma de BarcelonaCarrer de la Fortuna s\/n, 08193 Bellaterra (Barcelona)Email: dan.rodriguez@uab.cat&nbsp;&nbsp; CAST Dan Rodr\u00edguez Garc\u00edaCatedr\u00e1tico Serra H\u00fanterDepartamento de Antropolog\u00eda Social y CulturalUniversitat Aut\u00f2noma de BarcelonaCarrer de la Fortuna s\/n, 08193 Bellatera (Barcelona)Email:&nbsp;dan.rodriguez@uab.cat&nbsp;&nbsp; ENG Dan Rodr\u00edguez-Garc\u00edaSerra H\u00fanter Full ProfessorDepartment of Social and Cultural AnthropologyAutonomous University of [&hellip;]<\/p>\n","protected":false},"author":20,"featured_media":0,"parent":0,"menu_order":0,"comment_status":"closed","ping_status":"closed","template":"","meta":{"footnotes":""},"class_list":["post-30","page","type-page","status-publish","hentry"],"_links":{"self":[{"href":"https:\/\/webs.uab.cat\/dan\/wp-json\/wp\/v2\/pages\/30","targetHints":{"allow":["GET"]}}],"collection":[{"href":"https:\/\/webs.uab.cat\/dan\/wp-json\/wp\/v2\/pages"}],"about":[{"href":"https:\/\/webs.uab.cat\/dan\/wp-json\/wp\/v2\/types\/page"}],"author":[{"embeddable":true,"href":"https:\/\/webs.uab.cat\/dan\/wp-json\/wp\/v2\/users\/20"}],"replies":[{"embeddable":true,"href":"https:\/\/webs.uab.cat\/dan\/wp-json\/wp\/v2\/comments?post=30"}],"version-history":[{"count":7,"href":"https:\/\/webs.uab.cat\/dan\/wp-json\/wp\/v2\/pages\/30\/revisions"}],"predecessor-version":[{"id":306,"href":"https:\/\/webs.uab.cat\/dan\/wp-json\/wp\/v2\/pages\/30\/revisions\/306"}],"wp:attachment":[{"href":"https:\/\/webs.uab.cat\/dan\/wp-json\/wp\/v2\/media?parent=30"}],"curies":[{"name":"wp","href":"https:\/\/api.w.org\/{rel}","templated":true}]}}