{"id":2,"date":"2023-07-27T11:05:41","date_gmt":"2023-07-27T09:05:41","guid":{"rendered":"https:\/\/webs.uab.cat\/dapss\/?page_id=2"},"modified":"2026-01-22T15:52:25","modified_gmt":"2026-01-22T13:52:25","slug":"inici","status":"publish","type":"page","link":"https:\/\/webs.uab.cat\/dapss\/","title":{"rendered":"Inici"},"content":{"rendered":"\n<h2 class=\"wp-block-heading\" id=\"resum\">El projecte PID2022-138413NB-I00<\/h2>\n\n\n\n<p>El principals aven\u00e7os en el camp de l&#8217;adquisici\u00f3 del llenguatge han tingut lloc en paral\u00b7lel amb el desenvolupament de la ling\u00fc\u00edstica te\u00f2rica, l&#8217;abast emp\u00edric de la qual va cr\u00e9ixer substancialment en la d\u00e8cada del 1980 i del 1990 gr\u00e0cies al desenvolupament de noves t\u00e8cniques experimentals. Avui en dia, la recerca en l&#8217;\u00e0mbit de les bases biol\u00f2giques del llenguatge i les t\u00e8cniques disponibles per a investigar l&#8217;adquisici\u00f3 en edats primerenques fan possible plantejar q\u00fcestions impensables fa apenes deu anys. Els objectius del projecte s\u00f3n dos: primerament, estudiar la gram\u00e0tica infantil en un cap tan poc explorat com \u00e9s el dels operadors i, segonament, reconsiderar els fonaments de l&#8217;adquisici\u00f3 a la llum de l&#8217;ecologia del desenvolupament.<\/p>\n\n\n\n<p>El estudis experimentals que es proposen s&#8217;ocupen del desenvolupament de la sintaxi i de la sem\u00e0ntica en un moment en qu\u00e8 els infants no produeixen encara seq\u00fc\u00e8ncies multi-paraula per\u00f2 s\u00ed que posseeixen una certa capacitat de comprensi\u00f3 (tot i que en un grau encara dif\u00edcil de determinar), com s&#8217;ha pogut demostrar amb l&#8217;\u00fas de t\u00e8cniques de seguiment ocular. Les preguntes que guien els experiments proposats s\u00f3n les seg\u00fcents: En quin moment estableixen els subjectes les propietats de la llengua que estan adquirint? S\u00f3n les vies d&#8217;adquisici\u00f3 homog\u00e8nies per a totes les lleng\u00fces? Es fixen algunes propietats particulars de la llengua en estadis m\u00e9s primerencs del que se suposava fins ara? Prosseguint la l\u00ednia definida en treballs anteriors, volem investigar la comprensi\u00f3 dels operadors: el despla\u00e7ament de qu- en interrogatives i els operadors l\u00f2gics. Els experiments se centraran en infants de 17 o m\u00e9s mesos amb l&#8217;objectiu de determinar si s\u00f3n capa\u00e7os de comprendre preguntes de subjecte i d&#8217;objecte en lleng\u00fces amb despla\u00e7ament expl\u00edcit, com ara el catal\u00e0 o l&#8217;\u00e0rab palest\u00ed, i en lleng\u00fces amb qu- in situ, com ara el xin\u00e8s mandar\u00ed. En usar preguntes qu- amb pseudoverbs, una de les innovacions del nostre m\u00e8tode, garantim que la comprensi\u00f3 no sigui el resultat d&#8217;una estrat\u00e8gia de resoluci\u00f3 basada en el coneixement de l&#8217;estructura argumental del verb. Quant als operadors l\u00f2gics, hem dissenyat dos experiments sobre la comprensi\u00f3 de <em>tots<\/em>, <em>alguns<\/em> i <em>no tots<\/em>, un aspecte inexplorat a aquestes edats. El desenvolupament dels operadors l\u00f2gics \u00e9s interessant perqu\u00e8 els resultats de treballs anteriors no han estat concluents: el gruix dels estudis sembla indicar que el desenvolupament del coneixement sem\u00e0ntic i pragm\u00e0tic \u00e9s molt tard\u00e0; no obstant aix\u00f2, alguns treballs m\u00e9s recents semblen suggerir que un cert domini dels operadors l\u00f2gics i del raonament inferencial ja s\u00f3n presents molt abans. L&#8217;objectiu \u00e9s establir si \u00e9s efectivament aix\u00ed per a <em>alguns<\/em> i <em>tots<\/em>, que s\u00f3n considerats com a primitius conceptuals. Si els nostres resultats corroboressin els obtinguts anteriorment (<a rel=\"noreferrer noopener\" href=\"https:\/\/doi.org\/10.1017\/S0305000920000756\" target=\"_blank\">Zhu, Franck, Rizzi &amp; Gavarr\u00f3 2022<\/a>, <a href=\"https:\/\/doi.org\/10.1080\/10489223.2019.1659274\" target=\"_blank\" rel=\"noreferrer noopener\">Perkins &amp; Lidz 2021<\/a>), l&#8217;adquisici\u00f3 de la sintaxi i de la sem\u00e0ntica b\u00e0siques ja estarien en marxa al voltant dels 16 o 17 mesos.<\/p>\n\n\n\n<p>En el camp dels fonaments de la ling\u00fc\u00edstica, ens proposem reconsiderar la noci\u00f3 de Gram\u00e0tica Universal a la llum de aven\u00e7os recents de la biologia te\u00f2rica en el camp de l&#8217;ecologia del desenvolupament els quals proposen repensar la relaci\u00f3 entre el desenvolupament i les seves bases biol\u00f2giques. Cal reinterpretar la visi\u00f3 tradicional de l&#8217;adquisici\u00f3 del llenguatge \u2014el model chomski\u00e0 de tras factors incl\u00f2s\u2014 en termes d&#8217;un model de causalitat distribu\u00efda entre m\u00faltiples factors (el genoma, l&#8217;epigenoma, l&#8217;entorn, l&#8217;estimulaci\u00f3 sensorial, les pautes de conducta), cap dels quals pot ser considerat com a principal o determinant.<\/p>\n\n\n\n<h2 class=\"wp-block-heading\">L&#8217;equip<\/h2>\n\n\n\n<h3 class=\"wp-block-heading\">Equip investigador<\/h3>\n\n\n\n<div class=\"wp-block-columns is-layout-flex wp-container-core-columns-is-layout-9d6595d7 wp-block-columns-is-layout-flex\">\n<div class=\"wp-block-column is-layout-flow wp-block-column-is-layout-flow\"><div class=\"wp-block-image is-style-rounded\">\n<figure class=\"aligncenter size-full\"><img loading=\"lazy\" decoding=\"async\" width=\"200\" height=\"200\" src=\"https:\/\/webs.uab.cat\/dapss\/wp-content\/uploads\/sites\/474\/2023\/10\/AnnaGavarro-4-edited-1.jpeg\" alt=\"Anna Gavarr\u00f3\" class=\"wp-image-98\" srcset=\"https:\/\/webs.uab.cat\/dapss\/wp-content\/uploads\/sites\/474\/2023\/10\/AnnaGavarro-4-edited-1.jpeg 200w, https:\/\/webs.uab.cat\/dapss\/wp-content\/uploads\/sites\/474\/2023\/10\/AnnaGavarro-4-edited-1-150x150.jpeg 150w\" sizes=\"auto, (max-width: 200px) 100vw, 200px\" \/><\/figure>\n<\/div>\n\n\n<p class=\"has-text-align-center\"><strong><a href=\"https:\/\/filcat.uab.cat\/Gavarro\/\">Anna Gavarr\u00f3<\/a><\/strong><br>Investigadora Principal<br>anna.gavarro[at]uab.cat<\/p>\n<\/div>\n\n\n\n<div class=\"wp-block-column is-layout-flow wp-block-column-is-layout-flow\"><div class=\"wp-block-image is-style-rounded\">\n<figure class=\"aligncenter size-full is-resized\"><img loading=\"lazy\" decoding=\"async\" src=\"https:\/\/webs.uab.cat\/dapss\/wp-content\/uploads\/sites\/474\/2023\/10\/pagliarini-2.jpg\" alt=\"Elena Pagliarini\" class=\"wp-image-99\" width=\"200\" height=\"200\" srcset=\"https:\/\/webs.uab.cat\/dapss\/wp-content\/uploads\/sites\/474\/2023\/10\/pagliarini-2.jpg 200w, https:\/\/webs.uab.cat\/dapss\/wp-content\/uploads\/sites\/474\/2023\/10\/pagliarini-2-150x150.jpg 150w\" sizes=\"auto, (max-width: 200px) 100vw, 200px\" \/><\/figure>\n<\/div>\n\n\n<p class=\"has-text-align-center\"><strong><a href=\"https:\/\/elenapagliarini.github.io\">Elena Pagliarini<\/a><\/strong><br>Investigadora Principal<br>elena.pagliarini[at]uab.cat<\/p>\n<\/div>\n\n\n\n<div class=\"wp-block-column is-layout-flow wp-block-column-is-layout-flow\"><div class=\"wp-block-image is-style-rounded\">\n<figure class=\"aligncenter size-full\"><img loading=\"lazy\" decoding=\"async\" width=\"200\" height=\"200\" src=\"https:\/\/webs.uab.cat\/dapss\/wp-content\/uploads\/sites\/474\/2023\/10\/SergioBalari-1.jpg\" alt=\"Sergio Balari\" class=\"wp-image-100\" srcset=\"https:\/\/webs.uab.cat\/dapss\/wp-content\/uploads\/sites\/474\/2023\/10\/SergioBalari-1.jpg 200w, https:\/\/webs.uab.cat\/dapss\/wp-content\/uploads\/sites\/474\/2023\/10\/SergioBalari-1-150x150.jpg 150w\" sizes=\"auto, (max-width: 200px) 100vw, 200px\" \/><\/figure>\n<\/div>\n\n\n<p class=\"has-text-align-center\"><strong>Sergio Balari<\/strong><\/p>\n\n\n\n<p class=\"has-text-align-center\">sergi.balari[at]uab.cat<\/p>\n<\/div>\n<\/div>\n\n\n\n<h3 class=\"wp-block-heading\">Equip de treball \u2013 Acquisition &amp; Pathology Lab (Bellaterra)<\/h3>\n\n\n\n<div class=\"wp-block-columns is-layout-flex wp-container-core-columns-is-layout-9d6595d7 wp-block-columns-is-layout-flex\">\n<div class=\"wp-block-column is-layout-flow wp-block-column-is-layout-flow\"><div class=\"wp-block-image is-style-rounded\">\n<figure class=\"aligncenter size-full\"><img loading=\"lazy\" decoding=\"async\" width=\"200\" height=\"200\" src=\"https:\/\/webs.uab.cat\/dapss\/wp-content\/uploads\/sites\/474\/2023\/10\/ImanElHadef.jpg\" alt=\"Iman El-Hadef\" class=\"wp-image-57\" srcset=\"https:\/\/webs.uab.cat\/dapss\/wp-content\/uploads\/sites\/474\/2023\/10\/ImanElHadef.jpg 200w, https:\/\/webs.uab.cat\/dapss\/wp-content\/uploads\/sites\/474\/2023\/10\/ImanElHadef-150x150.jpg 150w\" sizes=\"auto, (max-width: 200px) 100vw, 200px\" \/><\/figure>\n<\/div>\n\n\n<p class=\"has-text-align-center\"><strong>Iman El-Hadef<\/strong><br>iman.elhadef[at]autonoma.cat<\/p>\n<\/div>\n\n\n\n<div class=\"wp-block-column is-layout-flow wp-block-column-is-layout-flow\"><div class=\"wp-block-image is-style-rounded\">\n<figure class=\"aligncenter size-full\"><img loading=\"lazy\" decoding=\"async\" width=\"200\" height=\"200\" src=\"https:\/\/webs.uab.cat\/dapss\/wp-content\/uploads\/sites\/474\/2023\/10\/AlejandraKeidel-edited-5.jpg\" alt=\"Alejandra Keidel\" class=\"wp-image-114\" srcset=\"https:\/\/webs.uab.cat\/dapss\/wp-content\/uploads\/sites\/474\/2023\/10\/AlejandraKeidel-edited-5.jpg 200w, https:\/\/webs.uab.cat\/dapss\/wp-content\/uploads\/sites\/474\/2023\/10\/AlejandraKeidel-edited-5-150x150.jpg 150w\" sizes=\"auto, (max-width: 200px) 100vw, 200px\" \/><\/figure>\n<\/div>\n\n\n<p class=\"has-text-align-center\"><strong>Alejandra Keidel<\/strong><br>alejandra.keidel[at]uab.cat<\/p>\n<\/div>\n\n\n\n<div class=\"wp-block-column is-layout-flow wp-block-column-is-layout-flow\"><div class=\"wp-block-image is-style-rounded\">\n<figure class=\"aligncenter size-full\"><img loading=\"lazy\" decoding=\"async\" width=\"200\" height=\"200\" src=\"https:\/\/webs.uab.cat\/dapss\/wp-content\/uploads\/sites\/474\/2023\/10\/TalaNazzal-4.png\" alt=\"Tala Nazzal\" class=\"wp-image-137\" srcset=\"https:\/\/webs.uab.cat\/dapss\/wp-content\/uploads\/sites\/474\/2023\/10\/TalaNazzal-4.png 200w, https:\/\/webs.uab.cat\/dapss\/wp-content\/uploads\/sites\/474\/2023\/10\/TalaNazzal-4-150x150.png 150w\" sizes=\"auto, (max-width: 200px) 100vw, 200px\" \/><\/figure>\n<\/div>\n\n\n<p class=\"has-text-align-center\"><strong>Tala Nazzal<\/strong><br>tala.nazzal[at]autonoma.cat<\/p>\n<\/div>\n<\/div>\n\n\n\n<div class=\"wp-block-columns is-layout-flex wp-container-core-columns-is-layout-9d6595d7 wp-block-columns-is-layout-flex\">\n<div class=\"wp-block-column is-layout-flow wp-block-column-is-layout-flow\"><div class=\"wp-block-image is-style-rounded\">\n<figure class=\"aligncenter size-full\"><img loading=\"lazy\" decoding=\"async\" width=\"200\" height=\"200\" src=\"https:\/\/webs.uab.cat\/dapss\/wp-content\/uploads\/sites\/474\/2023\/10\/IoSalmons-1-e1698044811871.jpg\" alt=\"Io Salmons\" class=\"wp-image-105\" srcset=\"https:\/\/webs.uab.cat\/dapss\/wp-content\/uploads\/sites\/474\/2023\/10\/IoSalmons-1-e1698044811871.jpg 200w, https:\/\/webs.uab.cat\/dapss\/wp-content\/uploads\/sites\/474\/2023\/10\/IoSalmons-1-e1698044811871-150x150.jpg 150w\" sizes=\"auto, (max-width: 200px) 100vw, 200px\" \/><\/figure>\n<\/div>\n\n\n<p class=\"has-text-align-center\"><strong>Io Salmons Lluss\u00e0<\/strong><br>io.salmons[at]<br>uab.cat<\/p>\n<\/div>\n\n\n\n<div class=\"wp-block-column is-layout-flow wp-block-column-is-layout-flow\"><div class=\"wp-block-image is-style-rounded\">\n<figure class=\"aligncenter size-full\"><img loading=\"lazy\" decoding=\"async\" width=\"200\" height=\"200\" src=\"https:\/\/webs.uab.cat\/dapss\/wp-content\/uploads\/sites\/474\/2023\/10\/JinYan-1.jpg\" alt=\"Jin Yan\" class=\"wp-image-117\" srcset=\"https:\/\/webs.uab.cat\/dapss\/wp-content\/uploads\/sites\/474\/2023\/10\/JinYan-1.jpg 200w, https:\/\/webs.uab.cat\/dapss\/wp-content\/uploads\/sites\/474\/2023\/10\/JinYan-1-150x150.jpg 150w\" sizes=\"auto, (max-width: 200px) 100vw, 200px\" \/><\/figure>\n<\/div>\n\n\n<p class=\"has-text-align-center\"><strong>Jin Yan<\/strong><br>jin.yan2[at]autonoma.cat<\/p>\n<\/div>\n\n\n\n<div class=\"wp-block-column is-layout-flow wp-block-column-is-layout-flow\"><div class=\"wp-block-image is-style-rounded\">\n<figure class=\"aligncenter size-full\"><img loading=\"lazy\" decoding=\"async\" width=\"200\" height=\"200\" src=\"https:\/\/webs.uab.cat\/dapss\/wp-content\/uploads\/sites\/474\/2023\/10\/JingtaoZhu-3.jpg\" alt=\"Jingtao Zhu\" class=\"wp-image-119\" srcset=\"https:\/\/webs.uab.cat\/dapss\/wp-content\/uploads\/sites\/474\/2023\/10\/JingtaoZhu-3.jpg 200w, https:\/\/webs.uab.cat\/dapss\/wp-content\/uploads\/sites\/474\/2023\/10\/JingtaoZhu-3-150x150.jpg 150w\" sizes=\"auto, (max-width: 200px) 100vw, 200px\" \/><\/figure>\n<\/div>\n\n\n<p class=\"has-text-align-center\"><strong>Jingtao Zhu<\/strong><br>zjt19890109[at]163.com<\/p>\n<\/div>\n<\/div>\n\n\n\n<div class=\"wp-block-columns is-layout-flex wp-container-core-columns-is-layout-9d6595d7 wp-block-columns-is-layout-flex\">\n<div class=\"wp-block-column is-layout-flow wp-block-column-is-layout-flow\"><div class=\"wp-block-image is-style-rounded\">\n<figure class=\"aligncenter size-full\"><img loading=\"lazy\" decoding=\"async\" width=\"450\" height=\"450\" src=\"https:\/\/webs.uab.cat\/dapss\/wp-content\/uploads\/sites\/474\/2026\/01\/walid-irhaymi-square.jpeg\" alt=\"\" class=\"wp-image-528\" srcset=\"https:\/\/webs.uab.cat\/dapss\/wp-content\/uploads\/sites\/474\/2026\/01\/walid-irhaymi-square.jpeg 450w, https:\/\/webs.uab.cat\/dapss\/wp-content\/uploads\/sites\/474\/2026\/01\/walid-irhaymi-square-300x300.jpeg 300w, https:\/\/webs.uab.cat\/dapss\/wp-content\/uploads\/sites\/474\/2026\/01\/walid-irhaymi-square-150x150.jpeg 150w\" sizes=\"auto, (max-width: 450px) 100vw, 450px\" \/><\/figure>\n<\/div>\n\n\n<p class=\"has-text-align-center\"><strong>Walid Irhaymi<\/strong><br>Walid.Irhaymi@uab.cat<\/p>\n<\/div>\n\n\n\n<div class=\"wp-block-column is-layout-flow wp-block-column-is-layout-flow\"><div class=\"wp-block-image is-style-rounded\">\n<figure class=\"aligncenter size-full is-resized\"><img loading=\"lazy\" decoding=\"async\" width=\"810\" height=\"810\" src=\"https:\/\/webs.uab.cat\/dapss\/wp-content\/uploads\/sites\/474\/2026\/01\/dianjin-li-square.jpg\" alt=\"\" class=\"wp-image-530\" style=\"width:200px;height:200px\" srcset=\"https:\/\/webs.uab.cat\/dapss\/wp-content\/uploads\/sites\/474\/2026\/01\/dianjin-li-square.jpg 810w, https:\/\/webs.uab.cat\/dapss\/wp-content\/uploads\/sites\/474\/2026\/01\/dianjin-li-square-300x300.jpg 300w, https:\/\/webs.uab.cat\/dapss\/wp-content\/uploads\/sites\/474\/2026\/01\/dianjin-li-square-150x150.jpg 150w, https:\/\/webs.uab.cat\/dapss\/wp-content\/uploads\/sites\/474\/2026\/01\/dianjin-li-square-768x768.jpg 768w\" sizes=\"auto, (max-width: 810px) 100vw, 810px\" \/><\/figure>\n<\/div>\n\n\n<p class=\"has-text-align-center\"><strong>Dianjin Li<\/strong><br>Dianjin.Li@uab.cat<\/p>\n<\/div>\n\n\n\n<div class=\"wp-block-column is-layout-flow wp-block-column-is-layout-flow\">\n<p class=\"has-text-align-center\"><\/p>\n<\/div>\n<\/div>\n\n\n\n<h3 class=\"wp-block-heading\">Equip de treball \u2013 Extern<\/h3>\n\n\n\n<div class=\"wp-block-columns is-layout-flex wp-container-core-columns-is-layout-9d6595d7 wp-block-columns-is-layout-flex\">\n<div class=\"wp-block-column is-layout-flow wp-block-column-is-layout-flow\"><div class=\"wp-block-image is-style-rounded\">\n<figure class=\"aligncenter size-full is-resized\"><img loading=\"lazy\" decoding=\"async\" src=\"https:\/\/webs.uab.cat\/dapss\/wp-content\/uploads\/sites\/474\/2023\/10\/thumbnail_RomanBCCCD.jpg\" alt=\"Roman Feiman\" class=\"wp-image-136\" width=\"200\" height=\"200\" srcset=\"https:\/\/webs.uab.cat\/dapss\/wp-content\/uploads\/sites\/474\/2023\/10\/thumbnail_RomanBCCCD.jpg 200w, https:\/\/webs.uab.cat\/dapss\/wp-content\/uploads\/sites\/474\/2023\/10\/thumbnail_RomanBCCCD-150x150.jpg 150w\" sizes=\"auto, (max-width: 200px) 100vw, 200px\" \/><\/figure>\n<\/div>\n\n\n<p class=\"has-text-align-center\"><strong>Roman Feiman<\/strong><br>Brown University roman_feiman[at]brown.edu<\/p>\n<\/div>\n\n\n\n<div class=\"wp-block-column is-layout-flow wp-block-column-is-layout-flow\"><div class=\"wp-block-image is-style-rounded\">\n<figure class=\"aligncenter size-full\"><img loading=\"lazy\" decoding=\"async\" width=\"200\" height=\"200\" src=\"https:\/\/webs.uab.cat\/dapss\/wp-content\/uploads\/sites\/474\/2023\/10\/julie-franck.jpg\" alt=\"Julie Franck\" class=\"wp-image-140\" srcset=\"https:\/\/webs.uab.cat\/dapss\/wp-content\/uploads\/sites\/474\/2023\/10\/julie-franck.jpg 200w, https:\/\/webs.uab.cat\/dapss\/wp-content\/uploads\/sites\/474\/2023\/10\/julie-franck-150x150.jpg 150w\" sizes=\"auto, (max-width: 200px) 100vw, 200px\" \/><\/figure>\n<\/div>\n\n\n<p class=\"has-text-align-center\"><strong>Julie Franck<\/strong><br>Universit\u00e9 de Gen\u00e8ve<br>julie.franck[at]unige.ch<\/p>\n<\/div>\n\n\n\n<div class=\"wp-block-column is-layout-flow wp-block-column-is-layout-flow\"><div class=\"wp-block-image is-style-rounded\">\n<figure class=\"aligncenter size-full\"><img loading=\"lazy\" decoding=\"async\" width=\"200\" height=\"200\" src=\"https:\/\/webs.uab.cat\/dapss\/wp-content\/uploads\/sites\/474\/2023\/10\/Teresa.jpg\" alt=\"M. Teresa Guasti\" class=\"wp-image-130\" srcset=\"https:\/\/webs.uab.cat\/dapss\/wp-content\/uploads\/sites\/474\/2023\/10\/Teresa.jpg 200w, https:\/\/webs.uab.cat\/dapss\/wp-content\/uploads\/sites\/474\/2023\/10\/Teresa-150x150.jpg 150w\" sizes=\"auto, (max-width: 200px) 100vw, 200px\" \/><\/figure>\n<\/div>\n\n\n<p class=\"has-text-align-center\"><strong>Maria Teresa Guasti<\/strong><br>Universit\u00e0 degli Studi di Milano-Bicocca<br>mariateresa.guasti[at]unimib.it<\/p>\n<\/div>\n<\/div>\n\n\n\n<div class=\"wp-block-columns is-layout-flex wp-container-core-columns-is-layout-9d6595d7 wp-block-columns-is-layout-flex\">\n<div class=\"wp-block-column is-layout-flow wp-block-column-is-layout-flow\"><div class=\"wp-block-image is-style-rounded\">\n<figure class=\"aligncenter size-full\"><img loading=\"lazy\" decoding=\"async\" width=\"200\" height=\"200\" src=\"https:\/\/webs.uab.cat\/dapss\/wp-content\/uploads\/sites\/474\/2023\/10\/thumbnail_JRH_pontNapoleon.jpg\" alt=\"Jean-Remy Hochmann\" class=\"wp-image-142\" srcset=\"https:\/\/webs.uab.cat\/dapss\/wp-content\/uploads\/sites\/474\/2023\/10\/thumbnail_JRH_pontNapoleon.jpg 200w, https:\/\/webs.uab.cat\/dapss\/wp-content\/uploads\/sites\/474\/2023\/10\/thumbnail_JRH_pontNapoleon-150x150.jpg 150w\" sizes=\"auto, (max-width: 200px) 100vw, 200px\" \/><\/figure>\n<\/div>\n\n\n<p class=\"has-text-align-center\"><strong>Jean-Remy Hochmann<\/strong><br>CNRS \u2013 Institut des Sciences Cognitives Marc Jeannerod hochmann[at]isc.cnrs.fr<\/p>\n<\/div>\n\n\n\n<div class=\"wp-block-column is-layout-flow wp-block-column-is-layout-flow\"><div class=\"wp-block-image is-style-rounded\">\n<figure class=\"aligncenter size-full\"><img loading=\"lazy\" decoding=\"async\" width=\"200\" height=\"200\" src=\"https:\/\/webs.uab.cat\/dapss\/wp-content\/uploads\/sites\/474\/2023\/10\/HU-Shenai.jpg\" alt=\"Hu Shenai\" class=\"wp-image-135\" srcset=\"https:\/\/webs.uab.cat\/dapss\/wp-content\/uploads\/sites\/474\/2023\/10\/HU-Shenai.jpg 200w, https:\/\/webs.uab.cat\/dapss\/wp-content\/uploads\/sites\/474\/2023\/10\/HU-Shenai-150x150.jpg 150w\" sizes=\"auto, (max-width: 200px) 100vw, 200px\" \/><\/figure>\n<\/div>\n\n\n<p class=\"has-text-align-center\"><strong>Shenai Hu<\/strong><br>Xiamen University shenai.hu[at]xmu.edu.cn<\/p>\n<\/div>\n\n\n\n<div class=\"wp-block-column is-layout-flow wp-block-column-is-layout-flow\"><div class=\"wp-block-image is-style-rounded\">\n<figure class=\"aligncenter size-full\"><img loading=\"lazy\" decoding=\"async\" width=\"200\" height=\"200\" src=\"https:\/\/webs.uab.cat\/dapss\/wp-content\/uploads\/sites\/474\/2023\/10\/IMG_20211004_225433_788-1.jpg\" alt=\"Jos\u00e9 Segovia Mart\u00edn\" class=\"wp-image-145\" srcset=\"https:\/\/webs.uab.cat\/dapss\/wp-content\/uploads\/sites\/474\/2023\/10\/IMG_20211004_225433_788-1.jpg 200w, https:\/\/webs.uab.cat\/dapss\/wp-content\/uploads\/sites\/474\/2023\/10\/IMG_20211004_225433_788-1-150x150.jpg 150w\" sizes=\"auto, (max-width: 200px) 100vw, 200px\" \/><\/figure>\n<\/div>\n\n\n<p class=\"has-text-align-center\"><strong>Jos\u00e9 Segovia Mart\u00edn<\/strong><br>CNRS \u2013 Institut des Syst\u00e8mes Complexes Paris jisigmami[at]gmail.com<\/p>\n<\/div>\n<\/div>\n\n\n\n<div class=\"wp-block-buttons is-content-justification-center is-layout-flex wp-container-core-buttons-is-layout-16018d1d wp-block-buttons-is-layout-flex\">\n<div class=\"wp-block-button\"><a class=\"wp-block-button__link wp-element-button\" href=\"https:\/\/webs.uab.cat\/dapss\/\">Puja<\/a><\/div>\n<\/div>\n","protected":false},"excerpt":{"rendered":"<p>El projecte PID2022-138413NB-I00 El principals aven\u00e7os en el camp de l&#8217;adquisici\u00f3 del llenguatge han tingut lloc en paral\u00b7lel amb el desenvolupament de la ling\u00fc\u00edstica te\u00f2rica, l&#8217;abast emp\u00edric de la qual va cr\u00e9ixer substancialment en la d\u00e8cada del 1980 i del 1990 gr\u00e0cies al desenvolupament de noves t\u00e8cniques experimentals. Avui en dia, la recerca en l&#8217;\u00e0mbit [&hellip;]<\/p>\n","protected":false},"author":2765,"featured_media":0,"parent":0,"menu_order":0,"comment_status":"closed","ping_status":"closed","template":"sidebar.php","meta":{"footnotes":""},"class_list":["post-2","page","type-page","status-publish","hentry"],"_links":{"self":[{"href":"https:\/\/webs.uab.cat\/dapss\/wp-json\/wp\/v2\/pages\/2","targetHints":{"allow":["GET"]}}],"collection":[{"href":"https:\/\/webs.uab.cat\/dapss\/wp-json\/wp\/v2\/pages"}],"about":[{"href":"https:\/\/webs.uab.cat\/dapss\/wp-json\/wp\/v2\/types\/page"}],"author":[{"embeddable":true,"href":"https:\/\/webs.uab.cat\/dapss\/wp-json\/wp\/v2\/users\/2765"}],"replies":[{"embeddable":true,"href":"https:\/\/webs.uab.cat\/dapss\/wp-json\/wp\/v2\/comments?post=2"}],"version-history":[{"count":45,"href":"https:\/\/webs.uab.cat\/dapss\/wp-json\/wp\/v2\/pages\/2\/revisions"}],"predecessor-version":[{"id":535,"href":"https:\/\/webs.uab.cat\/dapss\/wp-json\/wp\/v2\/pages\/2\/revisions\/535"}],"wp:attachment":[{"href":"https:\/\/webs.uab.cat\/dapss\/wp-json\/wp\/v2\/media?parent=2"}],"curies":[{"name":"wp","href":"https:\/\/api.w.org\/{rel}","templated":true}]}}