{"id":204,"date":"2016-04-26T13:39:37","date_gmt":"2016-04-26T11:39:37","guid":{"rendered":"https:\/\/webs.uab.cat\/dehisi\/persones\/"},"modified":"2025-10-14T11:59:46","modified_gmt":"2025-10-14T09:59:46","slug":"persones","status":"publish","type":"page","link":"https:\/\/webs.uab.cat\/dehisi\/ca\/persones\/","title":{"rendered":"Persones"},"content":{"rendered":"\n<p><strong>Investigadors principals:<\/strong>&nbsp;Jos\u00e9 Luis Lalueza Sazatornil i Ibis \u00c1lvarez Valdivia.<\/p>\n\n\n\n<p><strong>Investigadores UAB:<\/strong> S\u00edlvia Camps Orfila, Cristina Zhang Yu, Crista Weise, Giorgina Garbarino, Karen Jaramillo, Joana Paula y Muriel Guti\u00e9rrez.<\/p>\n\n\n\n<p><strong>Colaboradores :<\/strong> David Garc\u00eda Romero (USC, Santiago), Beatriz Macias G\u00f3mez-Estern, Virginia Mart\u00ednez Lozano and Mar\u00eda Marco Macarro (UPO, Sevilla), Mois\u00e9s Esteban Guitart (UdG, Girona), Mark Clarke and Alan Davis (UCD, Denver), Olga V\u00e1squez (UCSD, San Diego), Macarena Lamas Alcion (UACH, Valdivia), Felipe Jim\u00e9nez Vargas (PUCV, Valpara\u00edso), M\u00f3nica da Silva (UDELAR, Montevideo), Jos\u00e9 Eduardo S\u00e1nchez (ICESI, Cali), Mar\u00eda Cristina Tenorio (Uni Valle, Cali), Renata Bellenzani (UFMS, Campo Grande), Marta Padr\u00f3s Castells, S\u00f2nia S\u00e1nchez Busqu\u00e9s y Reme Rubio Garc\u00eda (UAB)<\/p>\n\n\n\n<h2 class=\"wp-block-heading\">Lalueza Sazatornil, Jose Luis<\/h2>\n\n\n\n<div class=\"wp-block-columns is-layout-flex wp-container-core-columns-is-layout-9d6595d7 wp-block-columns-is-layout-flex\">\n<div class=\"wp-block-column is-layout-flow wp-block-column-is-layout-flow\" style=\"flex-basis:33.33%\">\n<figure class=\"wp-block-image\"><img loading=\"lazy\" decoding=\"async\" width=\"201\" height=\"206\" src=\"https:\/\/webs.uab.cat\/dehisi\/wp-content\/uploads\/sites\/226\/2016\/04\/whatsapp_image_2019-12-04_at_7.00.22_pm_2.jpeg\" alt=\"whatsapp_image_2019-12-04_at_7.00.22_pm_2.jpeg\" class=\"wp-image-168\" \/><\/figure>\n<\/div>\n\n\n\n<div class=\"wp-block-column is-layout-flow wp-block-column-is-layout-flow\" style=\"flex-basis:66.66%\">\n<p>Jos\u00e9 Luis Lalueza, Doctor en Psicologia, \u00e9s profesor titular del Departament&nbsp;de Psicologia B\u00e0sica, Evolutiva y de l&#8217;Educaci\u00f3. Expert&nbsp;en el camp&nbsp;de desenvolupament a minories i&nbsp;intervenci\u00f3&nbsp;en contextos de diversitat cultural i risc d&#8217;exclusi\u00f3 social. Director de l&#8217;equip DEHISI i del projecte de recerca-acci\u00f3 Projecte Shere Rom, que desenvolupa una intervenci\u00f3 socioeducativa que preten la creaci\u00f3 de processos educatius interculturals. Coordinador a la UAB del M\u00e0ster Interuniversitari en Psicologia de l&#8217;Educaci\u00f3 (MIPE). Coordinador de l&#8217;\u00c0rea de Transfer\u00e8ncia i Recerca Aplicada del Servei de Psicologia i Logop\u00e8dia (SPL) de la Facultat de Psicologia.Membre dek grup promotor d&#8217;Aprenentatge-Servei i del Grup d&#8217;Innovaci\u00f3 Docent-ApS a la Universitat Aut\u00f2noma de Barcelona.<\/p>\n\n\n\n<p>Correu&nbsp;electr\u00f2nic: joseluis.lalueza@uab.cat<\/p>\n<\/div>\n<\/div>\n\n\n\n<h2 class=\"wp-block-heading\">&nbsp;\u00c1lvarez Valdivia, Ibis Marlene<\/h2>\n\n\n\n<div class=\"wp-block-columns is-layout-flex wp-container-core-columns-is-layout-9d6595d7 wp-block-columns-is-layout-flex\">\n<div class=\"wp-block-column is-layout-flow wp-block-column-is-layout-flow\" style=\"flex-basis:33.33%\">\n<figure class=\"wp-block-image\"><img loading=\"lazy\" decoding=\"async\" width=\"195\" height=\"210\" src=\"https:\/\/webs.uab.cat\/dehisi\/wp-content\/uploads\/sites\/226\/2016\/04\/ibis_jpg.jpg\" alt=\"ibis_jpg.jpg\" class=\"wp-image-171\" \/><\/figure>\n<\/div>\n\n\n\n<div class=\"wp-block-column is-layout-flow wp-block-column-is-layout-flow\" style=\"flex-basis:66.66%\">\n<p>Doctora en Psicologia de l&#8217;Educaci\u00f3. Professora agregada del Departament de Psicologia B\u00e0sica, Evolutiva i de l\u2019Educaci\u00f3 de la&nbsp; Universitat Aut\u00f2noma de Barcelona. Coordinadora del Doctorat en Psicologia de la Educaci\u00f3 <a href=\"https:\/\/www.uab.cat\/web\/postgrado\/doctorados\/todos-los-doctorados\/informacion-general\/psicologia-de-la-educacion-1345467765424.html?param2=1345674110857\">DIPE-UAB&nbsp;<\/a>. Els seus interessos de recerca es relacionen amb aspectes culturals de l\u2019aprenentatge i el desenvolupament psicol\u00f2gic.<\/p>\n\n\n\n<p><span style=\"font-size: 14px\">Correu&nbsp;electr\u00f2nic: ibismarlene.alvarez@uab.cat<\/span><\/p>\n<\/div>\n<\/div>\n\n\n\n<h2 class=\"wp-block-heading\">Camp Orfila, S\u00edlvia<span style=\"font-family: arial,helvetica,sans-serif\"><\/span><\/h2>\n\n\n\n<div class=\"wp-block-columns is-layout-flex wp-container-core-columns-is-layout-9d6595d7 wp-block-columns-is-layout-flex\">\n<div class=\"wp-block-column is-layout-flow wp-block-column-is-layout-flow\" style=\"flex-basis:33.33%\">\n<figure class=\"wp-block-image\"><img loading=\"lazy\" decoding=\"async\" width=\"199\" height=\"202\" src=\"https:\/\/webs.uab.cat\/dehisi\/wp-content\/uploads\/sites\/226\/2016\/04\/silvia.jpg\" alt=\"silvia.jpg\" class=\"wp-image-174\" \/><\/figure>\n<\/div>\n\n\n\n<div class=\"wp-block-column is-layout-flow wp-block-column-is-layout-flow\" style=\"flex-basis:66.66%\">\n<p>Coordinadora del Projecto Shere Rom, responsable de la part d&#8217;intervenci\u00f3 directa en centre educatiu. <\/p>\n\n\n\n<p><span style=\"color: #000000;background-color: transparent;font-weight: 400;font-style: normal;font-variant: normal;text-decoration: none;vertical-align: baseline\">Graduada en Psicologia amb un M\u00e0ster en recerca i intervenci\u00f3 Psicosocial a la Universitat Aut\u00f2noma de Barcelona i M\u00e0ster de formaci\u00f3 de professorat en la modalitat d&#8217;orientaci\u00f3 educativa. Els meus interessos van dirigits a l&#8217;\u00e0mbit educatiu i social, treballant en propostes educatives cap a la inf\u00e0ncia i adolesc\u00e8ncia des de perspectives ecofeministes i de pedagogies cr\u00edtiques. <\/span><\/p>\n\n\n\n<p>&nbsp;<span style=\"color: #000000;background-color: transparent;font-weight: 400;font-style: normal;font-variant: normal;text-decoration: none;vertical-align: baseline\">Correu electr\u00f2nic: Silviacampsorfila@gmail.com<\/span><\/p>\n\n\n\n<p><\/p>\n<\/div>\n<\/div>\n\n\n\n<h2 class=\"wp-block-heading\">Garbarino, Giorgina<\/h2>\n\n\n\n<div class=\"wp-block-columns is-layout-flex wp-container-core-columns-is-layout-9d6595d7 wp-block-columns-is-layout-flex\">\n<div class=\"wp-block-column is-layout-flow wp-block-column-is-layout-flow\" style=\"flex-basis:33.33%\">\n<figure class=\"wp-block-image size-full\"><img loading=\"lazy\" decoding=\"async\" width=\"1024\" height=\"1024\" src=\"https:\/\/webs.uab.cat\/dehisi\/wp-content\/uploads\/sites\/226\/2024\/03\/GiorginaGarbarino-1024x1024-1.jpg\" alt=\"\" class=\"wp-image-423\" srcset=\"https:\/\/webs.uab.cat\/dehisi\/wp-content\/uploads\/sites\/226\/2024\/03\/GiorginaGarbarino-1024x1024-1.jpg 1024w, https:\/\/webs.uab.cat\/dehisi\/wp-content\/uploads\/sites\/226\/2024\/03\/GiorginaGarbarino-1024x1024-1-300x300.jpg 300w, https:\/\/webs.uab.cat\/dehisi\/wp-content\/uploads\/sites\/226\/2024\/03\/GiorginaGarbarino-1024x1024-1-150x150.jpg 150w, https:\/\/webs.uab.cat\/dehisi\/wp-content\/uploads\/sites\/226\/2024\/03\/GiorginaGarbarino-1024x1024-1-768x768.jpg 768w\" sizes=\"auto, (max-width: 1024px) 100vw, 1024px\" \/><\/figure>\n<\/div>\n\n\n\n<div class=\"wp-block-column is-layout-flow wp-block-column-is-layout-flow\" style=\"flex-basis:66.66%\">\n<p>Doctoranda en Psicologia de l&#8217;Educaci\u00f3 a la Universitat Aut\u00f2noma de Barcelona<\/p>\n\n\n\n<p>Graduada en Psicologia de la Universitat Cat\u00f2lica de C\u00f3rdoba, Argentina, especialista en cl\u00ednica infantil i adolescent. La meva traject\u00f2ria involucra el treball amb inf\u00e0ncies des de l&#8217;\u00e0mbit cl\u00ednic i des de l&#8217;educaci\u00f3 formal i no formal.  Els meus interessos apunten a l&#8217;aprenentatge amb altres, a la reivindicaci\u00f3 de sabers i a la comprensi\u00f3 i millora de pr\u00e0ctiques educatives des de la mirada de les pedagogies cr\u00edtiques, la interculturalitat i el g\u00e8nere. Despr\u00e9s de formar-me al  MIPE (M\u00e0ster Interuniversitari en Psicologia de l&#8217;Educaci\u00f3) a la Universitat de Barcelona, actualment estic formant a terme el meu doctorat amb l&#8217;equip de recerca. <\/p>\n\n\n\n<p>Correu electr\u00f2nic: giorgi2507@gmail.com<\/p>\n<\/div>\n<\/div>\n\n\n\n<h2 class=\"wp-block-heading\">De Carvalho Rangel, Joana Paula<\/h2>\n\n\n\n<div class=\"wp-block-columns is-layout-flex wp-container-core-columns-is-layout-9d6595d7 wp-block-columns-is-layout-flex\">\n<div class=\"wp-block-column is-layout-flow wp-block-column-is-layout-flow\" style=\"flex-basis:33.33%\">\n<figure class=\"wp-block-image size-full\"><img loading=\"lazy\" decoding=\"async\" width=\"768\" height=\"1024\" src=\"https:\/\/webs.uab.cat\/dehisi\/wp-content\/uploads\/sites\/226\/2024\/03\/20231123_222350-768x1024-1.jpg\" alt=\"\" class=\"wp-image-426\" srcset=\"https:\/\/webs.uab.cat\/dehisi\/wp-content\/uploads\/sites\/226\/2024\/03\/20231123_222350-768x1024-1.jpg 768w, https:\/\/webs.uab.cat\/dehisi\/wp-content\/uploads\/sites\/226\/2024\/03\/20231123_222350-768x1024-1-225x300.jpg 225w\" sizes=\"auto, (max-width: 768px) 100vw, 768px\" \/><\/figure>\n<\/div>\n\n\n\n<div class=\"wp-block-column is-layout-flow wp-block-column-is-layout-flow\" style=\"flex-basis:66.66%\">\n<p>Joana Paula de Carvalho Rangel, angolana, doctoranda en Psicologia de l&#8217;Educaci\u00f3.<\/p>\n\n\n\n<p>Graduada en Educaci\u00f3 en l&#8217;especialitat de Pedagogia-Psicologia amb un M\u00e0ster en Gesti\u00f3 de Processos Formatius Universitaris, per la <em>Universitat d&#8217;Orient-Cuba<\/em> i formaci\u00f3 en curs superior de Logop\u00e8dia i Intervenci\u00f3 en els Trastorns del Llenguatge, pel centre <em>Unicas formaci\u00f3n<\/em>.<\/p>\n\n\n\n<p>Interessada en treballar aspectes relacionats amb la formaci\u00f3 docent per l&#8217;educaci\u00f3 inclusiva. <\/p>\n\n\n\n<p>Correu electr\u00f2nic: janinycarvalho13@gmail.com<\/p>\n<\/div>\n<\/div>\n\n\n\n<h2 class=\"wp-block-heading\">Jaramillo Solar, Karen<\/h2>\n\n\n\n<div class=\"wp-block-columns is-layout-flex wp-container-core-columns-is-layout-9d6595d7 wp-block-columns-is-layout-flex\">\n<div class=\"wp-block-column is-layout-flow wp-block-column-is-layout-flow\" style=\"flex-basis:33.33%\">\n<figure class=\"wp-block-image size-large\"><img loading=\"lazy\" decoding=\"async\" width=\"768\" height=\"1024\" src=\"https:\/\/webs.uab.cat\/dehisi\/wp-content\/uploads\/sites\/226\/2024\/03\/WhatsApp-Image-2024-03-14-at-20.52.54-1-768x1024.jpeg\" alt=\"\" class=\"wp-image-436\" srcset=\"https:\/\/webs.uab.cat\/dehisi\/wp-content\/uploads\/sites\/226\/2024\/03\/WhatsApp-Image-2024-03-14-at-20.52.54-1-768x1024.jpeg 768w, https:\/\/webs.uab.cat\/dehisi\/wp-content\/uploads\/sites\/226\/2024\/03\/WhatsApp-Image-2024-03-14-at-20.52.54-1-225x300.jpeg 225w, https:\/\/webs.uab.cat\/dehisi\/wp-content\/uploads\/sites\/226\/2024\/03\/WhatsApp-Image-2024-03-14-at-20.52.54-1.jpeg 1104w\" sizes=\"auto, (max-width: 768px) 100vw, 768px\" \/><\/figure>\n<\/div>\n\n\n\n<div class=\"wp-block-column is-layout-flow wp-block-column-is-layout-flow\" style=\"flex-basis:66.66%\">\n<p>Doctoranda en Psicologia de l&#8217;Educaci\u00f3 de la Universitat de Girona (grup de recerca en cultura i educaci\u00f3). Participo a DEHISI col\u00b7laborant en el desenvolupament de propostes educatives fonamentades amb la teoria hist\u00f2rico cultural, les pedagogies cr\u00edtiques i les epistemologies feministes i decolonials. <\/p>\n\n\n\n<p>Durant la meva traject\u00f2ria professional he treballat en intervenci\u00f3 psicosocial, tant en el context escolar (per la inclusi\u00f3 d&#8217;alumnat de prim\u00e0ria i secund\u00e0ria en situaci\u00f3 d&#8217;exclusi\u00f3 social) com universitari (per la inclusi\u00f3 de dones en contextos universitaris altament masculinitzats; aix\u00ed com la inclusi\u00f3 i reconeixement social d&#8217;estudiantat Trans). <\/p>\n\n\n\n<p>M&#8217;interessa la construcci\u00f3 dial\u00f2gica de la identitat, a trav\u00e9s de processos de reflexi\u00f3 col\u00b7lectiva sobre experi\u00e8ncies de discriminaci\u00f3 i racisme, vinculades a la diversitat sexual i les desigualtats de g\u00e8nere. Situada metodol\u00f2gicament des de la recerca basada en el disseny participatiu des d&#8217;una mirada etnogr\u00e0fica i narrativa.<\/p>\n\n\n\n<p>Correu electr\u00f2nic: Karenjaramillosolar@gmail.com<\/p>\n<\/div>\n<\/div>\n\n\n\n<h2 class=\"wp-block-heading\">Guti\u00e9rrez, Muriel<\/h2>\n\n\n\n<div class=\"wp-block-columns is-layout-flex wp-container-core-columns-is-layout-9d6595d7 wp-block-columns-is-layout-flex\">\n<div class=\"wp-block-column is-layout-flow wp-block-column-is-layout-flow\" style=\"flex-basis:33.33%\"><\/div>\n\n\n\n<div class=\"wp-block-column is-layout-flow wp-block-column-is-layout-flow\" style=\"flex-basis:66.66%\">\n<p>Correo electr\u00f3nico: mgutierrg@gmail.com<\/p>\n<\/div>\n<\/div>\n\n\n\n<h2 class=\"wp-block-heading\">Padr\u00f3s Castells, Marta<span style=\"font-family: arial,helvetica,sans-serif\"><\/span><\/h2>\n\n\n\n<div class=\"wp-block-columns is-layout-flex wp-container-core-columns-is-layout-9d6595d7 wp-block-columns-is-layout-flex\">\n<div class=\"wp-block-column is-layout-flow wp-block-column-is-layout-flow\" style=\"flex-basis:33.33%\">\n<figure class=\"wp-block-image\"><img loading=\"lazy\" decoding=\"async\" width=\"204\" height=\"214\" src=\"https:\/\/webs.uab.cat\/dehisi\/wp-content\/uploads\/sites\/226\/2016\/04\/martapc.jpg\" alt=\"martapc.jpg\" class=\"wp-image-192\" \/><\/figure>\n<\/div>\n\n\n\n<div class=\"wp-block-column is-layout-flow wp-block-column-is-layout-flow\" style=\"flex-basis:66.66%\">\n<p>Doctora en psicologia. Experta en cicle vital i diversitat. \u00c9s professora associada del departament de psicologia b\u00e0sica, evolutiva i de l&#8217;educaci\u00f3.&nbsp;Les principals l\u00ednies de recerca i intervenci\u00f3 s\u00f3n: diversitat cultural, comunitat gitana, cicle vital, diversitat familiar i nous models familiars. Treballa des d&#8217;una perspectiva sist\u00e8mica i cultural, amb visi\u00f3 de g\u00e8nere.<\/p>\n\n\n\n<p><br>Fora de la UAB treballa realitzant assessoraments i projectes d&#8217;intervenci\u00f3 amb ajuntaments, serveis socials, EAPs i centres escolars. A m\u00e9s, tamb\u00e9 fa acompanyament psicol\u00f2gic a fam\u00edlies diverses per afrontar les transicions ecol\u00f2giques pr\u00f2pies del cicle vital.<\/p>\n\n\n\n<p>Correu electr\u00f2nic: marta.padros@uab.cat<\/p>\n<\/div>\n<\/div>\n\n\n\n<h2 class=\"wp-block-heading\">S\u00e1nchez Busqu\u00e9s, Sonia<span style=\"font-family: arial,helvetica,sans-serif\"><\/span><\/h2>\n\n\n\n<div class=\"wp-block-columns is-layout-flex wp-container-core-columns-is-layout-9d6595d7 wp-block-columns-is-layout-flex\">\n<div class=\"wp-block-column is-layout-flow wp-block-column-is-layout-flow\" style=\"flex-basis:33.33%\">\n<figure class=\"wp-block-image\"><img loading=\"lazy\" decoding=\"async\" width=\"206\" height=\"261\" src=\"https:\/\/webs.uab.cat\/dehisi\/wp-content\/uploads\/sites\/226\/2016\/04\/whatsapp_image_2019-12-04_at_7.38.36_pm_0.jpeg\" alt=\"whatsapp_image_2019-12-04_at_7.38.36_pm_0.jpeg\" class=\"wp-image-198\" \/><\/figure>\n<\/div>\n\n\n\n<div class=\"wp-block-column is-layout-flow wp-block-column-is-layout-flow\" style=\"flex-basis:66.66%\">\n<p>Doctora en Psicologia. Especialitzada en metodologia d&#8217;investigaci\u00f3 qualitativa. Investigadora especialitzada&nbsp;en recerca-acci\u00f3  i  innovaci\u00f3&nbsp;educativa. T\u00e8cnica responsable de la Comunitat de Recerca (CORE) en Salut Mental de la UAB.<\/p>\n\n\n\n<p>Correu&nbsp;electr\u00f2nic: sonia.sanchez@uab.cat<\/p>\n<\/div>\n<\/div>\n\n\n\n<h2 class=\"wp-block-heading\">&nbsp;Zhang Yu, Cristina<\/h2>\n\n\n\n<div class=\"wp-block-columns is-layout-flex wp-container-core-columns-is-layout-9d6595d7 wp-block-columns-is-layout-flex\">\n<div class=\"wp-block-column is-layout-flow wp-block-column-is-layout-flow\" style=\"flex-basis:33.33%\">\n<figure class=\"wp-block-image\"><img loading=\"lazy\" decoding=\"async\" width=\"238\" height=\"228\" src=\"https:\/\/webs.uab.cat\/dehisi\/wp-content\/uploads\/sites\/226\/2016\/04\/cris-kao.jpg\" alt=\"cris-kao.jpg\" class=\"wp-image-201\" \/><\/figure>\n<\/div>\n\n\n\n<div class=\"wp-block-column is-layout-flow wp-block-column-is-layout-flow\" style=\"flex-basis:66.66%\">\n<p><span style=\"font-family: arial,helvetica,sans-serif\"> <\/span><\/p>\n\n\n\n<p><span style=\"font-family: arial,helvetica,sans-serif\">Correu&nbsp;electr\u00f2nic: cristina.zhang@uab.cat<\/span><\/p>\n<\/div>\n<\/div>\n\n\n\n<p><span style=\"font-family: arial,helvetica,sans-serif\"><\/span><\/p>\n","protected":false},"excerpt":{"rendered":"<p>Investigadors principals:&nbsp;Jos\u00e9 Luis Lalueza Sazatornil i Ibis \u00c1lvarez Valdivia. Investigadores UAB: S\u00edlvia Camps Orfila, Cristina Zhang Yu, Crista Weise, Giorgina Garbarino, Karen Jaramillo, Joana Paula y Muriel Guti\u00e9rrez. Colaboradores : David Garc\u00eda Romero (USC, Santiago), Beatriz Macias G\u00f3mez-Estern, Virginia Mart\u00ednez Lozano and Mar\u00eda Marco Macarro (UPO, Sevilla), Mois\u00e9s Esteban Guitart (UdG, Girona), Mark Clarke and [&hellip;]<\/p>\n","protected":false},"author":20,"featured_media":0,"parent":0,"menu_order":0,"comment_status":"closed","ping_status":"closed","template":"","meta":{"footnotes":""},"class_list":["post-204","page","type-page","status-publish","hentry"],"_links":{"self":[{"href":"https:\/\/webs.uab.cat\/dehisi\/ca\/wp-json\/wp\/v2\/pages\/204","targetHints":{"allow":["GET"]}}],"collection":[{"href":"https:\/\/webs.uab.cat\/dehisi\/ca\/wp-json\/wp\/v2\/pages"}],"about":[{"href":"https:\/\/webs.uab.cat\/dehisi\/ca\/wp-json\/wp\/v2\/types\/page"}],"author":[{"embeddable":true,"href":"https:\/\/webs.uab.cat\/dehisi\/ca\/wp-json\/wp\/v2\/users\/20"}],"replies":[{"embeddable":true,"href":"https:\/\/webs.uab.cat\/dehisi\/ca\/wp-json\/wp\/v2\/comments?post=204"}],"version-history":[{"count":7,"href":"https:\/\/webs.uab.cat\/dehisi\/ca\/wp-json\/wp\/v2\/pages\/204\/revisions"}],"predecessor-version":[{"id":454,"href":"https:\/\/webs.uab.cat\/dehisi\/ca\/wp-json\/wp\/v2\/pages\/204\/revisions\/454"}],"wp:attachment":[{"href":"https:\/\/webs.uab.cat\/dehisi\/ca\/wp-json\/wp\/v2\/media?parent=204"}],"curies":[{"name":"wp","href":"https:\/\/api.w.org\/{rel}","templated":true}]}}