{"id":217,"date":"2019-12-04T16:39:20","date_gmt":"2019-12-04T14:39:20","guid":{"rendered":"https:\/\/webs.uab.cat\/dehisi\/proyectos\/"},"modified":"2022-09-28T07:46:06","modified_gmt":"2022-09-28T05:46:06","slug":"proyectos","status":"publish","type":"page","link":"https:\/\/webs.uab.cat\/dehisi\/proyectos\/","title":{"rendered":"Proyectos"},"content":{"rendered":"\n<h2 class=\"wp-block-heading\"><strong>Proyectos de investigaci\u00f3n<\/strong><\/h2>\n\n\n\n<p>Identificaci\u00f3n y an\u00e1lisis de v\u00ednculos familiares y redes sociales de j\u00f3venes que migran solos. Convenio con INTRESS. (2021) IP: Jos\u00e9 Luis Lalueza<\/p>\n\n\n\n<p>Comunicaci\u00f3n efectiva para profesorado de secundaria mediante realidad virtual (Didascalia). RTI2018-096401-A-I00. RETOS INVESTIGACI\u00d3N del Programa Estatal de I+D+i, del MEC del 2018. Universidad Complutense de Madrid. Departamento de Ingenier\u00eda del Software e Inteligencia Artificial&nbsp; y Universitat Aut\u00f2noma de Barcelona. Dpt. Psicolog\u00eda B\u00e0sica Evolutiva y de la Educaci\u00f3n. (2019-2022). IP. Borja Manero Iglesias. En UAB: Ibis \u00c1lvarez.<\/p>\n\n\n\n<p>Inclusi\u00f3n y Mejora del Aprendizaje a trav\u00e9s de la Contextualizaci\u00f3n Educativa. Avances en la aproximaci\u00f3n de los Fondos de conocimiento e identidad (IMACE). Mois\u00e9s Esteban Guitart (IP, UdG); en UAB: Jos\u00e9 Luis Lalueza, Cristina Zhang Yu, Sarai Garc\u00f1ia, David Garc\u00eda Romero, Carolayn Marin Suanzo. (UdG, UAB, UAM, UPV). Ministerio de Econom\u00eda y Competitividad \/ 2018 \u2013 2021<\/p>\n\n\n\n<p>Narrativas para combatir el Antigitanismo: la voz de las gitanas desde una perspectiva interseccional, Cilia Willem (IP, URV), Jos\u00e9 \u00d1uis Lalueza, Gabriela marqu\u00e9s. Convocatoria de Proyectos de Investigaci\u00f3n sore el Pueblo Gitano. Universitat d&#8217;Alacant. 2020<\/p>\n\n\n\n<p>Art i Psicologia. Projecte interdisciplinari en el Pr\u00e0cticum del Grau d\u2019Educaci\u00f3 Prim\u00e0ria per afavorir la Compet\u00e8ncia Intercultural. Facultad Ciencias de la Educaci\u00f3n de la UAB: Ref. Registro:13636.&nbsp; (2018-2019). IP. Ibis M. Alvarez<\/p>\n\n\n\n<p>When \u00abthe Children of the Revolution\u00bb become parents. Anthropological Study of Childrearing in Barcelona, Spain. Sachiko Tokuma (IP); en UAB, Ibis \u00c1lvarez). Japan Society for the Promotion of Science (JSPS) \/&nbsp; 2016 \u2013 2019<\/p>\n\n\n\n<p>Formaci\u00f3n universitaria:An\u00e1lisis del proceso de aprendizaje y cambio identitario a trav\u00e9s del Aprendizaje_Servicio en comunidades de pr\u00e1cticas en contextos de exclusi\u00f3n. Lalueza Sazatornil, Jos\u00e9 Luis (IP); en UAB: Padr\u00f3s Castells, Marta; S\u00e1nchez Busqu\u00e9s, S\u00f2nia; Luque Cubero, Mar\u00eda Jos\u00e9; Garc\u00eda Romero, David. (UAB, UPO) EDU2014-55354-R. Ministerio de Economia y Competitividad (Convocatoria Retos Invetigaci\u00f3n) \/ 2015-2018<\/p>\n\n\n\n<p>Amb ulls de mestres: aprendre Psicologia fent recerca. 2014 ARMIF 00019. Ibis M. \u00c1lvarez (IP). Ag\u00e8ncia de Gesti\u00f3 d&#8217;Ajuts Universitaris i de Recerca\/ 2014 &#8211; 2015<\/p>\n\n\n\n<p>Estudi del valor s\u00f2cioeducatiu de l&#8217;amistat en el proc\u00e9s d&#8217;integraci\u00f3 social dels adolescents immigrants a Catalunya.&nbsp; Ibis M. \u00c1lvarez (IP). Ag\u00e8ncia de Gesti\u00f3 d&#8217;Ajuts Universitaris i de Recerca\/ 2010 &#8211; 2011<\/p>\n\n\n\n<p>Participation, Experiences and Empowerment of ROMA youth. Maria Roth (IP); en UAB: Beremenyi, Balint Abel; Carrasco Pons, Silvia; Lalueza Sazatornil, Jos\u00e9 Luis; Bertran Tarr\u00e9s, Marta; S\u00e1nchez Busqu\u00e9s, S\u00f2nia. . Comisi\u00f3n Europea 2015-2016<\/p>\n\n\n\n<p>Estudio de discontinuidades en valores, motivaciones y metas educativas entre la escuela y familias de grupos minoritarios. Estrategias discontinuidad familia-escuela. Lalueza Sazatornil, Jos\u00e9 Luis (IP); Crespo Garc\u00eda, Maria Isabel; Essomba Gelabert, Miquel \u00c0ngel; S\u00e1nchez Busqu\u00e9s, S\u00f2nia; Luque Cubero, Mar\u00eda Jos\u00e9; Rubio Garcia, Remedios. EDU2010-19370. Ministerio de Ciencia e Innovaci\u00f3n 2011-2013<\/p>\n\n\n\n<p>Disseny d&#8217;un espai Moodle per a la inclusi\u00f3 educativa. Lalueza Sazatornil, Jos\u00e9 Luis (IP); Crespo Garc\u00eda, Maria Isabel; Bria Ram\u00edrez, Marc Roger; S\u00e1nchez Busqu\u00e9s, S\u00f2nia; Luque Cubero, Mar\u00eda Jos\u00e9; Portell Llenas, Meritxell. 2008ARIE00013. Ag\u00e8ncia de Gesti\u00f3 d&#8217;Ajuts Universitaris i de Recerca 2008-2009<\/p>\n\n\n\n<p>Aprendizaje colaborativo apoyado en las TIC para la inclusi\u00f3n de grupos minoritarios en riesgo social: Dise\u00f1o de actividad, an\u00e1lisis de procesos y desarrollo de herramientas. Lalueza Sazatornil, Jos\u00e9 Luis (IP); Crespo Garc\u00eda, Maria Isabel; Essomba Gelabert, Miquel \u00c0ngel; Bria Ram\u00edrez, Marc Roger; S\u00e1nchez Busqu\u00e9s, S\u00f2nia; Luque Cubero, Mar\u00eda Jos\u00e9. SEJ2007-67820. Ministerio de Educaci\u00f3n y Ciencia 2007-2010<\/p>\n\n\n\n<p>El desarrollo infantil en contextos de pobreza. Perinat Maceres, Adolfo (IP); Lalueza Sazatornil, Jos\u00e9 Luis. A\/1444\/04. Agencia Espa\u00f1ola de Cooperaci\u00f3n Internacional 2005-2005<\/p>\n\n\n\n<p>Collaborative learning methodology in learning communities, through the mediation of information and communication technologies. 5th Dimension. In UAB: Lalueza Sazatornil, Jos\u00e9 Luis (IP); Crespo Garc\u00eda, Maria Isabel; Padr\u00f3s Castells, Marta; Essomba Gelabert, Miquel \u00c0ngel; Bria Ram\u00edrez, Marc Roger; S\u00e1nchez Busqu\u00e9s, S\u00f2nia; Cazorla Luengo, Amaya; Luque Cubero, Mar\u00eda Jos\u00e9. European Comission. Directorate for Education and Culture. V Marc Program. 2001-2005<\/p>\n\n\n\n<p>Estudi de mecanismes mediadors en el desenvolupament i la construcci\u00f3 del coneixement en contextos culturals minoritaris. Lalueza Sazatornil, Jos\u00e9 Luis (IP); Crespo Garc\u00eda, Maria Isabel; S\u00e1nchez Busqu\u00e9s, S\u00f2nia. PB98-0905. Direcci\u00f3n General de Ense\u00f1anza Superior e Investigaci\u00f3n Cient\u00edfica 1999-2002<\/p>\n\n\n\n<p>Red Tem\u00e1tica COMLEDUC. Lalueza Sazatornil, Jos\u00e9 Luis. Pontificia Universidad Cat\u00f3lica del Per\u00fa PUCP Universitat Aut\u00f2noma de Barcelona UAB Universidad de Los Andes, Venezuela ULA Universidad de La Laguna Universidad del Valle Universidade de Santiago de Compostela 1999-2001Approach EU\/US Programme for Cooperation in Higher Education and Vocational Education and Training. Lalueza Sazatornil, Jos\u00e9 Luis. European Comission. Directorate for Education and Culture 2001-2005<\/p>\n\n\n\n<p>Mecanismes familiars de socialitzaci\u00f3 i adquisici\u00f3 del coneixement en minories \u00e8tniques. Lalueza Sazatornil, Jos\u00e9 Luis (IP); A\u00f1a\u00f1os Carrasco, Elena; Hern\u00e1ndez Encuentra, Eulalia; Crespo Garc\u00eda, Maria Isabel. EMER1995-06. 1995-1996<\/p>\n\n\n\n<p>Mecanismes de socialitzaci\u00f3 en minories \u00e8tniques. Un estudi dels efectes de la diversitat al desenvolupament hum\u00e0, la conviv\u00e8ncia multicultural i l&#8217;educaci\u00f3. Perinat Maceres, Adolfo (IP); A\u00f1a\u00f1os Carrasco, Elena; Hern\u00e1ndez Encuentra, Eulalia; Lalueza Sazatornil, Jos\u00e9 Luis; Crespo Garc\u00eda, Maria Isabel. PB94-0704. Direcci\u00f3n General de Investigaci\u00f3n Cient\u00edfica y T\u00e9cnica DGICYT 1995-1998<\/p>\n\n\n\n<h2 class=\"wp-block-heading\"><strong>Proyectos de intervenci\u00f3n, formaci\u00f3n e investigaci\u00f3n aplicada en convenio con administraciones i fundaciones<\/strong><\/h2>\n\n\n\n<p>Projecte Shere Rom per a la inclusi\u00f3 educativa. Jos\u00e9 Luis Lalueza (IP), Isabel Crespo, S\u00f2nia S\u00e1nchez, Mar\u00eda Jos\u00e9 Luque, S\u00edlvia Camps Soler, Amaya Cazorla, Meritxell Portell, Marc Bria, Luana Mourao, Susana Serrano, S\u00edlvia Mart\u00ednez, Adolfo Pizzinato, Cuntxi L\u00f3pez, Reme Rubio, Marta Padr\u00f3s, Alexandre Oliveira, Alba Rodr\u00edguez, Alba Ferr\u00e9, Marta Cata\u00f1\u00e9, David Garc\u00eda, S\u00edlvia Camps Orfila, Cristina Zhag, Carola Mar\u00edn, Sarai Garc\u00eda. Fundaci\u00f3 Jaume Bofill (1999-2000); Direcci\u00f3 General de Serveis Comunitaris, Generalitat de Catalunya (2000-2004); Departament d&#8217;Ensenyament, Generalitat de Catalunya (2004-2007 i 2009-2011); Funadaci\u00f3 Amics del Pa\u00eds (2012-2014); Ajuntament de Barcelona (2007-2019),<\/p>\n\n\n\n<p>Art i psicologia.&nbsp; Projecte interdisciplinari en el Pr\u00e0cticum del Grau d\u2019Educaci\u00f3 Prim\u00e0ria&nbsp; per afavorir la Compet\u00e8ncia Intercultural. IP: Ibis M. \u00c1lvarez. Projecte d\u2019Innovaci\u00f3 Docent. Programa intern de millora i innovaci\u00f3 docent 2018. Facultat de Ci\u00e8ncies de l\u2019Educaci\u00f3. Universitat Aut\u00f2noma de Barcelona \/ 2018 . 2019<\/p>\n\n\n\n<p>Suport t\u00e8cnic per al desenvolupament del projecte \u00abXarxa d&#8217;intercanvis Professionals sobre Maltractaments. Jos\u00e9 Luis Lalueza, Isabel Crespo, Isabel Sierra. Direcci\u00f3 General de Serveis Comunitaris, Generalitat de Catalunya. Associaci\u00f3 Catalana per a la Inf\u00e0ncia Maltractada i Fundaci\u00f3 la Caixa (2004-2005)<\/p>\n\n\n\n<p>Elaboraci\u00f3 d&#8217;un diagn\u00f2stic comunitari de necessitats al barri de Sant Roc de Badalona. Jos\u00e9 Luis Lalueza, Isabel Crespo, Mar\u00eda Jos\u00e9 Luque, Alberto Barrientos. Direcci\u00f3 General de Serveis Comunitaris, Generalitat de Catalunya (2000-2001)<\/p>\n\n\n\n<p>Realitzaci\u00f3 de l&#8217;estudi de necessitats per a l&#8217;elaboraci\u00f3 de plans de dinamitzaci\u00f3 comunit\u00e0ria als barris Nucli Antic, Montserrat i F\u00e0tima del municipi d&#8217;Igualada. Jos\u00e9 Luis Lalueza, Isabel Crespo, Alberto Barrientos. Ajuntament d&#8217;Igualada (2000)<\/p>\n\n\n\n<p>Col\u00b7laboraci\u00f3 en el disseny d&#8217;un estudi sobre les necessitats, a nivell local, en els \u00e0mbits d&#8217;inf\u00e0ncia, joventut i fam\u00edlia. Jos\u00e9 Luis Lalueza, Isabel Crespo, Maria Jos\u00e9 Luque, Alberto Barrientos. Diputaci\u00f3 de Barcelona (1999)<\/p>\n\n\n\n<p>Activitat formativa adre\u00e7ada al personal t\u00e8cnic adscrit als centres de la Secci\u00f3 d\u2019Inf\u00e0ncia i Joventut de l\u2019\u00c0rea de Serveis Socials. Jos\u00e9 Luis Lalueza, Isabel Crespo, Alberto Barrientos. Diputaci\u00f3 de Barcelona (1998)<\/p>\n\n\n\n<p>Suport t\u00e8cnic per a l&#8217;elaboraci\u00f3 de plans de treball amb inf\u00e0ncia i fam\u00edlies a desenvolupar en \u00e0mbits municipals. Jos\u00e9 Luis Lalueza, Isabel Crespo. Diputaci\u00f3 de Barcelona (1997)<\/p>\n","protected":false},"excerpt":{"rendered":"<p>Proyectos de investigaci\u00f3n Identificaci\u00f3n y an\u00e1lisis de v\u00ednculos familiares y redes sociales de j\u00f3venes que migran solos. Convenio con INTRESS. (2021) IP: Jos\u00e9 Luis Lalueza Comunicaci\u00f3n efectiva para profesorado de secundaria mediante realidad virtual (Didascalia). RTI2018-096401-A-I00. RETOS INVESTIGACI\u00d3N del Programa Estatal de I+D+i, del MEC del 2018. Universidad Complutense de Madrid. Departamento de Ingenier\u00eda del [&hellip;]<\/p>\n","protected":false},"author":20,"featured_media":0,"parent":0,"menu_order":0,"comment_status":"closed","ping_status":"closed","template":"","meta":{"footnotes":""},"class_list":["post-217","page","type-page","status-publish","hentry"],"_links":{"self":[{"href":"https:\/\/webs.uab.cat\/dehisi\/wp-json\/wp\/v2\/pages\/217","targetHints":{"allow":["GET"]}}],"collection":[{"href":"https:\/\/webs.uab.cat\/dehisi\/wp-json\/wp\/v2\/pages"}],"about":[{"href":"https:\/\/webs.uab.cat\/dehisi\/wp-json\/wp\/v2\/types\/page"}],"author":[{"embeddable":true,"href":"https:\/\/webs.uab.cat\/dehisi\/wp-json\/wp\/v2\/users\/20"}],"replies":[{"embeddable":true,"href":"https:\/\/webs.uab.cat\/dehisi\/wp-json\/wp\/v2\/comments?post=217"}],"version-history":[{"count":1,"href":"https:\/\/webs.uab.cat\/dehisi\/wp-json\/wp\/v2\/pages\/217\/revisions"}],"predecessor-version":[{"id":379,"href":"https:\/\/webs.uab.cat\/dehisi\/wp-json\/wp\/v2\/pages\/217\/revisions\/379"}],"wp:attachment":[{"href":"https:\/\/webs.uab.cat\/dehisi\/wp-json\/wp\/v2\/media?parent=217"}],"curies":[{"name":"wp","href":"https:\/\/api.w.org\/{rel}","templated":true}]}}