{"id":56,"date":"2023-02-25T09:22:06","date_gmt":"2023-02-25T07:22:06","guid":{"rendered":"https:\/\/webs.uab.cat\/deleuroaljoule\/?page_id=56"},"modified":"2023-02-26T20:12:51","modified_gmt":"2023-02-26T18:12:51","slug":"benvinguts","status":"publish","type":"page","link":"https:\/\/webs.uab.cat\/deleuroaljoule\/","title":{"rendered":"BENVINGUTS"},"content":{"rendered":"\n<p>Benvinguts a la p\u00e0gina &#8220;De l&#8217;Euro al Joule&#8221;. Aquest espai ha estat creat com a centre de divulgaci\u00f3 per a accelerar la transici\u00f3 cap a un model econ\u00f2mic sostenible energ\u00e8ticament i neutre ambientalment.<\/p>\n\n\n\n<p>En els darrers anys s&#8217;ha posat de manifest que el model energ\u00e8tic sobre el que es basa la nostra economia no \u00e9s sostenible. Necessitem fer passos ferms cap a un altre model basat en la millora de l&#8217;efici\u00e8ncia i la reducci\u00f3 de l&#8217;impacte mediambiental de la nostra activitat. Tot i que la societat est\u00e0 plenament conscienciada d&#8217;aquest fet, el coneixement que aquesta t\u00e9 sobre la molts aspectes d&#8217;aquesta transici\u00f3 \u00e9s for\u00e7a limitat.  <\/p>\n\n\n\n<p>Aqu\u00ed podras trobar propostes divulgatives com videos, documents, per ajudar a entendre els punts claus que haurem de superar per millorar el nostre model<\/p>\n","protected":false},"excerpt":{"rendered":"<p>Benvinguts a la p\u00e0gina &#8220;De l&#8217;Euro al Joule&#8221;. Aquest espai ha estat creat com a centre de divulgaci\u00f3 per a accelerar la transici\u00f3 cap a un model econ\u00f2mic sostenible energ\u00e8ticament i neutre ambientalment. En els darrers anys s&#8217;ha posat de manifest que el model energ\u00e8tic sobre el que es basa la nostra economia no \u00e9s [&hellip;]<\/p>\n","protected":false},"author":1389,"featured_media":0,"parent":0,"menu_order":0,"comment_status":"closed","ping_status":"closed","template":"","meta":{"footnotes":""},"class_list":["post-56","page","type-page","status-publish","hentry"],"_links":{"self":[{"href":"https:\/\/webs.uab.cat\/deleuroaljoule\/wp-json\/wp\/v2\/pages\/56","targetHints":{"allow":["GET"]}}],"collection":[{"href":"https:\/\/webs.uab.cat\/deleuroaljoule\/wp-json\/wp\/v2\/pages"}],"about":[{"href":"https:\/\/webs.uab.cat\/deleuroaljoule\/wp-json\/wp\/v2\/types\/page"}],"author":[{"embeddable":true,"href":"https:\/\/webs.uab.cat\/deleuroaljoule\/wp-json\/wp\/v2\/users\/1389"}],"replies":[{"embeddable":true,"href":"https:\/\/webs.uab.cat\/deleuroaljoule\/wp-json\/wp\/v2\/comments?post=56"}],"version-history":[{"count":5,"href":"https:\/\/webs.uab.cat\/deleuroaljoule\/wp-json\/wp\/v2\/pages\/56\/revisions"}],"predecessor-version":[{"id":167,"href":"https:\/\/webs.uab.cat\/deleuroaljoule\/wp-json\/wp\/v2\/pages\/56\/revisions\/167"}],"wp:attachment":[{"href":"https:\/\/webs.uab.cat\/deleuroaljoule\/wp-json\/wp\/v2\/media?parent=56"}],"curies":[{"name":"wp","href":"https:\/\/api.w.org\/{rel}","templated":true}]}}