{"id":14,"date":"2025-11-17T16:18:20","date_gmt":"2025-11-17T14:18:20","guid":{"rendered":"https:\/\/webs.uab.cat\/desincare\/?page_id=14"},"modified":"2025-12-05T12:28:51","modified_gmt":"2025-12-05T10:28:51","slug":"proyecto","status":"publish","type":"page","link":"https:\/\/webs.uab.cat\/desincare\/proyecto\/","title":{"rendered":"PROYECTO"},"content":{"rendered":"\n<h2 class=\"wp-block-heading has-negre-eben-color has-text-color has-link-color wp-elements-4a315831ef31580fb9240ff4fb71604e\">Proyecto DESINCARE<\/h2>\n\n\n\n<p class=\"has-small-font-size\">El proyecto \u201cDesinstitucionalizaci\u00f3n del cuidado de larga duraci\u00f3n e inclusi\u00f3n social: potencialidades, l\u00edmites y tensiones de un modelo en transici\u00f3n frente al reto demogr\u00e1fico (DESINCARE)\u201d analiza las estrategias de transici\u00f3n del modelo de cuidado de larga duraci\u00f3n (CLD) frente al reto demogr\u00e1fico y la cohesi\u00f3n social, con especial atenci\u00f3n a la inclusi\u00f3n social y territorial.<\/p>\n\n\n\n<p class=\"has-small-font-size\">El objetivo principal del proyecto coordinado es analizar la estrategia de desinstitucionalizaci\u00f3n del cuidado de larga duraci\u00f3n en la transici\u00f3n del modelo frente al reto demogr\u00e1fico y fijando la atenci\u00f3n en la inclusi\u00f3n social. Pretende estudiar los factores que contribuyen a su avance, como los que lo limitan o dificultan. Para ello, pone el foco, por un lado, en el reconocimiento y la redistribuci\u00f3n del trabajo y las necesidades de cuidados y, por otro, en la gobernanza y agencia de los actores territoriales en la gesti\u00f3n integral. Se presenta dentro de la modalidad de proyectos de investigaci\u00f3n orientada en el marco de la prioridad tem\u00e1tica <em>Cultura, creatividad y sociedad inclusiva<\/em> y se encamina a la resoluci\u00f3n de los problemas que plantea la l\u00ednea estrat\u00e9gica <em>Reto demogr\u00e1fico y cohesi\u00f3n social dentro del \u00e1mbito de intervenci\u00f3n Dependencia y accesibilidad<\/em>.<\/p>\n\n\n\n<h2 class=\"wp-block-heading has-normal-font-size\"><strong>Estructura del proyecto<\/strong><\/h2>\n\n\n\n<p class=\"has-small-font-size\"><strong>DESINCARE<\/strong> es un proyecto coordinado compuesto por <strong>dos subproyectos complementarios<\/strong>, que abordan la desinstitucionalizaci\u00f3n del cuidado desde distintas perspectivas territoriales y anal\u00edticas:<\/p>\n\n\n\n<blockquote class=\"wp-block-quote is-layout-flow wp-block-quote-is-layout-flow\">\n<p class=\"has-small-font-size\"><strong>Desinstitucionalizaci\u00f3n del cuidado de larga duraci\u00f3n, reto demogr\u00e1fico e inclusi\u00f3n social: reconocimiento y redistribuci\u00f3n del trabajo y las necesidades de cuidado (DESINCARE 1 \u2013 UAB)<\/strong><\/p>\n<\/blockquote>\n\n\n\n<div class=\"wp-block-columns is-layout-flex wp-container-core-columns-is-layout-9d6595d7 wp-block-columns-is-layout-flex\">\n<div class=\"wp-block-column is-vertically-aligned-center is-layout-flow wp-block-column-is-layout-flow\" style=\"flex-basis:33.33%\"><div class=\"wp-block-image\">\n<figure class=\"aligncenter size-full is-resized\"><a href=\"https:\/\/webs.uab.cat\/desincare\/proyecto\/desincare-1\/\"><img loading=\"lazy\" decoding=\"async\" width=\"500\" height=\"500\" src=\"https:\/\/webs.uab.cat\/desincare\/wp-content\/uploads\/sites\/686\/2025\/12\/DESINCARE-1-4.png\" alt=\"\" class=\"wp-image-334\" style=\"width:191px;height:auto\" srcset=\"https:\/\/webs.uab.cat\/desincare\/wp-content\/uploads\/sites\/686\/2025\/12\/DESINCARE-1-4.png 500w, https:\/\/webs.uab.cat\/desincare\/wp-content\/uploads\/sites\/686\/2025\/12\/DESINCARE-1-4-300x300.png 300w, https:\/\/webs.uab.cat\/desincare\/wp-content\/uploads\/sites\/686\/2025\/12\/DESINCARE-1-4-150x150.png 150w\" sizes=\"auto, (max-width: 500px) 100vw, 500px\" \/><\/a><\/figure>\n<\/div><\/div>\n\n\n\n<div class=\"wp-block-column is-layout-flow wp-block-column-is-layout-flow\" style=\"flex-basis:66.66%\">\n<p class=\"has-small-font-size\">Analiza el caso de <strong>Catalunya<\/strong>, centr\u00e1ndose en el reconocimiento del trabajo de cuidados (remunerado y no remunerado) y en la redistribuci\u00f3n de las responsabilidades entre los diferentes actores implicados (familias, comunidad, administraci\u00f3n y mercado).<\/p>\n\n\n\n<div class=\"wp-block-buttons is-content-justification-left is-layout-flex wp-container-core-buttons-is-layout-fdcfc74e wp-block-buttons-is-layout-flex\">\n<div class=\"wp-block-button\"><a class=\"wp-block-button__link wp-element-button\" href=\"https:\/\/webs.uab.cat\/desincare\/proyecto\/desincare-1\/\">DESINCARE 1<\/a><\/div>\n<\/div>\n<\/div>\n<\/div>\n\n\n\n<blockquote class=\"wp-block-quote is-layout-flow wp-block-quote-is-layout-flow\">\n<p class=\"has-small-font-size\"><strong><strong>Desinstitucionalizaci\u00f3n del cuidado de larga duraci\u00f3n, reto demogr\u00e1fico e inclusi\u00f3n social: gobernanza y agencia de los actores territoriales en la gesti\u00f3n integral (DESINCARE 2 \u2013 UPV\/EHU)<\/strong><\/strong><\/p>\n<\/blockquote>\n\n\n\n<div class=\"wp-block-columns is-layout-flex wp-container-core-columns-is-layout-9d6595d7 wp-block-columns-is-layout-flex\">\n<div class=\"wp-block-column is-vertically-aligned-center is-layout-flow wp-block-column-is-layout-flow\" style=\"flex-basis:33.33%\"><div class=\"wp-block-image\">\n<figure class=\"aligncenter size-full is-resized\"><a href=\"https:\/\/webs.uab.cat\/desincare\/proyecto\/desincare-2\/\"><img loading=\"lazy\" decoding=\"async\" width=\"500\" height=\"500\" src=\"https:\/\/webs.uab.cat\/desincare\/wp-content\/uploads\/sites\/686\/2025\/12\/DESINCARE-2-3.png\" alt=\"\" class=\"wp-image-335\" style=\"width:191px;height:auto\" srcset=\"https:\/\/webs.uab.cat\/desincare\/wp-content\/uploads\/sites\/686\/2025\/12\/DESINCARE-2-3.png 500w, https:\/\/webs.uab.cat\/desincare\/wp-content\/uploads\/sites\/686\/2025\/12\/DESINCARE-2-3-300x300.png 300w, https:\/\/webs.uab.cat\/desincare\/wp-content\/uploads\/sites\/686\/2025\/12\/DESINCARE-2-3-150x150.png 150w\" sizes=\"auto, (max-width: 500px) 100vw, 500px\" \/><\/a><\/figure>\n<\/div><\/div>\n\n\n\n<div class=\"wp-block-column is-layout-flow wp-block-column-is-layout-flow\" style=\"flex-basis:66.66%\">\n<p class=\"has-small-font-size\">Se centra en el Pa\u00eds Vasco, explorando las formas de provisi\u00f3n, gesti\u00f3n y gobernanza de iniciatives integrales de cuidado a escala local y de territorio hist\u00f3rico, para atender a la agencia y el rol de los actores implicados (familias, comunidad, administraci\u00f3n y mercado).<\/p>\n\n\n\n<div class=\"wp-block-buttons is-content-justification-left is-layout-flex wp-container-core-buttons-is-layout-fdcfc74e wp-block-buttons-is-layout-flex\">\n<div class=\"wp-block-button\"><a class=\"wp-block-button__link wp-element-button\" href=\"https:\/\/webs.uab.cat\/desincare\/proyecto\/desincare-2\/\">DESINCARE 2<\/a><\/div>\n<\/div>\n<\/div>\n<\/div>\n\n\n\n<h2 class=\"wp-block-heading has-normal-font-size\"><strong>Financiaci\u00f3n<\/strong><\/h2>\n\n\n\n<p class=\"has-small-font-size\">El proyecto&nbsp;<strong>DESINCARE<\/strong>&nbsp;est\u00e1 financiado por la&nbsp;<strong>Agencia Estatal de Investigaci\u00f3n (AEI)<\/strong>, el&nbsp;<strong>Ministerio de Ciencia e Innovaci\u00f3n (MICINN)<\/strong>&nbsp;y el&nbsp;<strong>Fondo Europeo de Desarrollo Regional (FEDER)<\/strong>.<\/p>\n\n\n\n<figure class=\"wp-block-image size-full\"><img loading=\"lazy\" decoding=\"async\" width=\"7121\" height=\"2779\" src=\"https:\/\/webs.uab.cat\/desincare\/wp-content\/uploads\/sites\/686\/2025\/12\/desinblau.png\" alt=\"\" class=\"wp-image-376\" srcset=\"https:\/\/webs.uab.cat\/desincare\/wp-content\/uploads\/sites\/686\/2025\/12\/desinblau.png 7121w, https:\/\/webs.uab.cat\/desincare\/wp-content\/uploads\/sites\/686\/2025\/12\/desinblau-300x117.png 300w, https:\/\/webs.uab.cat\/desincare\/wp-content\/uploads\/sites\/686\/2025\/12\/desinblau-1024x400.png 1024w, https:\/\/webs.uab.cat\/desincare\/wp-content\/uploads\/sites\/686\/2025\/12\/desinblau-768x300.png 768w, https:\/\/webs.uab.cat\/desincare\/wp-content\/uploads\/sites\/686\/2025\/12\/desinblau-1536x599.png 1536w, https:\/\/webs.uab.cat\/desincare\/wp-content\/uploads\/sites\/686\/2025\/12\/desinblau-2048x799.png 2048w, https:\/\/webs.uab.cat\/desincare\/wp-content\/uploads\/sites\/686\/2025\/12\/desinblau-1200x468.png 1200w, https:\/\/webs.uab.cat\/desincare\/wp-content\/uploads\/sites\/686\/2025\/12\/desinblau-1980x773.png 1980w\" sizes=\"auto, (max-width: 7121px) 100vw, 7121px\" \/><\/figure>\n\n\n\n<p><\/p>\n","protected":false},"excerpt":{"rendered":"<p>Proyecto DESINCARE El proyecto \u201cDesinstitucionalizaci\u00f3n del cuidado de larga duraci\u00f3n e inclusi\u00f3n social: potencialidades, l\u00edmites y tensiones de un modelo en transici\u00f3n frente al reto demogr\u00e1fico (DESINCARE)\u201d analiza las estrategias de transici\u00f3n del modelo de cuidado de larga duraci\u00f3n (CLD) frente al reto demogr\u00e1fico y la cohesi\u00f3n social, con especial atenci\u00f3n a la inclusi\u00f3n social [&hellip;]<\/p>\n","protected":false},"author":2648,"featured_media":0,"parent":0,"menu_order":2,"comment_status":"closed","ping_status":"closed","template":"","meta":{"footnotes":""},"class_list":["post-14","page","type-page","status-publish","hentry"],"_links":{"self":[{"href":"https:\/\/webs.uab.cat\/desincare\/wp-json\/wp\/v2\/pages\/14","targetHints":{"allow":["GET"]}}],"collection":[{"href":"https:\/\/webs.uab.cat\/desincare\/wp-json\/wp\/v2\/pages"}],"about":[{"href":"https:\/\/webs.uab.cat\/desincare\/wp-json\/wp\/v2\/types\/page"}],"author":[{"embeddable":true,"href":"https:\/\/webs.uab.cat\/desincare\/wp-json\/wp\/v2\/users\/2648"}],"replies":[{"embeddable":true,"href":"https:\/\/webs.uab.cat\/desincare\/wp-json\/wp\/v2\/comments?post=14"}],"version-history":[{"count":20,"href":"https:\/\/webs.uab.cat\/desincare\/wp-json\/wp\/v2\/pages\/14\/revisions"}],"predecessor-version":[{"id":379,"href":"https:\/\/webs.uab.cat\/desincare\/wp-json\/wp\/v2\/pages\/14\/revisions\/379"}],"wp:attachment":[{"href":"https:\/\/webs.uab.cat\/desincare\/wp-json\/wp\/v2\/media?parent=14"}],"curies":[{"name":"wp","href":"https:\/\/api.w.org\/{rel}","templated":true}]}}